{"id":148,"date":"2015-01-06T20:09:16","date_gmt":"2015-01-06T19:09:16","guid":{"rendered":"http:\/\/gtselbe.schulhomepages.hamburg.de\/?page_id=148"},"modified":"2024-10-30T08:52:37","modified_gmt":"2024-10-30T07:52:37","slug":"rhythmisierung","status":"publish","type":"page","link":"https:\/\/gtselbe.hamburg.de\/?page_id=148","title":{"rendered":"Tagesablauf"},"content":{"rendered":"<p><span style=\"font-size: 14pt;font-family: tahoma, arial, helvetica, sans-serif\">Die Kinder werden Montag bis Freitag von 8:00 Uhr bis 16:00 Uhr in der Ganztagsschule an der Elbe betreut. Am Freitag ist es m\u00f6glich, die Kinder schon um 14.00 Uhr abzuholen. Der Tagesablauf ist strukturiert und rhythmisiert.\u00a0<\/span><\/p>\n<p style=\"text-align: center\"><img loading=\"lazy\" decoding=\"async\" class=\"alignnone size-medium wp-image-809\" src=\"https:\/\/gtselbe.hamburg.de\/wp-content\/uploads\/sites\/13\/2021\/03\/IMG_6010-300x200.jpg\" alt=\"\" width=\"300\" height=\"200\" srcset=\"https:\/\/gtselbe.hamburg.de\/wp-content\/uploads\/sites\/13\/2021\/03\/IMG_6010-300x200.jpg 300w, https:\/\/gtselbe.hamburg.de\/wp-content\/uploads\/sites\/13\/2021\/03\/IMG_6010-1024x683.jpg 1024w, https:\/\/gtselbe.hamburg.de\/wp-content\/uploads\/sites\/13\/2021\/03\/IMG_6010-768x512.jpg 768w, https:\/\/gtselbe.hamburg.de\/wp-content\/uploads\/sites\/13\/2021\/03\/IMG_6010-1536x1024.jpg 1536w, https:\/\/gtselbe.hamburg.de\/wp-content\/uploads\/sites\/13\/2021\/03\/IMG_6010.jpg 2048w\" sizes=\"auto, (max-width: 300px) 100vw, 300px\" \/><\/p>\n<p><span style=\"font-size: 14pt;font-family: tahoma, arial, helvetica, sans-serif\">Feste Bestandteile des Nachmittags sind das Mittagessen und die Angebote. Alle Angebote fangen um 14.00 Uhr an, vorher ist f\u00fcr alle Kinder eine Lernzeit, in welcher sie beim Lernen von Erziehern oder\/und Lehrern unterst\u00fctzt werden.<\/span><\/p>\n<table style=\"height: 395px;width: 127.069%;border-collapse: collapse;border-style: solid;border-color: #000000\">\n<tbody>\n<tr style=\"height: 52px\">\n<td style=\"width: 21.7763%;height: 52px\"><span style=\"font-size: 14pt;font-family: tahoma, arial, helvetica, sans-serif\">6.00 &#8211; 8.00\u00a0<\/span><\/td>\n<td style=\"width: 39.5771%;height: 52px\"><span style=\"font-size: 14pt;font-family: tahoma, arial, helvetica, sans-serif\">Fr\u00fchbetreuung bei Bedarf<\/span><\/td>\n<td style=\"width: 63.4067%;height: 52px\"><\/td>\n<\/tr>\n<tr style=\"height: 79px\">\n<td style=\"width: 21.7763%;height: 79px\"><span style=\"font-size: 14pt;font-family: tahoma, arial, helvetica, sans-serif\">8.00 &#8211; 11.55<\/span><\/td>\n<td style=\"width: 39.5771%;height: 79px\"><span style=\"font-size: 14pt;font-family: tahoma, arial, helvetica, sans-serif\">1.-4. Unterrichtsstunde, Fr\u00fchst\u00fcckszeit und zwei Pausen f\u00fcr alle\u00a0<\/span><\/td>\n<td style=\"width: 63.4067%;height: 79px\"><\/td>\n<\/tr>\n<tr style=\"height: 91px\">\n<td style=\"width: 21.7763%;height: 91px\"><span style=\"font-size: 14pt;font-family: tahoma, arial, helvetica, sans-serif\">11.55 &#8211; 12.35<\/span><\/td>\n<td style=\"width: 39.5771%;height: 91px\"><span style=\"font-size: 14pt;font-family: tahoma, arial, helvetica, sans-serif\">Mittagessen und Pause f\u00fcr die Klassen 1 und 2<\/span><\/td>\n<td style=\"width: 63.4067%;height: 91px\"><span style=\"font-size: 14pt;font-family: tahoma, arial, helvetica, sans-serif\">Sprachf\u00f6rderung f\u00fcr die VSK, Lernzeit f\u00fcr die<br \/>\nKlassen 3 und 4<\/span><\/td>\n<\/tr>\n<tr style=\"height: 121px\">\n<td style=\"width: 21.7763%;height: 121px\"><span style=\"font-size: 14pt;font-family: tahoma, arial, helvetica, sans-serif\">12.35 &#8211; 13.15<\/span><\/td>\n<td style=\"width: 39.5771%;height: 121px\"><span style=\"font-size: 14pt;font-family: tahoma, arial, helvetica, sans-serif\">Mittagessen und Pause f\u00fcr die<br \/>\n<\/span><span style=\"font-size: 14pt;font-family: tahoma, arial, helvetica, sans-serif\">VSK und die Klassen 3 und 4<\/span><\/td>\n<td style=\"width: 63.4067%;height: 121px\"><span style=\"font-size: 14pt;font-family: tahoma, arial, helvetica, sans-serif\">Lernzeit f\u00fcr die<br \/>\nKlassen 1 und 2<\/span><\/td>\n<\/tr>\n<tr style=\"height: 26px\">\n<td style=\"width: 21.7763%;height: 26px\"><span style=\"font-size: 14pt;font-family: tahoma, arial, helvetica, sans-serif\">13.15 &#8211; 14.00<\/span><\/td>\n<td style=\"width: 39.5771%;height: 26px\"><span style=\"font-size: 14pt;font-family: tahoma, arial, helvetica, sans-serif\">5. Unterrichtsstunde f\u00fcr alle<\/span><\/td>\n<td style=\"width: 63.4067%;height: 26px\"><\/td>\n<\/tr>\n<tr style=\"height: 26px\">\n<td style=\"width: 21.7763%;height: 26px\"><span style=\"font-size: 14pt;font-family: tahoma, arial, helvetica, sans-serif\">14.00 &#8211; 16.00<\/span><\/td>\n<td style=\"width: 39.5771%;height: 26px\"><span style=\"font-size: 14pt;font-family: tahoma, arial, helvetica, sans-serif\">Kursangebote<\/span><\/td>\n<td style=\"width: 63.4067%;height: 26px\"><\/td>\n<\/tr>\n<tr>\n<td style=\"width: 21.7763%\"><span style=\"font-size: 14pt;font-family: tahoma, arial, helvetica, sans-serif\">16.00 &#8211; 18.00<\/span><\/td>\n<td style=\"width: 39.5771%\"><span style=\"font-size: 14pt;font-family: tahoma, arial, helvetica, sans-serif\">Sp\u00e4tbetreuung\u00a0<\/span><\/td>\n<td style=\"width: 63.4067%\"><\/td>\n<\/tr>\n<\/tbody>\n<\/table>\n","protected":false},"excerpt":{"rendered":"<p>Die Kinder werden Montag bis Freitag von 8:00 Uhr bis 16:00 Uhr in der Ganztagsschule an der Elbe betreut. Am Freitag ist es m\u00f6glich, die Kinder schon um 14.00 Uhr abzuholen. Der Tagesablauf ist strukturiert und rhythmisiert.\u00a0 Feste Bestandteile des Nachmittags sind das Mittagessen und die Angebote. Alle Angebote fangen um 14.00 Uhr an, vorher &hellip; <\/p>\n<p class=\"link-more\"><a href=\"https:\/\/gtselbe.hamburg.de\/?page_id=148\" class=\"more-link\"><span class=\"screen-reader-text\">\u201eTagesablauf\u201c <\/span>weiterlesen<\/a><\/p>\n","protected":false},"author":8,"featured_media":0,"parent":0,"menu_order":0,"comment_status":"closed","ping_status":"closed","template":"","meta":{"_acf_changed":false,"footnotes":""},"class_list":["post-148","page","type-page","status-publish","hentry"],"acf":[],"_links":{"self":[{"href":"https:\/\/gtselbe.hamburg.de\/index.php?rest_route=\/wp\/v2\/pages\/148","targetHints":{"allow":["GET"]}}],"collection":[{"href":"https:\/\/gtselbe.hamburg.de\/index.php?rest_route=\/wp\/v2\/pages"}],"about":[{"href":"https:\/\/gtselbe.hamburg.de\/index.php?rest_route=\/wp\/v2\/types\/page"}],"author":[{"embeddable":true,"href":"https:\/\/gtselbe.hamburg.de\/index.php?rest_route=\/wp\/v2\/users\/8"}],"replies":[{"embeddable":true,"href":"https:\/\/gtselbe.hamburg.de\/index.php?rest_route=%2Fwp%2Fv2%2Fcomments&post=148"}],"version-history":[{"count":13,"href":"https:\/\/gtselbe.hamburg.de\/index.php?rest_route=\/wp\/v2\/pages\/148\/revisions"}],"predecessor-version":[{"id":3351,"href":"https:\/\/gtselbe.hamburg.de\/index.php?rest_route=\/wp\/v2\/pages\/148\/revisions\/3351"}],"wp:attachment":[{"href":"https:\/\/gtselbe.hamburg.de\/index.php?rest_route=%2Fwp%2Fv2%2Fmedia&parent=148"}],"curies":[{"name":"wp","href":"https:\/\/api.w.org\/{rel}","templated":true}]}}