{"id":1499,"date":"2022-09-14T14:09:57","date_gmt":"2022-09-14T12:09:57","guid":{"rendered":"https:\/\/gtselbe.hamburg.de\/?page_id=1499"},"modified":"2023-02-20T11:51:41","modified_gmt":"2023-02-20T10:51:41","slug":"erasmus","status":"publish","type":"page","link":"https:\/\/gtselbe.hamburg.de\/?page_id=1499","title":{"rendered":"Erasmus+"},"content":{"rendered":"<p><strong>Erasmus+<\/strong><\/p>\n<p>Erasmus+ ist ein EU-Programm, welches die F\u00f6rderung der europaweiten Zusammenarbeit in allen Bildungsbereichen unterst\u00fctzt. Die Ganztagsschule an der Elbe hat sich f\u00fcr eine Teilnahme beworben und ist nun zwischen 2021 und 2027 Teilnehmer dieses Projektes. In Hamburg sind wir die einzige teilnehmende Grundschule.<\/p>\n<p>Erasmus+ soll lebenslanges Lernen f\u00f6rdern, nachhaltiges Wachstum erm\u00f6glichen, sozialen Zusammenhalt und die europ\u00e4ische Identit\u00e4t st\u00e4rken sowie Innovationen vorantreiben. Im Zentrum des Programms stehen dabei die Themen Inklusion und Diversit\u00e4t, Digitalisierung, politische Bildung und Nachhaltigkeit.<\/p>\n<p>Wir haben uns f\u00fcr eine Teilnahme entschieden, um an der Ganztagsschule an der Elbe statt eines multikulturellen Nebeneinanders einen verbindlichen interkulturellen Umgang zu festigen.<\/p>\n<p>Derzeit kommen die Kinder der <strong>Ganztagsschule an der Elbe<\/strong> aus \u00fcber 20 Nationen. F\u00fcr das Erasmus+ -Projekt wurden vom Kollegium sieben europ\u00e4ische Nationen (D\u00e4nemark, T\u00fcrkei, Schweden, Island, Frankreich, Spanien, Niederlande) ausgesucht, die jeweils f\u00fcr ein halbes oder ganzes Schuljahr im Fokus stehen.<\/p>\n<p><u>Vorbereitung und Umsetzung im Kollegium:<\/u><\/p>\n<ul>\n<li>Zur Vorbereitung ordnen sich jeweils 2-3 Kolleg:innen einem europ\u00e4ischen Land zu.<\/li>\n<li>Sie kn\u00fcpfen nach M\u00f6glichkeit Kontakte zu in unserem Stadtteil ans\u00e4ssigen Menschen und Institutionen aus diesem Land.<\/li>\n<li>Im Anschluss hospitieren sie an einer oder mehreren Grundschulen in diesem Land.<\/li>\n<li>Zus\u00e4tzlich besuchen sie Kultureinrichtungen, um m\u00f6glichst viele Eindr\u00fccke und Informationen zu sammeln.<\/li>\n<\/ul>\n<p>Diese Eindr\u00fccke und Informationen tragen sie nach ihrer R\u00fcckkehr ins Kollegium. Eine Arbeitsgruppe unter Mitarbeit dieser Kollegen bereitet dann den L\u00e4nderschwerpunkt f\u00fcr unsere Schule vor, so dass dieses Land f\u00fcr ein halbes oder ganzes Jahr in den Fokus der Schulgemeinschaft r\u00fcckt.<\/p>\n<p><u>Umsetzung des Landesschwerpunktes f\u00fcr die Kinder: <\/u><\/p>\n<ul>\n<li>Neben einem einf\u00fchrenden Sprachunterricht f\u00fcr interessierte Kinder,<\/li>\n<li>werden alle Kinder Sitten und Gebr\u00e4uche kennenlernen,<\/li>\n<li>sich mit den Sehensw\u00fcrdigkeiten,<\/li>\n<li>Festen und Feiertagen besch\u00e4ftigen,<\/li>\n<li>landes\u00fcbliches Essen kochen und verzehren und<\/li>\n<li>sich dem Alter entsprechend mit der Landeskunde auseinandersetzen.<\/li>\n<li>Auch sollen Verbindungen zu landesbezogenen Einrichtungen im Stadtteil hergestellt werden.<\/li>\n<li>Zus\u00e4tzlich soll es einen digitalen Austausch mit Gleichaltrigen aus den L\u00e4ndern geben.<\/li>\n<\/ul>\n<p>Im ersten Jahr (Schuljahr 2022\/23) erweitert das Kollegium seine Sprachkenntnisse und beginnt mit den Planungen f\u00fcr Schulbesuche in einzelnen L\u00e4ndern.<\/p>\n<p>Im zweiten Jahr (Schuljahr 2023\/24) steht D\u00e4nemark im Mittelpunkt. Neben den Aktivit\u00e4ten, die an der Schule stattfinden, werden einige Kolleg:innen f\u00fcr Schulbesuche ins Nachbarland fahren. Ziel dabei ist, dass Schulsystem kennen zu lernen und Kontakte zu kn\u00fcpfen, die f\u00fcr unsere Schule von Nutzen sind.<\/p>\n<p>Welches Land danach in den Mittelpunkt r\u00fcckt, muss noch entschieden werden.<\/p>\n","protected":false},"excerpt":{"rendered":"<p>Erasmus+ Erasmus+ ist ein EU-Programm, welches die F\u00f6rderung der europaweiten Zusammenarbeit in allen Bildungsbereichen unterst\u00fctzt. Die Ganztagsschule an der Elbe hat sich f\u00fcr eine Teilnahme beworben und ist nun zwischen 2021 und 2027 Teilnehmer dieses Projektes. In Hamburg sind wir die einzige teilnehmende Grundschule. Erasmus+ soll lebenslanges Lernen f\u00f6rdern, nachhaltiges Wachstum erm\u00f6glichen, sozialen Zusammenhalt und &hellip; <\/p>\n<p class=\"link-more\"><a href=\"https:\/\/gtselbe.hamburg.de\/?page_id=1499\" class=\"more-link\"><span class=\"screen-reader-text\">\u201eErasmus+\u201c <\/span>weiterlesen<\/a><\/p>\n","protected":false},"author":1587,"featured_media":0,"parent":0,"menu_order":0,"comment_status":"closed","ping_status":"closed","template":"","meta":{"_acf_changed":false,"footnotes":""},"class_list":["post-1499","page","type-page","status-publish","hentry"],"acf":[],"_links":{"self":[{"href":"https:\/\/gtselbe.hamburg.de\/index.php?rest_route=\/wp\/v2\/pages\/1499","targetHints":{"allow":["GET"]}}],"collection":[{"href":"https:\/\/gtselbe.hamburg.de\/index.php?rest_route=\/wp\/v2\/pages"}],"about":[{"href":"https:\/\/gtselbe.hamburg.de\/index.php?rest_route=\/wp\/v2\/types\/page"}],"author":[{"embeddable":true,"href":"https:\/\/gtselbe.hamburg.de\/index.php?rest_route=\/wp\/v2\/users\/1587"}],"replies":[{"embeddable":true,"href":"https:\/\/gtselbe.hamburg.de\/index.php?rest_route=%2Fwp%2Fv2%2Fcomments&post=1499"}],"version-history":[{"count":4,"href":"https:\/\/gtselbe.hamburg.de\/index.php?rest_route=\/wp\/v2\/pages\/1499\/revisions"}],"predecessor-version":[{"id":1938,"href":"https:\/\/gtselbe.hamburg.de\/index.php?rest_route=\/wp\/v2\/pages\/1499\/revisions\/1938"}],"wp:attachment":[{"href":"https:\/\/gtselbe.hamburg.de\/index.php?rest_route=%2Fwp%2Fv2%2Fmedia&parent=1499"}],"curies":[{"name":"wp","href":"https:\/\/api.w.org\/{rel}","templated":true}]}}