{"id":150,"date":"2015-01-06T20:13:22","date_gmt":"2015-01-06T19:13:22","guid":{"rendered":"http:\/\/gtselbe.schulhomepages.hamburg.de\/?page_id=150"},"modified":"2022-03-21T14:44:03","modified_gmt":"2022-03-21T13:44:03","slug":"offene-ganztagsschule","status":"publish","type":"page","link":"https:\/\/gtselbe.hamburg.de\/?page_id=150","title":{"rendered":"Offene Ganztagsschule"},"content":{"rendered":"<p><span style=\"font-family: tahoma,arial,helvetica,sans-serif;font-size: 14pt\">In unserer \u201eOffenen Ganztagsschule\u201c verstehen wir uns als Anbieter eines p\u00e4dagogisch guten und sinnvollen Angebots f\u00fcr unsere Sch\u00fcler. Den p\u00e4dagogischen Anspruch, den wir am Vormittag mit dem Rahmenrichtlinienunterricht begonnen haben, setzen wir im Nachmittagsbereich fort. Allerdings gestalten wir die Angebote freizeitorientierter. Es unterrichten Lehrkr\u00e4fte und Erzieher, die den Sch\u00fclern auch vom Regelunterricht bekannt sind, aber auch Honorarkr\u00e4fte, die einen Teil der au\u00dferschulischen Welt in die Schule bringen, bzw. die Kinder auch in andere Einrichtungen f\u00fchren, um die \u201eAu\u00dfenwelt\u201c altersgerecht erlebbar zu machen. Besonders Sportvereine und soziale Einrichtungen geh\u00f6ren dazu, die auch au\u00dferhalb der Schulzeit in Eigeninitiative besucht werden k\u00f6nnen. Es ist also eine gewisse Anschlussf\u00e4higkeit, zu der wir aufrufen und hinf\u00fchren wollen: sinnvolle Freizeitgestaltung, angeleitet durch die Schule, aber \u00fcber Schule hinaus.<\/span><\/p>\n<p><span style=\"font-family: tahoma,arial,helvetica,sans-serif;font-size: 14pt\">Im Bereich des offenen Ganztagsangebotes f\u00fcr die Sch\u00fcler sind wir mit vielen Einrichtungen im Stadtteil vernetzt und kooperieren mit ihnen<\/span><\/p>\n<ul>\n<li><span style=\"font-family: tahoma,arial,helvetica,sans-serif;font-size: 14pt\">GWA St. Pauli (Baui Hexenberg)<\/span><\/li>\n<li><span style=\"font-size: 14pt;font-family: tahoma,arial,helvetica,sans-serif\">Polizei<\/span><\/li>\n<li><span style=\"font-family: tahoma,arial,helvetica,sans-serif;font-size: 14pt\">Lesen in Altona (Seniorenbildung)<\/span><\/li>\n<li><span style=\"font-family: tahoma,arial,helvetica,sans-serif;font-size: 14pt\">Mentor e.V.<\/span><\/li>\n<li><span style=\"font-family: tahoma,arial,helvetica,sans-serif;font-size: 14pt\">ESCHE<\/span><\/li>\n<li><span style=\"font-family: tahoma,arial,helvetica,sans-serif;font-size: 14pt\">Jugendclub<\/span><\/li>\n<li><span style=\"font-size: 14pt;font-family: tahoma,arial,helvetica,sans-serif\">NABU<\/span><\/li>\n<\/ul>\n<p><span style=\"font-family: tahoma,arial,helvetica,sans-serif;font-size: 14pt\">Alle Kooperationspartner unterst\u00fctzen unser Konzept und helfen uns dabei, f\u00fcr die Kinder der Ganztagsschule an der Elbe ein attraktives und bereicherndes Programm am Nachmittag und in den Ferien zu gestalten.<\/span><\/p>\n","protected":false},"excerpt":{"rendered":"<p>In unserer \u201eOffenen Ganztagsschule\u201c verstehen wir uns als Anbieter eines p\u00e4dagogisch guten und sinnvollen Angebots f\u00fcr unsere Sch\u00fcler. Den p\u00e4dagogischen Anspruch, den wir am Vormittag mit dem Rahmenrichtlinienunterricht begonnen haben, setzen wir im Nachmittagsbereich fort. Allerdings gestalten wir die Angebote freizeitorientierter. Es unterrichten Lehrkr\u00e4fte und Erzieher, die den Sch\u00fclern auch vom Regelunterricht bekannt sind, aber &hellip; <\/p>\n<p class=\"link-more\"><a href=\"https:\/\/gtselbe.hamburg.de\/?page_id=150\" class=\"more-link\"><span class=\"screen-reader-text\">\u201eOffene Ganztagsschule\u201c <\/span>weiterlesen<\/a><\/p>\n","protected":false},"author":8,"featured_media":0,"parent":0,"menu_order":0,"comment_status":"closed","ping_status":"closed","template":"","meta":{"_acf_changed":false,"footnotes":""},"class_list":["post-150","page","type-page","status-publish","hentry"],"acf":[],"_links":{"self":[{"href":"https:\/\/gtselbe.hamburg.de\/index.php?rest_route=\/wp\/v2\/pages\/150","targetHints":{"allow":["GET"]}}],"collection":[{"href":"https:\/\/gtselbe.hamburg.de\/index.php?rest_route=\/wp\/v2\/pages"}],"about":[{"href":"https:\/\/gtselbe.hamburg.de\/index.php?rest_route=\/wp\/v2\/types\/page"}],"author":[{"embeddable":true,"href":"https:\/\/gtselbe.hamburg.de\/index.php?rest_route=\/wp\/v2\/users\/8"}],"replies":[{"embeddable":true,"href":"https:\/\/gtselbe.hamburg.de\/index.php?rest_route=%2Fwp%2Fv2%2Fcomments&post=150"}],"version-history":[{"count":2,"href":"https:\/\/gtselbe.hamburg.de\/index.php?rest_route=\/wp\/v2\/pages\/150\/revisions"}],"predecessor-version":[{"id":980,"href":"https:\/\/gtselbe.hamburg.de\/index.php?rest_route=\/wp\/v2\/pages\/150\/revisions\/980"}],"wp:attachment":[{"href":"https:\/\/gtselbe.hamburg.de\/index.php?rest_route=%2Fwp%2Fv2%2Fmedia&parent=150"}],"curies":[{"name":"wp","href":"https:\/\/api.w.org\/{rel}","templated":true}]}}