{"id":1506,"date":"2022-09-14T14:20:41","date_gmt":"2022-09-14T12:20:41","guid":{"rendered":"https:\/\/gtselbe.hamburg.de\/?page_id=1506"},"modified":"2026-04-08T09:00:37","modified_gmt":"2026-04-08T07:00:37","slug":"aktuelle-speiseplaene","status":"publish","type":"page","link":"https:\/\/gtselbe.hamburg.de\/?page_id=1506","title":{"rendered":"Aktuelle Speisepl\u00e4ne"},"content":{"rendered":"<p>Die Kinder erhalten jeden Mittag ein warmes Essen durch <a href=\"https:\/\/mammascanteen.de\/\" target=\"_blank\" rel=\"noopener\">mammas canteen<\/a><span style=\"font-size: 1rem\">. Das Essen wird jeden Tag frisch zubereitet. Die Kosten f\u00fcr die Verpflegung betragen derzeit 5,00\u20ac pro Tag. Kein Kind muss aus finanziellen Gr\u00fcnden auf das Mittagessen verzichten, da die Kinder bei Bedarf (einkommensabh\u00e4ngig) durch die Stadt unterst\u00fctzt werden. F\u00fcr Getr\u00e4nke ist den gesamten Nachmittag gesorgt.<\/span><\/p>\n<p><img loading=\"lazy\" decoding=\"async\" class=\"alignnone size-medium wp-image-822\" style=\"font-size: 1rem\" src=\"https:\/\/gtselbe.hamburg.de\/wp-content\/uploads\/sites\/13\/2021\/03\/IMG_6297-300x200.jpg\" alt=\"\" width=\"300\" height=\"200\" srcset=\"https:\/\/gtselbe.hamburg.de\/wp-content\/uploads\/sites\/13\/2021\/03\/IMG_6297-300x200.jpg 300w, https:\/\/gtselbe.hamburg.de\/wp-content\/uploads\/sites\/13\/2021\/03\/IMG_6297-1024x683.jpg 1024w, https:\/\/gtselbe.hamburg.de\/wp-content\/uploads\/sites\/13\/2021\/03\/IMG_6297-768x512.jpg 768w, https:\/\/gtselbe.hamburg.de\/wp-content\/uploads\/sites\/13\/2021\/03\/IMG_6297-1536x1024.jpg 1536w, https:\/\/gtselbe.hamburg.de\/wp-content\/uploads\/sites\/13\/2021\/03\/IMG_6297.jpg 2048w\" sizes=\"auto, (max-width: 300px) 100vw, 300px\" \/><\/p>\n<p>Das M<span style=\"font-size: 1rem\">ittagessen wird zu festgelegten Zeiten in Jahrgangsgruppen eingenommen. Das gemeinsame Mittagessen dient nicht nur einer gesunden und kindgerechten Ern\u00e4hrung, sondern ist gleichzeitig ein Lernfeld von sozialen Regeln und Ort f\u00fcr Kommunikation. W\u00e4hrend des Mittagessens werden die Kinder von Erzieher:innen betreut.<\/span><\/p>\n<p>Zum Ansehen des aktuellen Speiseplanes bitte den entsprechenden Link anklicken:<\/p>\n<p><a href=\"https:\/\/gtselbe.hamburg.de\/wp-content\/uploads\/sites\/13\/2026\/04\/mammas-canteen-Speiseplan-13.04.-17.04.2026.pdf\" target=\"_blank\" rel=\"noopener\">mammas canteen Speiseplan 13.04.-17.04.2026<\/a><\/p>\n<p><a href=\"https:\/\/gtselbe.hamburg.de\/wp-content\/uploads\/sites\/13\/2026\/04\/mammas-canteen-Speiseplan-20.04.-24.04.2026.pdf\" target=\"_blank\" rel=\"noopener\">mammas canteen Speiseplan 20.04.-24.04.2026<\/a><\/p>\n<p><a href=\"https:\/\/gtselbe.hamburg.de\/wp-content\/uploads\/sites\/13\/2026\/04\/mammas-canteen-Speiseplan-27.04.-01.05.2026.pdf\" target=\"_blank\" rel=\"noopener\">mammas canteen Speiseplan 27.04.-01.05.2026<\/a><\/p>\n<p>&nbsp;<\/p>\n","protected":false},"excerpt":{"rendered":"<p>Die Kinder erhalten jeden Mittag ein warmes Essen durch mammas canteen. Das Essen wird jeden Tag frisch zubereitet. Die Kosten f\u00fcr die Verpflegung betragen derzeit 5,00\u20ac pro Tag. Kein Kind muss aus finanziellen Gr\u00fcnden auf das Mittagessen verzichten, da die Kinder bei Bedarf (einkommensabh\u00e4ngig) durch die Stadt unterst\u00fctzt werden. F\u00fcr Getr\u00e4nke ist den gesamten Nachmittag &hellip; <\/p>\n<p class=\"link-more\"><a href=\"https:\/\/gtselbe.hamburg.de\/?page_id=1506\" class=\"more-link\"><span class=\"screen-reader-text\">\u201eAktuelle Speisepl\u00e4ne\u201c <\/span>weiterlesen<\/a><\/p>\n","protected":false},"author":1587,"featured_media":0,"parent":0,"menu_order":0,"comment_status":"closed","ping_status":"closed","template":"","meta":{"_acf_changed":false,"footnotes":""},"class_list":["post-1506","page","type-page","status-publish","hentry"],"acf":[],"_links":{"self":[{"href":"https:\/\/gtselbe.hamburg.de\/index.php?rest_route=\/wp\/v2\/pages\/1506","targetHints":{"allow":["GET"]}}],"collection":[{"href":"https:\/\/gtselbe.hamburg.de\/index.php?rest_route=\/wp\/v2\/pages"}],"about":[{"href":"https:\/\/gtselbe.hamburg.de\/index.php?rest_route=\/wp\/v2\/types\/page"}],"author":[{"embeddable":true,"href":"https:\/\/gtselbe.hamburg.de\/index.php?rest_route=\/wp\/v2\/users\/1587"}],"replies":[{"embeddable":true,"href":"https:\/\/gtselbe.hamburg.de\/index.php?rest_route=%2Fwp%2Fv2%2Fcomments&post=1506"}],"version-history":[{"count":67,"href":"https:\/\/gtselbe.hamburg.de\/index.php?rest_route=\/wp\/v2\/pages\/1506\/revisions"}],"predecessor-version":[{"id":4123,"href":"https:\/\/gtselbe.hamburg.de\/index.php?rest_route=\/wp\/v2\/pages\/1506\/revisions\/4123"}],"wp:attachment":[{"href":"https:\/\/gtselbe.hamburg.de\/index.php?rest_route=%2Fwp%2Fv2%2Fmedia&parent=1506"}],"curies":[{"name":"wp","href":"https:\/\/api.w.org\/{rel}","templated":true}]}}