{"id":205,"date":"2015-01-06T17:46:04","date_gmt":"2015-01-06T16:46:04","guid":{"rendered":"http:\/\/gtselbe.schulhomepages.hamburg.de\/?page_id=205"},"modified":"2025-09-19T10:28:45","modified_gmt":"2025-09-19T08:28:45","slug":"impressum","status":"publish","type":"page","link":"https:\/\/gtselbe.hamburg.de\/?page_id=205","title":{"rendered":"Impressum"},"content":{"rendered":"<h3><span style=\"font-family: tahoma, arial, helvetica, sans-serif;font-size: 14pt\">Ganztagsschule an der Elbe<\/span><br \/>\n<span style=\"font-family: tahoma, arial, helvetica, sans-serif;font-size: 14pt\"> Carsten-Rehder-Stra\u00dfe 34<\/span><br \/>\n<span style=\"font-family: tahoma, arial, helvetica, sans-serif;font-size: 14pt\"> 22767 Hamburg<\/span><br \/>\n<span style=\"font-family: tahoma, arial, helvetica, sans-serif;font-size: 14pt\"> Tel.: 040 428 9677 20<\/span><\/h3>\n<p><span style=\"font-family: tahoma, arial, helvetica, sans-serif;font-size: 14pt\"><a href=\"mailto:ganztagsschule-an-der-elbe@gtselbe.hamburg.de\">ganztagsschule-an-der-elbe@gtselbe.hamburg.dee<\/a><\/span><\/p>\n<h3><span style=\"font-family: tahoma, arial, helvetica, sans-serif;font-size: 14pt\">Verantwortlich f\u00fcr die Inhalte: <a href=\"mailto:Imke.Huebner@gtselbe.hamburg.de\">Imke H\u00fcbner<\/a><\/span><\/h3>\n<h5><\/h5>\n<h5><span style=\"font-family: tahoma, arial, helvetica, sans-serif;font-size: 14pt\">Widerrufsrecht<\/span><\/h5>\n<h5><span style=\"font-family: tahoma, arial, helvetica, sans-serif;font-size: 14pt\">Sollten sie mit der Ver\u00f6ffentlichung eines Textes oder Fotos nicht einverstanden sein, gen\u00fcgt eine kurze Nachricht an: ganztagsschule-an-der-elbe@bsb.hamburg.de<\/span><\/h5>\n<h5><span style=\"font-family: tahoma, arial, helvetica, sans-serif;font-size: 14pt\">Schnellstm\u00f6glich wird ihr Anliegen gepr\u00fcft und der Text, bzw. das Bild entsprechend ver\u00e4ndert oder gel\u00f6scht.<\/span><\/h5>\n<h5><span style=\"font-family: tahoma, arial, helvetica, sans-serif;font-size: 14pt\">Urheberrecht, Haftung<\/span><\/h5>\n<h5 class=\"maintext\"><span style=\"font-family: tahoma, arial, helvetica, sans-serif;font-size: 14pt\">Das Layout der Homepage, die verwendeten Grafiken sowie die Sammlung der Beitr\u00e4ge sind urheberrechtlich gesch\u00fctzt. Die Seiten d\u00fcrfen nur zum privaten Gebrauch vervielf\u00e4ltigt, \u00c4nderungen nicht vorgenommen und Vervielf\u00e4ltigungsst\u00fccke weder verbreitet noch zur \u00f6ffentlichen Wiedergabe benutzt werden.<\/span><\/h5>\n<h5 class=\"maintext\"><span style=\"font-family: tahoma, arial, helvetica, sans-serif;font-size: 14pt\">Die einzelnen Beitr\u00e4ge sind ebenfalls urheberrechtlich gesch\u00fctzt; weitere Hinweise k\u00f6nnen ggf. dort nachgelesen werden. Alle Informationen auf diesem Server erfolgen ohne Gew\u00e4hr f\u00fcr ihre Richtigkeit. In keinem Fall wird f\u00fcr Sch\u00e4den, die sich aus der Verwendung der abgerufenen Informationen ergeben, eine Haftung \u00fcbernommen.<\/span><\/h5>\n","protected":false},"excerpt":{"rendered":"<p>Ganztagsschule an der Elbe Carsten-Rehder-Stra\u00dfe 34 22767 Hamburg Tel.: 040 428 9677 20 ganztagsschule-an-der-elbe@gtselbe.hamburg.dee Verantwortlich f\u00fcr die Inhalte: Imke H\u00fcbner Widerrufsrecht Sollten sie mit der Ver\u00f6ffentlichung eines Textes oder Fotos nicht einverstanden sein, gen\u00fcgt eine kurze Nachricht an: ganztagsschule-an-der-elbe@bsb.hamburg.de Schnellstm\u00f6glich wird ihr Anliegen gepr\u00fcft und der Text, bzw. das Bild entsprechend ver\u00e4ndert oder gel\u00f6scht. Urheberrecht, &hellip; <\/p>\n<p class=\"link-more\"><a href=\"https:\/\/gtselbe.hamburg.de\/?page_id=205\" class=\"more-link\"><span class=\"screen-reader-text\">\u201eImpressum\u201c <\/span>weiterlesen<\/a><\/p>\n","protected":false},"author":8,"featured_media":0,"parent":0,"menu_order":0,"comment_status":"closed","ping_status":"closed","template":"","meta":{"_acf_changed":false,"footnotes":""},"class_list":["post-205","page","type-page","status-publish","hentry"],"acf":[],"_links":{"self":[{"href":"https:\/\/gtselbe.hamburg.de\/index.php?rest_route=\/wp\/v2\/pages\/205","targetHints":{"allow":["GET"]}}],"collection":[{"href":"https:\/\/gtselbe.hamburg.de\/index.php?rest_route=\/wp\/v2\/pages"}],"about":[{"href":"https:\/\/gtselbe.hamburg.de\/index.php?rest_route=\/wp\/v2\/types\/page"}],"author":[{"embeddable":true,"href":"https:\/\/gtselbe.hamburg.de\/index.php?rest_route=\/wp\/v2\/users\/8"}],"replies":[{"embeddable":true,"href":"https:\/\/gtselbe.hamburg.de\/index.php?rest_route=%2Fwp%2Fv2%2Fcomments&post=205"}],"version-history":[{"count":4,"href":"https:\/\/gtselbe.hamburg.de\/index.php?rest_route=\/wp\/v2\/pages\/205\/revisions"}],"predecessor-version":[{"id":3758,"href":"https:\/\/gtselbe.hamburg.de\/index.php?rest_route=\/wp\/v2\/pages\/205\/revisions\/3758"}],"wp:attachment":[{"href":"https:\/\/gtselbe.hamburg.de\/index.php?rest_route=%2Fwp%2Fv2%2Fmedia&parent=205"}],"curies":[{"name":"wp","href":"https:\/\/api.w.org\/{rel}","templated":true}]}}