{"id":2117,"date":"2023-05-08T07:49:01","date_gmt":"2023-05-08T05:49:01","guid":{"rendered":"https:\/\/gtselbe.hamburg.de\/?page_id=2117"},"modified":"2023-06-19T16:46:36","modified_gmt":"2023-06-19T14:46:36","slug":"april-2023-herr-hinkel-hospitiert-in-daenemark","status":"publish","type":"page","link":"https:\/\/gtselbe.hamburg.de\/?page_id=2117","title":{"rendered":"Erasmus+: April 2023 &#8211; D\u00e4nemark"},"content":{"rendered":"<p><strong>Herr Hinkel hospitiert in D\u00e4nemark<\/strong><\/p>\n<p>D\u00e4nemark: mal nicht als Urlaubsland!<\/p>\n<p>D\u00e4nemark, als unserer n\u00f6rdlicher \u201eNachbar\u201c ist vielen von uns als wundersch\u00f6nes Urlaubsland bekannt! \u2013 Aber wie sieht es mit dem Schulalltag in D\u00e4nemark aus?<\/p>\n<p>Im Rahmen von \u201eErasmus +\u201c hatte ich die Gelegenheit f\u00fcr eine Woche eine Schule in der N\u00e4he von \u00c5rhus zu besuchen: Ganz anders als bei uns! Von Klasse 0(VSK) bis Klasse 10 gehen alle Sch\u00fclerinnen und Sch\u00fcler gemeinsam zur Schule. In D\u00e4nemark herrscht \u201eUnterrichtspflicht\u201c und keine Schulpflicht. Ein sehr gro\u00dfer Unterschied, der viele Freiheiten im Bildungswesen des d\u00e4nischen Staates erlaubt. Die Stunden umfassen 90 Minuten und p\u00fcnktlich um 10:05 Uhr versammelt sich die ganze Schule in der Aula. Es wird zur Einstimmung ein Lied gesungen, dann die wichtigen Ereignisse des Tages bekannt gegeben und dann, bevor alle in die Pause entlassen werden, wird noch einmal gesungen. Und dieses Ritual gibt es schon seit 1903, denn so lange gibt es auch diese Schule. Spannend ist dann der Deutschunterricht und die Schwerpunkte die dort gelegt werden. Und die sind dann doch andere, als bei uns in der Schule. Der Alltag in Deutschland steht eindeutig im Mittelpunkt: Fu\u00dfball und immer noch die j\u00fcngste Geschichte (DDR und Mauerfall), das Leben in Berlin, Hauptstadt von Deutschland\u2026 und was machen deutsche Kinder und Jugendliche in ihrer Freizeit.<\/p>\n<p>W\u00e4hrend meiner Klassenbesuche wurde ich zu diesen Themen sehr viel gefragt und meine Antworten wurden teilweise mit gro\u00dfem Erstaunen wahrgenommen. Aber Hamburg ist bei allen, die ich an der Schule kennengelernt habe ein \u201eBegriff\u201c!<\/p>\n<p>Die \u201eGanztagsschule, so wie wir sie kennen gibt es dort nicht. Um 14:30 Uhr ist die Schule leer und keine Sch\u00fcler weit und breit zu sehen. Den Nachmittag verbringen die Sch\u00fclerinnen und Sch\u00fcler dann zu Hause, mit Schularbeiten (nicht so viele \ud83d\ude0a) oder bei Aus\u00fcbung ihrer Hobbys. Nachmittagskurse, so wie bei uns gibt es nicht. Das Kommen zur Schule und das Verlassen der Schule ist oft mit weiten Anreisen verbunden. Der \u00f6ffentliche Nahverkehr ist da eher nicht so h\u00e4ufig wie bei uns, deshalb sind die \u201eElterntaxis\u201c sehr gefragt!<\/p>\n<p>Das Angebot, einen Gegenbesuch von einem d\u00e4nischen Lehrerteam hier nach Altona zu machen zu machen, wurde sehr erfreut angenommen.\u00a0 Jetzt m\u00fcssen wir uns nur noch auf ein Datum einigen\u2026 und das kommt!<\/p>\n<p><img loading=\"lazy\" decoding=\"async\" class=\"alignnone size-large wp-image-2118\" src=\"https:\/\/gtselbe.hamburg.de\/wp-content\/uploads\/sites\/13\/2023\/05\/ErasmusDK2-1024x768.jpg\" alt=\"\" width=\"525\" height=\"394\" srcset=\"https:\/\/gtselbe.hamburg.de\/wp-content\/uploads\/sites\/13\/2023\/05\/ErasmusDK2-1024x768.jpg 1024w, https:\/\/gtselbe.hamburg.de\/wp-content\/uploads\/sites\/13\/2023\/05\/ErasmusDK2-300x225.jpg 300w, https:\/\/gtselbe.hamburg.de\/wp-content\/uploads\/sites\/13\/2023\/05\/ErasmusDK2-768x576.jpg 768w, https:\/\/gtselbe.hamburg.de\/wp-content\/uploads\/sites\/13\/2023\/05\/ErasmusDK2-1536x1152.jpg 1536w, https:\/\/gtselbe.hamburg.de\/wp-content\/uploads\/sites\/13\/2023\/05\/ErasmusDK2.jpg 2016w\" sizes=\"auto, (max-width: 525px) 100vw, 525px\" \/> <img loading=\"lazy\" decoding=\"async\" class=\"alignnone size-large wp-image-2119\" src=\"https:\/\/gtselbe.hamburg.de\/wp-content\/uploads\/sites\/13\/2023\/05\/ErasmusDK1-1024x768.jpg\" alt=\"\" width=\"525\" height=\"394\" srcset=\"https:\/\/gtselbe.hamburg.de\/wp-content\/uploads\/sites\/13\/2023\/05\/ErasmusDK1-1024x768.jpg 1024w, https:\/\/gtselbe.hamburg.de\/wp-content\/uploads\/sites\/13\/2023\/05\/ErasmusDK1-300x225.jpg 300w, https:\/\/gtselbe.hamburg.de\/wp-content\/uploads\/sites\/13\/2023\/05\/ErasmusDK1-768x576.jpg 768w, https:\/\/gtselbe.hamburg.de\/wp-content\/uploads\/sites\/13\/2023\/05\/ErasmusDK1-1536x1152.jpg 1536w, https:\/\/gtselbe.hamburg.de\/wp-content\/uploads\/sites\/13\/2023\/05\/ErasmusDK1.jpg 2016w\" sizes=\"auto, (max-width: 525px) 100vw, 525px\" \/><\/p>\n","protected":false},"excerpt":{"rendered":"<p>Herr Hinkel hospitiert in D\u00e4nemark D\u00e4nemark: mal nicht als Urlaubsland! D\u00e4nemark, als unserer n\u00f6rdlicher \u201eNachbar\u201c ist vielen von uns als wundersch\u00f6nes Urlaubsland bekannt! \u2013 Aber wie sieht es mit dem Schulalltag in D\u00e4nemark aus? Im Rahmen von \u201eErasmus +\u201c hatte ich die Gelegenheit f\u00fcr eine Woche eine Schule in der N\u00e4he von \u00c5rhus zu besuchen: &hellip; <\/p>\n<p class=\"link-more\"><a href=\"https:\/\/gtselbe.hamburg.de\/?page_id=2117\" class=\"more-link\"><span class=\"screen-reader-text\">\u201eErasmus+: April 2023 &#8211; D\u00e4nemark\u201c <\/span>weiterlesen<\/a><\/p>\n","protected":false},"author":1587,"featured_media":0,"parent":0,"menu_order":0,"comment_status":"closed","ping_status":"closed","template":"","meta":{"_acf_changed":false,"footnotes":""},"class_list":["post-2117","page","type-page","status-publish","hentry"],"acf":[],"_links":{"self":[{"href":"https:\/\/gtselbe.hamburg.de\/index.php?rest_route=\/wp\/v2\/pages\/2117","targetHints":{"allow":["GET"]}}],"collection":[{"href":"https:\/\/gtselbe.hamburg.de\/index.php?rest_route=\/wp\/v2\/pages"}],"about":[{"href":"https:\/\/gtselbe.hamburg.de\/index.php?rest_route=\/wp\/v2\/types\/page"}],"author":[{"embeddable":true,"href":"https:\/\/gtselbe.hamburg.de\/index.php?rest_route=\/wp\/v2\/users\/1587"}],"replies":[{"embeddable":true,"href":"https:\/\/gtselbe.hamburg.de\/index.php?rest_route=%2Fwp%2Fv2%2Fcomments&post=2117"}],"version-history":[{"count":5,"href":"https:\/\/gtselbe.hamburg.de\/index.php?rest_route=\/wp\/v2\/pages\/2117\/revisions"}],"predecessor-version":[{"id":2305,"href":"https:\/\/gtselbe.hamburg.de\/index.php?rest_route=\/wp\/v2\/pages\/2117\/revisions\/2305"}],"wp:attachment":[{"href":"https:\/\/gtselbe.hamburg.de\/index.php?rest_route=%2Fwp%2Fv2%2Fmedia&parent=2117"}],"curies":[{"name":"wp","href":"https:\/\/api.w.org\/{rel}","templated":true}]}}