{"id":2199,"date":"2023-05-24T16:03:58","date_gmt":"2023-05-24T14:03:58","guid":{"rendered":"https:\/\/gtselbe.hamburg.de\/?page_id=2199"},"modified":"2023-05-24T16:03:58","modified_gmt":"2023-05-24T14:03:58","slug":"mai-2023-kraene","status":"publish","type":"page","link":"https:\/\/gtselbe.hamburg.de\/?page_id=2199","title":{"rendered":"Mai 2023 &#8211; Kr\u00e4ne"},"content":{"rendered":"<p>Es tut sich immer mehr auf dem neuen Baugrundst\u00fcck. Das Gel\u00e4nde ist vorbereitet, die Baucontainer stehen fast alle und die ersten Kr\u00e4ne wurden auch schon aufs Gel\u00e4nde gebracht.<\/p>\n<p>Am 7.6.23 werden die Zeitkapseln der Schule verbuddelt, danach werden ab Juli die drei neuen Schulen gebaut.<\/p>\n<p><img loading=\"lazy\" decoding=\"async\" class=\"alignnone size-large wp-image-2200\" src=\"https:\/\/gtselbe.hamburg.de\/wp-content\/uploads\/sites\/13\/2023\/05\/20230522_100748-1024x498.jpg\" alt=\"\" width=\"525\" height=\"255\" srcset=\"https:\/\/gtselbe.hamburg.de\/wp-content\/uploads\/sites\/13\/2023\/05\/20230522_100748-1024x498.jpg 1024w, https:\/\/gtselbe.hamburg.de\/wp-content\/uploads\/sites\/13\/2023\/05\/20230522_100748-300x146.jpg 300w, https:\/\/gtselbe.hamburg.de\/wp-content\/uploads\/sites\/13\/2023\/05\/20230522_100748-768x374.jpg 768w, https:\/\/gtselbe.hamburg.de\/wp-content\/uploads\/sites\/13\/2023\/05\/20230522_100748-1536x747.jpg 1536w, https:\/\/gtselbe.hamburg.de\/wp-content\/uploads\/sites\/13\/2023\/05\/20230522_100748.jpg 2048w\" sizes=\"auto, (max-width: 525px) 100vw, 525px\" \/> <img loading=\"lazy\" decoding=\"async\" class=\"alignnone size-large wp-image-2201\" src=\"https:\/\/gtselbe.hamburg.de\/wp-content\/uploads\/sites\/13\/2023\/05\/20230522_101432-498x1024.jpg\" alt=\"\" width=\"498\" height=\"1024\" srcset=\"https:\/\/gtselbe.hamburg.de\/wp-content\/uploads\/sites\/13\/2023\/05\/20230522_101432-498x1024.jpg 498w, https:\/\/gtselbe.hamburg.de\/wp-content\/uploads\/sites\/13\/2023\/05\/20230522_101432-146x300.jpg 146w, https:\/\/gtselbe.hamburg.de\/wp-content\/uploads\/sites\/13\/2023\/05\/20230522_101432-768x1579.jpg 768w, https:\/\/gtselbe.hamburg.de\/wp-content\/uploads\/sites\/13\/2023\/05\/20230522_101432-747x1536.jpg 747w, https:\/\/gtselbe.hamburg.de\/wp-content\/uploads\/sites\/13\/2023\/05\/20230522_101432.jpg 996w\" sizes=\"auto, (max-width: 498px) 100vw, 498px\" \/> <img loading=\"lazy\" decoding=\"async\" class=\"alignnone size-large wp-image-2202\" src=\"https:\/\/gtselbe.hamburg.de\/wp-content\/uploads\/sites\/13\/2023\/05\/20230522_101533-1024x498.jpg\" alt=\"\" width=\"525\" height=\"255\" srcset=\"https:\/\/gtselbe.hamburg.de\/wp-content\/uploads\/sites\/13\/2023\/05\/20230522_101533-1024x498.jpg 1024w, https:\/\/gtselbe.hamburg.de\/wp-content\/uploads\/sites\/13\/2023\/05\/20230522_101533-300x146.jpg 300w, https:\/\/gtselbe.hamburg.de\/wp-content\/uploads\/sites\/13\/2023\/05\/20230522_101533-768x374.jpg 768w, https:\/\/gtselbe.hamburg.de\/wp-content\/uploads\/sites\/13\/2023\/05\/20230522_101533-1536x747.jpg 1536w, https:\/\/gtselbe.hamburg.de\/wp-content\/uploads\/sites\/13\/2023\/05\/20230522_101533.jpg 2048w\" sizes=\"auto, (max-width: 525px) 100vw, 525px\" \/> <img loading=\"lazy\" decoding=\"async\" class=\"alignnone size-large wp-image-2203\" src=\"https:\/\/gtselbe.hamburg.de\/wp-content\/uploads\/sites\/13\/2023\/05\/20230522_100735-498x1024.jpg\" alt=\"\" width=\"498\" height=\"1024\" srcset=\"https:\/\/gtselbe.hamburg.de\/wp-content\/uploads\/sites\/13\/2023\/05\/20230522_100735-498x1024.jpg 498w, https:\/\/gtselbe.hamburg.de\/wp-content\/uploads\/sites\/13\/2023\/05\/20230522_100735-146x300.jpg 146w, https:\/\/gtselbe.hamburg.de\/wp-content\/uploads\/sites\/13\/2023\/05\/20230522_100735-768x1579.jpg 768w, https:\/\/gtselbe.hamburg.de\/wp-content\/uploads\/sites\/13\/2023\/05\/20230522_100735-747x1536.jpg 747w, https:\/\/gtselbe.hamburg.de\/wp-content\/uploads\/sites\/13\/2023\/05\/20230522_100735.jpg 996w\" sizes=\"auto, (max-width: 498px) 100vw, 498px\" \/><\/p>\n","protected":false},"excerpt":{"rendered":"<p>Es tut sich immer mehr auf dem neuen Baugrundst\u00fcck. Das Gel\u00e4nde ist vorbereitet, die Baucontainer stehen fast alle und die ersten Kr\u00e4ne wurden auch schon aufs Gel\u00e4nde gebracht. Am 7.6.23 werden die Zeitkapseln der Schule verbuddelt, danach werden ab Juli die drei neuen Schulen gebaut.<\/p>\n","protected":false},"author":1587,"featured_media":0,"parent":0,"menu_order":0,"comment_status":"closed","ping_status":"closed","template":"","meta":{"_acf_changed":false,"footnotes":""},"class_list":["post-2199","page","type-page","status-publish","hentry"],"acf":[],"_links":{"self":[{"href":"https:\/\/gtselbe.hamburg.de\/index.php?rest_route=\/wp\/v2\/pages\/2199","targetHints":{"allow":["GET"]}}],"collection":[{"href":"https:\/\/gtselbe.hamburg.de\/index.php?rest_route=\/wp\/v2\/pages"}],"about":[{"href":"https:\/\/gtselbe.hamburg.de\/index.php?rest_route=\/wp\/v2\/types\/page"}],"author":[{"embeddable":true,"href":"https:\/\/gtselbe.hamburg.de\/index.php?rest_route=\/wp\/v2\/users\/1587"}],"replies":[{"embeddable":true,"href":"https:\/\/gtselbe.hamburg.de\/index.php?rest_route=%2Fwp%2Fv2%2Fcomments&post=2199"}],"version-history":[{"count":1,"href":"https:\/\/gtselbe.hamburg.de\/index.php?rest_route=\/wp\/v2\/pages\/2199\/revisions"}],"predecessor-version":[{"id":2204,"href":"https:\/\/gtselbe.hamburg.de\/index.php?rest_route=\/wp\/v2\/pages\/2199\/revisions\/2204"}],"wp:attachment":[{"href":"https:\/\/gtselbe.hamburg.de\/index.php?rest_route=%2Fwp%2Fv2%2Fmedia&parent=2199"}],"curies":[{"name":"wp","href":"https:\/\/api.w.org\/{rel}","templated":true}]}}