{"id":2266,"date":"2023-06-14T10:19:29","date_gmt":"2023-06-14T08:19:29","guid":{"rendered":"https:\/\/gtselbe.hamburg.de\/?page_id=2266"},"modified":"2023-06-19T16:46:16","modified_gmt":"2023-06-19T14:46:16","slug":"erasmus-mai-2023-frau-ludwig-und-frau-van-der-knaap-zur-fortbildung-in-dublin","status":"publish","type":"page","link":"https:\/\/gtselbe.hamburg.de\/?page_id=2266","title":{"rendered":"Erasmus+: Mai 2023 &#8211; Dublin"},"content":{"rendered":"<p><strong>Frau Ludwig und Frau van der Knaap zur Fortbildung in Dublin<\/strong><\/p>\n<p>Im Rahmen des Erasmus+-Programms reisten wir nach Dublin und nahmen am Kurs \u201eFacing Diversity: Intercultural Classroom Management\u201c teil.<\/p>\n<p>Wir entschieden uns f\u00fcr Dublin aufgrund der Geschichte <strong>Irlands<\/strong> und dem Flair der Stadt. Es gibt nur wenig, was es in Dublin nicht gibt. Und es gibt immer noch etwas Neues zu entdecken; malerische Vororte und sch\u00f6ne Ausflugsziele ganz einfach mit Bus oder Zug zu erreichen. <strong>Dublin ist modern, die Menschen sind sehr aufgeschlossen<\/strong> und doch sp\u00fcrt man die Geschichte und die Vergangenheit und kann sie an jeder Ecke sehen. Besonders bewusst wurde uns in Gespr\u00e4chen mit Landsleuten, dass Irland nach wie vor unter der ehemaligen langen britischen Herrschaft leidet und die Konflikte mit dem Nachbarland Nordirland durch den Brexit gerade wieder sehr aktuell sind.<\/p>\n<p>In unserem Seminar sprachen wir \u00fcber Diversit\u00e4t, Migration und Integration und lernten andere Lehrkr\u00e4fte aus Finnland, Schweden, Kroatien, Spanien und Griechenland kennen. Dabei lernten wir nicht nur etwas \u00fcber die Schulsysteme in den anderen L\u00e4ndern, sondern stellen auch fest, dass andere europ\u00e4ische L\u00e4nder mit den gleichen Problemen zu k\u00e4mpfen haben wie wir auch. Egal wie gut ein Land bei PISA abschneidet \u2013 Lehrermangel, herausforderndes Sch\u00fclerverhalten und den Bed\u00fcrfnissen von Kindern mit unterschiedlichen Begabungen und kulturellen Hintergr\u00fcnden gerecht zu werden stellt alle Systeme vor Herausforderungen. Wir konnten in unserem Seminar die Herausforderungen nicht l\u00f6sen, aber es hat schon viel geholfen dar\u00fcber mit den anderen zu reden und eventuell nach kleinen Erleichterungen und M\u00f6glichkeiten zu suchen, die uns dabei helfen, bessere Lehrer f\u00fcr unsere Sch\u00fcler zu werden. Auch konnten wir f\u00fcr eventuelle Erasmus-Partnerschaften Kontakte kn\u00fcpfen.<\/p>\n<p><img loading=\"lazy\" decoding=\"async\" class=\"alignnone size-large wp-image-2274\" src=\"https:\/\/gtselbe.hamburg.de\/wp-content\/uploads\/sites\/13\/2023\/06\/5678cdfa-66d9-47be-95a0-374a70936142-1024x768.jpeg\" alt=\"\" width=\"525\" height=\"394\" srcset=\"https:\/\/gtselbe.hamburg.de\/wp-content\/uploads\/sites\/13\/2023\/06\/5678cdfa-66d9-47be-95a0-374a70936142-1024x768.jpeg 1024w, https:\/\/gtselbe.hamburg.de\/wp-content\/uploads\/sites\/13\/2023\/06\/5678cdfa-66d9-47be-95a0-374a70936142-300x225.jpeg 300w, https:\/\/gtselbe.hamburg.de\/wp-content\/uploads\/sites\/13\/2023\/06\/5678cdfa-66d9-47be-95a0-374a70936142-768x576.jpeg 768w, https:\/\/gtselbe.hamburg.de\/wp-content\/uploads\/sites\/13\/2023\/06\/5678cdfa-66d9-47be-95a0-374a70936142.jpeg 1280w\" sizes=\"auto, (max-width: 525px) 100vw, 525px\" \/> <img loading=\"lazy\" decoding=\"async\" class=\"alignnone size-large wp-image-2275\" src=\"https:\/\/gtselbe.hamburg.de\/wp-content\/uploads\/sites\/13\/2023\/06\/20230529_200348-1024x1024.jpg\" alt=\"\" width=\"525\" height=\"525\" srcset=\"https:\/\/gtselbe.hamburg.de\/wp-content\/uploads\/sites\/13\/2023\/06\/20230529_200348-1024x1024.jpg 1024w, https:\/\/gtselbe.hamburg.de\/wp-content\/uploads\/sites\/13\/2023\/06\/20230529_200348-300x300.jpg 300w, https:\/\/gtselbe.hamburg.de\/wp-content\/uploads\/sites\/13\/2023\/06\/20230529_200348-150x150.jpg 150w, https:\/\/gtselbe.hamburg.de\/wp-content\/uploads\/sites\/13\/2023\/06\/20230529_200348-768x768.jpg 768w, https:\/\/gtselbe.hamburg.de\/wp-content\/uploads\/sites\/13\/2023\/06\/20230529_200348-1536x1536.jpg 1536w, https:\/\/gtselbe.hamburg.de\/wp-content\/uploads\/sites\/13\/2023\/06\/20230529_200348.jpg 2048w, https:\/\/gtselbe.hamburg.de\/wp-content\/uploads\/sites\/13\/2023\/06\/20230529_200348-100x100.jpg 100w, https:\/\/gtselbe.hamburg.de\/wp-content\/uploads\/sites\/13\/2023\/06\/20230529_200348-60x60.jpg 60w\" sizes=\"auto, (max-width: 525px) 100vw, 525px\" \/> <img loading=\"lazy\" decoding=\"async\" class=\"alignnone size-large wp-image-2276\" src=\"https:\/\/gtselbe.hamburg.de\/wp-content\/uploads\/sites\/13\/2023\/06\/IMG_0030-1024x768.jpeg\" alt=\"\" width=\"525\" height=\"394\" srcset=\"https:\/\/gtselbe.hamburg.de\/wp-content\/uploads\/sites\/13\/2023\/06\/IMG_0030-1024x768.jpeg 1024w, https:\/\/gtselbe.hamburg.de\/wp-content\/uploads\/sites\/13\/2023\/06\/IMG_0030-300x225.jpeg 300w, https:\/\/gtselbe.hamburg.de\/wp-content\/uploads\/sites\/13\/2023\/06\/IMG_0030-768x576.jpeg 768w, https:\/\/gtselbe.hamburg.de\/wp-content\/uploads\/sites\/13\/2023\/06\/IMG_0030-1536x1152.jpeg 1536w, https:\/\/gtselbe.hamburg.de\/wp-content\/uploads\/sites\/13\/2023\/06\/IMG_0030.jpeg 2048w\" sizes=\"auto, (max-width: 525px) 100vw, 525px\" \/> <img loading=\"lazy\" decoding=\"async\" class=\"alignnone size-large wp-image-2277\" src=\"https:\/\/gtselbe.hamburg.de\/wp-content\/uploads\/sites\/13\/2023\/06\/IMG_0062-1024x768.jpeg\" alt=\"\" width=\"525\" height=\"394\" srcset=\"https:\/\/gtselbe.hamburg.de\/wp-content\/uploads\/sites\/13\/2023\/06\/IMG_0062-1024x768.jpeg 1024w, https:\/\/gtselbe.hamburg.de\/wp-content\/uploads\/sites\/13\/2023\/06\/IMG_0062-300x225.jpeg 300w, https:\/\/gtselbe.hamburg.de\/wp-content\/uploads\/sites\/13\/2023\/06\/IMG_0062-768x576.jpeg 768w, https:\/\/gtselbe.hamburg.de\/wp-content\/uploads\/sites\/13\/2023\/06\/IMG_0062-1536x1152.jpeg 1536w, https:\/\/gtselbe.hamburg.de\/wp-content\/uploads\/sites\/13\/2023\/06\/IMG_0062.jpeg 2048w\" sizes=\"auto, (max-width: 525px) 100vw, 525px\" \/> <img loading=\"lazy\" decoding=\"async\" class=\"alignnone size-large wp-image-2278\" src=\"https:\/\/gtselbe.hamburg.de\/wp-content\/uploads\/sites\/13\/2023\/06\/IMG_0110-1024x768.jpeg\" alt=\"\" width=\"525\" height=\"394\" srcset=\"https:\/\/gtselbe.hamburg.de\/wp-content\/uploads\/sites\/13\/2023\/06\/IMG_0110-1024x768.jpeg 1024w, https:\/\/gtselbe.hamburg.de\/wp-content\/uploads\/sites\/13\/2023\/06\/IMG_0110-300x225.jpeg 300w, https:\/\/gtselbe.hamburg.de\/wp-content\/uploads\/sites\/13\/2023\/06\/IMG_0110-768x576.jpeg 768w, https:\/\/gtselbe.hamburg.de\/wp-content\/uploads\/sites\/13\/2023\/06\/IMG_0110-1536x1152.jpeg 1536w, https:\/\/gtselbe.hamburg.de\/wp-content\/uploads\/sites\/13\/2023\/06\/IMG_0110.jpeg 2048w\" sizes=\"auto, (max-width: 525px) 100vw, 525px\" \/> <img loading=\"lazy\" decoding=\"async\" class=\"alignnone size-large wp-image-2279\" src=\"https:\/\/gtselbe.hamburg.de\/wp-content\/uploads\/sites\/13\/2023\/06\/IMG_0121-1024x768.jpeg\" alt=\"\" width=\"525\" height=\"394\" srcset=\"https:\/\/gtselbe.hamburg.de\/wp-content\/uploads\/sites\/13\/2023\/06\/IMG_0121-1024x768.jpeg 1024w, https:\/\/gtselbe.hamburg.de\/wp-content\/uploads\/sites\/13\/2023\/06\/IMG_0121-300x225.jpeg 300w, https:\/\/gtselbe.hamburg.de\/wp-content\/uploads\/sites\/13\/2023\/06\/IMG_0121-768x576.jpeg 768w, https:\/\/gtselbe.hamburg.de\/wp-content\/uploads\/sites\/13\/2023\/06\/IMG_0121-1536x1152.jpeg 1536w, https:\/\/gtselbe.hamburg.de\/wp-content\/uploads\/sites\/13\/2023\/06\/IMG_0121.jpeg 2048w\" sizes=\"auto, (max-width: 525px) 100vw, 525px\" \/> <img loading=\"lazy\" decoding=\"async\" class=\"alignnone size-large wp-image-2280\" src=\"https:\/\/gtselbe.hamburg.de\/wp-content\/uploads\/sites\/13\/2023\/06\/IMG_0196-1024x768.jpeg\" alt=\"\" width=\"525\" height=\"394\" srcset=\"https:\/\/gtselbe.hamburg.de\/wp-content\/uploads\/sites\/13\/2023\/06\/IMG_0196-1024x768.jpeg 1024w, https:\/\/gtselbe.hamburg.de\/wp-content\/uploads\/sites\/13\/2023\/06\/IMG_0196-300x225.jpeg 300w, https:\/\/gtselbe.hamburg.de\/wp-content\/uploads\/sites\/13\/2023\/06\/IMG_0196-768x576.jpeg 768w, https:\/\/gtselbe.hamburg.de\/wp-content\/uploads\/sites\/13\/2023\/06\/IMG_0196-1536x1152.jpeg 1536w, https:\/\/gtselbe.hamburg.de\/wp-content\/uploads\/sites\/13\/2023\/06\/IMG_0196.jpeg 2048w\" sizes=\"auto, (max-width: 525px) 100vw, 525px\" \/> <img loading=\"lazy\" decoding=\"async\" class=\"alignnone size-large wp-image-2281\" src=\"https:\/\/gtselbe.hamburg.de\/wp-content\/uploads\/sites\/13\/2023\/06\/IMG_9984-1024x768.jpeg\" alt=\"\" width=\"525\" height=\"394\" srcset=\"https:\/\/gtselbe.hamburg.de\/wp-content\/uploads\/sites\/13\/2023\/06\/IMG_9984-1024x768.jpeg 1024w, https:\/\/gtselbe.hamburg.de\/wp-content\/uploads\/sites\/13\/2023\/06\/IMG_9984-300x225.jpeg 300w, https:\/\/gtselbe.hamburg.de\/wp-content\/uploads\/sites\/13\/2023\/06\/IMG_9984-768x576.jpeg 768w, https:\/\/gtselbe.hamburg.de\/wp-content\/uploads\/sites\/13\/2023\/06\/IMG_9984-1536x1152.jpeg 1536w, https:\/\/gtselbe.hamburg.de\/wp-content\/uploads\/sites\/13\/2023\/06\/IMG_9984.jpeg 2048w\" sizes=\"auto, (max-width: 525px) 100vw, 525px\" \/> <img loading=\"lazy\" decoding=\"async\" class=\"alignnone size-large wp-image-2282\" src=\"https:\/\/gtselbe.hamburg.de\/wp-content\/uploads\/sites\/13\/2023\/06\/IMG_9994-768x1024.jpeg\" alt=\"\" width=\"525\" height=\"700\" srcset=\"https:\/\/gtselbe.hamburg.de\/wp-content\/uploads\/sites\/13\/2023\/06\/IMG_9994-768x1024.jpeg 768w, https:\/\/gtselbe.hamburg.de\/wp-content\/uploads\/sites\/13\/2023\/06\/IMG_9994-225x300.jpeg 225w, https:\/\/gtselbe.hamburg.de\/wp-content\/uploads\/sites\/13\/2023\/06\/IMG_9994-1152x1536.jpeg 1152w, https:\/\/gtselbe.hamburg.de\/wp-content\/uploads\/sites\/13\/2023\/06\/IMG_9994.jpeg 1536w\" sizes=\"auto, (max-width: 525px) 100vw, 525px\" \/><\/p>\n","protected":false},"excerpt":{"rendered":"<p>Frau Ludwig und Frau van der Knaap zur Fortbildung in Dublin Im Rahmen des Erasmus+-Programms reisten wir nach Dublin und nahmen am Kurs \u201eFacing Diversity: Intercultural Classroom Management\u201c teil. Wir entschieden uns f\u00fcr Dublin aufgrund der Geschichte Irlands und dem Flair der Stadt. Es gibt nur wenig, was es in Dublin nicht gibt. Und es &hellip; <\/p>\n<p class=\"link-more\"><a href=\"https:\/\/gtselbe.hamburg.de\/?page_id=2266\" class=\"more-link\"><span class=\"screen-reader-text\">\u201eErasmus+: Mai 2023 &#8211; Dublin\u201c <\/span>weiterlesen<\/a><\/p>\n","protected":false},"author":1587,"featured_media":0,"parent":0,"menu_order":0,"comment_status":"closed","ping_status":"closed","template":"","meta":{"_acf_changed":false,"footnotes":""},"class_list":["post-2266","page","type-page","status-publish","hentry"],"acf":[],"_links":{"self":[{"href":"https:\/\/gtselbe.hamburg.de\/index.php?rest_route=\/wp\/v2\/pages\/2266","targetHints":{"allow":["GET"]}}],"collection":[{"href":"https:\/\/gtselbe.hamburg.de\/index.php?rest_route=\/wp\/v2\/pages"}],"about":[{"href":"https:\/\/gtselbe.hamburg.de\/index.php?rest_route=\/wp\/v2\/types\/page"}],"author":[{"embeddable":true,"href":"https:\/\/gtselbe.hamburg.de\/index.php?rest_route=\/wp\/v2\/users\/1587"}],"replies":[{"embeddable":true,"href":"https:\/\/gtselbe.hamburg.de\/index.php?rest_route=%2Fwp%2Fv2%2Fcomments&post=2266"}],"version-history":[{"count":4,"href":"https:\/\/gtselbe.hamburg.de\/index.php?rest_route=\/wp\/v2\/pages\/2266\/revisions"}],"predecessor-version":[{"id":2304,"href":"https:\/\/gtselbe.hamburg.de\/index.php?rest_route=\/wp\/v2\/pages\/2266\/revisions\/2304"}],"wp:attachment":[{"href":"https:\/\/gtselbe.hamburg.de\/index.php?rest_route=%2Fwp%2Fv2%2Fmedia&parent=2266"}],"curies":[{"name":"wp","href":"https:\/\/api.w.org\/{rel}","templated":true}]}}