{"id":2453,"date":"2023-09-29T12:47:48","date_gmt":"2023-09-29T10:47:48","guid":{"rendered":"https:\/\/gtselbe.hamburg.de\/?page_id=2453"},"modified":"2023-09-29T12:47:48","modified_gmt":"2023-09-29T10:47:48","slug":"wochenbrief-29-09-2023","status":"publish","type":"page","link":"https:\/\/gtselbe.hamburg.de\/?page_id=2453","title":{"rendered":"Wochenbrief 29.09.2023"},"content":{"rendered":"<p>Liebe Eltern,<\/p>\n<p>Zum neuen Schuljahr sind wir mit unserer digitalen Sch\u00fclerzeitung als Kursangebot am Nachmittag gestartet. Die &#8222;Zeitungszocker&#8220; haben nun Ideen f\u00fcr den Namen gesammelt und haben die Klassen dar\u00fcber abstimmen lassen. Am Ende erhielt der Name &#8222;Hamburger Elbsch\u00fclerzeitung&#8220; die meisten Stimmen. Im n\u00e4chsten Schritt lernen die &#8222;Zeitungszocker&#8220; nun, wie sie ihre ersten Texte auf einer digitalen Plattform schreiben und entwickeln erste Schreibideen. Ganz nebenbei erwerben die Kinder digitale Kompetenzen oder setzen sich mit Themen wie Meinungs- und Pressefreiheit oder Datenschutz auseinander. Weitere Hintergr\u00fcnde zu diesem Projekt finden Sie hier: <a href=\"https:\/\/www.digireporter.de\/\">https:\/\/www.digireporter.de\/<\/a><\/p>\n<p>Sobald unsere Zeitung &#8222;online geht&#8220;, erhalten Sie den Link und k\u00f6nnen sich selbst einen Eindruck verschaffen.<\/p>\n<p>Die Klassen 2a und 2b haben am Wettbewerb \u201eHerr Fuchs tanzt B\u00fccher\u201c teilgenommen. Zun\u00e4chst wurde den Kindern das Buch \u201eHerr Fuchs mag B\u00fccher\u201c vorgelesen. Anschlie\u00dfend haben die Kinder eigene Fuchs-Masken gebastelt und einen Tanz gemeinsam einge\u00fcbt. Nun hoffen die Kinder, dass sie mit ihrer Choreographie eine Lesung der Autorin Franziska Biermann gewinnen. Wir dr\u00fccken die Daumen!<\/p>\n<p>Am Dienstag, den 26.9.23 fand die Elternvollversammlung statt. Leider waren nur wenige Eltern der Einladung gefolgt, so dass wir noch keinen Elternrat w\u00e4hlen konnten.<\/p>\n<p>Unter dem Motto &#8222;Sp\u00fcrnasen betrachten und empfinden!&#8220; hat sich die 3a am Mittwoch, den 27.9.23 in der Kunsthalle auf eine interaktive Reise mit allen Sinnen begeben. Die Klasse war von den Kunstwerken begeistert. Am Ende waren alle sogar selber noch kreativ! Auf unserer Homepage finden Sie einige Bilder und Aussagen der Kinder.<\/p>\n<p>Am Donnerstag, den 28.9.23 durften die 3. und 4. Klassen ein Konzert des PaBaMeTo Duos anh\u00f6ren. Die beiden Br\u00fcder haben uns mit diversen Instrumenten auf eine musikalische Europa-Reise mitgenommen. Unterst\u00fctzt wurde dieses Konzert wieder von der Menuhin-Stiftung.<\/p>\n<p>Am Freitag, den 29.9.23 haben die Klassen 2a und 2b am Workshop &#8222;Entdeckungsreise in die Welt der Wiesenpflanzen&#8220; im Rahmen der Wetter.Wasser.Waterkant 2023 teilgenommen. Die Kinder haben gemeinsam mit einer Expertin essbare Wildpflanzen entdeckt, die direkt vor der Haust\u00fcr wachsen. Woran erkennt man essbare Wildpflanzen? Wie riechen und wie schmecken sie? Der verantwortliche Umgang mit der Natur stand hierbei im Fokus.\u00a0 Am Ende wurde noch ein gemeinsamer Snack zubereitet.<\/p>\n<p>Ausblick auf die n\u00e4chste Woche:<\/p>\n<ul>\n<li>Am Montag ist ein Ferientag und es ist keine Schule.<\/li>\n<li>Am Dienstag ist ein Feiertag und es ist keine Schule. Wir sehen uns wieder am Mittwoch um 8.00 Uhr.<\/li>\n<li>Am kommenden Donnerstag machen die 2. Klassen einen Ausflug in der Hamburger Volkspark.<\/li>\n<li>Entweder am Donnerstag oder am darauffolgenden Montag macht der ADAC mit den Kindern der 1. Klasse ein Verkehrstraining. (Der Termin steht noch nicht ganz fest.)<\/li>\n<\/ul>\n<p>Wir w\u00fcnschen Ihnen ein entspanntes, langes Wochenende und einen ruhigen \u00dcbergang in den Oktober!<\/p>\n<p>Viele Gr\u00fc\u00dfe<\/p>\n<p>Imke H\u00fcbner und Martin Hinkel<\/p>\n<p>&nbsp;<\/p>\n","protected":false},"excerpt":{"rendered":"<p>Liebe Eltern, Zum neuen Schuljahr sind wir mit unserer digitalen Sch\u00fclerzeitung als Kursangebot am Nachmittag gestartet. Die &#8222;Zeitungszocker&#8220; haben nun Ideen f\u00fcr den Namen gesammelt und haben die Klassen dar\u00fcber abstimmen lassen. Am Ende erhielt der Name &#8222;Hamburger Elbsch\u00fclerzeitung&#8220; die meisten Stimmen. Im n\u00e4chsten Schritt lernen die &#8222;Zeitungszocker&#8220; nun, wie sie ihre ersten Texte auf &hellip; <\/p>\n<p class=\"link-more\"><a href=\"https:\/\/gtselbe.hamburg.de\/?page_id=2453\" class=\"more-link\"><span class=\"screen-reader-text\">\u201eWochenbrief 29.09.2023\u201c <\/span>weiterlesen<\/a><\/p>\n","protected":false},"author":1587,"featured_media":0,"parent":0,"menu_order":0,"comment_status":"closed","ping_status":"closed","template":"","meta":{"_acf_changed":false,"footnotes":""},"class_list":["post-2453","page","type-page","status-publish","hentry"],"acf":[],"_links":{"self":[{"href":"https:\/\/gtselbe.hamburg.de\/index.php?rest_route=\/wp\/v2\/pages\/2453","targetHints":{"allow":["GET"]}}],"collection":[{"href":"https:\/\/gtselbe.hamburg.de\/index.php?rest_route=\/wp\/v2\/pages"}],"about":[{"href":"https:\/\/gtselbe.hamburg.de\/index.php?rest_route=\/wp\/v2\/types\/page"}],"author":[{"embeddable":true,"href":"https:\/\/gtselbe.hamburg.de\/index.php?rest_route=\/wp\/v2\/users\/1587"}],"replies":[{"embeddable":true,"href":"https:\/\/gtselbe.hamburg.de\/index.php?rest_route=%2Fwp%2Fv2%2Fcomments&post=2453"}],"version-history":[{"count":1,"href":"https:\/\/gtselbe.hamburg.de\/index.php?rest_route=\/wp\/v2\/pages\/2453\/revisions"}],"predecessor-version":[{"id":2454,"href":"https:\/\/gtselbe.hamburg.de\/index.php?rest_route=\/wp\/v2\/pages\/2453\/revisions\/2454"}],"wp:attachment":[{"href":"https:\/\/gtselbe.hamburg.de\/index.php?rest_route=%2Fwp%2Fv2%2Fmedia&parent=2453"}],"curies":[{"name":"wp","href":"https:\/\/api.w.org\/{rel}","templated":true}]}}