{"id":2460,"date":"2023-10-13T12:12:49","date_gmt":"2023-10-13T10:12:49","guid":{"rendered":"https:\/\/gtselbe.hamburg.de\/?page_id=2460"},"modified":"2024-01-15T10:04:33","modified_gmt":"2024-01-15T09:04:33","slug":"baufortschritt-kw-39-40","status":"publish","type":"page","link":"https:\/\/gtselbe.hamburg.de\/?page_id=2460","title":{"rendered":"Baufortschritt 2023 KW 39-40"},"content":{"rendered":"<p>&nbsp;<\/p>\n<p><img loading=\"lazy\" decoding=\"async\" class=\"alignnone size-full wp-image-2461\" src=\"https:\/\/gtselbe.hamburg.de\/wp-content\/uploads\/sites\/13\/2023\/10\/KW39-40_01.jpg\" alt=\"\" width=\"689\" height=\"924\" srcset=\"https:\/\/gtselbe.hamburg.de\/wp-content\/uploads\/sites\/13\/2023\/10\/KW39-40_01.jpg 689w, https:\/\/gtselbe.hamburg.de\/wp-content\/uploads\/sites\/13\/2023\/10\/KW39-40_01-224x300.jpg 224w\" sizes=\"auto, (max-width: 689px) 100vw, 689px\" \/><br \/>\nGanztagssschule (KW 40) \u2013 Blick 1FH Richtung Struenseestra\u00dfe<\/p>\n<p><img loading=\"lazy\" decoding=\"async\" class=\"alignnone size-large wp-image-2462\" src=\"https:\/\/gtselbe.hamburg.de\/wp-content\/uploads\/sites\/13\/2023\/10\/KW39-40_02.jpg\" alt=\"\" width=\"525\" height=\"700\" srcset=\"https:\/\/gtselbe.hamburg.de\/wp-content\/uploads\/sites\/13\/2023\/10\/KW39-40_02.jpg 690w, https:\/\/gtselbe.hamburg.de\/wp-content\/uploads\/sites\/13\/2023\/10\/KW39-40_02-225x300.jpg 225w\" sizes=\"auto, (max-width: 525px) 100vw, 525px\" \/><br \/>\nGanztagsschule (KW 40) \u2013 Blick Struenseestra\u00dfe Richtung K\u00f6nigstra\u00dfe<\/p>\n","protected":false},"excerpt":{"rendered":"<p>&nbsp; Ganztagssschule (KW 40) \u2013 Blick 1FH Richtung Struenseestra\u00dfe Ganztagsschule (KW 40) \u2013 Blick Struenseestra\u00dfe Richtung K\u00f6nigstra\u00dfe<\/p>\n","protected":false},"author":1587,"featured_media":0,"parent":0,"menu_order":0,"comment_status":"closed","ping_status":"closed","template":"","meta":{"_acf_changed":false,"footnotes":""},"class_list":["post-2460","page","type-page","status-publish","hentry"],"acf":[],"_links":{"self":[{"href":"https:\/\/gtselbe.hamburg.de\/index.php?rest_route=\/wp\/v2\/pages\/2460","targetHints":{"allow":["GET"]}}],"collection":[{"href":"https:\/\/gtselbe.hamburg.de\/index.php?rest_route=\/wp\/v2\/pages"}],"about":[{"href":"https:\/\/gtselbe.hamburg.de\/index.php?rest_route=\/wp\/v2\/types\/page"}],"author":[{"embeddable":true,"href":"https:\/\/gtselbe.hamburg.de\/index.php?rest_route=\/wp\/v2\/users\/1587"}],"replies":[{"embeddable":true,"href":"https:\/\/gtselbe.hamburg.de\/index.php?rest_route=%2Fwp%2Fv2%2Fcomments&post=2460"}],"version-history":[{"count":2,"href":"https:\/\/gtselbe.hamburg.de\/index.php?rest_route=\/wp\/v2\/pages\/2460\/revisions"}],"predecessor-version":[{"id":2634,"href":"https:\/\/gtselbe.hamburg.de\/index.php?rest_route=\/wp\/v2\/pages\/2460\/revisions\/2634"}],"wp:attachment":[{"href":"https:\/\/gtselbe.hamburg.de\/index.php?rest_route=%2Fwp%2Fv2%2Fmedia&parent=2460"}],"curies":[{"name":"wp","href":"https:\/\/api.w.org\/{rel}","templated":true}]}}