{"id":2539,"date":"2023-11-17T15:12:30","date_gmt":"2023-11-17T14:12:30","guid":{"rendered":"https:\/\/gtselbe.hamburg.de\/?page_id=2539"},"modified":"2023-11-17T15:13:37","modified_gmt":"2023-11-17T14:13:37","slug":"wochenbrief-10-11-2023","status":"publish","type":"page","link":"https:\/\/gtselbe.hamburg.de\/?page_id=2539","title":{"rendered":"Wochenbrief 10.11.2023"},"content":{"rendered":"<p>Liebe Eltern,<\/p>\n<p><u>Klasse 1a und 1b<\/u>: Am <strong>Donnerstag, den 2.11.23<\/strong> \u00a0machten wir einen Ausflug in die B\u00fccherhalle Altona. Nach einer kleinen St\u00e4rkung wurde uns erkl\u00e4rt, was wir in einer B\u00fccherhalle alles machen k\u00f6nnen und was wir zu beachten haben. Nachdem auch unsere Fragen gekl\u00e4rt wurden, durften wir die B\u00fccherhalle erkunden und in tollen B\u00fcchern schm\u00f6kern.<br \/>\nAm Ende wurde uns noch \u201eKeiner gruselt sich vor Gustav\u201c als Bilderbuchkino erz\u00e4hlt.<br \/>\nEs hat uns so gut in der B\u00fccherhalle gefallen, dass viele Kinder nun ganz bald mit ihren Eltern wiederkommen wollen.<\/p>\n<p><u>Klasse 2a und 2b<\/u>: Am <strong>Freitag, den 3.11.23<\/strong> haben die Klassen 2a und 2b eine Halloweenparty gefeiert. Die Kinder haben zun\u00e4chst flei\u00dfig am &#8222;Bohnen-Lesen&#8220; teilgenommen: f\u00fcr jede gelesene Minute zu Hause wanderte eine Bohne in das Glas f\u00fcr die Halloweenparty. Als das Glas schlie\u00dflich gef\u00fcllt war, hatten die Kinder die Halloweenparty gewonnen. Die Kinder kamen in gruseligen Kost\u00fcmen oder waren als Skelett, Hexe, Vampir oder Mumie geschminkt. Die Eltern haben sich um ein leckeres Buffet gek\u00fcmmert und eine &#8222;Geisterjagd&#8220; in Form einer Schnitzeljagd organisiert. Den Kindern hat es viel Spa\u00df bereitet!<\/p>\n<p><u>Klasse 3a<\/u>: Im Sachunterricht behandelt die Klasse 3a gerade das Thema &#8222;Feuer&#8220;. Dazu besuchten wir am <strong>Montag, den 6.11.23<\/strong> das Feuerinformationszentrum. Wir lernten, wie man einen Notruf t\u00e4tigt und dass der Rauch am gef\u00e4hrlichsten ist, wenn es brennt. Besonders spannend war die \u00dcbung, wie man einen brennenden Raum verl\u00e4sst. Dabei wurde Rauch mit einer Maschine simuliert und wir mussten uns auf dem Boden kriechend bewegen.<\/p>\n<p>Am <strong>Dienstag, den 7.11.23<\/strong> hat der Sch\u00fclerrat zum ersten Mal in diesem Schuljahr getagt. Frau Sanders als betreuende Lehrkraft hat neue Hefte ausgeteilt, in welche die Klassensprecherinnen und -sprecher ihre Notizen eintragen k\u00f6nnen, mit welchen sie im Anschluss die Ergebnisse aus dem Sch\u00fclerrat im Klassenrat vorstellen.<\/p>\n<p>Am <strong>Mittwoch, den 8.11.23<\/strong> war unser Laternenfest! Das Wetter hat mitgespielt und so gab es erst leckere Waffeln, Kaffee und Kinderpunsch, bevor das Bl\u00e4serquartett am Feuerkorb viele Laternenlieder spielte. Der eigentliche Laternenlauf mit den selbstgebastelten Laternen war dieses Jahr l\u00e4nger als sonst, so dass im Anschluss die Hotdogs noch besser schmeckten. Ein gro\u00dfer Dank geht an alle Besch\u00e4ftigten der Schule, die mit gro\u00dfem Arbeitseinsatz dieses tolle Fest f\u00fcr die Kinder auf die Beine gestellt haben!<\/p>\n<p><strong>Wir m\u00f6chten Sie noch einmal darauf hinweisen, dass eine Abholung Ihres Kindes nur um 14.00 Uhr oder um 15.45 Uhr stattfinden kann <\/strong>(au\u00dfer Sie haben vorher etwas anderes mit uns abgesprochen oder Ihr Kind ist in der Sp\u00e4tbetreuung). <strong>Es st\u00f6rt den Ablauf in den Kursen, wenn Kinder irgendwann zwischendurch ohne R\u00fccksprache aus den Kursen raus m\u00fcssen. Wir bitte alle sehr herzlich, sich an diese Vorgaben zu halten. <\/strong><\/p>\n<p>&nbsp;<\/p>\n<p>Ausblick auf die n\u00e4chste Woche:<\/p>\n<p>Am <strong>kommenden Montag<\/strong> kommt die Fotografin! Bitte kleiden Sie Ihr Kind entsprechend, so dass sch\u00f6ne Fotos entstehen k\u00f6nnen. Falls Sie Geschwisterfotos m\u00f6chten, sagen Sie bitte noch per Mail an diesem Wochenende Bescheid.<\/p>\n<p>Am <strong>kommenden Dienstag<\/strong> findet wieder ein Lesezauber statt. Alle Lehrkr\u00e4fte der Schule lesen den Kindern aus B\u00fcchern vor. Da am gleichen Tag der \u201eTag der Kinderrechte\u201c ist, werden unsere Schulmentoren aus unseren 3. und 4. Klassen den Kindern Filme \u00fcber Kinderrechte zeigen.<\/p>\n<p>Am <strong>kommenden Freitag <\/strong>gehen unsere 1. Klassen ins Zeise-Kino und schauen \u201eLauras Stern\u201c.<\/p>\n<p>Viele Gr\u00fc\u00dfe und ein sch\u00f6nes Wochenende w\u00fcnschen Ihnen<\/p>\n<p>Imke H\u00fcbner und Martin Hinkel<\/p>\n","protected":false},"excerpt":{"rendered":"<p>Liebe Eltern, Klasse 1a und 1b: Am Donnerstag, den 2.11.23 \u00a0machten wir einen Ausflug in die B\u00fccherhalle Altona. Nach einer kleinen St\u00e4rkung wurde uns erkl\u00e4rt, was wir in einer B\u00fccherhalle alles machen k\u00f6nnen und was wir zu beachten haben. Nachdem auch unsere Fragen gekl\u00e4rt wurden, durften wir die B\u00fccherhalle erkunden und in tollen B\u00fcchern schm\u00f6kern. &hellip; <\/p>\n<p class=\"link-more\"><a href=\"https:\/\/gtselbe.hamburg.de\/?page_id=2539\" class=\"more-link\"><span class=\"screen-reader-text\">\u201eWochenbrief 10.11.2023\u201c <\/span>weiterlesen<\/a><\/p>\n","protected":false},"author":1587,"featured_media":0,"parent":0,"menu_order":0,"comment_status":"closed","ping_status":"closed","template":"","meta":{"_acf_changed":false,"footnotes":""},"class_list":["post-2539","page","type-page","status-publish","hentry"],"acf":[],"_links":{"self":[{"href":"https:\/\/gtselbe.hamburg.de\/index.php?rest_route=\/wp\/v2\/pages\/2539","targetHints":{"allow":["GET"]}}],"collection":[{"href":"https:\/\/gtselbe.hamburg.de\/index.php?rest_route=\/wp\/v2\/pages"}],"about":[{"href":"https:\/\/gtselbe.hamburg.de\/index.php?rest_route=\/wp\/v2\/types\/page"}],"author":[{"embeddable":true,"href":"https:\/\/gtselbe.hamburg.de\/index.php?rest_route=\/wp\/v2\/users\/1587"}],"replies":[{"embeddable":true,"href":"https:\/\/gtselbe.hamburg.de\/index.php?rest_route=%2Fwp%2Fv2%2Fcomments&post=2539"}],"version-history":[{"count":3,"href":"https:\/\/gtselbe.hamburg.de\/index.php?rest_route=\/wp\/v2\/pages\/2539\/revisions"}],"predecessor-version":[{"id":2542,"href":"https:\/\/gtselbe.hamburg.de\/index.php?rest_route=\/wp\/v2\/pages\/2539\/revisions\/2542"}],"wp:attachment":[{"href":"https:\/\/gtselbe.hamburg.de\/index.php?rest_route=%2Fwp%2Fv2%2Fmedia&parent=2539"}],"curies":[{"name":"wp","href":"https:\/\/api.w.org\/{rel}","templated":true}]}}