{"id":2601,"date":"2023-12-19T18:00:13","date_gmt":"2023-12-19T17:00:13","guid":{"rendered":"https:\/\/gtselbe.hamburg.de\/?page_id=2601"},"modified":"2024-09-18T10:30:56","modified_gmt":"2024-09-18T08:30:56","slug":"baufortschritt-kw-51","status":"publish","type":"page","link":"https:\/\/gtselbe.hamburg.de\/?page_id=2601","title":{"rendered":"Baufortschritt 2023 KW 41 &#8211; 51"},"content":{"rendered":"<p>Baufortschritt 2023 KW 51<br \/>\n<img loading=\"lazy\" decoding=\"async\" class=\"alignnone size-large wp-image-2602\" src=\"https:\/\/gtselbe.hamburg.de\/wp-content\/uploads\/sites\/13\/2023\/12\/20231218_110234-1024x498.jpg\" alt=\"\" width=\"525\" height=\"255\" srcset=\"https:\/\/gtselbe.hamburg.de\/wp-content\/uploads\/sites\/13\/2023\/12\/20231218_110234-1024x498.jpg 1024w, https:\/\/gtselbe.hamburg.de\/wp-content\/uploads\/sites\/13\/2023\/12\/20231218_110234-300x146.jpg 300w, https:\/\/gtselbe.hamburg.de\/wp-content\/uploads\/sites\/13\/2023\/12\/20231218_110234-768x374.jpg 768w, https:\/\/gtselbe.hamburg.de\/wp-content\/uploads\/sites\/13\/2023\/12\/20231218_110234-1536x747.jpg 1536w, https:\/\/gtselbe.hamburg.de\/wp-content\/uploads\/sites\/13\/2023\/12\/20231218_110234.jpg 2048w\" sizes=\"auto, (max-width: 525px) 100vw, 525px\" \/> <img loading=\"lazy\" decoding=\"async\" class=\"alignnone size-large wp-image-2603\" src=\"https:\/\/gtselbe.hamburg.de\/wp-content\/uploads\/sites\/13\/2023\/12\/20231218_110317-1024x498.jpg\" alt=\"\" width=\"525\" height=\"255\" srcset=\"https:\/\/gtselbe.hamburg.de\/wp-content\/uploads\/sites\/13\/2023\/12\/20231218_110317-1024x498.jpg 1024w, https:\/\/gtselbe.hamburg.de\/wp-content\/uploads\/sites\/13\/2023\/12\/20231218_110317-300x146.jpg 300w, https:\/\/gtselbe.hamburg.de\/wp-content\/uploads\/sites\/13\/2023\/12\/20231218_110317-768x374.jpg 768w, https:\/\/gtselbe.hamburg.de\/wp-content\/uploads\/sites\/13\/2023\/12\/20231218_110317-1536x747.jpg 1536w, https:\/\/gtselbe.hamburg.de\/wp-content\/uploads\/sites\/13\/2023\/12\/20231218_110317.jpg 2048w\" sizes=\"auto, (max-width: 525px) 100vw, 525px\" \/> <img loading=\"lazy\" decoding=\"async\" class=\"alignnone size-large wp-image-2604\" src=\"https:\/\/gtselbe.hamburg.de\/wp-content\/uploads\/sites\/13\/2023\/12\/20231218_110414-1024x498.jpg\" alt=\"\" width=\"525\" height=\"255\" srcset=\"https:\/\/gtselbe.hamburg.de\/wp-content\/uploads\/sites\/13\/2023\/12\/20231218_110414-1024x498.jpg 1024w, https:\/\/gtselbe.hamburg.de\/wp-content\/uploads\/sites\/13\/2023\/12\/20231218_110414-300x146.jpg 300w, https:\/\/gtselbe.hamburg.de\/wp-content\/uploads\/sites\/13\/2023\/12\/20231218_110414-768x374.jpg 768w, https:\/\/gtselbe.hamburg.de\/wp-content\/uploads\/sites\/13\/2023\/12\/20231218_110414-1536x747.jpg 1536w, https:\/\/gtselbe.hamburg.de\/wp-content\/uploads\/sites\/13\/2023\/12\/20231218_110414.jpg 2048w\" sizes=\"auto, (max-width: 525px) 100vw, 525px\" \/> <img loading=\"lazy\" decoding=\"async\" class=\"alignnone size-large wp-image-2605\" src=\"https:\/\/gtselbe.hamburg.de\/wp-content\/uploads\/sites\/13\/2023\/12\/20231218_105146_1-1024x498.jpg\" alt=\"\" width=\"525\" height=\"255\" srcset=\"https:\/\/gtselbe.hamburg.de\/wp-content\/uploads\/sites\/13\/2023\/12\/20231218_105146_1-1024x498.jpg 1024w, https:\/\/gtselbe.hamburg.de\/wp-content\/uploads\/sites\/13\/2023\/12\/20231218_105146_1-300x146.jpg 300w, https:\/\/gtselbe.hamburg.de\/wp-content\/uploads\/sites\/13\/2023\/12\/20231218_105146_1-768x374.jpg 768w, https:\/\/gtselbe.hamburg.de\/wp-content\/uploads\/sites\/13\/2023\/12\/20231218_105146_1-1536x747.jpg 1536w, https:\/\/gtselbe.hamburg.de\/wp-content\/uploads\/sites\/13\/2023\/12\/20231218_105146_1.jpg 2048w\" sizes=\"auto, (max-width: 525px) 100vw, 525px\" \/> <img loading=\"lazy\" decoding=\"async\" class=\"alignnone size-large wp-image-2606\" src=\"https:\/\/gtselbe.hamburg.de\/wp-content\/uploads\/sites\/13\/2023\/12\/20231218_105254_1-1024x498.jpg\" alt=\"\" width=\"525\" height=\"255\" srcset=\"https:\/\/gtselbe.hamburg.de\/wp-content\/uploads\/sites\/13\/2023\/12\/20231218_105254_1-1024x498.jpg 1024w, https:\/\/gtselbe.hamburg.de\/wp-content\/uploads\/sites\/13\/2023\/12\/20231218_105254_1-300x146.jpg 300w, https:\/\/gtselbe.hamburg.de\/wp-content\/uploads\/sites\/13\/2023\/12\/20231218_105254_1-768x374.jpg 768w, https:\/\/gtselbe.hamburg.de\/wp-content\/uploads\/sites\/13\/2023\/12\/20231218_105254_1-1536x747.jpg 1536w, https:\/\/gtselbe.hamburg.de\/wp-content\/uploads\/sites\/13\/2023\/12\/20231218_105254_1.jpg 2048w\" sizes=\"auto, (max-width: 525px) 100vw, 525px\" \/><\/p>\n<p>Baufortschritt 2023 KW 49<br \/>\n<img loading=\"lazy\" decoding=\"async\" class=\"alignnone size-large wp-image-2560\" src=\"https:\/\/gtselbe.hamburg.de\/wp-content\/uploads\/sites\/13\/2023\/12\/20231204_134228-1024x498.jpg\" alt=\"\" width=\"525\" height=\"255\" srcset=\"https:\/\/gtselbe.hamburg.de\/wp-content\/uploads\/sites\/13\/2023\/12\/20231204_134228-1024x498.jpg 1024w, https:\/\/gtselbe.hamburg.de\/wp-content\/uploads\/sites\/13\/2023\/12\/20231204_134228-300x146.jpg 300w, https:\/\/gtselbe.hamburg.de\/wp-content\/uploads\/sites\/13\/2023\/12\/20231204_134228-768x374.jpg 768w, https:\/\/gtselbe.hamburg.de\/wp-content\/uploads\/sites\/13\/2023\/12\/20231204_134228-1536x747.jpg 1536w, https:\/\/gtselbe.hamburg.de\/wp-content\/uploads\/sites\/13\/2023\/12\/20231204_134228.jpg 2048w\" sizes=\"auto, (max-width: 525px) 100vw, 525px\" \/> <img loading=\"lazy\" decoding=\"async\" class=\"alignnone size-large wp-image-2561\" src=\"https:\/\/gtselbe.hamburg.de\/wp-content\/uploads\/sites\/13\/2023\/12\/20231204_134906-1024x498.jpg\" alt=\"\" width=\"525\" height=\"255\" srcset=\"https:\/\/gtselbe.hamburg.de\/wp-content\/uploads\/sites\/13\/2023\/12\/20231204_134906-1024x498.jpg 1024w, https:\/\/gtselbe.hamburg.de\/wp-content\/uploads\/sites\/13\/2023\/12\/20231204_134906-300x146.jpg 300w, https:\/\/gtselbe.hamburg.de\/wp-content\/uploads\/sites\/13\/2023\/12\/20231204_134906-768x374.jpg 768w, https:\/\/gtselbe.hamburg.de\/wp-content\/uploads\/sites\/13\/2023\/12\/20231204_134906-1536x747.jpg 1536w, https:\/\/gtselbe.hamburg.de\/wp-content\/uploads\/sites\/13\/2023\/12\/20231204_134906.jpg 2048w\" sizes=\"auto, (max-width: 525px) 100vw, 525px\" \/> <img loading=\"lazy\" decoding=\"async\" class=\"alignnone size-large wp-image-2562\" src=\"https:\/\/gtselbe.hamburg.de\/wp-content\/uploads\/sites\/13\/2023\/12\/20231204_134939-1024x498.jpg\" alt=\"\" width=\"525\" height=\"255\" srcset=\"https:\/\/gtselbe.hamburg.de\/wp-content\/uploads\/sites\/13\/2023\/12\/20231204_134939-1024x498.jpg 1024w, https:\/\/gtselbe.hamburg.de\/wp-content\/uploads\/sites\/13\/2023\/12\/20231204_134939-300x146.jpg 300w, https:\/\/gtselbe.hamburg.de\/wp-content\/uploads\/sites\/13\/2023\/12\/20231204_134939-768x374.jpg 768w, https:\/\/gtselbe.hamburg.de\/wp-content\/uploads\/sites\/13\/2023\/12\/20231204_134939-1536x747.jpg 1536w, https:\/\/gtselbe.hamburg.de\/wp-content\/uploads\/sites\/13\/2023\/12\/20231204_134939.jpg 2048w\" sizes=\"auto, (max-width: 525px) 100vw, 525px\" \/> <img loading=\"lazy\" decoding=\"async\" class=\"alignnone size-large wp-image-2563\" src=\"https:\/\/gtselbe.hamburg.de\/wp-content\/uploads\/sites\/13\/2023\/12\/20231204_135140-1024x498.jpg\" alt=\"\" width=\"525\" height=\"255\" srcset=\"https:\/\/gtselbe.hamburg.de\/wp-content\/uploads\/sites\/13\/2023\/12\/20231204_135140-1024x498.jpg 1024w, https:\/\/gtselbe.hamburg.de\/wp-content\/uploads\/sites\/13\/2023\/12\/20231204_135140-300x146.jpg 300w, https:\/\/gtselbe.hamburg.de\/wp-content\/uploads\/sites\/13\/2023\/12\/20231204_135140-768x374.jpg 768w, https:\/\/gtselbe.hamburg.de\/wp-content\/uploads\/sites\/13\/2023\/12\/20231204_135140-1536x747.jpg 1536w, https:\/\/gtselbe.hamburg.de\/wp-content\/uploads\/sites\/13\/2023\/12\/20231204_135140.jpg 2048w\" sizes=\"auto, (max-width: 525px) 100vw, 525px\" \/> <img loading=\"lazy\" decoding=\"async\" class=\"alignnone size-large wp-image-2566\" src=\"https:\/\/gtselbe.hamburg.de\/wp-content\/uploads\/sites\/13\/2023\/12\/20231130_130941-1024x498.jpg\" alt=\"\" width=\"525\" height=\"255\" srcset=\"https:\/\/gtselbe.hamburg.de\/wp-content\/uploads\/sites\/13\/2023\/12\/20231130_130941-1024x498.jpg 1024w, https:\/\/gtselbe.hamburg.de\/wp-content\/uploads\/sites\/13\/2023\/12\/20231130_130941-300x146.jpg 300w, https:\/\/gtselbe.hamburg.de\/wp-content\/uploads\/sites\/13\/2023\/12\/20231130_130941-768x374.jpg 768w, https:\/\/gtselbe.hamburg.de\/wp-content\/uploads\/sites\/13\/2023\/12\/20231130_130941-1536x747.jpg 1536w, https:\/\/gtselbe.hamburg.de\/wp-content\/uploads\/sites\/13\/2023\/12\/20231130_130941.jpg 2048w\" sizes=\"auto, (max-width: 525px) 100vw, 525px\" \/><\/p>\n<p>Baufortschritt 2023 KW 46<br \/>\n<img loading=\"lazy\" decoding=\"async\" class=\"alignnone size-large wp-image-2534\" src=\"https:\/\/gtselbe.hamburg.de\/wp-content\/uploads\/sites\/13\/2023\/11\/20231117_100949-1024x498.jpg\" alt=\"\" width=\"525\" height=\"255\" srcset=\"https:\/\/gtselbe.hamburg.de\/wp-content\/uploads\/sites\/13\/2023\/11\/20231117_100949-1024x498.jpg 1024w, https:\/\/gtselbe.hamburg.de\/wp-content\/uploads\/sites\/13\/2023\/11\/20231117_100949-300x146.jpg 300w, https:\/\/gtselbe.hamburg.de\/wp-content\/uploads\/sites\/13\/2023\/11\/20231117_100949-768x374.jpg 768w, https:\/\/gtselbe.hamburg.de\/wp-content\/uploads\/sites\/13\/2023\/11\/20231117_100949-1536x747.jpg 1536w, https:\/\/gtselbe.hamburg.de\/wp-content\/uploads\/sites\/13\/2023\/11\/20231117_100949.jpg 2048w\" sizes=\"auto, (max-width: 525px) 100vw, 525px\" \/> <img loading=\"lazy\" decoding=\"async\" class=\"alignnone size-large wp-image-2535\" src=\"https:\/\/gtselbe.hamburg.de\/wp-content\/uploads\/sites\/13\/2023\/11\/20231117_101044-1024x498.jpg\" alt=\"\" width=\"525\" height=\"255\" srcset=\"https:\/\/gtselbe.hamburg.de\/wp-content\/uploads\/sites\/13\/2023\/11\/20231117_101044-1024x498.jpg 1024w, https:\/\/gtselbe.hamburg.de\/wp-content\/uploads\/sites\/13\/2023\/11\/20231117_101044-300x146.jpg 300w, https:\/\/gtselbe.hamburg.de\/wp-content\/uploads\/sites\/13\/2023\/11\/20231117_101044-768x374.jpg 768w, https:\/\/gtselbe.hamburg.de\/wp-content\/uploads\/sites\/13\/2023\/11\/20231117_101044-1536x747.jpg 1536w, https:\/\/gtselbe.hamburg.de\/wp-content\/uploads\/sites\/13\/2023\/11\/20231117_101044.jpg 2048w\" sizes=\"auto, (max-width: 525px) 100vw, 525px\" \/> <img loading=\"lazy\" decoding=\"async\" class=\"alignnone size-large wp-image-2536\" src=\"https:\/\/gtselbe.hamburg.de\/wp-content\/uploads\/sites\/13\/2023\/11\/20231117_101050-1024x498.jpg\" alt=\"\" width=\"525\" height=\"255\" srcset=\"https:\/\/gtselbe.hamburg.de\/wp-content\/uploads\/sites\/13\/2023\/11\/20231117_101050-1024x498.jpg 1024w, https:\/\/gtselbe.hamburg.de\/wp-content\/uploads\/sites\/13\/2023\/11\/20231117_101050-300x146.jpg 300w, https:\/\/gtselbe.hamburg.de\/wp-content\/uploads\/sites\/13\/2023\/11\/20231117_101050-768x374.jpg 768w, https:\/\/gtselbe.hamburg.de\/wp-content\/uploads\/sites\/13\/2023\/11\/20231117_101050-1536x747.jpg 1536w, https:\/\/gtselbe.hamburg.de\/wp-content\/uploads\/sites\/13\/2023\/11\/20231117_101050.jpg 2048w\" sizes=\"auto, (max-width: 525px) 100vw, 525px\" \/> <img loading=\"lazy\" decoding=\"async\" class=\"alignnone size-large wp-image-2537\" src=\"https:\/\/gtselbe.hamburg.de\/wp-content\/uploads\/sites\/13\/2023\/11\/20231117_100846-498x1024.jpg\" alt=\"\" width=\"498\" height=\"1024\" srcset=\"https:\/\/gtselbe.hamburg.de\/wp-content\/uploads\/sites\/13\/2023\/11\/20231117_100846-498x1024.jpg 498w, https:\/\/gtselbe.hamburg.de\/wp-content\/uploads\/sites\/13\/2023\/11\/20231117_100846-146x300.jpg 146w, https:\/\/gtselbe.hamburg.de\/wp-content\/uploads\/sites\/13\/2023\/11\/20231117_100846-768x1579.jpg 768w, https:\/\/gtselbe.hamburg.de\/wp-content\/uploads\/sites\/13\/2023\/11\/20231117_100846-747x1536.jpg 747w, https:\/\/gtselbe.hamburg.de\/wp-content\/uploads\/sites\/13\/2023\/11\/20231117_100846.jpg 996w\" sizes=\"auto, (max-width: 498px) 100vw, 498px\" \/><\/p>\n<p>Baufortschritt 2023 KW 45<br \/>\n<img loading=\"lazy\" decoding=\"async\" class=\"alignnone size-large wp-image-2520\" src=\"https:\/\/gtselbe.hamburg.de\/wp-content\/uploads\/sites\/13\/2023\/11\/20231109_135716-1024x498.jpg\" alt=\"\" width=\"525\" height=\"255\" srcset=\"https:\/\/gtselbe.hamburg.de\/wp-content\/uploads\/sites\/13\/2023\/11\/20231109_135716-1024x498.jpg 1024w, https:\/\/gtselbe.hamburg.de\/wp-content\/uploads\/sites\/13\/2023\/11\/20231109_135716-300x146.jpg 300w, https:\/\/gtselbe.hamburg.de\/wp-content\/uploads\/sites\/13\/2023\/11\/20231109_135716-768x374.jpg 768w, https:\/\/gtselbe.hamburg.de\/wp-content\/uploads\/sites\/13\/2023\/11\/20231109_135716-1536x747.jpg 1536w, https:\/\/gtselbe.hamburg.de\/wp-content\/uploads\/sites\/13\/2023\/11\/20231109_135716.jpg 2048w\" sizes=\"auto, (max-width: 525px) 100vw, 525px\" \/> <img loading=\"lazy\" decoding=\"async\" class=\"alignnone size-large wp-image-2521\" src=\"https:\/\/gtselbe.hamburg.de\/wp-content\/uploads\/sites\/13\/2023\/11\/20231109_135719-1024x498.jpg\" alt=\"\" width=\"525\" height=\"255\" srcset=\"https:\/\/gtselbe.hamburg.de\/wp-content\/uploads\/sites\/13\/2023\/11\/20231109_135719-1024x498.jpg 1024w, https:\/\/gtselbe.hamburg.de\/wp-content\/uploads\/sites\/13\/2023\/11\/20231109_135719-300x146.jpg 300w, https:\/\/gtselbe.hamburg.de\/wp-content\/uploads\/sites\/13\/2023\/11\/20231109_135719-768x374.jpg 768w, https:\/\/gtselbe.hamburg.de\/wp-content\/uploads\/sites\/13\/2023\/11\/20231109_135719-1536x747.jpg 1536w, https:\/\/gtselbe.hamburg.de\/wp-content\/uploads\/sites\/13\/2023\/11\/20231109_135719.jpg 2048w\" sizes=\"auto, (max-width: 525px) 100vw, 525px\" \/> <img loading=\"lazy\" decoding=\"async\" class=\"alignnone size-large wp-image-2522\" src=\"https:\/\/gtselbe.hamburg.de\/wp-content\/uploads\/sites\/13\/2023\/11\/20231109_135836-1024x498.jpg\" alt=\"\" width=\"525\" height=\"255\" srcset=\"https:\/\/gtselbe.hamburg.de\/wp-content\/uploads\/sites\/13\/2023\/11\/20231109_135836-1024x498.jpg 1024w, https:\/\/gtselbe.hamburg.de\/wp-content\/uploads\/sites\/13\/2023\/11\/20231109_135836-300x146.jpg 300w, https:\/\/gtselbe.hamburg.de\/wp-content\/uploads\/sites\/13\/2023\/11\/20231109_135836-768x374.jpg 768w, https:\/\/gtselbe.hamburg.de\/wp-content\/uploads\/sites\/13\/2023\/11\/20231109_135836-1536x747.jpg 1536w, https:\/\/gtselbe.hamburg.de\/wp-content\/uploads\/sites\/13\/2023\/11\/20231109_135836.jpg 2048w\" sizes=\"auto, (max-width: 525px) 100vw, 525px\" \/> <img loading=\"lazy\" decoding=\"async\" class=\"alignnone size-large wp-image-2523\" src=\"https:\/\/gtselbe.hamburg.de\/wp-content\/uploads\/sites\/13\/2023\/11\/20231109_135634-1024x498.jpg\" alt=\"\" width=\"525\" height=\"255\" srcset=\"https:\/\/gtselbe.hamburg.de\/wp-content\/uploads\/sites\/13\/2023\/11\/20231109_135634-1024x498.jpg 1024w, https:\/\/gtselbe.hamburg.de\/wp-content\/uploads\/sites\/13\/2023\/11\/20231109_135634-300x146.jpg 300w, https:\/\/gtselbe.hamburg.de\/wp-content\/uploads\/sites\/13\/2023\/11\/20231109_135634-768x374.jpg 768w, https:\/\/gtselbe.hamburg.de\/wp-content\/uploads\/sites\/13\/2023\/11\/20231109_135634-1536x747.jpg 1536w, https:\/\/gtselbe.hamburg.de\/wp-content\/uploads\/sites\/13\/2023\/11\/20231109_135634.jpg 2048w\" sizes=\"auto, (max-width: 525px) 100vw, 525px\" \/><\/p>\n<p>Baufortschritt 2023 KW 44<br \/>\n<img loading=\"lazy\" decoding=\"async\" class=\"alignnone size-large wp-image-2506\" src=\"https:\/\/gtselbe.hamburg.de\/wp-content\/uploads\/sites\/13\/2023\/11\/20231103_111200-1024x498.jpg\" alt=\"\" width=\"525\" height=\"255\" srcset=\"https:\/\/gtselbe.hamburg.de\/wp-content\/uploads\/sites\/13\/2023\/11\/20231103_111200-1024x498.jpg 1024w, https:\/\/gtselbe.hamburg.de\/wp-content\/uploads\/sites\/13\/2023\/11\/20231103_111200-300x146.jpg 300w, https:\/\/gtselbe.hamburg.de\/wp-content\/uploads\/sites\/13\/2023\/11\/20231103_111200-768x374.jpg 768w, https:\/\/gtselbe.hamburg.de\/wp-content\/uploads\/sites\/13\/2023\/11\/20231103_111200-1536x747.jpg 1536w, https:\/\/gtselbe.hamburg.de\/wp-content\/uploads\/sites\/13\/2023\/11\/20231103_111200.jpg 2048w\" sizes=\"auto, (max-width: 525px) 100vw, 525px\" \/> <img loading=\"lazy\" decoding=\"async\" class=\"alignnone size-large wp-image-2507\" src=\"https:\/\/gtselbe.hamburg.de\/wp-content\/uploads\/sites\/13\/2023\/11\/20231103_111203-1024x498.jpg\" alt=\"\" width=\"525\" height=\"255\" srcset=\"https:\/\/gtselbe.hamburg.de\/wp-content\/uploads\/sites\/13\/2023\/11\/20231103_111203-1024x498.jpg 1024w, https:\/\/gtselbe.hamburg.de\/wp-content\/uploads\/sites\/13\/2023\/11\/20231103_111203-300x146.jpg 300w, https:\/\/gtselbe.hamburg.de\/wp-content\/uploads\/sites\/13\/2023\/11\/20231103_111203-768x374.jpg 768w, https:\/\/gtselbe.hamburg.de\/wp-content\/uploads\/sites\/13\/2023\/11\/20231103_111203-1536x747.jpg 1536w, https:\/\/gtselbe.hamburg.de\/wp-content\/uploads\/sites\/13\/2023\/11\/20231103_111203.jpg 2048w\" sizes=\"auto, (max-width: 525px) 100vw, 525px\" \/> <img loading=\"lazy\" decoding=\"async\" class=\"alignnone size-large wp-image-2508\" src=\"https:\/\/gtselbe.hamburg.de\/wp-content\/uploads\/sites\/13\/2023\/11\/20231103_111258-1024x498.jpg\" alt=\"\" width=\"525\" height=\"255\" srcset=\"https:\/\/gtselbe.hamburg.de\/wp-content\/uploads\/sites\/13\/2023\/11\/20231103_111258-1024x498.jpg 1024w, https:\/\/gtselbe.hamburg.de\/wp-content\/uploads\/sites\/13\/2023\/11\/20231103_111258-300x146.jpg 300w, https:\/\/gtselbe.hamburg.de\/wp-content\/uploads\/sites\/13\/2023\/11\/20231103_111258-768x374.jpg 768w, https:\/\/gtselbe.hamburg.de\/wp-content\/uploads\/sites\/13\/2023\/11\/20231103_111258-1536x747.jpg 1536w, https:\/\/gtselbe.hamburg.de\/wp-content\/uploads\/sites\/13\/2023\/11\/20231103_111258.jpg 2048w\" sizes=\"auto, (max-width: 525px) 100vw, 525px\" \/> <img loading=\"lazy\" decoding=\"async\" class=\"alignnone size-large wp-image-2509\" src=\"https:\/\/gtselbe.hamburg.de\/wp-content\/uploads\/sites\/13\/2023\/11\/20231103_111115-1024x498.jpg\" alt=\"\" width=\"525\" height=\"255\" srcset=\"https:\/\/gtselbe.hamburg.de\/wp-content\/uploads\/sites\/13\/2023\/11\/20231103_111115-1024x498.jpg 1024w, https:\/\/gtselbe.hamburg.de\/wp-content\/uploads\/sites\/13\/2023\/11\/20231103_111115-300x146.jpg 300w, https:\/\/gtselbe.hamburg.de\/wp-content\/uploads\/sites\/13\/2023\/11\/20231103_111115-768x374.jpg 768w, https:\/\/gtselbe.hamburg.de\/wp-content\/uploads\/sites\/13\/2023\/11\/20231103_111115-1536x747.jpg 1536w, https:\/\/gtselbe.hamburg.de\/wp-content\/uploads\/sites\/13\/2023\/11\/20231103_111115.jpg 2048w\" sizes=\"auto, (max-width: 525px) 100vw, 525px\" \/><\/p>\n<p>Baufortschritt 2023 KW 42<br \/>\nDas schlechte Wetter h\u00e4lt die Bauarbeiten nicht auf, so dass die Bodenplatten f\u00fcr das Geb\u00e4ude und die Turnhalle fast fertig sind!<\/p>\n<p><img loading=\"lazy\" decoding=\"async\" class=\"alignnone size-large wp-image-2489\" src=\"https:\/\/gtselbe.hamburg.de\/wp-content\/uploads\/sites\/13\/2023\/10\/20231020_105802-1024x498.jpg\" alt=\"\" width=\"525\" height=\"255\" srcset=\"https:\/\/gtselbe.hamburg.de\/wp-content\/uploads\/sites\/13\/2023\/10\/20231020_105802-1024x498.jpg 1024w, https:\/\/gtselbe.hamburg.de\/wp-content\/uploads\/sites\/13\/2023\/10\/20231020_105802-300x146.jpg 300w, https:\/\/gtselbe.hamburg.de\/wp-content\/uploads\/sites\/13\/2023\/10\/20231020_105802-768x374.jpg 768w, https:\/\/gtselbe.hamburg.de\/wp-content\/uploads\/sites\/13\/2023\/10\/20231020_105802-1536x747.jpg 1536w, https:\/\/gtselbe.hamburg.de\/wp-content\/uploads\/sites\/13\/2023\/10\/20231020_105802.jpg 2048w\" sizes=\"auto, (max-width: 525px) 100vw, 525px\" \/> <img loading=\"lazy\" decoding=\"async\" class=\"alignnone size-large wp-image-2490\" src=\"https:\/\/gtselbe.hamburg.de\/wp-content\/uploads\/sites\/13\/2023\/10\/20231020_110134-1024x498.jpg\" alt=\"\" width=\"525\" height=\"255\" srcset=\"https:\/\/gtselbe.hamburg.de\/wp-content\/uploads\/sites\/13\/2023\/10\/20231020_110134-1024x498.jpg 1024w, https:\/\/gtselbe.hamburg.de\/wp-content\/uploads\/sites\/13\/2023\/10\/20231020_110134-300x146.jpg 300w, https:\/\/gtselbe.hamburg.de\/wp-content\/uploads\/sites\/13\/2023\/10\/20231020_110134-768x374.jpg 768w, https:\/\/gtselbe.hamburg.de\/wp-content\/uploads\/sites\/13\/2023\/10\/20231020_110134-1536x747.jpg 1536w, https:\/\/gtselbe.hamburg.de\/wp-content\/uploads\/sites\/13\/2023\/10\/20231020_110134.jpg 2048w\" sizes=\"auto, (max-width: 525px) 100vw, 525px\" \/> <img loading=\"lazy\" decoding=\"async\" class=\"alignnone size-large wp-image-2491\" src=\"https:\/\/gtselbe.hamburg.de\/wp-content\/uploads\/sites\/13\/2023\/10\/20231020_105657-1024x498.jpg\" alt=\"\" width=\"525\" height=\"255\" srcset=\"https:\/\/gtselbe.hamburg.de\/wp-content\/uploads\/sites\/13\/2023\/10\/20231020_105657-1024x498.jpg 1024w, https:\/\/gtselbe.hamburg.de\/wp-content\/uploads\/sites\/13\/2023\/10\/20231020_105657-300x146.jpg 300w, https:\/\/gtselbe.hamburg.de\/wp-content\/uploads\/sites\/13\/2023\/10\/20231020_105657-768x374.jpg 768w, https:\/\/gtselbe.hamburg.de\/wp-content\/uploads\/sites\/13\/2023\/10\/20231020_105657-1536x747.jpg 1536w, https:\/\/gtselbe.hamburg.de\/wp-content\/uploads\/sites\/13\/2023\/10\/20231020_105657.jpg 2048w\" sizes=\"auto, (max-width: 525px) 100vw, 525px\" \/><\/p>\n<p>Baufortschritt 2023 KW 41<br \/>\nSo viel hat sich innerhalb einer Woche auf der Baustelle getan!! Die Bodenplatte des Geb\u00e4udes ist fast fertig. Dort wo derzeit der Kran steht, entsteht ein Licht-Innenhof. Die Aussparung auf der rechten Seite wird der Fahrstuhl. Dort wird auch der Haupteingang entstehen.<\/p>\n<p><img loading=\"lazy\" decoding=\"async\" class=\"alignnone size-large wp-image-2483\" src=\"https:\/\/gtselbe.hamburg.de\/wp-content\/uploads\/sites\/13\/2023\/10\/20231010_142513-1024x498.jpg\" alt=\"\" width=\"525\" height=\"255\" srcset=\"https:\/\/gtselbe.hamburg.de\/wp-content\/uploads\/sites\/13\/2023\/10\/20231010_142513-1024x498.jpg 1024w, https:\/\/gtselbe.hamburg.de\/wp-content\/uploads\/sites\/13\/2023\/10\/20231010_142513-300x146.jpg 300w, https:\/\/gtselbe.hamburg.de\/wp-content\/uploads\/sites\/13\/2023\/10\/20231010_142513-768x374.jpg 768w, https:\/\/gtselbe.hamburg.de\/wp-content\/uploads\/sites\/13\/2023\/10\/20231010_142513-1536x747.jpg 1536w, https:\/\/gtselbe.hamburg.de\/wp-content\/uploads\/sites\/13\/2023\/10\/20231010_142513.jpg 2048w\" sizes=\"auto, (max-width: 525px) 100vw, 525px\" \/> <img loading=\"lazy\" decoding=\"async\" class=\"alignnone size-large wp-image-2484\" src=\"https:\/\/gtselbe.hamburg.de\/wp-content\/uploads\/sites\/13\/2023\/10\/20231016_124233-1024x498.jpg\" alt=\"\" width=\"525\" height=\"255\" srcset=\"https:\/\/gtselbe.hamburg.de\/wp-content\/uploads\/sites\/13\/2023\/10\/20231016_124233-1024x498.jpg 1024w, https:\/\/gtselbe.hamburg.de\/wp-content\/uploads\/sites\/13\/2023\/10\/20231016_124233-300x146.jpg 300w, https:\/\/gtselbe.hamburg.de\/wp-content\/uploads\/sites\/13\/2023\/10\/20231016_124233-768x374.jpg 768w, https:\/\/gtselbe.hamburg.de\/wp-content\/uploads\/sites\/13\/2023\/10\/20231016_124233-1536x747.jpg 1536w, https:\/\/gtselbe.hamburg.de\/wp-content\/uploads\/sites\/13\/2023\/10\/20231016_124233.jpg 2048w\" sizes=\"auto, (max-width: 525px) 100vw, 525px\" \/><\/p>\n","protected":false},"excerpt":{"rendered":"<p>Baufortschritt 2023 KW 51 Baufortschritt 2023 KW 49 Baufortschritt 2023 KW 46 Baufortschritt 2023 KW 45 Baufortschritt 2023 KW 44 Baufortschritt 2023 KW 42 Das schlechte Wetter h\u00e4lt die Bauarbeiten nicht auf, so dass die Bodenplatten f\u00fcr das Geb\u00e4ude und die Turnhalle fast fertig sind! Baufortschritt 2023 KW 41 So viel hat sich innerhalb einer &hellip; <\/p>\n<p class=\"link-more\"><a href=\"https:\/\/gtselbe.hamburg.de\/?page_id=2601\" class=\"more-link\"><span class=\"screen-reader-text\">\u201eBaufortschritt 2023 KW 41 &#8211; 51\u201c <\/span>weiterlesen<\/a><\/p>\n","protected":false},"author":1587,"featured_media":0,"parent":0,"menu_order":0,"comment_status":"closed","ping_status":"closed","template":"","meta":{"_acf_changed":false,"footnotes":""},"class_list":["post-2601","page","type-page","status-publish","hentry"],"acf":[],"_links":{"self":[{"href":"https:\/\/gtselbe.hamburg.de\/index.php?rest_route=\/wp\/v2\/pages\/2601","targetHints":{"allow":["GET"]}}],"collection":[{"href":"https:\/\/gtselbe.hamburg.de\/index.php?rest_route=\/wp\/v2\/pages"}],"about":[{"href":"https:\/\/gtselbe.hamburg.de\/index.php?rest_route=\/wp\/v2\/types\/page"}],"author":[{"embeddable":true,"href":"https:\/\/gtselbe.hamburg.de\/index.php?rest_route=\/wp\/v2\/users\/1587"}],"replies":[{"embeddable":true,"href":"https:\/\/gtselbe.hamburg.de\/index.php?rest_route=%2Fwp%2Fv2%2Fcomments&post=2601"}],"version-history":[{"count":6,"href":"https:\/\/gtselbe.hamburg.de\/index.php?rest_route=\/wp\/v2\/pages\/2601\/revisions"}],"predecessor-version":[{"id":3210,"href":"https:\/\/gtselbe.hamburg.de\/index.php?rest_route=\/wp\/v2\/pages\/2601\/revisions\/3210"}],"wp:attachment":[{"href":"https:\/\/gtselbe.hamburg.de\/index.php?rest_route=%2Fwp%2Fv2%2Fmedia&parent=2601"}],"curies":[{"name":"wp","href":"https:\/\/api.w.org\/{rel}","templated":true}]}}