{"id":2614,"date":"2024-01-06T11:06:21","date_gmt":"2024-01-06T10:06:21","guid":{"rendered":"https:\/\/gtselbe.hamburg.de\/?page_id=2614"},"modified":"2024-01-06T11:06:21","modified_gmt":"2024-01-06T10:06:21","slug":"schul-alltag-07-12-2023-lesethron","status":"publish","type":"page","link":"https:\/\/gtselbe.hamburg.de\/?page_id=2614","title":{"rendered":"Schul-Alltag: 07.12.2023 \u2013 Lesethron"},"content":{"rendered":"<p><strong><u>Unser Ausflug zum Lesethron<br \/>\n<\/u><\/strong>von Andr\u00e9 Grasel Baptista<\/p>\n<p>Mir hat es gut gefallen. Ganz viele Kinder waren dabei und haben tolle Geschichten vorgelesen. Die Geschichte von Till hat mir am besten gefallen. Er war mutig \u2013genauso wie die anderen- und hat seine Geschichte vor vielen Menschen vorgelesen. Auch das Literaturcaf\u00e9 war super cool und die Bilder an den W\u00e4nden waren sch\u00f6n.<\/p>\n<p><img loading=\"lazy\" decoding=\"async\" class=\"alignnone size-full wp-image-2615\" src=\"https:\/\/gtselbe.hamburg.de\/wp-content\/uploads\/sites\/13\/2024\/01\/1b256e28-64ab-429e-b21a-4a7e5faeaa44.jpeg\" alt=\"\" width=\"1024\" height=\"768\" srcset=\"https:\/\/gtselbe.hamburg.de\/wp-content\/uploads\/sites\/13\/2024\/01\/1b256e28-64ab-429e-b21a-4a7e5faeaa44.jpeg 1024w, https:\/\/gtselbe.hamburg.de\/wp-content\/uploads\/sites\/13\/2024\/01\/1b256e28-64ab-429e-b21a-4a7e5faeaa44-300x225.jpeg 300w, https:\/\/gtselbe.hamburg.de\/wp-content\/uploads\/sites\/13\/2024\/01\/1b256e28-64ab-429e-b21a-4a7e5faeaa44-768x576.jpeg 768w\" sizes=\"auto, (max-width: 706px) 89vw, (max-width: 767px) 82vw, 740px\" \/> <img loading=\"lazy\" decoding=\"async\" class=\"alignnone size-large wp-image-2616\" src=\"https:\/\/gtselbe.hamburg.de\/wp-content\/uploads\/sites\/13\/2024\/01\/ca38864d-a04e-4edf-8281-1aa0ac566bb2.jpeg\" alt=\"\" width=\"525\" height=\"394\" srcset=\"https:\/\/gtselbe.hamburg.de\/wp-content\/uploads\/sites\/13\/2024\/01\/ca38864d-a04e-4edf-8281-1aa0ac566bb2.jpeg 1024w, https:\/\/gtselbe.hamburg.de\/wp-content\/uploads\/sites\/13\/2024\/01\/ca38864d-a04e-4edf-8281-1aa0ac566bb2-300x225.jpeg 300w, https:\/\/gtselbe.hamburg.de\/wp-content\/uploads\/sites\/13\/2024\/01\/ca38864d-a04e-4edf-8281-1aa0ac566bb2-768x576.jpeg 768w\" sizes=\"auto, (max-width: 525px) 100vw, 525px\" \/><\/p>\n","protected":false},"excerpt":{"rendered":"<p>Unser Ausflug zum Lesethron von Andr\u00e9 Grasel Baptista Mir hat es gut gefallen. Ganz viele Kinder waren dabei und haben tolle Geschichten vorgelesen. Die Geschichte von Till hat mir am besten gefallen. Er war mutig \u2013genauso wie die anderen- und hat seine Geschichte vor vielen Menschen vorgelesen. Auch das Literaturcaf\u00e9 war super cool und die &hellip; <\/p>\n<p class=\"link-more\"><a href=\"https:\/\/gtselbe.hamburg.de\/?page_id=2614\" class=\"more-link\"><span class=\"screen-reader-text\">\u201eSchul-Alltag: 07.12.2023 \u2013 Lesethron\u201c <\/span>weiterlesen<\/a><\/p>\n","protected":false},"author":1587,"featured_media":0,"parent":0,"menu_order":0,"comment_status":"closed","ping_status":"closed","template":"","meta":{"_acf_changed":false,"footnotes":""},"class_list":["post-2614","page","type-page","status-publish","hentry"],"acf":[],"_links":{"self":[{"href":"https:\/\/gtselbe.hamburg.de\/index.php?rest_route=\/wp\/v2\/pages\/2614","targetHints":{"allow":["GET"]}}],"collection":[{"href":"https:\/\/gtselbe.hamburg.de\/index.php?rest_route=\/wp\/v2\/pages"}],"about":[{"href":"https:\/\/gtselbe.hamburg.de\/index.php?rest_route=\/wp\/v2\/types\/page"}],"author":[{"embeddable":true,"href":"https:\/\/gtselbe.hamburg.de\/index.php?rest_route=\/wp\/v2\/users\/1587"}],"replies":[{"embeddable":true,"href":"https:\/\/gtselbe.hamburg.de\/index.php?rest_route=%2Fwp%2Fv2%2Fcomments&post=2614"}],"version-history":[{"count":1,"href":"https:\/\/gtselbe.hamburg.de\/index.php?rest_route=\/wp\/v2\/pages\/2614\/revisions"}],"predecessor-version":[{"id":2617,"href":"https:\/\/gtselbe.hamburg.de\/index.php?rest_route=\/wp\/v2\/pages\/2614\/revisions\/2617"}],"wp:attachment":[{"href":"https:\/\/gtselbe.hamburg.de\/index.php?rest_route=%2Fwp%2Fv2%2Fmedia&parent=2614"}],"curies":[{"name":"wp","href":"https:\/\/api.w.org\/{rel}","templated":true}]}}