{"id":2659,"date":"2024-01-24T13:15:58","date_gmt":"2024-01-24T12:15:58","guid":{"rendered":"https:\/\/gtselbe.hamburg.de\/?page_id=2659"},"modified":"2024-01-24T13:15:58","modified_gmt":"2024-01-24T12:15:58","slug":"schul-alltag-23-01-2024-jump-house","status":"publish","type":"page","link":"https:\/\/gtselbe.hamburg.de\/?page_id=2659","title":{"rendered":"Schul-Alltag: 23.01.2024 &#8211; Jump House"},"content":{"rendered":"<p>Klasse 4a und 4b<\/p>\n<p>Dieses Erlebnis hatten sich die 4. Kl\u00e4ssler hart erarbeitet. Schon im letzten Jahr nahmen die Sch\u00fclerinnen und Sch\u00fcler bei der Sportveranstaltung \u201eHit \u2018n\u2018 run\u201c in der Ottenser Hauptstra\u00dfe teil und gewannen den 1. Platz: Ein gemeinsamer Besuch des Jump House in Stellingen. Die Kinder hatten riesigen Spa\u00df und Freude am Springen, H\u00fcpfen und Klettern.<\/p>\n<p>Der sportliche Einsatz beim Wettbewerb hat sich also gelohnt! Deshalb auch vielen Dank an die tatkr\u00e4ftigen Eltern, die ihre Kinder gebracht und teilweise sogar mitgelaufen sind.<\/p>\n<p><img loading=\"lazy\" decoding=\"async\" class=\"alignnone size-full wp-image-2660\" src=\"https:\/\/gtselbe.hamburg.de\/wp-content\/uploads\/sites\/13\/2024\/01\/JumpHouse_01.jpg\" alt=\"\" width=\"480\" height=\"640\" srcset=\"https:\/\/gtselbe.hamburg.de\/wp-content\/uploads\/sites\/13\/2024\/01\/JumpHouse_01.jpg 480w, https:\/\/gtselbe.hamburg.de\/wp-content\/uploads\/sites\/13\/2024\/01\/JumpHouse_01-225x300.jpg 225w\" sizes=\"auto, (max-width: 480px) 100vw, 480px\" \/> <img loading=\"lazy\" decoding=\"async\" class=\"alignnone size-large wp-image-2661\" src=\"https:\/\/gtselbe.hamburg.de\/wp-content\/uploads\/sites\/13\/2024\/01\/JumpHouse_02.jpg\" alt=\"\" width=\"480\" height=\"640\" srcset=\"https:\/\/gtselbe.hamburg.de\/wp-content\/uploads\/sites\/13\/2024\/01\/JumpHouse_02.jpg 480w, https:\/\/gtselbe.hamburg.de\/wp-content\/uploads\/sites\/13\/2024\/01\/JumpHouse_02-225x300.jpg 225w\" sizes=\"auto, (max-width: 480px) 100vw, 480px\" \/> <img loading=\"lazy\" decoding=\"async\" class=\"alignnone size-large wp-image-2662\" src=\"https:\/\/gtselbe.hamburg.de\/wp-content\/uploads\/sites\/13\/2024\/01\/JumpHouse_03.jpg\" alt=\"\" width=\"480\" height=\"640\" srcset=\"https:\/\/gtselbe.hamburg.de\/wp-content\/uploads\/sites\/13\/2024\/01\/JumpHouse_03.jpg 480w, https:\/\/gtselbe.hamburg.de\/wp-content\/uploads\/sites\/13\/2024\/01\/JumpHouse_03-225x300.jpg 225w\" sizes=\"auto, (max-width: 480px) 100vw, 480px\" \/> <img loading=\"lazy\" decoding=\"async\" class=\"alignnone size-large wp-image-2663\" src=\"https:\/\/gtselbe.hamburg.de\/wp-content\/uploads\/sites\/13\/2024\/01\/JumpHouse_04.jpg\" alt=\"\" width=\"480\" height=\"640\" srcset=\"https:\/\/gtselbe.hamburg.de\/wp-content\/uploads\/sites\/13\/2024\/01\/JumpHouse_04.jpg 480w, https:\/\/gtselbe.hamburg.de\/wp-content\/uploads\/sites\/13\/2024\/01\/JumpHouse_04-225x300.jpg 225w\" sizes=\"auto, (max-width: 480px) 100vw, 480px\" \/> <img loading=\"lazy\" decoding=\"async\" class=\"alignnone size-large wp-image-2664\" src=\"https:\/\/gtselbe.hamburg.de\/wp-content\/uploads\/sites\/13\/2024\/01\/JumpHouse_05.jpg\" alt=\"\" width=\"480\" height=\"640\" srcset=\"https:\/\/gtselbe.hamburg.de\/wp-content\/uploads\/sites\/13\/2024\/01\/JumpHouse_05.jpg 480w, https:\/\/gtselbe.hamburg.de\/wp-content\/uploads\/sites\/13\/2024\/01\/JumpHouse_05-225x300.jpg 225w\" sizes=\"auto, (max-width: 480px) 100vw, 480px\" \/> <img loading=\"lazy\" decoding=\"async\" class=\"alignnone size-large wp-image-2665\" src=\"https:\/\/gtselbe.hamburg.de\/wp-content\/uploads\/sites\/13\/2024\/01\/JumpHouse_06.png\" alt=\"\" width=\"295\" height=\"640\" srcset=\"https:\/\/gtselbe.hamburg.de\/wp-content\/uploads\/sites\/13\/2024\/01\/JumpHouse_06.png 295w, https:\/\/gtselbe.hamburg.de\/wp-content\/uploads\/sites\/13\/2024\/01\/JumpHouse_06-138x300.png 138w\" sizes=\"auto, (max-width: 295px) 100vw, 295px\" \/><\/p>\n","protected":false},"excerpt":{"rendered":"<p>Klasse 4a und 4b Dieses Erlebnis hatten sich die 4. Kl\u00e4ssler hart erarbeitet. Schon im letzten Jahr nahmen die Sch\u00fclerinnen und Sch\u00fcler bei der Sportveranstaltung \u201eHit \u2018n\u2018 run\u201c in der Ottenser Hauptstra\u00dfe teil und gewannen den 1. Platz: Ein gemeinsamer Besuch des Jump House in Stellingen. Die Kinder hatten riesigen Spa\u00df und Freude am Springen, &hellip; <\/p>\n<p class=\"link-more\"><a href=\"https:\/\/gtselbe.hamburg.de\/?page_id=2659\" class=\"more-link\"><span class=\"screen-reader-text\">\u201eSchul-Alltag: 23.01.2024 &#8211; Jump House\u201c <\/span>weiterlesen<\/a><\/p>\n","protected":false},"author":1587,"featured_media":0,"parent":0,"menu_order":0,"comment_status":"closed","ping_status":"closed","template":"","meta":{"_acf_changed":false,"footnotes":""},"class_list":["post-2659","page","type-page","status-publish","hentry"],"acf":[],"_links":{"self":[{"href":"https:\/\/gtselbe.hamburg.de\/index.php?rest_route=\/wp\/v2\/pages\/2659","targetHints":{"allow":["GET"]}}],"collection":[{"href":"https:\/\/gtselbe.hamburg.de\/index.php?rest_route=\/wp\/v2\/pages"}],"about":[{"href":"https:\/\/gtselbe.hamburg.de\/index.php?rest_route=\/wp\/v2\/types\/page"}],"author":[{"embeddable":true,"href":"https:\/\/gtselbe.hamburg.de\/index.php?rest_route=\/wp\/v2\/users\/1587"}],"replies":[{"embeddable":true,"href":"https:\/\/gtselbe.hamburg.de\/index.php?rest_route=%2Fwp%2Fv2%2Fcomments&post=2659"}],"version-history":[{"count":1,"href":"https:\/\/gtselbe.hamburg.de\/index.php?rest_route=\/wp\/v2\/pages\/2659\/revisions"}],"predecessor-version":[{"id":2666,"href":"https:\/\/gtselbe.hamburg.de\/index.php?rest_route=\/wp\/v2\/pages\/2659\/revisions\/2666"}],"wp:attachment":[{"href":"https:\/\/gtselbe.hamburg.de\/index.php?rest_route=%2Fwp%2Fv2%2Fmedia&parent=2659"}],"curies":[{"name":"wp","href":"https:\/\/api.w.org\/{rel}","templated":true}]}}