{"id":2675,"date":"2024-02-04T14:54:41","date_gmt":"2024-02-04T13:54:41","guid":{"rendered":"https:\/\/gtselbe.hamburg.de\/?page_id=2675"},"modified":"2024-02-04T14:54:41","modified_gmt":"2024-02-04T13:54:41","slug":"wochenbrief-02-02-2024","status":"publish","type":"page","link":"https:\/\/gtselbe.hamburg.de\/?page_id=2675","title":{"rendered":"Wochenbrief 02.02.2024"},"content":{"rendered":"<p><span class=\"fontstyle0\">Wochenbrief KW 04 und 05 <\/span><\/p>\n<p><span class=\"fontstyle0\">Liebe Eltern,<\/span><\/p>\n<p><span class=\"fontstyle0\">R\u00fcckblick auf die letzten beiden Wochen:<\/span><\/p>\n<p><span class=\"fontstyle0\">Kein Schnee, kein Frost, kein Sturm und fast kein Regen: Das waren die besten Voraussetzungen, damit eine Mitarbeiterin der \u201eLoki-Schmidt-Stiftung\u201c am <\/span><span class=\"fontstyle2\">Montag, den 23.1.24 <\/span><span class=\"fontstyle0\">zu uns kam, um mit den <\/span><span class=\"fontstyle2\">ersten Klassen <\/span><span class=\"fontstyle0\">eine Salweide zu pflanzen. Dieser (noch kleine Baum) wird die ersten Klassen weiterhin begleiten und sie haben die Patenschaft \u00fcbernommen, damit es dem Baum auch in Zukunft bei uns gut geht. In einer kleinen Zeremonie halfen alle mit, ein Pflanzloch zu graben, den Baum zu setzen, Erde wieder zur\u00fcckzuf\u00fcllen und den Baum anzugie\u00dfen. Jetzt hoffen wir, dass es der Salweide bei uns gut gef\u00e4llt. Sie soll ein bisschen wachsen und wenn die neue Schule fertig ist, dann auch der erste Baum sein, der die Reise an die neue Schule antritt, um dann dort seinen endg\u00fcltigen Platz zu finden.<\/span><\/p>\n<p><span class=\"fontstyle0\">Am <\/span><span class=\"fontstyle2\">Dienstag, den 23.1.24 <\/span><span class=\"fontstyle0\">waren die <\/span><span class=\"fontstyle2\">Klassen 4a und 4b <\/span><span class=\"fontstyle0\">im Jump House. Dieses Erlebnis hatten sich die Viertkl\u00e4ssler hart erarbeitet. Schon im letzten Jahr nahmen die Sch\u00fclerinnen und Sch\u00fcler bei der Sportveranstaltung \u201eHit \u2018n\u2018 run\u201c in der Ottenser Hauptstra\u00dfe teil und gewannen den 1. Platz: Ein gemeinsamer Besuch des Jump House in Stellingen. Die Kinder hatten riesigen Spa\u00df und Freude am Springen, H\u00fcpfen und Klettern. Der sportliche Einsatz beim Wettbewerb hat sich also gelohnt! Deshalb auch vielen Dank an die tatkr\u00e4ftigen Eltern, die ihre Kinder gebracht haben.<\/span><\/p>\n<p><span class=\"fontstyle0\">Am <\/span><span class=\"fontstyle2\">Mittwoch, den 24.1.24 <\/span><span class=\"fontstyle0\">haben die <\/span><span class=\"fontstyle2\">Klassen 2a und 2b <\/span><span class=\"fontstyle0\">einen Ausflug zum Miralles Saal unternommen. Dort wartete Kinderbuchautor Martin Baltscheit mit seinen B\u00fcchern auf die Kinder und gab ihnen eine Kostprobe. Aus welchen B\u00fcchern der Autor vorgelesen hat und welche \u00dcberraschung auf sie wartete, erfahren Sie auf unserer Homepage.<\/span><\/p>\n<p><span class=\"fontstyle0\">Am <\/span><span class=\"fontstyle2\">Freitag, den 26.1.24 <\/span><span class=\"fontstyle0\">durften unsere <\/span><span class=\"fontstyle2\">3. und 4. Klassen <\/span><span class=\"fontstyle0\">wieder einem Menuhin-Konzert lauschen. Dieses Mal kam ein Trio aus Klarinette, Cello und Gitarre zu uns und verzauberte uns mit wundersch\u00f6nen Kl\u00e4ngen. Die Kinder wurden mit einbezogen und konnten zusammen mit dem Trio \u201eHejo, spann den Wagen an\u201c im Kanon singen. Danke an die Stiftung Yehudi Menuhin Live Music Now Hamburg e.V., die uns diese Konzerte immer wieder erm\u00f6glicht.<\/span><\/p>\n<p><span class=\"fontstyle0\">Am <\/span><span class=\"fontstyle2\">Mittwoch, den 31.1.24 <\/span><span class=\"fontstyle0\">gab es f\u00fcr unsere <\/span><span class=\"fontstyle2\">Viertkl\u00e4ssler <\/span><span class=\"fontstyle0\">Zeugnisse. Alle Kinder aus Jahrgang 4 m\u00fcssen in der n\u00e4chsten Woche in einer weiterf\u00fchrenden Schule angemeldet werden.<\/span><\/p>\n<p><span class=\"fontstyle0\">Am <\/span><span class=\"fontstyle2\">Donnerstag, den 1.2.24 <\/span><span class=\"fontstyle0\">wurde in der <\/span><span class=\"fontstyle2\">Klasse 3a <\/span><span class=\"fontstyle0\">zusammen mit den Eltern gefr\u00fchst\u00fcckt. Am gleichen Tag war auch wieder Frau Krause f\u00fcr die <\/span><span class=\"fontstyle2\">Zahn-Prophylaxe<\/span><span class=\"fontstyle0\">-Kinder da. Wieder wurde das richtige Z\u00e4hneputzen ge\u00fcbt und die Z\u00e4hne \u201eversiegelt\u201c, damit sie gesch\u00fctzt sind.<\/span><\/p>\n<p>&nbsp;<\/p>\n<p><span class=\"fontstyle0\">Ausblick auf die n\u00e4chste Woche:<\/span><\/p>\n<p><span class=\"fontstyle0\">Am <\/span><span class=\"fontstyle2\">Montag, den 5.2.24 <\/span><span class=\"fontstyle0\">haben wir eine p\u00e4dagogische Jahreskonferenz und deshalb findet an diesem Tag <\/span><span class=\"fontstyle2\">kein Unterricht <\/span><span class=\"fontstyle0\">f\u00fcr die Sch\u00fclerinnen und Sch\u00fcler statt.<\/span><\/p>\n<p><span class=\"fontstyle0\">Am <\/span><span class=\"fontstyle2\">Dienstag, den 6.2.24 <\/span><span class=\"fontstyle0\">sind wieder die Lernentwicklungsgespr\u00e4che (au\u00dfer in Jahrgang 4). Auch an diesem Tag findet f\u00fcr alle Kinder <\/span><span class=\"fontstyle2\">kein Unterricht <\/span><span class=\"fontstyle0\">statt.<\/span><\/p>\n<p><span class=\"fontstyle0\">Am <\/span><span class=\"fontstyle2\">Mittwoch, den 7.2.24 <\/span><span class=\"fontstyle0\">und am <\/span><span class=\"fontstyle2\">Donnerstag, den 8.2.24 <\/span><span class=\"fontstyle0\">finden Projekttage zum Thema \u201eBildung einer nachhaltigen Entwicklung\u201c statt. Auch unsere Schule m\u00f6chte sich an der Umsetzung der 17 Ziele <\/span><span class=\"fontstyle0\">der Vereinten Nationen beteiligen (<\/span><span class=\"fontstyle0\">Was sind die 17 Ziele? &#8211; Ziele f\u00fcr Nachhaltige Entwicklung &#8211; Agenda 2030 der UN<\/span><span class=\"fontstyle0\">).<\/span><\/p>\n<p><span class=\"fontstyle0\">Am <\/span><span class=\"fontstyle2\">Freitag, den 8.2.24 <\/span><span class=\"fontstyle0\">feiern wir Fasching in der Schule. Bitte schicken Sie Ihr Kind verkleidet. Zwischendurch werden die 4. Klassen noch bei einer Lesung im K\u00f6libri zuh\u00f6ren.<\/span><\/p>\n<p><span class=\"fontstyle0\">Ab der n\u00e4chsten Woche haben wir eine neue <\/span><span class=\"fontstyle2\">Referendarin<\/span><span class=\"fontstyle0\">, die unser Team verst\u00e4rkt. <\/span><span class=\"fontstyle2\">Frau Neuse <\/span><span class=\"fontstyle0\">unterrichtet Mathematik und Sport. Herzlich willkommen!<\/span><\/p>\n<p><span class=\"fontstyle2\">Ab Montag, den 12.2.24 <\/span><span class=\"fontstyle0\">findet in allen Klassen t\u00e4glich ein 20-min\u00fctiges Lesetraining statt. Das <\/span><span class=\"fontstyle2\">BissLesetraining <\/span><span class=\"fontstyle0\">wurde in den letzten Jahren in einigen Schulen pilotiert, f\u00fcr gut befunden und ausgebaut, so dass auch unsere Sch\u00fclerinnen und Sch\u00fcler nun in den Genuss des t\u00e4glichen Lesens kommen und so ihre Lesefertigkeiten und Lesef\u00e4higkeiten ausbauen k\u00f6nnen.<\/span><\/p>\n<p><span class=\"fontstyle0\">Wir w\u00fcnschen Ihnen ein entspanntes verl\u00e4ngertes Wochenende! <\/span><\/p>\n<p><span class=\"fontstyle0\">Imke H\u00fcbner und Martin Hinkel<\/span><\/p>\n","protected":false},"excerpt":{"rendered":"<p>Wochenbrief KW 04 und 05 Liebe Eltern, R\u00fcckblick auf die letzten beiden Wochen: Kein Schnee, kein Frost, kein Sturm und fast kein Regen: Das waren die besten Voraussetzungen, damit eine Mitarbeiterin der \u201eLoki-Schmidt-Stiftung\u201c am Montag, den 23.1.24 zu uns kam, um mit den ersten Klassen eine Salweide zu pflanzen. Dieser (noch kleine Baum) wird die &hellip; <\/p>\n<p class=\"link-more\"><a href=\"https:\/\/gtselbe.hamburg.de\/?page_id=2675\" class=\"more-link\"><span class=\"screen-reader-text\">\u201eWochenbrief 02.02.2024\u201c <\/span>weiterlesen<\/a><\/p>\n","protected":false},"author":1587,"featured_media":0,"parent":0,"menu_order":0,"comment_status":"closed","ping_status":"closed","template":"","meta":{"_acf_changed":false,"footnotes":""},"class_list":["post-2675","page","type-page","status-publish","hentry"],"acf":[],"_links":{"self":[{"href":"https:\/\/gtselbe.hamburg.de\/index.php?rest_route=\/wp\/v2\/pages\/2675","targetHints":{"allow":["GET"]}}],"collection":[{"href":"https:\/\/gtselbe.hamburg.de\/index.php?rest_route=\/wp\/v2\/pages"}],"about":[{"href":"https:\/\/gtselbe.hamburg.de\/index.php?rest_route=\/wp\/v2\/types\/page"}],"author":[{"embeddable":true,"href":"https:\/\/gtselbe.hamburg.de\/index.php?rest_route=\/wp\/v2\/users\/1587"}],"replies":[{"embeddable":true,"href":"https:\/\/gtselbe.hamburg.de\/index.php?rest_route=%2Fwp%2Fv2%2Fcomments&post=2675"}],"version-history":[{"count":1,"href":"https:\/\/gtselbe.hamburg.de\/index.php?rest_route=\/wp\/v2\/pages\/2675\/revisions"}],"predecessor-version":[{"id":2676,"href":"https:\/\/gtselbe.hamburg.de\/index.php?rest_route=\/wp\/v2\/pages\/2675\/revisions\/2676"}],"wp:attachment":[{"href":"https:\/\/gtselbe.hamburg.de\/index.php?rest_route=%2Fwp%2Fv2%2Fmedia&parent=2675"}],"curies":[{"name":"wp","href":"https:\/\/api.w.org\/{rel}","templated":true}]}}