{"id":2791,"date":"2024-03-27T08:35:32","date_gmt":"2024-03-27T07:35:32","guid":{"rendered":"https:\/\/gtselbe.hamburg.de\/?page_id=2791"},"modified":"2024-03-27T09:00:27","modified_gmt":"2024-03-27T08:00:27","slug":"schul-alltag-14-03-2024-klassensaetze","status":"publish","type":"page","link":"https:\/\/gtselbe.hamburg.de\/?page_id=2791","title":{"rendered":"Schul-Alltag: 14.03.2024 &#8211; \u201eKLASSEnS\u00c4TZE\u201c"},"content":{"rendered":"<p>Klassen 4a und 4b<\/p>\n<p>Auch in diesem Schuljahr haben unsere Vierkl\u00e4ssler:innen am kreativen Schreibwettbewerb KLASSEnS\u00c4TZE teilgenommen. Es sind viele Kurzgeschichten zu dem Thema \u201eDurchsichtig\u201c entstanden.<\/p>\n<p>Die Klassensieger Leo, Maroof, Anisa, Anaya, Brian, Esther, Inti und Zaaim stellten ihre Texte der 3a und unserer Schuljury vor. Letztendlich hat die Geschichte von Zaaim \u201eDer Brandstifter\u201c der Jury besonders gefallen. Die Preisverleihung der Schulsieger:innen wird dieses Jahr am 19. Juni im Ernst Deutsch Theater stattfinden.<\/p>\n<p>Einen gro\u00dfen Applaus f\u00fcr alle Teilnehmer:innen und ein herzliches Dankesch\u00f6n an Herrn Hinkel, Frau Jappe und Laiza und Ben aus der 3a &#8211; ihr wart eine tolle Jury!<\/p>\n<p><img loading=\"lazy\" decoding=\"async\" class=\"alignnone size-large wp-image-2792\" src=\"https:\/\/gtselbe.hamburg.de\/wp-content\/uploads\/sites\/13\/2024\/03\/4421E3E2-445C-4AC4-BD63-37A32A56BC69-1024x768.jpeg\" alt=\"\" width=\"525\" height=\"394\" srcset=\"https:\/\/gtselbe.hamburg.de\/wp-content\/uploads\/sites\/13\/2024\/03\/4421E3E2-445C-4AC4-BD63-37A32A56BC69-1024x768.jpeg 1024w, https:\/\/gtselbe.hamburg.de\/wp-content\/uploads\/sites\/13\/2024\/03\/4421E3E2-445C-4AC4-BD63-37A32A56BC69-300x225.jpeg 300w, https:\/\/gtselbe.hamburg.de\/wp-content\/uploads\/sites\/13\/2024\/03\/4421E3E2-445C-4AC4-BD63-37A32A56BC69-768x576.jpeg 768w, https:\/\/gtselbe.hamburg.de\/wp-content\/uploads\/sites\/13\/2024\/03\/4421E3E2-445C-4AC4-BD63-37A32A56BC69-1536x1152.jpeg 1536w, https:\/\/gtselbe.hamburg.de\/wp-content\/uploads\/sites\/13\/2024\/03\/4421E3E2-445C-4AC4-BD63-37A32A56BC69.jpeg 2048w\" sizes=\"auto, (max-width: 525px) 100vw, 525px\" \/> <img loading=\"lazy\" decoding=\"async\" class=\"alignnone size-large wp-image-2793\" src=\"https:\/\/gtselbe.hamburg.de\/wp-content\/uploads\/sites\/13\/2024\/03\/B0D21E7A-CB66-4450-8F5F-518F1915DD65-1024x768.jpeg\" alt=\"\" width=\"525\" height=\"394\" srcset=\"https:\/\/gtselbe.hamburg.de\/wp-content\/uploads\/sites\/13\/2024\/03\/B0D21E7A-CB66-4450-8F5F-518F1915DD65-1024x768.jpeg 1024w, https:\/\/gtselbe.hamburg.de\/wp-content\/uploads\/sites\/13\/2024\/03\/B0D21E7A-CB66-4450-8F5F-518F1915DD65-300x225.jpeg 300w, https:\/\/gtselbe.hamburg.de\/wp-content\/uploads\/sites\/13\/2024\/03\/B0D21E7A-CB66-4450-8F5F-518F1915DD65-768x576.jpeg 768w, https:\/\/gtselbe.hamburg.de\/wp-content\/uploads\/sites\/13\/2024\/03\/B0D21E7A-CB66-4450-8F5F-518F1915DD65-1536x1152.jpeg 1536w, https:\/\/gtselbe.hamburg.de\/wp-content\/uploads\/sites\/13\/2024\/03\/B0D21E7A-CB66-4450-8F5F-518F1915DD65.jpeg 2048w\" sizes=\"auto, (max-width: 525px) 100vw, 525px\" \/><\/p>\n<p><img loading=\"lazy\" decoding=\"async\" class=\"alignnone size-full wp-image-2816\" src=\"https:\/\/gtselbe.hamburg.de\/wp-content\/uploads\/sites\/13\/2024\/03\/Klassensaetze_02.jpg\" alt=\"\" width=\"640\" height=\"480\" srcset=\"https:\/\/gtselbe.hamburg.de\/wp-content\/uploads\/sites\/13\/2024\/03\/Klassensaetze_02.jpg 640w, https:\/\/gtselbe.hamburg.de\/wp-content\/uploads\/sites\/13\/2024\/03\/Klassensaetze_02-300x225.jpg 300w\" sizes=\"auto, (max-width: 640px) 100vw, 640px\" \/> <img loading=\"lazy\" decoding=\"async\" class=\"alignnone size-large wp-image-2817\" src=\"https:\/\/gtselbe.hamburg.de\/wp-content\/uploads\/sites\/13\/2024\/03\/Klassensaetze_03.jpg\" alt=\"\" width=\"525\" height=\"394\" srcset=\"https:\/\/gtselbe.hamburg.de\/wp-content\/uploads\/sites\/13\/2024\/03\/Klassensaetze_03.jpg 640w, https:\/\/gtselbe.hamburg.de\/wp-content\/uploads\/sites\/13\/2024\/03\/Klassensaetze_03-300x225.jpg 300w\" sizes=\"auto, (max-width: 525px) 100vw, 525px\" \/> <img loading=\"lazy\" decoding=\"async\" class=\"alignnone size-large wp-image-2818\" src=\"https:\/\/gtselbe.hamburg.de\/wp-content\/uploads\/sites\/13\/2024\/03\/Klassensaetze_04.jpg\" alt=\"\" width=\"525\" height=\"394\" srcset=\"https:\/\/gtselbe.hamburg.de\/wp-content\/uploads\/sites\/13\/2024\/03\/Klassensaetze_04.jpg 640w, https:\/\/gtselbe.hamburg.de\/wp-content\/uploads\/sites\/13\/2024\/03\/Klassensaetze_04-300x225.jpg 300w\" sizes=\"auto, (max-width: 525px) 100vw, 525px\" \/> <img loading=\"lazy\" decoding=\"async\" class=\"alignnone size-large wp-image-2819\" src=\"https:\/\/gtselbe.hamburg.de\/wp-content\/uploads\/sites\/13\/2024\/03\/Klassensaetze_05.jpg\" alt=\"\" width=\"525\" height=\"394\" srcset=\"https:\/\/gtselbe.hamburg.de\/wp-content\/uploads\/sites\/13\/2024\/03\/Klassensaetze_05.jpg 640w, https:\/\/gtselbe.hamburg.de\/wp-content\/uploads\/sites\/13\/2024\/03\/Klassensaetze_05-300x225.jpg 300w\" sizes=\"auto, (max-width: 525px) 100vw, 525px\" \/> <img loading=\"lazy\" decoding=\"async\" class=\"alignnone size-large wp-image-2820\" src=\"https:\/\/gtselbe.hamburg.de\/wp-content\/uploads\/sites\/13\/2024\/03\/Klassensaetze_01.jpg\" alt=\"\" width=\"525\" height=\"394\" srcset=\"https:\/\/gtselbe.hamburg.de\/wp-content\/uploads\/sites\/13\/2024\/03\/Klassensaetze_01.jpg 640w, https:\/\/gtselbe.hamburg.de\/wp-content\/uploads\/sites\/13\/2024\/03\/Klassensaetze_01-300x225.jpg 300w\" sizes=\"auto, (max-width: 525px) 100vw, 525px\" \/><\/p>\n","protected":false},"excerpt":{"rendered":"<p>Klassen 4a und 4b Auch in diesem Schuljahr haben unsere Vierkl\u00e4ssler:innen am kreativen Schreibwettbewerb KLASSEnS\u00c4TZE teilgenommen. Es sind viele Kurzgeschichten zu dem Thema \u201eDurchsichtig\u201c entstanden. Die Klassensieger Leo, Maroof, Anisa, Anaya, Brian, Esther, Inti und Zaaim stellten ihre Texte der 3a und unserer Schuljury vor. Letztendlich hat die Geschichte von Zaaim \u201eDer Brandstifter\u201c der Jury &hellip; <\/p>\n<p class=\"link-more\"><a href=\"https:\/\/gtselbe.hamburg.de\/?page_id=2791\" class=\"more-link\"><span class=\"screen-reader-text\">\u201eSchul-Alltag: 14.03.2024 &#8211; \u201eKLASSEnS\u00c4TZE\u201c\u201c <\/span>weiterlesen<\/a><\/p>\n","protected":false},"author":1587,"featured_media":0,"parent":0,"menu_order":0,"comment_status":"closed","ping_status":"closed","template":"","meta":{"_acf_changed":false,"footnotes":""},"class_list":["post-2791","page","type-page","status-publish","hentry"],"acf":[],"_links":{"self":[{"href":"https:\/\/gtselbe.hamburg.de\/index.php?rest_route=\/wp\/v2\/pages\/2791","targetHints":{"allow":["GET"]}}],"collection":[{"href":"https:\/\/gtselbe.hamburg.de\/index.php?rest_route=\/wp\/v2\/pages"}],"about":[{"href":"https:\/\/gtselbe.hamburg.de\/index.php?rest_route=\/wp\/v2\/types\/page"}],"author":[{"embeddable":true,"href":"https:\/\/gtselbe.hamburg.de\/index.php?rest_route=\/wp\/v2\/users\/1587"}],"replies":[{"embeddable":true,"href":"https:\/\/gtselbe.hamburg.de\/index.php?rest_route=%2Fwp%2Fv2%2Fcomments&post=2791"}],"version-history":[{"count":2,"href":"https:\/\/gtselbe.hamburg.de\/index.php?rest_route=\/wp\/v2\/pages\/2791\/revisions"}],"predecessor-version":[{"id":2821,"href":"https:\/\/gtselbe.hamburg.de\/index.php?rest_route=\/wp\/v2\/pages\/2791\/revisions\/2821"}],"wp:attachment":[{"href":"https:\/\/gtselbe.hamburg.de\/index.php?rest_route=%2Fwp%2Fv2%2Fmedia&parent=2791"}],"curies":[{"name":"wp","href":"https:\/\/api.w.org\/{rel}","templated":true}]}}