{"id":2891,"date":"2024-05-17T12:27:15","date_gmt":"2024-05-17T10:27:15","guid":{"rendered":"https:\/\/gtselbe.hamburg.de\/?page_id=2891"},"modified":"2024-05-17T12:27:15","modified_gmt":"2024-05-17T10:27:15","slug":"erasmus-februar-2024-galway","status":"publish","type":"page","link":"https:\/\/gtselbe.hamburg.de\/?page_id=2891","title":{"rendered":"Erasmus+: Februar 2024 &#8211; Galway"},"content":{"rendered":"<p>Frau van der Knaap und Frau Ludwig reisten eine Woche nach Galway.<\/p>\n<p>Dort besch\u00e4ftigten sie sich intensiv mit dem Thema \u201eCLIL\u201c. CLIL\u201c ist die Abk\u00fcrzung f\u00fcr \u201eContent and Language Integrated Learning\u201c, also \u201eInhalts- und Sprachintegriertes Lernen\u201c. Inhalt des Kurses waren nicht nur Methoden f\u00fcr einen bilingualen Unterricht sondern auch, wie man anhand des Beispiels von Irland verschiedene Themen im Unterricht umsetzen oder mithilfe von au\u00dferschulischen Lernorten vermitteln kann.<\/p>\n<p>Dies geschah unter anderem mit einem Besuch des Galway City Musuems, Irish Storytelling und des Diskutierens der Legende vom Lynch\u2019s Window oder dem Claddagh Ring. Passend zu Erasmus ist Galway ein Vorbild f\u00fcr Weltoffenheit und Kreativit\u00e4t und ist au\u00dferdem nicht nur ein wunderbares Ziel, um irische Pub Kultur kennenzulernen (einige wenige sind bekannt aus dem Video zu Ed Sheerans \u201eGalway Girl\u201c), sondern gilt auch als Tor zum Connemara Nationalpark. Der Park erstreckt sich \u00fcber die K\u00fcstenregion im Westen Irlands und ist vor allem eines: gr\u00fcn, gr\u00fcn, gr\u00fcn. Die bekannteste Sehensw\u00fcrdigkeit sind die \u201eCliffs of Moher\u201c.<\/p>\n<p><img loading=\"lazy\" decoding=\"async\" class=\"alignnone size-large wp-image-2892\" src=\"https:\/\/gtselbe.hamburg.de\/wp-content\/uploads\/sites\/13\/2024\/05\/Galway-1024x1024.jpg\" alt=\"\" width=\"525\" height=\"525\" srcset=\"https:\/\/gtselbe.hamburg.de\/wp-content\/uploads\/sites\/13\/2024\/05\/Galway-1024x1024.jpg 1024w, https:\/\/gtselbe.hamburg.de\/wp-content\/uploads\/sites\/13\/2024\/05\/Galway-300x300.jpg 300w, https:\/\/gtselbe.hamburg.de\/wp-content\/uploads\/sites\/13\/2024\/05\/Galway-150x150.jpg 150w, https:\/\/gtselbe.hamburg.de\/wp-content\/uploads\/sites\/13\/2024\/05\/Galway-768x768.jpg 768w, https:\/\/gtselbe.hamburg.de\/wp-content\/uploads\/sites\/13\/2024\/05\/Galway-1536x1536.jpg 1536w, https:\/\/gtselbe.hamburg.de\/wp-content\/uploads\/sites\/13\/2024\/05\/Galway-100x100.jpg 100w, https:\/\/gtselbe.hamburg.de\/wp-content\/uploads\/sites\/13\/2024\/05\/Galway-60x60.jpg 60w, https:\/\/gtselbe.hamburg.de\/wp-content\/uploads\/sites\/13\/2024\/05\/Galway.jpg 1600w\" sizes=\"auto, (max-width: 525px) 100vw, 525px\" \/><\/p>\n","protected":false},"excerpt":{"rendered":"<p>Frau van der Knaap und Frau Ludwig reisten eine Woche nach Galway. Dort besch\u00e4ftigten sie sich intensiv mit dem Thema \u201eCLIL\u201c. CLIL\u201c ist die Abk\u00fcrzung f\u00fcr \u201eContent and Language Integrated Learning\u201c, also \u201eInhalts- und Sprachintegriertes Lernen\u201c. Inhalt des Kurses waren nicht nur Methoden f\u00fcr einen bilingualen Unterricht sondern auch, wie man anhand des Beispiels von &hellip; <\/p>\n<p class=\"link-more\"><a href=\"https:\/\/gtselbe.hamburg.de\/?page_id=2891\" class=\"more-link\"><span class=\"screen-reader-text\">\u201eErasmus+: Februar 2024 &#8211; Galway\u201c <\/span>weiterlesen<\/a><\/p>\n","protected":false},"author":1587,"featured_media":0,"parent":0,"menu_order":0,"comment_status":"closed","ping_status":"closed","template":"","meta":{"_acf_changed":false,"footnotes":""},"class_list":["post-2891","page","type-page","status-publish","hentry"],"acf":[],"_links":{"self":[{"href":"https:\/\/gtselbe.hamburg.de\/index.php?rest_route=\/wp\/v2\/pages\/2891","targetHints":{"allow":["GET"]}}],"collection":[{"href":"https:\/\/gtselbe.hamburg.de\/index.php?rest_route=\/wp\/v2\/pages"}],"about":[{"href":"https:\/\/gtselbe.hamburg.de\/index.php?rest_route=\/wp\/v2\/types\/page"}],"author":[{"embeddable":true,"href":"https:\/\/gtselbe.hamburg.de\/index.php?rest_route=\/wp\/v2\/users\/1587"}],"replies":[{"embeddable":true,"href":"https:\/\/gtselbe.hamburg.de\/index.php?rest_route=%2Fwp%2Fv2%2Fcomments&post=2891"}],"version-history":[{"count":1,"href":"https:\/\/gtselbe.hamburg.de\/index.php?rest_route=\/wp\/v2\/pages\/2891\/revisions"}],"predecessor-version":[{"id":2893,"href":"https:\/\/gtselbe.hamburg.de\/index.php?rest_route=\/wp\/v2\/pages\/2891\/revisions\/2893"}],"wp:attachment":[{"href":"https:\/\/gtselbe.hamburg.de\/index.php?rest_route=%2Fwp%2Fv2%2Fmedia&parent=2891"}],"curies":[{"name":"wp","href":"https:\/\/api.w.org\/{rel}","templated":true}]}}