{"id":2894,"date":"2024-05-17T12:29:45","date_gmt":"2024-05-17T10:29:45","guid":{"rendered":"https:\/\/gtselbe.hamburg.de\/?page_id=2894"},"modified":"2024-05-17T12:29:45","modified_gmt":"2024-05-17T10:29:45","slug":"schul-alltag-april-2024-schulmentoren","status":"publish","type":"page","link":"https:\/\/gtselbe.hamburg.de\/?page_id=2894","title":{"rendered":"Schul-Alltag: April 2024 &#8211; Schulmentoren"},"content":{"rendered":"<p>Neue Schulmentoren aus der Klasse 3a<\/p>\n<p>Im letzten Monat wurden neue Sch\u00fclermentoren und Sch\u00fclermentorinnen aus dem 3. Schuljahr ausgebildet. Bei &#8222;Schulmentoren \u2013 Hand in Hand f\u00fcr starke Schulen&#8220; handelt es sich um ein von der BSB gef\u00f6rdertes Projekt, das das Engagement der Sch\u00fclerschaft f\u00f6rdern soll. An unserer Schule wurde dieses Ziel in diesem Schuljahr durch die Arbeit der tollen Sch\u00fclermentorinnen und Sch\u00fclermentoren erreicht. Mit gro\u00dfem Einsatz haben die Viertkl\u00e4ssler u.a. Projekte in der VSK angeboten, die gesamte Sch\u00fclerschaft am &#8222;Tag der Kinderrechte&#8220; informiert und betreuen sehr verantwortungsvoll an zwei Pausen in der Woche die Spielzeugausleihe.<\/p>\n<p>Nun freuen wir uns auf die neue Generation, die zun\u00e4chst an der zweit\u00e4gigen Qualifizierung\u00a0 \u201eFirst Steps\u201c teilgenommen hat. Hier wurden die neun Drittkl\u00e4ssler emotional und inhaltlich auf ihre Aufgaben als Mentorin bzw. Mentor vorbereitet. So lernten sie u.a., wie sie den zuk\u00fcnftigen Erstkl\u00e4sslerinnen und Erstkl\u00e4sslern die Schulregeln erkl\u00e4ren und bei der Orientierung auf dem Schulgel\u00e4nde helfen k\u00f6nnen. In kleinen Szenen wurde ge\u00fcbt, wie man aktiv zuh\u00f6rt und Hilfe anbietet. Nach den Ferien werden die alten Hasen aus der 4. Klasse sich mit den neuen Schulmentorinnen und Schulmentoren f\u00fcr einen Erfahrungsaustausch zusammensetzen. Wir sind sehr froh, das Projekt an unserer Schule umzusetzen.<\/p>\n<p><img loading=\"lazy\" decoding=\"async\" class=\"alignnone size-large wp-image-2895\" src=\"https:\/\/gtselbe.hamburg.de\/wp-content\/uploads\/sites\/13\/2024\/05\/20240418_081304-1024x768.jpg\" alt=\"\" width=\"525\" height=\"394\" srcset=\"https:\/\/gtselbe.hamburg.de\/wp-content\/uploads\/sites\/13\/2024\/05\/20240418_081304-1024x768.jpg 1024w, https:\/\/gtselbe.hamburg.de\/wp-content\/uploads\/sites\/13\/2024\/05\/20240418_081304-300x225.jpg 300w, https:\/\/gtselbe.hamburg.de\/wp-content\/uploads\/sites\/13\/2024\/05\/20240418_081304-768x576.jpg 768w, https:\/\/gtselbe.hamburg.de\/wp-content\/uploads\/sites\/13\/2024\/05\/20240418_081304-1536x1152.jpg 1536w, https:\/\/gtselbe.hamburg.de\/wp-content\/uploads\/sites\/13\/2024\/05\/20240418_081304.jpg 2000w\" sizes=\"auto, (max-width: 525px) 100vw, 525px\" \/> <img loading=\"lazy\" decoding=\"async\" class=\"alignnone size-large wp-image-2896\" src=\"https:\/\/gtselbe.hamburg.de\/wp-content\/uploads\/sites\/13\/2024\/05\/1000038212-1024x768.jpg\" alt=\"\" width=\"525\" height=\"394\" srcset=\"https:\/\/gtselbe.hamburg.de\/wp-content\/uploads\/sites\/13\/2024\/05\/1000038212-1024x768.jpg 1024w, https:\/\/gtselbe.hamburg.de\/wp-content\/uploads\/sites\/13\/2024\/05\/1000038212-300x225.jpg 300w, https:\/\/gtselbe.hamburg.de\/wp-content\/uploads\/sites\/13\/2024\/05\/1000038212-768x576.jpg 768w, https:\/\/gtselbe.hamburg.de\/wp-content\/uploads\/sites\/13\/2024\/05\/1000038212-1536x1152.jpg 1536w, https:\/\/gtselbe.hamburg.de\/wp-content\/uploads\/sites\/13\/2024\/05\/1000038212.jpg 2000w\" sizes=\"auto, (max-width: 525px) 100vw, 525px\" \/><\/p>\n","protected":false},"excerpt":{"rendered":"<p>Neue Schulmentoren aus der Klasse 3a Im letzten Monat wurden neue Sch\u00fclermentoren und Sch\u00fclermentorinnen aus dem 3. Schuljahr ausgebildet. Bei &#8222;Schulmentoren \u2013 Hand in Hand f\u00fcr starke Schulen&#8220; handelt es sich um ein von der BSB gef\u00f6rdertes Projekt, das das Engagement der Sch\u00fclerschaft f\u00f6rdern soll. An unserer Schule wurde dieses Ziel in diesem Schuljahr durch &hellip; <\/p>\n<p class=\"link-more\"><a href=\"https:\/\/gtselbe.hamburg.de\/?page_id=2894\" class=\"more-link\"><span class=\"screen-reader-text\">\u201eSchul-Alltag: April 2024 &#8211; Schulmentoren\u201c <\/span>weiterlesen<\/a><\/p>\n","protected":false},"author":1587,"featured_media":0,"parent":0,"menu_order":0,"comment_status":"closed","ping_status":"closed","template":"","meta":{"_acf_changed":false,"footnotes":""},"class_list":["post-2894","page","type-page","status-publish","hentry"],"acf":[],"_links":{"self":[{"href":"https:\/\/gtselbe.hamburg.de\/index.php?rest_route=\/wp\/v2\/pages\/2894","targetHints":{"allow":["GET"]}}],"collection":[{"href":"https:\/\/gtselbe.hamburg.de\/index.php?rest_route=\/wp\/v2\/pages"}],"about":[{"href":"https:\/\/gtselbe.hamburg.de\/index.php?rest_route=\/wp\/v2\/types\/page"}],"author":[{"embeddable":true,"href":"https:\/\/gtselbe.hamburg.de\/index.php?rest_route=\/wp\/v2\/users\/1587"}],"replies":[{"embeddable":true,"href":"https:\/\/gtselbe.hamburg.de\/index.php?rest_route=%2Fwp%2Fv2%2Fcomments&post=2894"}],"version-history":[{"count":1,"href":"https:\/\/gtselbe.hamburg.de\/index.php?rest_route=\/wp\/v2\/pages\/2894\/revisions"}],"predecessor-version":[{"id":2897,"href":"https:\/\/gtselbe.hamburg.de\/index.php?rest_route=\/wp\/v2\/pages\/2894\/revisions\/2897"}],"wp:attachment":[{"href":"https:\/\/gtselbe.hamburg.de\/index.php?rest_route=%2Fwp%2Fv2%2Fmedia&parent=2894"}],"curies":[{"name":"wp","href":"https:\/\/api.w.org\/{rel}","templated":true}]}}