{"id":2917,"date":"2024-05-17T12:44:43","date_gmt":"2024-05-17T10:44:43","guid":{"rendered":"https:\/\/gtselbe.hamburg.de\/?page_id=2917"},"modified":"2024-05-17T12:44:43","modified_gmt":"2024-05-17T10:44:43","slug":"ersamus-april-mai-2024-rom","status":"publish","type":"page","link":"https:\/\/gtselbe.hamburg.de\/?page_id=2917","title":{"rendered":"Ersamus+: April\/Mai 2024 &#8211; Rom"},"content":{"rendered":"<p>Bericht Erasmus+ Rom (28.04.-05.05.)<\/p>\n<p>Im Rahmen unseres Erasmus-Programms habe ich mich auf die Reise nach Rom in Italien begeben. Wie kam es zur Auswahl dieses Zielortes? Zur Zeit ist das gesellschaftliche Klima in vielen L\u00e4ndern Europas etwas rauer geworden und unsere Demokratien sehen sich unterschiedlichen Bedrohungen ausgesetzt. Ich habe mir also die Frage gestellt, wie man Kinder in der Grundschule schon fr\u00fchzeitig f\u00fcr demokratische Grundprinzipien begeistern kann und diese auch ganz praktisch und kindgerecht ein\u00fcben kann. Ich denke, dass positive Erfahrungen mit demokratischen Gepflogenheiten im Kindesalter einen wichtigen Grundpfeiler darstellen. Soweit so gut! Ich hatte einen Kurs ausgew\u00e4hlt namens \u201eTeaching European Citizenship in the Classroom\u201c angemeldet. Leider kam dieser Kurs aber aufgrund geringer Anmeldezahlen nicht zustande und ich wurde vom Anbieter des Kurses kurzerhand gefragt, ob ich mir auch den Kurs \u201eMusic in the Classroom: Active und Receptive Music Therapy f\u00fcr School\u201c vorstellen k\u00f6nnte. Zun\u00e4chst war ich etwas skeptisch; entschied mich dann aber daf\u00fcr diese Kurs zu besuchen.<\/p>\n<p>Ich begab mich also auf die Reise nach Rom und war gespannt auf den Kursinhalt. Gleich der erste Tag begann mit interessanten und abwechslungsreichen Body-Percussion-\u00dcbungen. Da ich kein Musik an der Schule unterrichte und auch in meiner Freizeit eher weniger musikalisch unterwegs bin, war dies viel Neues f\u00fcr mich. Der Theorieteil war dann etwas anstrengend: unser Dozent sprach Englisch mit starkem Akzent, die Pr\u00e4sentation war auf Italienisch und die Kursmaterialien auf Spanisch. So konnte ich leider nur wenig von diesen Inhalten verstehen oder \u201emitnehmen\u201c. In den folgenden Tagen weiderholte sich diese Schema dann: auf einen praktischen BodyPercussion-Teil folgte ein theoretischer Teil und wieder ein BodyPercussion-Teil und wieder &#8230; Das ganze folgte dem sogenannten BAPNE-Konzept, welches eine wissenschaftlichen Fundierung im spanischen raum hat. Neben den Kursinhalten stand nat\u00fcrlich auch das Kennenlernen anderer Kursteilnehmerinnen und Kursteilnehmer im Mittelpunkt. Hier gab es wieder spannende Gespr\u00e4che mit Lehrkr\u00e4ften aus Spanien, Frankreich, Litauen, Kroatien und Deutschland. F\u00fcr mich pers\u00f6nlich waren diese Unterhaltung bei einem Kaffee in der Pause oder beim gemeinsamen Abendessen das Highlight und konnten den etwas erm\u00fcdenden Theorieteil ausgleichen.<\/p>\n<p>Gl\u00fccklicherweise blieb auch etwas Zeit \u00fcbrig, um Rom als Stadt mit seinen Sehensw\u00fcrdigkeiten zu erkunden. Wenngleich die Stadt doch von vielen Touristinnen und Touristen beherbergt wurde, konnte ich das Colosseum, den Petersdom, die Spanische Treppe, den Trevi-Brunnen und vieles mehr besichtigen. Den Abschluss bildete ein Ausflug nach Kursende nach Pompeji und zum Vesuv.<\/p>\n<p>Alles in allem hat sich die Reise wieder sehr gelohnt und ich bin sehr dankbar f\u00fcr die vielen tollen Gespr\u00e4che und Erfahrungen! Gleichzeitig konnte ich auch ein paar ganz praktische BodyPercussion-\u00dcbungen f\u00fcr meinen Unterricht mitnehmen und einige neuen Freundschaften kn\u00fcpfen.<\/p>\n<p><img loading=\"lazy\" decoding=\"async\" class=\"alignnone size-large wp-image-2918\" src=\"https:\/\/gtselbe.hamburg.de\/wp-content\/uploads\/sites\/13\/2024\/05\/IMG_2567-1024x768.jpeg\" alt=\"\" width=\"525\" height=\"394\" srcset=\"https:\/\/gtselbe.hamburg.de\/wp-content\/uploads\/sites\/13\/2024\/05\/IMG_2567-1024x768.jpeg 1024w, https:\/\/gtselbe.hamburg.de\/wp-content\/uploads\/sites\/13\/2024\/05\/IMG_2567-300x225.jpeg 300w, https:\/\/gtselbe.hamburg.de\/wp-content\/uploads\/sites\/13\/2024\/05\/IMG_2567-768x576.jpeg 768w, https:\/\/gtselbe.hamburg.de\/wp-content\/uploads\/sites\/13\/2024\/05\/IMG_2567-1536x1152.jpeg 1536w, https:\/\/gtselbe.hamburg.de\/wp-content\/uploads\/sites\/13\/2024\/05\/IMG_2567.jpeg 2048w\" sizes=\"auto, (max-width: 525px) 100vw, 525px\" \/> <img loading=\"lazy\" decoding=\"async\" class=\"alignnone size-large wp-image-2919\" src=\"https:\/\/gtselbe.hamburg.de\/wp-content\/uploads\/sites\/13\/2024\/05\/IMG_2578-768x1024.jpeg\" alt=\"\" width=\"525\" height=\"700\" srcset=\"https:\/\/gtselbe.hamburg.de\/wp-content\/uploads\/sites\/13\/2024\/05\/IMG_2578-768x1024.jpeg 768w, https:\/\/gtselbe.hamburg.de\/wp-content\/uploads\/sites\/13\/2024\/05\/IMG_2578-225x300.jpeg 225w, https:\/\/gtselbe.hamburg.de\/wp-content\/uploads\/sites\/13\/2024\/05\/IMG_2578-1152x1536.jpeg 1152w, https:\/\/gtselbe.hamburg.de\/wp-content\/uploads\/sites\/13\/2024\/05\/IMG_2578.jpeg 1536w\" sizes=\"auto, (max-width: 525px) 100vw, 525px\" \/> <img loading=\"lazy\" decoding=\"async\" class=\"alignnone size-large wp-image-2920\" src=\"https:\/\/gtselbe.hamburg.de\/wp-content\/uploads\/sites\/13\/2024\/05\/df3c7d25-0c0e-43fc-9907-50c1777c2f05-1024x768.jpeg\" alt=\"\" width=\"525\" height=\"394\" srcset=\"https:\/\/gtselbe.hamburg.de\/wp-content\/uploads\/sites\/13\/2024\/05\/df3c7d25-0c0e-43fc-9907-50c1777c2f05-1024x768.jpeg 1024w, https:\/\/gtselbe.hamburg.de\/wp-content\/uploads\/sites\/13\/2024\/05\/df3c7d25-0c0e-43fc-9907-50c1777c2f05-300x225.jpeg 300w, https:\/\/gtselbe.hamburg.de\/wp-content\/uploads\/sites\/13\/2024\/05\/df3c7d25-0c0e-43fc-9907-50c1777c2f05-768x576.jpeg 768w, https:\/\/gtselbe.hamburg.de\/wp-content\/uploads\/sites\/13\/2024\/05\/df3c7d25-0c0e-43fc-9907-50c1777c2f05-1536x1152.jpeg 1536w, https:\/\/gtselbe.hamburg.de\/wp-content\/uploads\/sites\/13\/2024\/05\/df3c7d25-0c0e-43fc-9907-50c1777c2f05.jpeg 1600w\" sizes=\"auto, (max-width: 525px) 100vw, 525px\" \/><\/p>\n","protected":false},"excerpt":{"rendered":"<p>Bericht Erasmus+ Rom (28.04.-05.05.) Im Rahmen unseres Erasmus-Programms habe ich mich auf die Reise nach Rom in Italien begeben. Wie kam es zur Auswahl dieses Zielortes? Zur Zeit ist das gesellschaftliche Klima in vielen L\u00e4ndern Europas etwas rauer geworden und unsere Demokratien sehen sich unterschiedlichen Bedrohungen ausgesetzt. Ich habe mir also die Frage gestellt, wie &hellip; <\/p>\n<p class=\"link-more\"><a href=\"https:\/\/gtselbe.hamburg.de\/?page_id=2917\" class=\"more-link\"><span class=\"screen-reader-text\">\u201eErsamus+: April\/Mai 2024 &#8211; Rom\u201c <\/span>weiterlesen<\/a><\/p>\n","protected":false},"author":1587,"featured_media":0,"parent":0,"menu_order":0,"comment_status":"closed","ping_status":"closed","template":"","meta":{"_acf_changed":false,"footnotes":""},"class_list":["post-2917","page","type-page","status-publish","hentry"],"acf":[],"_links":{"self":[{"href":"https:\/\/gtselbe.hamburg.de\/index.php?rest_route=\/wp\/v2\/pages\/2917","targetHints":{"allow":["GET"]}}],"collection":[{"href":"https:\/\/gtselbe.hamburg.de\/index.php?rest_route=\/wp\/v2\/pages"}],"about":[{"href":"https:\/\/gtselbe.hamburg.de\/index.php?rest_route=\/wp\/v2\/types\/page"}],"author":[{"embeddable":true,"href":"https:\/\/gtselbe.hamburg.de\/index.php?rest_route=\/wp\/v2\/users\/1587"}],"replies":[{"embeddable":true,"href":"https:\/\/gtselbe.hamburg.de\/index.php?rest_route=%2Fwp%2Fv2%2Fcomments&post=2917"}],"version-history":[{"count":1,"href":"https:\/\/gtselbe.hamburg.de\/index.php?rest_route=\/wp\/v2\/pages\/2917\/revisions"}],"predecessor-version":[{"id":2921,"href":"https:\/\/gtselbe.hamburg.de\/index.php?rest_route=\/wp\/v2\/pages\/2917\/revisions\/2921"}],"wp:attachment":[{"href":"https:\/\/gtselbe.hamburg.de\/index.php?rest_route=%2Fwp%2Fv2%2Fmedia&parent=2917"}],"curies":[{"name":"wp","href":"https:\/\/api.w.org\/{rel}","templated":true}]}}