{"id":2956,"date":"2024-05-20T13:01:15","date_gmt":"2024-05-20T11:01:15","guid":{"rendered":"https:\/\/gtselbe.hamburg.de\/?page_id=2956"},"modified":"2024-05-20T13:01:15","modified_gmt":"2024-05-20T11:01:15","slug":"schul-alltag-13-05-2024-muelltrennung","status":"publish","type":"page","link":"https:\/\/gtselbe.hamburg.de\/?page_id=2956","title":{"rendered":"Schul-Alltag: 13.05.2024 &#8211; M\u00fclltrennung"},"content":{"rendered":"<p>Klasse 1a und 1b<\/p>\n<p>Warum trennen wir M\u00fcll und was ist Abfallvermeidung? Am Montag kam Herr Merkle (Deutsche Umwelt-Aktion e.V.) in die 1. Klassen und frischte unser Wissen rund um das Thema Abfall auf. Am Schluss haben wir noch einmal M\u00fcll in die passenden M\u00fclltonnen sortiert. Wir haben viel dar\u00fcber gelernt, wie wichtig es ist, sorgsam mit der Natur und ihren Ressourcen umzugehen.<\/p>\n<p><img loading=\"lazy\" decoding=\"async\" class=\"alignnone size-large wp-image-2957\" src=\"https:\/\/gtselbe.hamburg.de\/wp-content\/uploads\/sites\/13\/2024\/05\/20240513_102633-1024x768.jpg\" alt=\"\" width=\"525\" height=\"394\" srcset=\"https:\/\/gtselbe.hamburg.de\/wp-content\/uploads\/sites\/13\/2024\/05\/20240513_102633-1024x768.jpg 1024w, https:\/\/gtselbe.hamburg.de\/wp-content\/uploads\/sites\/13\/2024\/05\/20240513_102633-300x225.jpg 300w, https:\/\/gtselbe.hamburg.de\/wp-content\/uploads\/sites\/13\/2024\/05\/20240513_102633-768x576.jpg 768w, https:\/\/gtselbe.hamburg.de\/wp-content\/uploads\/sites\/13\/2024\/05\/20240513_102633-1536x1152.jpg 1536w, https:\/\/gtselbe.hamburg.de\/wp-content\/uploads\/sites\/13\/2024\/05\/20240513_102633.jpg 2048w\" sizes=\"auto, (max-width: 525px) 100vw, 525px\" \/><\/p>\n","protected":false},"excerpt":{"rendered":"<p>Klasse 1a und 1b Warum trennen wir M\u00fcll und was ist Abfallvermeidung? Am Montag kam Herr Merkle (Deutsche Umwelt-Aktion e.V.) in die 1. Klassen und frischte unser Wissen rund um das Thema Abfall auf. Am Schluss haben wir noch einmal M\u00fcll in die passenden M\u00fclltonnen sortiert. Wir haben viel dar\u00fcber gelernt, wie wichtig es ist, &hellip; <\/p>\n<p class=\"link-more\"><a href=\"https:\/\/gtselbe.hamburg.de\/?page_id=2956\" class=\"more-link\"><span class=\"screen-reader-text\">\u201eSchul-Alltag: 13.05.2024 &#8211; M\u00fclltrennung\u201c <\/span>weiterlesen<\/a><\/p>\n","protected":false},"author":1587,"featured_media":0,"parent":0,"menu_order":0,"comment_status":"closed","ping_status":"closed","template":"","meta":{"_acf_changed":false,"footnotes":""},"class_list":["post-2956","page","type-page","status-publish","hentry"],"acf":[],"_links":{"self":[{"href":"https:\/\/gtselbe.hamburg.de\/index.php?rest_route=\/wp\/v2\/pages\/2956","targetHints":{"allow":["GET"]}}],"collection":[{"href":"https:\/\/gtselbe.hamburg.de\/index.php?rest_route=\/wp\/v2\/pages"}],"about":[{"href":"https:\/\/gtselbe.hamburg.de\/index.php?rest_route=\/wp\/v2\/types\/page"}],"author":[{"embeddable":true,"href":"https:\/\/gtselbe.hamburg.de\/index.php?rest_route=\/wp\/v2\/users\/1587"}],"replies":[{"embeddable":true,"href":"https:\/\/gtselbe.hamburg.de\/index.php?rest_route=%2Fwp%2Fv2%2Fcomments&post=2956"}],"version-history":[{"count":1,"href":"https:\/\/gtselbe.hamburg.de\/index.php?rest_route=\/wp\/v2\/pages\/2956\/revisions"}],"predecessor-version":[{"id":2958,"href":"https:\/\/gtselbe.hamburg.de\/index.php?rest_route=\/wp\/v2\/pages\/2956\/revisions\/2958"}],"wp:attachment":[{"href":"https:\/\/gtselbe.hamburg.de\/index.php?rest_route=%2Fwp%2Fv2%2Fmedia&parent=2956"}],"curies":[{"name":"wp","href":"https:\/\/api.w.org\/{rel}","templated":true}]}}