{"id":2996,"date":"2024-05-20T13:32:32","date_gmt":"2024-05-20T11:32:32","guid":{"rendered":"https:\/\/gtselbe.hamburg.de\/?page_id=2996"},"modified":"2024-05-20T13:32:32","modified_gmt":"2024-05-20T11:32:32","slug":"hamburger-elbschuelerzeitung","status":"publish","type":"page","link":"https:\/\/gtselbe.hamburg.de\/?page_id=2996","title":{"rendered":"Hamburger Elbsch\u00fclerzeitung"},"content":{"rendered":"<p>Zu Beginn des Schuljahres haben wir begonnen unsere digitale Sch\u00fclerzeitung aufzubauen und die ersten, wichtigen Schritte haben wir nun erfolgreich bestritten: Die Kinder der Schule haben \u00fcber den Namen unseren Namen abgestimmt und sich f\u00fcr &#8222;Hamburger Elbsch\u00fclerzeitung&#8220; entschieden. Die Reporterinnen und Reporter haben sich mit den &#8222;Zeitungszockern&#8220; einen eigenen Namen gegeben. Und nun sind endlich auch die ersten Beitr\u00e4ge geschrieben und k\u00f6nnen gelesen werden. Viel Spa\u00df dabei w\u00fcnschen euch eure &#8222;Zeitungszocker&#8220;!<\/p>\n<p><a href=\"https:\/\/gts-an-der-elbe.digireporter.news\/\" target=\"_blank\" rel=\"noopener\">https:\/\/gts-an-der-elbe.digireporter.news\/<\/a><\/p>\n","protected":false},"excerpt":{"rendered":"<p>Zu Beginn des Schuljahres haben wir begonnen unsere digitale Sch\u00fclerzeitung aufzubauen und die ersten, wichtigen Schritte haben wir nun erfolgreich bestritten: Die Kinder der Schule haben \u00fcber den Namen unseren Namen abgestimmt und sich f\u00fcr &#8222;Hamburger Elbsch\u00fclerzeitung&#8220; entschieden. Die Reporterinnen und Reporter haben sich mit den &#8222;Zeitungszockern&#8220; einen eigenen Namen gegeben. Und nun sind endlich &hellip; <\/p>\n<p class=\"link-more\"><a href=\"https:\/\/gtselbe.hamburg.de\/?page_id=2996\" class=\"more-link\"><span class=\"screen-reader-text\">\u201eHamburger Elbsch\u00fclerzeitung\u201c <\/span>weiterlesen<\/a><\/p>\n","protected":false},"author":1587,"featured_media":0,"parent":0,"menu_order":0,"comment_status":"closed","ping_status":"closed","template":"","meta":{"_acf_changed":false,"footnotes":""},"class_list":["post-2996","page","type-page","status-publish","hentry"],"acf":[],"_links":{"self":[{"href":"https:\/\/gtselbe.hamburg.de\/index.php?rest_route=\/wp\/v2\/pages\/2996","targetHints":{"allow":["GET"]}}],"collection":[{"href":"https:\/\/gtselbe.hamburg.de\/index.php?rest_route=\/wp\/v2\/pages"}],"about":[{"href":"https:\/\/gtselbe.hamburg.de\/index.php?rest_route=\/wp\/v2\/types\/page"}],"author":[{"embeddable":true,"href":"https:\/\/gtselbe.hamburg.de\/index.php?rest_route=\/wp\/v2\/users\/1587"}],"replies":[{"embeddable":true,"href":"https:\/\/gtselbe.hamburg.de\/index.php?rest_route=%2Fwp%2Fv2%2Fcomments&post=2996"}],"version-history":[{"count":1,"href":"https:\/\/gtselbe.hamburg.de\/index.php?rest_route=\/wp\/v2\/pages\/2996\/revisions"}],"predecessor-version":[{"id":2997,"href":"https:\/\/gtselbe.hamburg.de\/index.php?rest_route=\/wp\/v2\/pages\/2996\/revisions\/2997"}],"wp:attachment":[{"href":"https:\/\/gtselbe.hamburg.de\/index.php?rest_route=%2Fwp%2Fv2%2Fmedia&parent=2996"}],"curies":[{"name":"wp","href":"https:\/\/api.w.org\/{rel}","templated":true}]}}