{"id":3077,"date":"2024-07-01T14:33:06","date_gmt":"2024-07-01T12:33:06","guid":{"rendered":"https:\/\/gtselbe.hamburg.de\/?page_id=3077"},"modified":"2024-07-01T14:33:06","modified_gmt":"2024-07-01T12:33:06","slug":"schul-alltag-06-06-2024-jump-house","status":"publish","type":"page","link":"https:\/\/gtselbe.hamburg.de\/?page_id=3077","title":{"rendered":"Schul-Alltag: 06.06.2024 &#8211; Jump-House"},"content":{"rendered":"<p>Klassen 2a, 2b<\/p>\n<p>Am Donnerstag, den 6. Juni, war es endlich soweit!<\/p>\n<p>Die Klassen 2a und 2b machten sich fr\u00fch morgens auf den Weg ins Jump House. Die Ninja Parcous und die witzigen Sprung- und Spa\u00df-Spiele haben alle Kinder begeistert. Was f\u00fcr ein tolles Erlebnis! Herzlichen Dank an die Hit\u00b4n\u00b4Run &#8211; Gewinner der 2b, die uns diesen Besuch erm\u00f6glicht haben.<\/p>\n<p><img loading=\"lazy\" decoding=\"async\" class=\"alignnone size-large wp-image-3078\" src=\"https:\/\/gtselbe.hamburg.de\/wp-content\/uploads\/sites\/13\/2024\/07\/8D0FE5B1-0E3B-46C3-8968-2E4124E03017-768x1024.jpeg\" alt=\"\" width=\"525\" height=\"700\" srcset=\"https:\/\/gtselbe.hamburg.de\/wp-content\/uploads\/sites\/13\/2024\/07\/8D0FE5B1-0E3B-46C3-8968-2E4124E03017-768x1024.jpeg 768w, https:\/\/gtselbe.hamburg.de\/wp-content\/uploads\/sites\/13\/2024\/07\/8D0FE5B1-0E3B-46C3-8968-2E4124E03017-225x300.jpeg 225w, https:\/\/gtselbe.hamburg.de\/wp-content\/uploads\/sites\/13\/2024\/07\/8D0FE5B1-0E3B-46C3-8968-2E4124E03017-1152x1536.jpeg 1152w, https:\/\/gtselbe.hamburg.de\/wp-content\/uploads\/sites\/13\/2024\/07\/8D0FE5B1-0E3B-46C3-8968-2E4124E03017.jpeg 1536w\" sizes=\"auto, (max-width: 525px) 100vw, 525px\" \/> <img loading=\"lazy\" decoding=\"async\" class=\"alignnone size-large wp-image-3079\" src=\"https:\/\/gtselbe.hamburg.de\/wp-content\/uploads\/sites\/13\/2024\/07\/65EE549A-BDDC-4C8F-9EB7-0327631C0583-1024x768.jpeg\" alt=\"\" width=\"525\" height=\"394\" srcset=\"https:\/\/gtselbe.hamburg.de\/wp-content\/uploads\/sites\/13\/2024\/07\/65EE549A-BDDC-4C8F-9EB7-0327631C0583-1024x768.jpeg 1024w, https:\/\/gtselbe.hamburg.de\/wp-content\/uploads\/sites\/13\/2024\/07\/65EE549A-BDDC-4C8F-9EB7-0327631C0583-300x225.jpeg 300w, https:\/\/gtselbe.hamburg.de\/wp-content\/uploads\/sites\/13\/2024\/07\/65EE549A-BDDC-4C8F-9EB7-0327631C0583-768x576.jpeg 768w, https:\/\/gtselbe.hamburg.de\/wp-content\/uploads\/sites\/13\/2024\/07\/65EE549A-BDDC-4C8F-9EB7-0327631C0583-1536x1152.jpeg 1536w, https:\/\/gtselbe.hamburg.de\/wp-content\/uploads\/sites\/13\/2024\/07\/65EE549A-BDDC-4C8F-9EB7-0327631C0583.jpeg 2048w\" sizes=\"auto, (max-width: 525px) 100vw, 525px\" \/> <img loading=\"lazy\" decoding=\"async\" class=\"alignnone size-large wp-image-3080\" src=\"https:\/\/gtselbe.hamburg.de\/wp-content\/uploads\/sites\/13\/2024\/07\/5095E913-8308-4FA4-A519-99D5E1047B9A-1024x768.jpeg\" alt=\"\" width=\"525\" height=\"394\" srcset=\"https:\/\/gtselbe.hamburg.de\/wp-content\/uploads\/sites\/13\/2024\/07\/5095E913-8308-4FA4-A519-99D5E1047B9A-1024x768.jpeg 1024w, https:\/\/gtselbe.hamburg.de\/wp-content\/uploads\/sites\/13\/2024\/07\/5095E913-8308-4FA4-A519-99D5E1047B9A-300x225.jpeg 300w, https:\/\/gtselbe.hamburg.de\/wp-content\/uploads\/sites\/13\/2024\/07\/5095E913-8308-4FA4-A519-99D5E1047B9A-768x576.jpeg 768w, https:\/\/gtselbe.hamburg.de\/wp-content\/uploads\/sites\/13\/2024\/07\/5095E913-8308-4FA4-A519-99D5E1047B9A-1536x1152.jpeg 1536w, https:\/\/gtselbe.hamburg.de\/wp-content\/uploads\/sites\/13\/2024\/07\/5095E913-8308-4FA4-A519-99D5E1047B9A.jpeg 2009w\" sizes=\"auto, (max-width: 525px) 100vw, 525px\" \/> <img loading=\"lazy\" decoding=\"async\" class=\"alignnone size-large wp-image-3081\" src=\"https:\/\/gtselbe.hamburg.de\/wp-content\/uploads\/sites\/13\/2024\/07\/68511C42-AF6C-463C-BB3C-C9EBCE5A1A6C-1024x768.jpeg\" alt=\"\" width=\"525\" height=\"394\" srcset=\"https:\/\/gtselbe.hamburg.de\/wp-content\/uploads\/sites\/13\/2024\/07\/68511C42-AF6C-463C-BB3C-C9EBCE5A1A6C-1024x768.jpeg 1024w, https:\/\/gtselbe.hamburg.de\/wp-content\/uploads\/sites\/13\/2024\/07\/68511C42-AF6C-463C-BB3C-C9EBCE5A1A6C-300x225.jpeg 300w, https:\/\/gtselbe.hamburg.de\/wp-content\/uploads\/sites\/13\/2024\/07\/68511C42-AF6C-463C-BB3C-C9EBCE5A1A6C-768x576.jpeg 768w, https:\/\/gtselbe.hamburg.de\/wp-content\/uploads\/sites\/13\/2024\/07\/68511C42-AF6C-463C-BB3C-C9EBCE5A1A6C-1536x1152.jpeg 1536w, https:\/\/gtselbe.hamburg.de\/wp-content\/uploads\/sites\/13\/2024\/07\/68511C42-AF6C-463C-BB3C-C9EBCE5A1A6C.jpeg 2048w\" sizes=\"auto, (max-width: 525px) 100vw, 525px\" \/> <img loading=\"lazy\" decoding=\"async\" class=\"alignnone size-large wp-image-3082\" src=\"https:\/\/gtselbe.hamburg.de\/wp-content\/uploads\/sites\/13\/2024\/07\/C8C1BC22-1718-499D-85D4-9C7D180FB39A-768x1024.jpeg\" alt=\"\" width=\"525\" height=\"700\" srcset=\"https:\/\/gtselbe.hamburg.de\/wp-content\/uploads\/sites\/13\/2024\/07\/C8C1BC22-1718-499D-85D4-9C7D180FB39A-768x1024.jpeg 768w, https:\/\/gtselbe.hamburg.de\/wp-content\/uploads\/sites\/13\/2024\/07\/C8C1BC22-1718-499D-85D4-9C7D180FB39A-225x300.jpeg 225w, https:\/\/gtselbe.hamburg.de\/wp-content\/uploads\/sites\/13\/2024\/07\/C8C1BC22-1718-499D-85D4-9C7D180FB39A-1152x1536.jpeg 1152w, https:\/\/gtselbe.hamburg.de\/wp-content\/uploads\/sites\/13\/2024\/07\/C8C1BC22-1718-499D-85D4-9C7D180FB39A.jpeg 1205w\" sizes=\"auto, (max-width: 525px) 100vw, 525px\" \/> <img loading=\"lazy\" decoding=\"async\" class=\"alignnone size-large wp-image-3083\" src=\"https:\/\/gtselbe.hamburg.de\/wp-content\/uploads\/sites\/13\/2024\/07\/1BE25994-7DD3-4651-A2EA-97E45FEB3147-1024x768.jpeg\" alt=\"\" width=\"525\" height=\"394\" srcset=\"https:\/\/gtselbe.hamburg.de\/wp-content\/uploads\/sites\/13\/2024\/07\/1BE25994-7DD3-4651-A2EA-97E45FEB3147-1024x768.jpeg 1024w, https:\/\/gtselbe.hamburg.de\/wp-content\/uploads\/sites\/13\/2024\/07\/1BE25994-7DD3-4651-A2EA-97E45FEB3147-300x225.jpeg 300w, https:\/\/gtselbe.hamburg.de\/wp-content\/uploads\/sites\/13\/2024\/07\/1BE25994-7DD3-4651-A2EA-97E45FEB3147-768x576.jpeg 768w, https:\/\/gtselbe.hamburg.de\/wp-content\/uploads\/sites\/13\/2024\/07\/1BE25994-7DD3-4651-A2EA-97E45FEB3147-1536x1152.jpeg 1536w, https:\/\/gtselbe.hamburg.de\/wp-content\/uploads\/sites\/13\/2024\/07\/1BE25994-7DD3-4651-A2EA-97E45FEB3147.jpeg 2048w\" sizes=\"auto, (max-width: 525px) 100vw, 525px\" \/><\/p>\n","protected":false},"excerpt":{"rendered":"<p>Klassen 2a, 2b Am Donnerstag, den 6. Juni, war es endlich soweit! Die Klassen 2a und 2b machten sich fr\u00fch morgens auf den Weg ins Jump House. Die Ninja Parcous und die witzigen Sprung- und Spa\u00df-Spiele haben alle Kinder begeistert. Was f\u00fcr ein tolles Erlebnis! Herzlichen Dank an die Hit\u00b4n\u00b4Run &#8211; Gewinner der 2b, die &hellip; <\/p>\n<p class=\"link-more\"><a href=\"https:\/\/gtselbe.hamburg.de\/?page_id=3077\" class=\"more-link\"><span class=\"screen-reader-text\">\u201eSchul-Alltag: 06.06.2024 &#8211; Jump-House\u201c <\/span>weiterlesen<\/a><\/p>\n","protected":false},"author":1587,"featured_media":0,"parent":0,"menu_order":0,"comment_status":"closed","ping_status":"closed","template":"","meta":{"_acf_changed":false,"footnotes":""},"class_list":["post-3077","page","type-page","status-publish","hentry"],"acf":[],"_links":{"self":[{"href":"https:\/\/gtselbe.hamburg.de\/index.php?rest_route=\/wp\/v2\/pages\/3077","targetHints":{"allow":["GET"]}}],"collection":[{"href":"https:\/\/gtselbe.hamburg.de\/index.php?rest_route=\/wp\/v2\/pages"}],"about":[{"href":"https:\/\/gtselbe.hamburg.de\/index.php?rest_route=\/wp\/v2\/types\/page"}],"author":[{"embeddable":true,"href":"https:\/\/gtselbe.hamburg.de\/index.php?rest_route=\/wp\/v2\/users\/1587"}],"replies":[{"embeddable":true,"href":"https:\/\/gtselbe.hamburg.de\/index.php?rest_route=%2Fwp%2Fv2%2Fcomments&post=3077"}],"version-history":[{"count":1,"href":"https:\/\/gtselbe.hamburg.de\/index.php?rest_route=\/wp\/v2\/pages\/3077\/revisions"}],"predecessor-version":[{"id":3084,"href":"https:\/\/gtselbe.hamburg.de\/index.php?rest_route=\/wp\/v2\/pages\/3077\/revisions\/3084"}],"wp:attachment":[{"href":"https:\/\/gtselbe.hamburg.de\/index.php?rest_route=%2Fwp%2Fv2%2Fmedia&parent=3077"}],"curies":[{"name":"wp","href":"https:\/\/api.w.org\/{rel}","templated":true}]}}