{"id":3177,"date":"2024-07-17T10:39:13","date_gmt":"2024-07-17T08:39:13","guid":{"rendered":"https:\/\/gtselbe.hamburg.de\/?page_id=3177"},"modified":"2024-07-17T10:39:13","modified_gmt":"2024-07-17T08:39:13","slug":"erasmus-juli-2024-island","status":"publish","type":"page","link":"https:\/\/gtselbe.hamburg.de\/?page_id=3177","title":{"rendered":"Erasmus+: Juli 2024 &#8211; Island"},"content":{"rendered":"<p>Frau Sanders und Frau Krahnefeld sind auf Island<\/p>\n<p>Unser Bericht aus Island<\/p>\n<p>07. Juli 2024: W\u00e4hrend sich viele Fu\u00dfballprofis und Fans aus ganz Europa in Deutschland tummeln, sammeln sich zeitgleich viele LehrerInnen an diesem Tag in Island und wir sind dabei: Frau Sanders und Frau Krahnefeld. Hier siehst du die Umrisse der Insel und das Nationaltier Islands, den Papageientaucher.<\/p>\n<p><img loading=\"lazy\" decoding=\"async\" class=\"alignnone size-full wp-image-3179\" src=\"https:\/\/gtselbe.hamburg.de\/wp-content\/uploads\/sites\/13\/2024\/07\/Island01.jpg\" alt=\"\" width=\"640\" height=\"480\" srcset=\"https:\/\/gtselbe.hamburg.de\/wp-content\/uploads\/sites\/13\/2024\/07\/Island01.jpg 640w, https:\/\/gtselbe.hamburg.de\/wp-content\/uploads\/sites\/13\/2024\/07\/Island01-300x225.jpg 300w\" sizes=\"auto, (max-width: 640px) 100vw, 640px\" \/><\/p>\n<p>Und w\u00e4hrend du vielleicht gerade im T-Shirt die Sonne genie\u00dft und ein Eis isst, haben wir noch einmal unsere Winterkleidung angezogen und sind froh, dass wir unsere M\u00fctzen nicht vergessen haben.<br \/>\nDas liegt daran, dass Island sehr weit im Norden liegt. Gerade sind es hier 11 Grad. Und noch etwas ist ganz erstaunlich. Anfang Juli k\u00f6nnen wir gerade die \u201ehellen N\u00e4chte\u201c erleben und das bedeutet, dass es hier auch in der Nacht nicht dunkel wird.<\/p>\n<p><img loading=\"lazy\" decoding=\"async\" class=\"alignnone size-full wp-image-3180\" src=\"https:\/\/gtselbe.hamburg.de\/wp-content\/uploads\/sites\/13\/2024\/07\/Island02.jpg\" alt=\"\" width=\"480\" height=\"640\" srcset=\"https:\/\/gtselbe.hamburg.de\/wp-content\/uploads\/sites\/13\/2024\/07\/Island02.jpg 480w, https:\/\/gtselbe.hamburg.de\/wp-content\/uploads\/sites\/13\/2024\/07\/Island02-225x300.jpg 225w\" sizes=\"auto, (max-width: 480px) 100vw, 480px\" \/><\/p>\n<p>Hier in Island leben \u00fcbrigens mehr Schafe als Menschen. Und da die ja so viel Wolle haben und es so kalt ist, werden hier viele sch\u00f6ne kuschelige Pullover gestrickt mit tollen Mustern, wie du sie auf dem Pullover unten siehst.<\/p>\n<p><img loading=\"lazy\" decoding=\"async\" class=\"alignnone size-full wp-image-3181\" src=\"https:\/\/gtselbe.hamburg.de\/wp-content\/uploads\/sites\/13\/2024\/07\/Island03.jpg\" alt=\"\" width=\"480\" height=\"640\" srcset=\"https:\/\/gtselbe.hamburg.de\/wp-content\/uploads\/sites\/13\/2024\/07\/Island03.jpg 480w, https:\/\/gtselbe.hamburg.de\/wp-content\/uploads\/sites\/13\/2024\/07\/Island03-225x300.jpg 225w\" sizes=\"auto, (max-width: 480px) 100vw, 480px\" \/><\/p>\n<p>Wir sind nach Island gereist zu einer Fortbildung. Fortbildungen sind so etwas wie Schulunterricht f\u00fcr Erwachsene. Hier siehst du unsere Klasse, LehrerInnen aus Polen, Griechenland, Finnland, Schottland, Italien, Spanien, Slowenien und Deutschland. Alle in unserer Klasse m\u00f6chten noch mehr dar\u00fcber erfahren, was wir in der Schule machen k\u00f6nnen, damit ihr euch wohlf\u00fchlt und gut lernen k\u00f6nnt.<\/p>\n<p><img loading=\"lazy\" decoding=\"async\" class=\"alignnone size-large wp-image-3183\" src=\"https:\/\/gtselbe.hamburg.de\/wp-content\/uploads\/sites\/13\/2024\/07\/Island04-1-1024x768.jpg\" alt=\"\" width=\"525\" height=\"394\" srcset=\"https:\/\/gtselbe.hamburg.de\/wp-content\/uploads\/sites\/13\/2024\/07\/Island04-1-1024x768.jpg 1024w, https:\/\/gtselbe.hamburg.de\/wp-content\/uploads\/sites\/13\/2024\/07\/Island04-1-300x225.jpg 300w, https:\/\/gtselbe.hamburg.de\/wp-content\/uploads\/sites\/13\/2024\/07\/Island04-1-768x576.jpg 768w, https:\/\/gtselbe.hamburg.de\/wp-content\/uploads\/sites\/13\/2024\/07\/Island04-1.jpg 1280w\" sizes=\"auto, (max-width: 525px) 100vw, 525px\" \/><\/p>\n<p>Sport und Bewegung sind wichtig\u2026<\/p>\n<p><img loading=\"lazy\" decoding=\"async\" class=\"alignnone size-large wp-image-3184\" src=\"https:\/\/gtselbe.hamburg.de\/wp-content\/uploads\/sites\/13\/2024\/07\/Island05-1024x768.jpg\" alt=\"\" width=\"525\" height=\"394\" srcset=\"https:\/\/gtselbe.hamburg.de\/wp-content\/uploads\/sites\/13\/2024\/07\/Island05-1024x768.jpg 1024w, https:\/\/gtselbe.hamburg.de\/wp-content\/uploads\/sites\/13\/2024\/07\/Island05-300x225.jpg 300w, https:\/\/gtselbe.hamburg.de\/wp-content\/uploads\/sites\/13\/2024\/07\/Island05-768x576.jpg 768w, https:\/\/gtselbe.hamburg.de\/wp-content\/uploads\/sites\/13\/2024\/07\/Island05.jpg 1280w\" sizes=\"auto, (max-width: 525px) 100vw, 525px\" \/><\/p>\n<p>\u2026 und gute Gef\u00fchle sind wichtig, damit das mit dem Wohlf\u00fchlen und gut Lernen klappen kann. Weil die Menschen in unserer Klasse aus vielen verschiedenen L\u00e4ndern kommen und andere Sprachen haben, sprechen alle Englisch miteinander. Das siehst du am Bild unten.<\/p>\n<p><img loading=\"lazy\" decoding=\"async\" class=\"alignnone size-full wp-image-3185\" src=\"https:\/\/gtselbe.hamburg.de\/wp-content\/uploads\/sites\/13\/2024\/07\/Island06.jpg\" alt=\"\" width=\"360\" height=\"640\" srcset=\"https:\/\/gtselbe.hamburg.de\/wp-content\/uploads\/sites\/13\/2024\/07\/Island06.jpg 360w, https:\/\/gtselbe.hamburg.de\/wp-content\/uploads\/sites\/13\/2024\/07\/Island06-169x300.jpg 169w\" sizes=\"auto, (max-width: 360px) 100vw, 360px\" \/><\/p>\n<p>Spiele machen sehr viel Spa\u00df! Und Spiele erleichtern das Lernen. Das haben wir in unserem Unterricht nicht nur geh\u00f6rt, sondern auch selbst erfahren.<\/p>\n<p>Die Hauptstadt von Island hei\u00dft Reykjavik. Die Hallgr\u00edmskirkja auf dem Bild unten ist das bekannteste Geb\u00e4ude der Stadt. Die Kirche ist mit ihrem hohen Turm von allen Himmelsrichtungen aus gut sichtbar.<\/p>\n<p><img loading=\"lazy\" decoding=\"async\" class=\"alignnone size-full wp-image-3186\" src=\"https:\/\/gtselbe.hamburg.de\/wp-content\/uploads\/sites\/13\/2024\/07\/Island07.jpg\" alt=\"\" width=\"480\" height=\"640\" srcset=\"https:\/\/gtselbe.hamburg.de\/wp-content\/uploads\/sites\/13\/2024\/07\/Island07.jpg 480w, https:\/\/gtselbe.hamburg.de\/wp-content\/uploads\/sites\/13\/2024\/07\/Island07-225x300.jpg 225w\" sizes=\"auto, (max-width: 480px) 100vw, 480px\" \/><\/p>\n<p>Uns hat diese bunte Stra\u00dfe in Regenbogenfarben besonders gefallen.<\/p>\n<p><img loading=\"lazy\" decoding=\"async\" class=\"alignnone size-full wp-image-3187\" src=\"https:\/\/gtselbe.hamburg.de\/wp-content\/uploads\/sites\/13\/2024\/07\/Island08.jpg\" alt=\"\" width=\"480\" height=\"640\" srcset=\"https:\/\/gtselbe.hamburg.de\/wp-content\/uploads\/sites\/13\/2024\/07\/Island08.jpg 480w, https:\/\/gtselbe.hamburg.de\/wp-content\/uploads\/sites\/13\/2024\/07\/Island08-225x300.jpg 225w\" sizes=\"auto, (max-width: 480px) 100vw, 480px\" \/><\/p>\n<p>Island ist sehr ber\u00fchmt f\u00fcr seine Pferde, die man auch Isl\u00e4nder nennt. Diese Pferde k\u00f6nnen nicht nur Schritt, Trab und Galopp wie andere Pferde, sondern auch noch zwei andere Gangarten: T\u00f6lt und Pass.<\/p>\n<p><img loading=\"lazy\" decoding=\"async\" class=\"alignnone size-full wp-image-3189\" src=\"https:\/\/gtselbe.hamburg.de\/wp-content\/uploads\/sites\/13\/2024\/07\/Island09-1.jpg\" alt=\"\" width=\"640\" height=\"480\" srcset=\"https:\/\/gtselbe.hamburg.de\/wp-content\/uploads\/sites\/13\/2024\/07\/Island09-1.jpg 640w, https:\/\/gtselbe.hamburg.de\/wp-content\/uploads\/sites\/13\/2024\/07\/Island09-1-300x225.jpg 300w\" sizes=\"auto, (max-width: 640px) 100vw, 640px\" \/><\/p>\n<p>Die Natur in Island ist unglaublich sch\u00f6n und hat uns begeistert. Es gibt sehr viele Wasserf\u00e4lle. Gullfoss hei\u00dft dieser m\u00e4chtige Wasserfall, der zu den ber\u00fchmtesten Sehensw\u00fcrdigkeiten Islands z\u00e4hlt. Es war ganz sch\u00f6n kalt und st\u00fcrmisch dort.<\/p>\n<p>Vulkane sind auch sehr typisch f\u00fcr Island. Unten auf dem Bild siehst du einen Vulkankrater, der mit Wasser gef\u00fcllt ist. Vor 6500 ist hier ein Vulkan ausgebrochen. Steine aus dem Inneren der Erde kamen an die Oberfl\u00e4che und dabei war das Gestein so hei\u00df, dass es geschmolzen ist.<\/p>\n<p><img loading=\"lazy\" decoding=\"async\" class=\"alignnone size-full wp-image-3190\" src=\"https:\/\/gtselbe.hamburg.de\/wp-content\/uploads\/sites\/13\/2024\/07\/Island10.jpg\" alt=\"\" width=\"640\" height=\"480\" srcset=\"https:\/\/gtselbe.hamburg.de\/wp-content\/uploads\/sites\/13\/2024\/07\/Island10.jpg 640w, https:\/\/gtselbe.hamburg.de\/wp-content\/uploads\/sites\/13\/2024\/07\/Island10-300x225.jpg 300w\" sizes=\"auto, (max-width: 640px) 100vw, 640px\" \/><\/p>\n<p>Typisch f\u00fcr Island sind Geysire. Wir haben einen besichtigt. Etwa alle 6 Minuten ist aus diesem Geysir Wasser geschossen und zwar h\u00f6her als unsere Schule ist. Kannst du dir das vorstellen? Wir haben das beobachten d\u00fcrfen. Auf Island gibt es viele dieser Geysire. Das sieht wunderbar aus und manchmal auch witzig. Stehst du zu nah am Geysir, bist du vielleicht von oben bis unten nass gespritzt.<\/p>\n<p><img loading=\"lazy\" decoding=\"async\" class=\"alignnone size-large wp-image-3191\" src=\"https:\/\/gtselbe.hamburg.de\/wp-content\/uploads\/sites\/13\/2024\/07\/Island11-1024x768.jpg\" alt=\"\" width=\"525\" height=\"394\" srcset=\"https:\/\/gtselbe.hamburg.de\/wp-content\/uploads\/sites\/13\/2024\/07\/Island11-1024x768.jpg 1024w, https:\/\/gtselbe.hamburg.de\/wp-content\/uploads\/sites\/13\/2024\/07\/Island11-300x225.jpg 300w, https:\/\/gtselbe.hamburg.de\/wp-content\/uploads\/sites\/13\/2024\/07\/Island11-768x576.jpg 768w, https:\/\/gtselbe.hamburg.de\/wp-content\/uploads\/sites\/13\/2024\/07\/Island11-1536x1152.jpg 1536w, https:\/\/gtselbe.hamburg.de\/wp-content\/uploads\/sites\/13\/2024\/07\/Island11.jpg 1600w\" sizes=\"auto, (max-width: 525px) 100vw, 525px\" \/><\/p>\n<p>Hier steigt nicht etwa Nebel auf, sondern aus der Erde kommt hei\u00dfes Wasser, das verdunstet. Man darf es auf keinen Fall anfassen, denn man k\u00f6nnte sich die Finger verbrennen.<\/p>\n<p><img loading=\"lazy\" decoding=\"async\" class=\"alignnone size-full wp-image-3192\" src=\"https:\/\/gtselbe.hamburg.de\/wp-content\/uploads\/sites\/13\/2024\/07\/Island12.jpg\" alt=\"\" width=\"480\" height=\"640\" srcset=\"https:\/\/gtselbe.hamburg.de\/wp-content\/uploads\/sites\/13\/2024\/07\/Island12.jpg 480w, https:\/\/gtselbe.hamburg.de\/wp-content\/uploads\/sites\/13\/2024\/07\/Island12-225x300.jpg 225w\" sizes=\"auto, (max-width: 480px) 100vw, 480px\" \/><\/p>\n<p>So, nun hast du etwas \u00fcber Island und \u00fcber \u201eSchule f\u00fcr LehrerInnen\u201c erfahren. Wir hatten eine tolle Zeit da. Nat\u00fcrlich haben wir viel an euch gedacht und freuen uns riesig, euch wiederzusehen.<\/p>\n<p>Eure Frau Sanders und Frau Krahnefeld<\/p>\n","protected":false},"excerpt":{"rendered":"<p>Frau Sanders und Frau Krahnefeld sind auf Island Unser Bericht aus Island 07. Juli 2024: W\u00e4hrend sich viele Fu\u00dfballprofis und Fans aus ganz Europa in Deutschland tummeln, sammeln sich zeitgleich viele LehrerInnen an diesem Tag in Island und wir sind dabei: Frau Sanders und Frau Krahnefeld. Hier siehst du die Umrisse der Insel und das &hellip; <\/p>\n<p class=\"link-more\"><a href=\"https:\/\/gtselbe.hamburg.de\/?page_id=3177\" class=\"more-link\"><span class=\"screen-reader-text\">\u201eErasmus+: Juli 2024 &#8211; Island\u201c <\/span>weiterlesen<\/a><\/p>\n","protected":false},"author":1587,"featured_media":0,"parent":0,"menu_order":0,"comment_status":"closed","ping_status":"closed","template":"","meta":{"_acf_changed":false,"footnotes":""},"class_list":["post-3177","page","type-page","status-publish","hentry"],"acf":[],"_links":{"self":[{"href":"https:\/\/gtselbe.hamburg.de\/index.php?rest_route=\/wp\/v2\/pages\/3177","targetHints":{"allow":["GET"]}}],"collection":[{"href":"https:\/\/gtselbe.hamburg.de\/index.php?rest_route=\/wp\/v2\/pages"}],"about":[{"href":"https:\/\/gtselbe.hamburg.de\/index.php?rest_route=\/wp\/v2\/types\/page"}],"author":[{"embeddable":true,"href":"https:\/\/gtselbe.hamburg.de\/index.php?rest_route=\/wp\/v2\/users\/1587"}],"replies":[{"embeddable":true,"href":"https:\/\/gtselbe.hamburg.de\/index.php?rest_route=%2Fwp%2Fv2%2Fcomments&post=3177"}],"version-history":[{"count":3,"href":"https:\/\/gtselbe.hamburg.de\/index.php?rest_route=\/wp\/v2\/pages\/3177\/revisions"}],"predecessor-version":[{"id":3194,"href":"https:\/\/gtselbe.hamburg.de\/index.php?rest_route=\/wp\/v2\/pages\/3177\/revisions\/3194"}],"wp:attachment":[{"href":"https:\/\/gtselbe.hamburg.de\/index.php?rest_route=%2Fwp%2Fv2%2Fmedia&parent=3177"}],"curies":[{"name":"wp","href":"https:\/\/api.w.org\/{rel}","templated":true}]}}