{"id":3288,"date":"2024-10-09T09:09:45","date_gmt":"2024-10-09T07:09:45","guid":{"rendered":"https:\/\/gtselbe.hamburg.de\/?page_id=3288"},"modified":"2024-10-09T09:09:45","modified_gmt":"2024-10-09T07:09:45","slug":"schul-alltag-08-10-2024-teammate","status":"publish","type":"page","link":"https:\/\/gtselbe.hamburg.de\/?page_id=3288","title":{"rendered":"Schul-Alltag: 08.10.2024 &#8211; Teammate"},"content":{"rendered":"<p>Am 08.10.2024 haben sich die Kinder der 3a, 3b und der 4. Klasse kurz nach Schulbeginn auf den Weg nach Wilhelmsburg gemacht. Ziel war die Inselparkarena, die Heimspielhalle der \u201eVeolia Towers Hamburg\u201c. In der Arena wurden wir von einigen Trainern der Towers begr\u00fc\u00dft, dann stand auch schon ein kurzes Aufw\u00e4rmspiel auf dem Programm.<\/p>\n<p>Herr Hinkel hatte uns f\u00fcr die Verlosung im Rahmen der Aktion \u201ebe a teammate\u201c Basketballtag f\u00fcr die 3. Und 4. Klassen angemeldet und unsere Schule wurde tats\u00e4chlich ausgelost.<\/p>\n<p>Nach einer Trainingseinheit haben wir mehrere kurze Turniere in gemischten Teams \u00a0mit den Kindern der anderen Schulen gespielt.<\/p>\n<p>Ein au\u00dferplanm\u00e4\u00dfiger Probealarm hat dabei f\u00fcr eine Unterbrechung gesorgt, wir mussten die Spiele kurz stoppen und den Alarm abwarten. Danach konnte es endlich weitergehen.<\/p>\n<p>Nach einer kurzen Verabschiedung wartete noch eine \u00dcberraschung auf uns. Willi, der Waschb\u00e4r und Maskottchen der Towers, schaute noch einmal kurz vorbei und lie\u00df sich von vielen begeisterten Kindern umarmen.<\/p>\n<p>Nach einem kurzen Mittagssnack auf der Zuschauertrib\u00fcne machten wir uns nach einem spannenden Vormittag auf den R\u00fcckweg zur Schule. Was f\u00fcr ein tolles Erlebnis!<\/p>\n<p><img loading=\"lazy\" decoding=\"async\" class=\"alignnone size-full wp-image-3289\" src=\"https:\/\/gtselbe.hamburg.de\/wp-content\/uploads\/sites\/13\/2024\/10\/teammate3.jpg\" alt=\"\" width=\"480\" height=\"640\" srcset=\"https:\/\/gtselbe.hamburg.de\/wp-content\/uploads\/sites\/13\/2024\/10\/teammate3.jpg 480w, https:\/\/gtselbe.hamburg.de\/wp-content\/uploads\/sites\/13\/2024\/10\/teammate3-225x300.jpg 225w\" sizes=\"auto, (max-width: 480px) 100vw, 480px\" \/> <img loading=\"lazy\" decoding=\"async\" class=\"alignnone size-large wp-image-3290\" src=\"https:\/\/gtselbe.hamburg.de\/wp-content\/uploads\/sites\/13\/2024\/10\/teammate4.jpg\" alt=\"\" width=\"480\" height=\"640\" srcset=\"https:\/\/gtselbe.hamburg.de\/wp-content\/uploads\/sites\/13\/2024\/10\/teammate4.jpg 480w, https:\/\/gtselbe.hamburg.de\/wp-content\/uploads\/sites\/13\/2024\/10\/teammate4-225x300.jpg 225w\" sizes=\"auto, (max-width: 480px) 100vw, 480px\" \/> <img loading=\"lazy\" decoding=\"async\" class=\"alignnone size-large wp-image-3291\" src=\"https:\/\/gtselbe.hamburg.de\/wp-content\/uploads\/sites\/13\/2024\/10\/teammate5.jpg\" alt=\"\" width=\"480\" height=\"640\" srcset=\"https:\/\/gtselbe.hamburg.de\/wp-content\/uploads\/sites\/13\/2024\/10\/teammate5.jpg 480w, https:\/\/gtselbe.hamburg.de\/wp-content\/uploads\/sites\/13\/2024\/10\/teammate5-225x300.jpg 225w\" sizes=\"auto, (max-width: 480px) 100vw, 480px\" \/> <img loading=\"lazy\" decoding=\"async\" class=\"alignnone size-large wp-image-3292\" src=\"https:\/\/gtselbe.hamburg.de\/wp-content\/uploads\/sites\/13\/2024\/10\/teammate6.jpg\" alt=\"\" width=\"480\" height=\"640\" srcset=\"https:\/\/gtselbe.hamburg.de\/wp-content\/uploads\/sites\/13\/2024\/10\/teammate6.jpg 480w, https:\/\/gtselbe.hamburg.de\/wp-content\/uploads\/sites\/13\/2024\/10\/teammate6-225x300.jpg 225w\" sizes=\"auto, (max-width: 480px) 100vw, 480px\" \/> <img loading=\"lazy\" decoding=\"async\" class=\"alignnone size-large wp-image-3293\" src=\"https:\/\/gtselbe.hamburg.de\/wp-content\/uploads\/sites\/13\/2024\/10\/teammate7.jpg\" alt=\"\" width=\"480\" height=\"640\" srcset=\"https:\/\/gtselbe.hamburg.de\/wp-content\/uploads\/sites\/13\/2024\/10\/teammate7.jpg 480w, https:\/\/gtselbe.hamburg.de\/wp-content\/uploads\/sites\/13\/2024\/10\/teammate7-225x300.jpg 225w\" sizes=\"auto, (max-width: 480px) 100vw, 480px\" \/> <img loading=\"lazy\" decoding=\"async\" class=\"alignnone size-large wp-image-3294\" src=\"https:\/\/gtselbe.hamburg.de\/wp-content\/uploads\/sites\/13\/2024\/10\/teammate8.jpg\" alt=\"\" width=\"480\" height=\"640\" srcset=\"https:\/\/gtselbe.hamburg.de\/wp-content\/uploads\/sites\/13\/2024\/10\/teammate8.jpg 480w, https:\/\/gtselbe.hamburg.de\/wp-content\/uploads\/sites\/13\/2024\/10\/teammate8-225x300.jpg 225w\" sizes=\"auto, (max-width: 480px) 100vw, 480px\" \/> <img loading=\"lazy\" decoding=\"async\" class=\"alignnone size-large wp-image-3295\" src=\"https:\/\/gtselbe.hamburg.de\/wp-content\/uploads\/sites\/13\/2024\/10\/teammate9.jpg\" alt=\"\" width=\"480\" height=\"640\" srcset=\"https:\/\/gtselbe.hamburg.de\/wp-content\/uploads\/sites\/13\/2024\/10\/teammate9.jpg 480w, https:\/\/gtselbe.hamburg.de\/wp-content\/uploads\/sites\/13\/2024\/10\/teammate9-225x300.jpg 225w\" sizes=\"auto, (max-width: 480px) 100vw, 480px\" \/> <img loading=\"lazy\" decoding=\"async\" class=\"alignnone size-large wp-image-3296\" src=\"https:\/\/gtselbe.hamburg.de\/wp-content\/uploads\/sites\/13\/2024\/10\/teammate1.jpg\" alt=\"\" width=\"525\" height=\"394\" srcset=\"https:\/\/gtselbe.hamburg.de\/wp-content\/uploads\/sites\/13\/2024\/10\/teammate1.jpg 640w, https:\/\/gtselbe.hamburg.de\/wp-content\/uploads\/sites\/13\/2024\/10\/teammate1-300x225.jpg 300w\" sizes=\"auto, (max-width: 525px) 100vw, 525px\" \/> <img loading=\"lazy\" decoding=\"async\" class=\"alignnone size-large wp-image-3297\" src=\"https:\/\/gtselbe.hamburg.de\/wp-content\/uploads\/sites\/13\/2024\/10\/teammate2.jpg\" alt=\"\" width=\"525\" height=\"394\" srcset=\"https:\/\/gtselbe.hamburg.de\/wp-content\/uploads\/sites\/13\/2024\/10\/teammate2.jpg 640w, https:\/\/gtselbe.hamburg.de\/wp-content\/uploads\/sites\/13\/2024\/10\/teammate2-300x225.jpg 300w\" sizes=\"auto, (max-width: 525px) 100vw, 525px\" \/><\/p>\n","protected":false},"excerpt":{"rendered":"<p>Am 08.10.2024 haben sich die Kinder der 3a, 3b und der 4. Klasse kurz nach Schulbeginn auf den Weg nach Wilhelmsburg gemacht. Ziel war die Inselparkarena, die Heimspielhalle der \u201eVeolia Towers Hamburg\u201c. In der Arena wurden wir von einigen Trainern der Towers begr\u00fc\u00dft, dann stand auch schon ein kurzes Aufw\u00e4rmspiel auf dem Programm. Herr Hinkel &hellip; <\/p>\n<p class=\"link-more\"><a href=\"https:\/\/gtselbe.hamburg.de\/?page_id=3288\" class=\"more-link\"><span class=\"screen-reader-text\">\u201eSchul-Alltag: 08.10.2024 &#8211; Teammate\u201c <\/span>weiterlesen<\/a><\/p>\n","protected":false},"author":1587,"featured_media":0,"parent":0,"menu_order":0,"comment_status":"closed","ping_status":"closed","template":"","meta":{"_acf_changed":false,"footnotes":""},"class_list":["post-3288","page","type-page","status-publish","hentry"],"acf":[],"_links":{"self":[{"href":"https:\/\/gtselbe.hamburg.de\/index.php?rest_route=\/wp\/v2\/pages\/3288","targetHints":{"allow":["GET"]}}],"collection":[{"href":"https:\/\/gtselbe.hamburg.de\/index.php?rest_route=\/wp\/v2\/pages"}],"about":[{"href":"https:\/\/gtselbe.hamburg.de\/index.php?rest_route=\/wp\/v2\/types\/page"}],"author":[{"embeddable":true,"href":"https:\/\/gtselbe.hamburg.de\/index.php?rest_route=\/wp\/v2\/users\/1587"}],"replies":[{"embeddable":true,"href":"https:\/\/gtselbe.hamburg.de\/index.php?rest_route=%2Fwp%2Fv2%2Fcomments&post=3288"}],"version-history":[{"count":1,"href":"https:\/\/gtselbe.hamburg.de\/index.php?rest_route=\/wp\/v2\/pages\/3288\/revisions"}],"predecessor-version":[{"id":3298,"href":"https:\/\/gtselbe.hamburg.de\/index.php?rest_route=\/wp\/v2\/pages\/3288\/revisions\/3298"}],"wp:attachment":[{"href":"https:\/\/gtselbe.hamburg.de\/index.php?rest_route=%2Fwp%2Fv2%2Fmedia&parent=3288"}],"curies":[{"name":"wp","href":"https:\/\/api.w.org\/{rel}","templated":true}]}}