{"id":33,"date":"2015-01-06T20:18:32","date_gmt":"2015-01-06T19:18:32","guid":{"rendered":"http:\/\/gtselbe.schulhomepages.hamburg.de\/?page_id=33"},"modified":"2015-01-06T20:18:32","modified_gmt":"2015-01-06T19:18:32","slug":"schulleben","status":"publish","type":"page","link":"https:\/\/gtselbe.hamburg.de\/?page_id=33","title":{"rendered":"Schulleben"},"content":{"rendered":"<p>Besonderes Augenmerk in unserem Schulleben legen wir auf Aktivit\u00e4ten, die innerhalb der Klasse, des Jahrgangs oder f\u00fcr die gesamte Schule stattfinden. Hierzu z\u00e4hlen folgende Aktivit\u00e4ten:<\/p>\n<p>&#8211; monatlich stattfindender, jahrgangs\u00fcbergreifender Lesezauber<\/p>\n<p>&#8211; Lesefest<\/p>\n<p>&#8211; Theaterauff\u00fchrungen aller Klassen und der zus\u00e4tzlichen Theaterkurse<\/p>\n<p>&#8211; gemeinsame Theaterbesuche<\/p>\n<p>&#8211; Adventssingen<\/p>\n<p>&#8211; Schulkreismusizieren<\/p>\n<p>&#8211; Auff\u00fchrungen der Musikgruppen<\/p>\n<p>&#8211; Brennballturnier<\/p>\n<p>&#8211; Fu\u00dfballturnier<\/p>\n<p>&#8211; Fr\u00fchlingsl\u00e4ufe<\/p>\n<p>&#8211; Teilnahme an Sportturnieren au\u00dferschulischer Anbieter<\/p>\n<p>&#8211; Bundesjugendspiele<\/p>\n<p>&#8211; Klassenfahrten<\/p>\n<p>&#8211; Backen auf den M\u00e4rchenschiffen<\/p>\n<p>&#8211; Halloween in den 4. Klassen<\/p>\n<p>&#8211; Fasching<\/p>\n<p>&#8211; Projektwoche<\/p>\n<p>&#8211; Laternenfest mit Waffeln, W\u00fcrstchen und Musik<\/p>\n<p>&#8211; jahreszeitliche Schulausfl\u00fcge<\/p>\n<p>&#8211; umfangreiches Ferienprogramm<\/p>\n<p>&#8211; und vieles mehr.<\/p>\n<p><strong><b>\u00a0<\/b><\/strong><\/p>\n","protected":false},"excerpt":{"rendered":"<p>Besonderes Augenmerk in unserem Schulleben legen wir auf Aktivit\u00e4ten, die innerhalb der Klasse, des Jahrgangs oder f\u00fcr die gesamte Schule stattfinden. Hierzu z\u00e4hlen folgende Aktivit\u00e4ten: &#8211; monatlich stattfindender, jahrgangs\u00fcbergreifender Lesezauber &#8211; Lesefest &#8211; Theaterauff\u00fchrungen aller Klassen und der zus\u00e4tzlichen Theaterkurse &#8211; gemeinsame Theaterbesuche &#8211; Adventssingen &#8211; Schulkreismusizieren &#8211; Auff\u00fchrungen der Musikgruppen &#8211; Brennballturnier &#8211; Fu\u00dfballturnier &hellip; <\/p>\n<p class=\"link-more\"><a href=\"https:\/\/gtselbe.hamburg.de\/?page_id=33\" class=\"more-link\"><span class=\"screen-reader-text\">\u201eSchulleben\u201c <\/span>weiterlesen<\/a><\/p>\n","protected":false},"author":8,"featured_media":0,"parent":0,"menu_order":0,"comment_status":"open","ping_status":"closed","template":"","meta":{"_acf_changed":false,"footnotes":""},"class_list":["post-33","page","type-page","status-publish","hentry"],"acf":[],"_links":{"self":[{"href":"https:\/\/gtselbe.hamburg.de\/index.php?rest_route=\/wp\/v2\/pages\/33","targetHints":{"allow":["GET"]}}],"collection":[{"href":"https:\/\/gtselbe.hamburg.de\/index.php?rest_route=\/wp\/v2\/pages"}],"about":[{"href":"https:\/\/gtselbe.hamburg.de\/index.php?rest_route=\/wp\/v2\/types\/page"}],"author":[{"embeddable":true,"href":"https:\/\/gtselbe.hamburg.de\/index.php?rest_route=\/wp\/v2\/users\/8"}],"replies":[{"embeddable":true,"href":"https:\/\/gtselbe.hamburg.de\/index.php?rest_route=%2Fwp%2Fv2%2Fcomments&post=33"}],"version-history":[{"count":0,"href":"https:\/\/gtselbe.hamburg.de\/index.php?rest_route=\/wp\/v2\/pages\/33\/revisions"}],"wp:attachment":[{"href":"https:\/\/gtselbe.hamburg.de\/index.php?rest_route=%2Fwp%2Fv2%2Fmedia&parent=33"}],"curies":[{"name":"wp","href":"https:\/\/api.w.org\/{rel}","templated":true}]}}