{"id":3301,"date":"2024-10-25T14:38:01","date_gmt":"2024-10-25T12:38:01","guid":{"rendered":"https:\/\/gtselbe.hamburg.de\/?page_id=3301"},"modified":"2024-10-25T14:38:01","modified_gmt":"2024-10-25T12:38:01","slug":"schul-alltag-15-10-2024-buecherhalle","status":"publish","type":"page","link":"https:\/\/gtselbe.hamburg.de\/?page_id=3301","title":{"rendered":"Schul-Alltag: 15.10.2024 &#8211; B\u00fccherhalle"},"content":{"rendered":"<p>Klasse 2a<\/p>\n<p>Am Dienstag waren wir bei einer Lesung der Autorin Tina Blase.<\/p>\n<p>In &#8222;Die Geisterhelfer \u2013 Traue sich, wer kann&#8220; haben wir ein spannendes Abenteuer erlebt. Die Autorin las selbst vor und sorgte dabei f\u00fcr viel Freude. Sie f\u00fchrte uns in die geheimnisvolle Welt der Geister ein und stellte uns die mutigen Hauptakteure vor. Die Lesung weckte unsere Fantasie und ermutigte uns, \u00c4ngste zu \u00fcberwinden und auf die Unterst\u00fctzung anderer zu vertrauen.<\/p>\n<p>Wir sind sehr neugierig geworden, welche Aufgaben die Geisterhelfer noch bekommen werden, und haben uns daher das Buch f\u00fcr die Klasse ausgeliehen.<\/p>\n<p><img loading=\"lazy\" decoding=\"async\" class=\"alignnone size-large wp-image-3302\" src=\"https:\/\/gtselbe.hamburg.de\/wp-content\/uploads\/sites\/13\/2024\/10\/IMG_7604-1024x768.jpeg\" alt=\"\" width=\"525\" height=\"394\" srcset=\"https:\/\/gtselbe.hamburg.de\/wp-content\/uploads\/sites\/13\/2024\/10\/IMG_7604-1024x768.jpeg 1024w, https:\/\/gtselbe.hamburg.de\/wp-content\/uploads\/sites\/13\/2024\/10\/IMG_7604-300x225.jpeg 300w, https:\/\/gtselbe.hamburg.de\/wp-content\/uploads\/sites\/13\/2024\/10\/IMG_7604-768x576.jpeg 768w, https:\/\/gtselbe.hamburg.de\/wp-content\/uploads\/sites\/13\/2024\/10\/IMG_7604-1536x1152.jpeg 1536w, https:\/\/gtselbe.hamburg.de\/wp-content\/uploads\/sites\/13\/2024\/10\/IMG_7604.jpeg 2048w\" sizes=\"auto, (max-width: 525px) 100vw, 525px\" \/><\/p>\n","protected":false},"excerpt":{"rendered":"<p>Klasse 2a Am Dienstag waren wir bei einer Lesung der Autorin Tina Blase. In &#8222;Die Geisterhelfer \u2013 Traue sich, wer kann&#8220; haben wir ein spannendes Abenteuer erlebt. Die Autorin las selbst vor und sorgte dabei f\u00fcr viel Freude. Sie f\u00fchrte uns in die geheimnisvolle Welt der Geister ein und stellte uns die mutigen Hauptakteure vor. &hellip; <\/p>\n<p class=\"link-more\"><a href=\"https:\/\/gtselbe.hamburg.de\/?page_id=3301\" class=\"more-link\"><span class=\"screen-reader-text\">\u201eSchul-Alltag: 15.10.2024 &#8211; B\u00fccherhalle\u201c <\/span>weiterlesen<\/a><\/p>\n","protected":false},"author":1587,"featured_media":0,"parent":0,"menu_order":0,"comment_status":"closed","ping_status":"closed","template":"","meta":{"_acf_changed":false,"footnotes":""},"class_list":["post-3301","page","type-page","status-publish","hentry"],"acf":[],"_links":{"self":[{"href":"https:\/\/gtselbe.hamburg.de\/index.php?rest_route=\/wp\/v2\/pages\/3301","targetHints":{"allow":["GET"]}}],"collection":[{"href":"https:\/\/gtselbe.hamburg.de\/index.php?rest_route=\/wp\/v2\/pages"}],"about":[{"href":"https:\/\/gtselbe.hamburg.de\/index.php?rest_route=\/wp\/v2\/types\/page"}],"author":[{"embeddable":true,"href":"https:\/\/gtselbe.hamburg.de\/index.php?rest_route=\/wp\/v2\/users\/1587"}],"replies":[{"embeddable":true,"href":"https:\/\/gtselbe.hamburg.de\/index.php?rest_route=%2Fwp%2Fv2%2Fcomments&post=3301"}],"version-history":[{"count":1,"href":"https:\/\/gtselbe.hamburg.de\/index.php?rest_route=\/wp\/v2\/pages\/3301\/revisions"}],"predecessor-version":[{"id":3303,"href":"https:\/\/gtselbe.hamburg.de\/index.php?rest_route=\/wp\/v2\/pages\/3301\/revisions\/3303"}],"wp:attachment":[{"href":"https:\/\/gtselbe.hamburg.de\/index.php?rest_route=%2Fwp%2Fv2%2Fmedia&parent=3301"}],"curies":[{"name":"wp","href":"https:\/\/api.w.org\/{rel}","templated":true}]}}