{"id":3304,"date":"2024-10-25T14:39:35","date_gmt":"2024-10-25T12:39:35","guid":{"rendered":"https:\/\/gtselbe.hamburg.de\/?page_id=3304"},"modified":"2024-10-25T14:39:35","modified_gmt":"2024-10-25T12:39:35","slug":"schul-alltag-13-09-2024-schnippel-disco","status":"publish","type":"page","link":"https:\/\/gtselbe.hamburg.de\/?page_id=3304","title":{"rendered":"Schul-Alltag: 13.09.2024 &#8211; Schnippel-Disco"},"content":{"rendered":"<p>Klasse 2a<\/p>\n<p>Letzte Woche haben wir (Klasse 2a) einen Ausflug zum Oberhafen unternommen, um an der Schnippel-Disco teilzunehmen. Wir wurden herzlich empfangen und haben bei einem Gem\u00fcsequiz viele verschiedene Gem\u00fcsesorten kennengelernt.<\/p>\n<p>Bevor wir mit dem Schneiden des Gem\u00fcses begonnen haben, wurde uns erkl\u00e4rt, wie die \u201eTigerkralle\u201c funktioniert und welche Vorteile sie bietet. Das Gem\u00fcseschneiden hat allen gro\u00dfen Spa\u00df gemacht, doch der H\u00f6hepunkt war eindeutig die anschlie\u00dfende Disco: laute Musik, fr\u00f6hliche Stimmung und jede Menge Spa\u00df. Den Ausflug haben wir schlie\u00dflich mit einem gemeinsamen Essen abgerundet. Unsere selbstgemachte Suppe ist uns richtig gut gelungen!<\/p>\n<p><img loading=\"lazy\" decoding=\"async\" class=\"alignnone size-large wp-image-3305\" src=\"https:\/\/gtselbe.hamburg.de\/wp-content\/uploads\/sites\/13\/2024\/10\/IMG_7061-1024x850.jpeg\" alt=\"\" width=\"525\" height=\"436\" srcset=\"https:\/\/gtselbe.hamburg.de\/wp-content\/uploads\/sites\/13\/2024\/10\/IMG_7061-1024x850.jpeg 1024w, https:\/\/gtselbe.hamburg.de\/wp-content\/uploads\/sites\/13\/2024\/10\/IMG_7061-300x249.jpeg 300w, https:\/\/gtselbe.hamburg.de\/wp-content\/uploads\/sites\/13\/2024\/10\/IMG_7061-768x638.jpeg 768w, https:\/\/gtselbe.hamburg.de\/wp-content\/uploads\/sites\/13\/2024\/10\/IMG_7061-1536x1275.jpeg 1536w, https:\/\/gtselbe.hamburg.de\/wp-content\/uploads\/sites\/13\/2024\/10\/IMG_7061.jpeg 2048w\" sizes=\"auto, (max-width: 525px) 100vw, 525px\" \/><\/p>\n","protected":false},"excerpt":{"rendered":"<p>Klasse 2a Letzte Woche haben wir (Klasse 2a) einen Ausflug zum Oberhafen unternommen, um an der Schnippel-Disco teilzunehmen. Wir wurden herzlich empfangen und haben bei einem Gem\u00fcsequiz viele verschiedene Gem\u00fcsesorten kennengelernt. Bevor wir mit dem Schneiden des Gem\u00fcses begonnen haben, wurde uns erkl\u00e4rt, wie die \u201eTigerkralle\u201c funktioniert und welche Vorteile sie bietet. Das Gem\u00fcseschneiden hat &hellip; <\/p>\n<p class=\"link-more\"><a href=\"https:\/\/gtselbe.hamburg.de\/?page_id=3304\" class=\"more-link\"><span class=\"screen-reader-text\">\u201eSchul-Alltag: 13.09.2024 &#8211; Schnippel-Disco\u201c <\/span>weiterlesen<\/a><\/p>\n","protected":false},"author":1587,"featured_media":0,"parent":0,"menu_order":0,"comment_status":"closed","ping_status":"closed","template":"","meta":{"_acf_changed":false,"footnotes":""},"class_list":["post-3304","page","type-page","status-publish","hentry"],"acf":[],"_links":{"self":[{"href":"https:\/\/gtselbe.hamburg.de\/index.php?rest_route=\/wp\/v2\/pages\/3304","targetHints":{"allow":["GET"]}}],"collection":[{"href":"https:\/\/gtselbe.hamburg.de\/index.php?rest_route=\/wp\/v2\/pages"}],"about":[{"href":"https:\/\/gtselbe.hamburg.de\/index.php?rest_route=\/wp\/v2\/types\/page"}],"author":[{"embeddable":true,"href":"https:\/\/gtselbe.hamburg.de\/index.php?rest_route=\/wp\/v2\/users\/1587"}],"replies":[{"embeddable":true,"href":"https:\/\/gtselbe.hamburg.de\/index.php?rest_route=%2Fwp%2Fv2%2Fcomments&post=3304"}],"version-history":[{"count":1,"href":"https:\/\/gtselbe.hamburg.de\/index.php?rest_route=\/wp\/v2\/pages\/3304\/revisions"}],"predecessor-version":[{"id":3306,"href":"https:\/\/gtselbe.hamburg.de\/index.php?rest_route=\/wp\/v2\/pages\/3304\/revisions\/3306"}],"wp:attachment":[{"href":"https:\/\/gtselbe.hamburg.de\/index.php?rest_route=%2Fwp%2Fv2%2Fmedia&parent=3304"}],"curies":[{"name":"wp","href":"https:\/\/api.w.org\/{rel}","templated":true}]}}