{"id":3331,"date":"2024-10-25T14:52:55","date_gmt":"2024-10-25T12:52:55","guid":{"rendered":"https:\/\/gtselbe.hamburg.de\/?page_id=3331"},"modified":"2024-10-25T14:52:55","modified_gmt":"2024-10-25T12:52:55","slug":"schul-alltag-05-09-2024-kinderbuchhaus","status":"publish","type":"page","link":"https:\/\/gtselbe.hamburg.de\/?page_id=3331","title":{"rendered":"Schul-Alltag: 05.09.2024 &#8211; Kinderbuchhaus"},"content":{"rendered":"<p>Klassen 3a, 3b<\/p>\n<p>Auftritt im Kinderbuchhaus<\/p>\n<p>Schon in vergangenen Jahr haben die Klassen 3a und 3b passend zum Buch \u201eHerr Fuchs mag B\u00fccher\u201c einen Tanz einstudiert und an einer Aktion des Vereins Seiteneinsteiger e.V. teilgenommen. \u00dcberraschend kam dann die Nachricht der Autorin Franziska Biermann: man w\u00fcrde sich freuen, wenn die Kinder den Tanz nochmal zur Er\u00f6ffnung des Kinderbuchhauses im Altonaer Museum auff\u00fchren k\u00f6nnten. Dies lie\u00dfen sich die \u201eF\u00fcchse\u201c nicht zweimal sagen und \u00fcbten flei\u00dfig weiter an der Choreographie. Passend zur Er\u00f6ffnung sa\u00dfen dann alle Tanzschritte und der Auftritt r\u00fcckte n\u00e4her. Und auch Lampenfieber machte sich breit. Am Ende legten die \u201eF\u00fcchse\u201c eine nahezu fehlerfreie Performance vor fast 300 Zuschauerinnen und Zuschauern hin.<\/p>\n<p><img loading=\"lazy\" decoding=\"async\" class=\"alignnone size-large wp-image-3332\" src=\"https:\/\/gtselbe.hamburg.de\/wp-content\/uploads\/sites\/13\/2024\/10\/16f5e827-eea0-4f69-977d-7103d49a9931-1024x768.jpeg\" alt=\"\" width=\"525\" height=\"394\" srcset=\"https:\/\/gtselbe.hamburg.de\/wp-content\/uploads\/sites\/13\/2024\/10\/16f5e827-eea0-4f69-977d-7103d49a9931-1024x768.jpeg 1024w, https:\/\/gtselbe.hamburg.de\/wp-content\/uploads\/sites\/13\/2024\/10\/16f5e827-eea0-4f69-977d-7103d49a9931-300x225.jpeg 300w, https:\/\/gtselbe.hamburg.de\/wp-content\/uploads\/sites\/13\/2024\/10\/16f5e827-eea0-4f69-977d-7103d49a9931-768x576.jpeg 768w, https:\/\/gtselbe.hamburg.de\/wp-content\/uploads\/sites\/13\/2024\/10\/16f5e827-eea0-4f69-977d-7103d49a9931-1536x1152.jpeg 1536w, https:\/\/gtselbe.hamburg.de\/wp-content\/uploads\/sites\/13\/2024\/10\/16f5e827-eea0-4f69-977d-7103d49a9931.jpeg 2016w\" sizes=\"auto, (max-width: 525px) 100vw, 525px\" \/> <img loading=\"lazy\" decoding=\"async\" class=\"alignnone size-large wp-image-3333\" src=\"https:\/\/gtselbe.hamburg.de\/wp-content\/uploads\/sites\/13\/2024\/10\/IMG_3429-1024x768.jpeg\" alt=\"\" width=\"525\" height=\"394\" srcset=\"https:\/\/gtselbe.hamburg.de\/wp-content\/uploads\/sites\/13\/2024\/10\/IMG_3429-1024x768.jpeg 1024w, https:\/\/gtselbe.hamburg.de\/wp-content\/uploads\/sites\/13\/2024\/10\/IMG_3429-300x225.jpeg 300w, https:\/\/gtselbe.hamburg.de\/wp-content\/uploads\/sites\/13\/2024\/10\/IMG_3429-768x576.jpeg 768w, https:\/\/gtselbe.hamburg.de\/wp-content\/uploads\/sites\/13\/2024\/10\/IMG_3429-1536x1152.jpeg 1536w, https:\/\/gtselbe.hamburg.de\/wp-content\/uploads\/sites\/13\/2024\/10\/IMG_3429.jpeg 2048w\" sizes=\"auto, (max-width: 525px) 100vw, 525px\" \/><\/p>\n","protected":false},"excerpt":{"rendered":"<p>Klassen 3a, 3b Auftritt im Kinderbuchhaus Schon in vergangenen Jahr haben die Klassen 3a und 3b passend zum Buch \u201eHerr Fuchs mag B\u00fccher\u201c einen Tanz einstudiert und an einer Aktion des Vereins Seiteneinsteiger e.V. teilgenommen. \u00dcberraschend kam dann die Nachricht der Autorin Franziska Biermann: man w\u00fcrde sich freuen, wenn die Kinder den Tanz nochmal zur &hellip; <\/p>\n<p class=\"link-more\"><a href=\"https:\/\/gtselbe.hamburg.de\/?page_id=3331\" class=\"more-link\"><span class=\"screen-reader-text\">\u201eSchul-Alltag: 05.09.2024 &#8211; Kinderbuchhaus\u201c <\/span>weiterlesen<\/a><\/p>\n","protected":false},"author":1587,"featured_media":0,"parent":0,"menu_order":0,"comment_status":"closed","ping_status":"closed","template":"","meta":{"_acf_changed":false,"footnotes":""},"class_list":["post-3331","page","type-page","status-publish","hentry"],"acf":[],"_links":{"self":[{"href":"https:\/\/gtselbe.hamburg.de\/index.php?rest_route=\/wp\/v2\/pages\/3331","targetHints":{"allow":["GET"]}}],"collection":[{"href":"https:\/\/gtselbe.hamburg.de\/index.php?rest_route=\/wp\/v2\/pages"}],"about":[{"href":"https:\/\/gtselbe.hamburg.de\/index.php?rest_route=\/wp\/v2\/types\/page"}],"author":[{"embeddable":true,"href":"https:\/\/gtselbe.hamburg.de\/index.php?rest_route=\/wp\/v2\/users\/1587"}],"replies":[{"embeddable":true,"href":"https:\/\/gtselbe.hamburg.de\/index.php?rest_route=%2Fwp%2Fv2%2Fcomments&post=3331"}],"version-history":[{"count":1,"href":"https:\/\/gtselbe.hamburg.de\/index.php?rest_route=\/wp\/v2\/pages\/3331\/revisions"}],"predecessor-version":[{"id":3334,"href":"https:\/\/gtselbe.hamburg.de\/index.php?rest_route=\/wp\/v2\/pages\/3331\/revisions\/3334"}],"wp:attachment":[{"href":"https:\/\/gtselbe.hamburg.de\/index.php?rest_route=%2Fwp%2Fv2%2Fmedia&parent=3331"}],"curies":[{"name":"wp","href":"https:\/\/api.w.org\/{rel}","templated":true}]}}