{"id":3343,"date":"2024-10-25T15:10:36","date_gmt":"2024-10-25T13:10:36","guid":{"rendered":"https:\/\/gtselbe.hamburg.de\/?page_id=3343"},"modified":"2024-11-04T09:09:57","modified_gmt":"2024-11-04T08:09:57","slug":"schul-alltag-29-30-08-2024-freiluftschule","status":"publish","type":"page","link":"https:\/\/gtselbe.hamburg.de\/?page_id=3343","title":{"rendered":"Schul-Alltag: 29.\/30.08.2024 &#8211; Freiluftschule"},"content":{"rendered":"<p>Freiluftschule Wittenbergen<\/p>\n<p>Nach den langen und erholsamen Sommerferien hatten sich sowohl Kinder als auch Lehrkr\u00e4fte auf den Start ins neue Schuljahr gefreut. Doch der Start fiel im wahrsten Sinne des Wortes &#8222;ins Wasser&#8220;: aufgrund eines massiven Wasserrohrbruches fehlten im Schulgeb\u00e4ude flie\u00dfendes Wasser und auch die Toiletten waren nicht nutzbar. Unter diesen Umst\u00e4nden konnte kein Unterricht stattfinden. Da waren sich alle Beteiligten einig. Also musste kurzerhand ein Plan B her. Schlie\u00dflich fiel die Wahl auf die Freiluftschule Wittenbergen. Nach ein paar Telefonaten war dann klar: alle Kinder und Lehrkr\u00e4fte konnten dort die ersten Schultage \u00fcberbr\u00fccken und so einem chaotischen Schulstart entgehen. Mit zwei vollbeladenen Bussen ging es los. Dort angekommen gab es eine kurze Einweisung in die Gegebenheiten vor Ort. Das gro\u00dfz\u00fcgige und naturnahe Gel\u00e4nde bot viele M\u00f6glichkeiten f\u00fcr die Kinder zum Spielen: neben einem gro\u00dfen Bolzplatz erfreute sich auch die &#8222;Regenwalddusche&#8220; bei angenehmen Temperaturen gro\u00dfer Beliebtheit und bot angenehme Abk\u00fchlung. Auch auf der Spielplatzanlage im Wald tobten sich die Kinder aus. Das Highlight war mit Sicherheit der direkte Zugang zum Elbstrand. Dort konnten die Kinder im Sand buddeln oder einfach nur ganz in Ruhe die Bewegungen der Wellen beobachten. Insgesamt war es zwar ein hektischer Start ins neue Schuljahr, der viel Flexibilit\u00e4t von allen Beteiligten erforderte, aber der Ausflug nach Wittenbergen war f\u00fcr alle mehr als nur ein \u00dcberbr\u00fccken der Situation. Kinder und Lehrkr\u00e4fte konnten mit viel Bewegung, Spielen und Spa\u00df ins neue Schuljahr starten!<\/p>\n<p><img loading=\"lazy\" decoding=\"async\" class=\"alignnone size-full wp-image-3344\" src=\"https:\/\/gtselbe.hamburg.de\/wp-content\/uploads\/sites\/13\/2024\/10\/Wittenbergen03.jpg\" alt=\"\" width=\"640\" height=\"480\" srcset=\"https:\/\/gtselbe.hamburg.de\/wp-content\/uploads\/sites\/13\/2024\/10\/Wittenbergen03.jpg 640w, https:\/\/gtselbe.hamburg.de\/wp-content\/uploads\/sites\/13\/2024\/10\/Wittenbergen03-300x225.jpg 300w\" sizes=\"auto, (max-width: 640px) 100vw, 640px\" \/> \u00a0<img loading=\"lazy\" decoding=\"async\" class=\"alignnone size-large wp-image-3346\" src=\"https:\/\/gtselbe.hamburg.de\/wp-content\/uploads\/sites\/13\/2024\/10\/Wittenbergen05.jpg\" alt=\"\" width=\"480\" height=\"640\" srcset=\"https:\/\/gtselbe.hamburg.de\/wp-content\/uploads\/sites\/13\/2024\/10\/Wittenbergen05.jpg 480w, https:\/\/gtselbe.hamburg.de\/wp-content\/uploads\/sites\/13\/2024\/10\/Wittenbergen05-225x300.jpg 225w\" sizes=\"auto, (max-width: 480px) 100vw, 480px\" \/> <img loading=\"lazy\" decoding=\"async\" class=\"alignnone size-large wp-image-3347\" src=\"https:\/\/gtselbe.hamburg.de\/wp-content\/uploads\/sites\/13\/2024\/10\/Wittenbergen01-768x1024.jpg\" alt=\"\" width=\"525\" height=\"700\" srcset=\"https:\/\/gtselbe.hamburg.de\/wp-content\/uploads\/sites\/13\/2024\/10\/Wittenbergen01-768x1024.jpg 768w, https:\/\/gtselbe.hamburg.de\/wp-content\/uploads\/sites\/13\/2024\/10\/Wittenbergen01-225x300.jpg 225w, https:\/\/gtselbe.hamburg.de\/wp-content\/uploads\/sites\/13\/2024\/10\/Wittenbergen01-1152x1536.jpg 1152w, https:\/\/gtselbe.hamburg.de\/wp-content\/uploads\/sites\/13\/2024\/10\/Wittenbergen01.jpg 1200w\" sizes=\"auto, (max-width: 525px) 100vw, 525px\" \/> <img loading=\"lazy\" decoding=\"async\" class=\"alignnone size-large wp-image-3348\" src=\"https:\/\/gtselbe.hamburg.de\/wp-content\/uploads\/sites\/13\/2024\/10\/Wittenbergen02-768x1024.jpg\" alt=\"\" width=\"525\" height=\"700\" srcset=\"https:\/\/gtselbe.hamburg.de\/wp-content\/uploads\/sites\/13\/2024\/10\/Wittenbergen02-768x1024.jpg 768w, https:\/\/gtselbe.hamburg.de\/wp-content\/uploads\/sites\/13\/2024\/10\/Wittenbergen02-225x300.jpg 225w, https:\/\/gtselbe.hamburg.de\/wp-content\/uploads\/sites\/13\/2024\/10\/Wittenbergen02-1152x1536.jpg 1152w, https:\/\/gtselbe.hamburg.de\/wp-content\/uploads\/sites\/13\/2024\/10\/Wittenbergen02.jpg 1200w\" sizes=\"auto, (max-width: 525px) 100vw, 525px\" \/><\/p>\n","protected":false},"excerpt":{"rendered":"<p>Freiluftschule Wittenbergen Nach den langen und erholsamen Sommerferien hatten sich sowohl Kinder als auch Lehrkr\u00e4fte auf den Start ins neue Schuljahr gefreut. Doch der Start fiel im wahrsten Sinne des Wortes &#8222;ins Wasser&#8220;: aufgrund eines massiven Wasserrohrbruches fehlten im Schulgeb\u00e4ude flie\u00dfendes Wasser und auch die Toiletten waren nicht nutzbar. Unter diesen Umst\u00e4nden konnte kein Unterricht &hellip; <\/p>\n<p class=\"link-more\"><a href=\"https:\/\/gtselbe.hamburg.de\/?page_id=3343\" class=\"more-link\"><span class=\"screen-reader-text\">\u201eSchul-Alltag: 29.\/30.08.2024 &#8211; Freiluftschule\u201c <\/span>weiterlesen<\/a><\/p>\n","protected":false},"author":1587,"featured_media":0,"parent":0,"menu_order":0,"comment_status":"closed","ping_status":"closed","template":"","meta":{"_acf_changed":false,"footnotes":""},"class_list":["post-3343","page","type-page","status-publish","hentry"],"acf":[],"_links":{"self":[{"href":"https:\/\/gtselbe.hamburg.de\/index.php?rest_route=\/wp\/v2\/pages\/3343","targetHints":{"allow":["GET"]}}],"collection":[{"href":"https:\/\/gtselbe.hamburg.de\/index.php?rest_route=\/wp\/v2\/pages"}],"about":[{"href":"https:\/\/gtselbe.hamburg.de\/index.php?rest_route=\/wp\/v2\/types\/page"}],"author":[{"embeddable":true,"href":"https:\/\/gtselbe.hamburg.de\/index.php?rest_route=\/wp\/v2\/users\/1587"}],"replies":[{"embeddable":true,"href":"https:\/\/gtselbe.hamburg.de\/index.php?rest_route=%2Fwp%2Fv2%2Fcomments&post=3343"}],"version-history":[{"count":2,"href":"https:\/\/gtselbe.hamburg.de\/index.php?rest_route=\/wp\/v2\/pages\/3343\/revisions"}],"predecessor-version":[{"id":3391,"href":"https:\/\/gtselbe.hamburg.de\/index.php?rest_route=\/wp\/v2\/pages\/3343\/revisions\/3391"}],"wp:attachment":[{"href":"https:\/\/gtselbe.hamburg.de\/index.php?rest_route=%2Fwp%2Fv2%2Fmedia&parent=3343"}],"curies":[{"name":"wp","href":"https:\/\/api.w.org\/{rel}","templated":true}]}}