{"id":3355,"date":"2024-10-30T09:04:20","date_gmt":"2024-10-30T08:04:20","guid":{"rendered":"https:\/\/gtselbe.hamburg.de\/?page_id=3355"},"modified":"2024-10-30T09:04:20","modified_gmt":"2024-10-30T08:04:20","slug":"betreuungszeiten","status":"publish","type":"page","link":"https:\/\/gtselbe.hamburg.de\/?page_id=3355","title":{"rendered":"Betreuungszeiten"},"content":{"rendered":"<p>Die Kinder sind uns bereits vor dem regul\u00e4ren Schultag, aber auch \u00fcber den Nachmittag hinaus herzlich Willkommen. In der Kernzeit zwischen 8.00 und 16.00 Uhr findet der Unterricht und die Nachmittagsbetreuung statt. Diese Zeit ist f\u00fcr die Eltern der Klassen 1 bis 4\u00a0 kostenlos. Die Randzeiten, wie die Fr\u00fch- und Sp\u00e4tbetreuung sind kostenpflichtig, ebenso die Nachmittagsbetreuung zwischen 14 und 16 Uhr f\u00fcr die Vorschulklasse. Die Kosten sind an die Kita angeglichen. W\u00e4hrend der Fr\u00fch- und Sp\u00e4tbetreuung finden keine festen Angebote im Sinne eines Kurses statt, sondern bieten den Kindern Raum f\u00fcr ungebundenes Spielen. Diese Zeit ist gepr\u00e4gt durch ein flexibles Kommen und Gehen der Kinder. Die Betreuung wird zentral organisiert und alle Kinder sind in der Randbetreuungszeit zusammen im Club.<\/p>\n","protected":false},"excerpt":{"rendered":"<p>Die Kinder sind uns bereits vor dem regul\u00e4ren Schultag, aber auch \u00fcber den Nachmittag hinaus herzlich Willkommen. In der Kernzeit zwischen 8.00 und 16.00 Uhr findet der Unterricht und die Nachmittagsbetreuung statt. Diese Zeit ist f\u00fcr die Eltern der Klassen 1 bis 4\u00a0 kostenlos. Die Randzeiten, wie die Fr\u00fch- und Sp\u00e4tbetreuung sind kostenpflichtig, ebenso die &hellip; <\/p>\n<p class=\"link-more\"><a href=\"https:\/\/gtselbe.hamburg.de\/?page_id=3355\" class=\"more-link\"><span class=\"screen-reader-text\">\u201eBetreuungszeiten\u201c <\/span>weiterlesen<\/a><\/p>\n","protected":false},"author":1587,"featured_media":0,"parent":0,"menu_order":0,"comment_status":"closed","ping_status":"closed","template":"","meta":{"_acf_changed":false,"footnotes":""},"class_list":["post-3355","page","type-page","status-publish","hentry"],"acf":[],"_links":{"self":[{"href":"https:\/\/gtselbe.hamburg.de\/index.php?rest_route=\/wp\/v2\/pages\/3355","targetHints":{"allow":["GET"]}}],"collection":[{"href":"https:\/\/gtselbe.hamburg.de\/index.php?rest_route=\/wp\/v2\/pages"}],"about":[{"href":"https:\/\/gtselbe.hamburg.de\/index.php?rest_route=\/wp\/v2\/types\/page"}],"author":[{"embeddable":true,"href":"https:\/\/gtselbe.hamburg.de\/index.php?rest_route=\/wp\/v2\/users\/1587"}],"replies":[{"embeddable":true,"href":"https:\/\/gtselbe.hamburg.de\/index.php?rest_route=%2Fwp%2Fv2%2Fcomments&post=3355"}],"version-history":[{"count":1,"href":"https:\/\/gtselbe.hamburg.de\/index.php?rest_route=\/wp\/v2\/pages\/3355\/revisions"}],"predecessor-version":[{"id":3356,"href":"https:\/\/gtselbe.hamburg.de\/index.php?rest_route=\/wp\/v2\/pages\/3355\/revisions\/3356"}],"wp:attachment":[{"href":"https:\/\/gtselbe.hamburg.de\/index.php?rest_route=%2Fwp%2Fv2%2Fmedia&parent=3355"}],"curies":[{"name":"wp","href":"https:\/\/api.w.org\/{rel}","templated":true}]}}