{"id":3357,"date":"2024-10-30T09:04:44","date_gmt":"2024-10-30T08:04:44","guid":{"rendered":"https:\/\/gtselbe.hamburg.de\/?page_id=3357"},"modified":"2024-10-30T09:04:44","modified_gmt":"2024-10-30T08:04:44","slug":"fruehbetreuung","status":"publish","type":"page","link":"https:\/\/gtselbe.hamburg.de\/?page_id=3357","title":{"rendered":"Fr\u00fchbetreuung"},"content":{"rendered":"<p class=\"Text2\" style=\"text-align: justify;line-height: 120%\"><span style=\"font-family: 'Arial','sans-serif'\">Die Eltern haben die M\u00f6glichkeit, ihr Kind f\u00fcr die Fr\u00fchbetreuung \u00fcber das Schulb\u00fcro anzumelden. Die Betreuung findet jeden Tag zwischen 6.00 \/7.00-8.00 Uhr statt. In dieser Zeit haben die Kinder die M\u00f6glichkeit, ruhig und entspannt in den Tag zu starten. Die Fr\u00fchbetreuung findet im Club statt. Der Club bietet den Kindern R\u00fcckzugsm\u00f6glichkeiten, aber auch Bereiche zum Spielen. Jedes Kind startet unterschiedlich in den Schultag und hat unterschiedliche Bed\u00fcrfnisse, daher ist es uns wichtig auf jedes Kind einzugehen. Die Kinder k\u00f6nnen sich im Club B\u00fccher, Malsachen und Spiele nehmen. Der Erzieher begleitet die Kinder in dieser Ankunftszeit. <\/span><\/p>\n","protected":false},"excerpt":{"rendered":"<p>Die Eltern haben die M\u00f6glichkeit, ihr Kind f\u00fcr die Fr\u00fchbetreuung \u00fcber das Schulb\u00fcro anzumelden. Die Betreuung findet jeden Tag zwischen 6.00 \/7.00-8.00 Uhr statt. In dieser Zeit haben die Kinder die M\u00f6glichkeit, ruhig und entspannt in den Tag zu starten. Die Fr\u00fchbetreuung findet im Club statt. Der Club bietet den Kindern R\u00fcckzugsm\u00f6glichkeiten, aber auch Bereiche &hellip; <\/p>\n<p class=\"link-more\"><a href=\"https:\/\/gtselbe.hamburg.de\/?page_id=3357\" class=\"more-link\"><span class=\"screen-reader-text\">\u201eFr\u00fchbetreuung\u201c <\/span>weiterlesen<\/a><\/p>\n","protected":false},"author":1587,"featured_media":0,"parent":0,"menu_order":0,"comment_status":"closed","ping_status":"closed","template":"","meta":{"_acf_changed":false,"footnotes":""},"class_list":["post-3357","page","type-page","status-publish","hentry"],"acf":[],"_links":{"self":[{"href":"https:\/\/gtselbe.hamburg.de\/index.php?rest_route=\/wp\/v2\/pages\/3357","targetHints":{"allow":["GET"]}}],"collection":[{"href":"https:\/\/gtselbe.hamburg.de\/index.php?rest_route=\/wp\/v2\/pages"}],"about":[{"href":"https:\/\/gtselbe.hamburg.de\/index.php?rest_route=\/wp\/v2\/types\/page"}],"author":[{"embeddable":true,"href":"https:\/\/gtselbe.hamburg.de\/index.php?rest_route=\/wp\/v2\/users\/1587"}],"replies":[{"embeddable":true,"href":"https:\/\/gtselbe.hamburg.de\/index.php?rest_route=%2Fwp%2Fv2%2Fcomments&post=3357"}],"version-history":[{"count":1,"href":"https:\/\/gtselbe.hamburg.de\/index.php?rest_route=\/wp\/v2\/pages\/3357\/revisions"}],"predecessor-version":[{"id":3358,"href":"https:\/\/gtselbe.hamburg.de\/index.php?rest_route=\/wp\/v2\/pages\/3357\/revisions\/3358"}],"wp:attachment":[{"href":"https:\/\/gtselbe.hamburg.de\/index.php?rest_route=%2Fwp%2Fv2%2Fmedia&parent=3357"}],"curies":[{"name":"wp","href":"https:\/\/api.w.org\/{rel}","templated":true}]}}