{"id":3369,"date":"2024-10-30T09:11:19","date_gmt":"2024-10-30T08:11:19","guid":{"rendered":"https:\/\/gtselbe.hamburg.de\/?page_id=3369"},"modified":"2024-10-30T09:11:19","modified_gmt":"2024-10-30T08:11:19","slug":"ferienbetreuung","status":"publish","type":"page","link":"https:\/\/gtselbe.hamburg.de\/?page_id=3369","title":{"rendered":"Ferienbetreuung"},"content":{"rendered":"<p>Die Ferienbetreuung findet bei uns in den R\u00e4umen an der Schule statt. Die p\u00e4dagogische Betreuung wird von unseren Erziehern \u00fcbernommen und nicht durch einen externen Tr\u00e4ger durchgef\u00fchrt. Das hat den Vorteil, dass eine Vertrauensbasis vorhanden ist und die Phase des Kennenlernens wegf\u00e4llt. Auch f\u00fcr die Eltern ist es ein Vorteil, da sie ihre Kinder gut betreut wissen. Die Erzieher bem\u00fchen sich darum, den Kindern in den Ferien viel Zeit f\u00fcr \u201eferien\u00e4hnliche Erlebnisse\u201c zu erm\u00f6glichen und auch abseits des Schulgel\u00e4ndes ihre Ferienzeit zu verbringen.<\/p>\n<p>Unser Ferienprogramm ist eine Mischung aus gezielten Angeboten, Ausfl\u00fcgen zu bestimmten Themen und Zeit zum freien Spielen. F\u00fcr jede Ferienzeit \u00fcberlegen wir uns im Vorwege ein Motto und planen das Programm danach. Das Motto wird entsprechend der Jahreszeit, aktuellen Themen und Bed\u00fcrfnissen der Kinder \u00fcberlegt und angepasst. Dazu werden dann die Ausfl\u00fcge und Aktionen in der Schule geplant. Der Standort der Schule erm\u00f6glicht uns viel mit den Kindern au\u00dferhalb der Schule aktiv zu sein. Die nahegelegenen Parks, die Elbe und die Naturschutzgebiete bieten viele M\u00f6glichkeiten. Besuche in Tierparks und Museen finden auch regelm\u00e4\u00dfig statt.<\/p>\n<p>Mottos und Themen die regelm\u00e4\u00dfig wiederholt werden, sind z.B.:<\/p>\n<table width=\"638\">\n<tbody>\n<tr>\n<td width=\"319\">Tiere und Pflanzen<\/td>\n<td width=\"319\">Unterwegs in Hamburg<\/td>\n<\/tr>\n<tr>\n<td width=\"319\">Die Elbe<\/td>\n<td width=\"319\">Das Weltall<\/td>\n<\/tr>\n<tr>\n<td width=\"319\">Der Hafen<\/td>\n<td width=\"319\">Leben fr\u00fcher und heute<\/td>\n<\/tr>\n<tr>\n<td width=\"319\">Experimente mit Wasser<\/td>\n<td width=\"319\">Aktive Woche in der Schule<\/td>\n<\/tr>\n<tr>\n<td width=\"319\">Die Steinzeit<\/td>\n<td width=\"319\">Kreatives Gestalten<\/td>\n<\/tr>\n<tr>\n<td width=\"319\">Garten<\/td>\n<td width=\"319\">Klimaschutz<\/td>\n<\/tr>\n<\/tbody>\n<\/table>\n<p>Je nach Jahreszeit versuchen wir viele Aktivit\u00e4ten drau\u00dfen stattfinden zu lassen. Das Schulgel\u00e4nde bietet den Kindern viele M\u00f6glichkeiten aktiv zu sein. Die Fahrger\u00e4te und Spielsachen aus der Aktiven Pausen, k\u00f6nnen auch in den Ferien genutzt werden. Unsere \u201eGartenecke\u201c, die mit den Kindern gemeinsam angelegt wurde, wird auch in den Ferien von den Kindern betreut und saisonales Gem\u00fcse und Kr\u00e4uter werden selbst angepflanzt, geerntet und verarbeitet.<\/p>\n<p>Neben den geplanten Aktivit\u00e4ten, ist es uns wichtig dass die Kinder genug Zeit bekommen zum Entspannen und freiem Spielen. Diese Phasen werden jeden Tag in den Tagesablauf mit eingeplant. Jede Ferienwoche ist so geplant, dass am Montag und Freitag das freie Spielen im Vordergrund steht und wenig gezielte Angebote stattfinden. Unsere Ausflugstage sind Dienstag und Donnerstag. Der Mittwoch ist oft der Tag, an dem Angebote in der Schule stattfinden.<\/p>\n<p>Die Ferienbetreuung findet im \u201eClub\u201c statt und lehnt am Familiengruppenkonzept an. Uns ist es wichtig, dass die Kinder nicht nach altershomogenen Gruppen aufgeteilt werden sondern mit Kindern unterschiedlichen Alters spielen und lernen.<\/p>\n<p>Je nach Anzahl der Kinder werden eine oder mehrere Gruppen eingerichtet. Diese k\u00f6nnen unterschiedliche Schwerpunkte haben, wie z.B. die Interessen der Kinder. Zudem sind auch spezielle Angebote f\u00fcr Jungen und M\u00e4dchen immer mal wieder geplant und mit verschiedenen Kooperationen umsetzbar.<\/p>\n<p>Die Betreuungszeit in den Ferien kann zwischen 6 und 18 Uhr gebucht werden. In der Kernzeit zwischen 10 und 14 Uhr finden die Angebote und Ausfl\u00fcge statt, daher ist es uns wichtig, dass die Kinder in dieser Zeit nicht mehr gebracht und abgeholt werden. So haben alle die M\u00f6glichkeit an den Angeboten teilzunehmen. In den Ferien findet in der Fr\u00fch- und Sp\u00e4tbetreuung, genauso wie au\u00dferhalb der Ferien, ein ruhiger Einstieg und Ausklang des Tages statt. Ist keine Fr\u00fch- oder Sp\u00e4tbetreuung gebucht, so ist die Betreuungszeit von 8.00 Uhr bis 15.45 Uhr an jedem Tag.<\/p>\n<p>Mit einem gemeinsamen Fr\u00fchst\u00fcck startet jeden Morgen der Ferientag und alle wichtigen Anliegen und Absprachen f\u00fcr den Tag werden besprochen. Je nach Anzahl der Kinder gehen dann alle in ihre Gruppen oder Angebote f\u00fcr diesen Tag. Bei M\u00f6glichkeit findet das Mittagessen wieder gemeinsam mit allen statt. Anschlie\u00dfend an das Mittagessen findet Zeit zum freien Spielen statt. Am Nachmittag werden noch bis ca. 15.30 Uhr einzelne Angebote und Aktivit\u00e4ten angeboten.<\/p>\n<p>Die Eltern geben am Schuljahresanfang die Anzahl der gew\u00fcnschten und kostenpflichtigen Ferienwochen an. \u00dcber das Programm der Ferien werden die Eltern ca. 6 Wochen vorher \u00fcber IServ \u2013 Elternbriefe informiert und k\u00f6nnen die gew\u00fcnschten Wochen w\u00e4hlen. Es wird darauf geachtet, dass m\u00f6glichst geringe Kosten f\u00fcr die Eltern entstehen.<\/p>\n","protected":false},"excerpt":{"rendered":"<p>Die Ferienbetreuung findet bei uns in den R\u00e4umen an der Schule statt. Die p\u00e4dagogische Betreuung wird von unseren Erziehern \u00fcbernommen und nicht durch einen externen Tr\u00e4ger durchgef\u00fchrt. Das hat den Vorteil, dass eine Vertrauensbasis vorhanden ist und die Phase des Kennenlernens wegf\u00e4llt. Auch f\u00fcr die Eltern ist es ein Vorteil, da sie ihre Kinder gut &hellip; <\/p>\n<p class=\"link-more\"><a href=\"https:\/\/gtselbe.hamburg.de\/?page_id=3369\" class=\"more-link\"><span class=\"screen-reader-text\">\u201eFerienbetreuung\u201c <\/span>weiterlesen<\/a><\/p>\n","protected":false},"author":1587,"featured_media":0,"parent":0,"menu_order":0,"comment_status":"closed","ping_status":"closed","template":"","meta":{"_acf_changed":false,"footnotes":""},"class_list":["post-3369","page","type-page","status-publish","hentry"],"acf":[],"_links":{"self":[{"href":"https:\/\/gtselbe.hamburg.de\/index.php?rest_route=\/wp\/v2\/pages\/3369","targetHints":{"allow":["GET"]}}],"collection":[{"href":"https:\/\/gtselbe.hamburg.de\/index.php?rest_route=\/wp\/v2\/pages"}],"about":[{"href":"https:\/\/gtselbe.hamburg.de\/index.php?rest_route=\/wp\/v2\/types\/page"}],"author":[{"embeddable":true,"href":"https:\/\/gtselbe.hamburg.de\/index.php?rest_route=\/wp\/v2\/users\/1587"}],"replies":[{"embeddable":true,"href":"https:\/\/gtselbe.hamburg.de\/index.php?rest_route=%2Fwp%2Fv2%2Fcomments&post=3369"}],"version-history":[{"count":1,"href":"https:\/\/gtselbe.hamburg.de\/index.php?rest_route=\/wp\/v2\/pages\/3369\/revisions"}],"predecessor-version":[{"id":3370,"href":"https:\/\/gtselbe.hamburg.de\/index.php?rest_route=\/wp\/v2\/pages\/3369\/revisions\/3370"}],"wp:attachment":[{"href":"https:\/\/gtselbe.hamburg.de\/index.php?rest_route=%2Fwp%2Fv2%2Fmedia&parent=3369"}],"curies":[{"name":"wp","href":"https:\/\/api.w.org\/{rel}","templated":true}]}}