{"id":3382,"date":"2024-10-30T10:05:54","date_gmt":"2024-10-30T09:05:54","guid":{"rendered":"https:\/\/gtselbe.hamburg.de\/?page_id=3382"},"modified":"2026-02-13T12:11:05","modified_gmt":"2026-02-13T11:11:05","slug":"herzlich-willkommen","status":"publish","type":"page","link":"https:\/\/gtselbe.hamburg.de\/","title":{"rendered":"Herzlich Willkommen"},"content":{"rendered":"<p>&nbsp;<\/p>\n<p align=\"center\"><img loading=\"lazy\" decoding=\"async\" class=\"alignnone wp-image-727\" src=\"https:\/\/gtselbe.hamburg.de\/wp-content\/uploads\/sites\/13\/2021\/03\/Logo-1-e1614597730178.jpg\" alt=\"\" width=\"241\" height=\"177\"\/><\/p>\n<p style=\"text-align: center\"><span style=\"font-size: 36pt;font-family: tahoma, arial, helvetica, sans-serif\"><strong>Wir ziehen um!<\/strong><\/span><\/p>\n<p><span style=\"font-family: tahoma, arial, helvetica, sans-serif;font-size: 14pt\">Am 16.03.2026 starten wir an unserem neuen, alten Standort am S-Bahnhof K\u00f6nigstra\u00dfe, in der Struenseestra\u00dfe 32 in Hamburg-Altona. Unser Neubau ist endlich fertig und wir freuen uns darauf, die neuen R\u00e4ume mit Leben zu f\u00fcllen! Zusammen mit dem Struensee-Gymnasium und dem Deutsch-Franz\u00f6sischen Gymnasium bilden wir den Campus Struenseestra\u00dfe.<\/span><\/p>\n<p><span style=\"font-family: tahoma, arial, helvetica, sans-serif;font-size: 14pt\">Die Grundschule ist zweiz\u00fcgig mit einer Vorschulklasse. Es werden 120 Sch\u00fclerinnen und Sch\u00fcler in 9 Klassen von insgesamt 22 Lehrkr\u00e4ften, Lehrkr\u00e4ften im Vorbereitungsdienst, Sonderp\u00e4dagog:innen, Sozialp\u00e4dagog:innen und Erzieher:innen unterrichtet.<\/span><\/p>\n<p align=\"center\"><img loading=\"lazy\" decoding=\"async\" class=\"alignnone size-medium wp-image-802\" src=\"https:\/\/gtselbe.hamburg.de\/wp-content\/uploads\/sites\/13\/2021\/03\/IMG_6403-300x200.jpg\" alt=\"\" width=\"300\" height=\"200\" srcset=\"https:\/\/gtselbe.hamburg.de\/wp-content\/uploads\/sites\/13\/2021\/03\/IMG_6403-300x200.jpg 300w, https:\/\/gtselbe.hamburg.de\/wp-content\/uploads\/sites\/13\/2021\/03\/IMG_6403-1024x683.jpg 1024w, https:\/\/gtselbe.hamburg.de\/wp-content\/uploads\/sites\/13\/2021\/03\/IMG_6403-768x512.jpg 768w, https:\/\/gtselbe.hamburg.de\/wp-content\/uploads\/sites\/13\/2021\/03\/IMG_6403-1536x1024.jpg 1536w, https:\/\/gtselbe.hamburg.de\/wp-content\/uploads\/sites\/13\/2021\/03\/IMG_6403.jpg 2048w\" sizes=\"auto, (max-width: 300px) 100vw, 300px\" \/><\/p>\n<p style=\"text-align: left\" align=\"center\"><span style=\"font-size: 14.0pt;font-family: 'Tahoma',sans-serif\">Wir sehen uns als Schule im Stadtteil, die mit den Kinder- und Jugendeinrichtungen in Altona-Altstadt eng zum Wohle des einzelnen Kindes zusammenarbeitet.<\/span><\/p>\n<p style=\"text-align: left\" align=\"center\"><span style=\"font-size: 14.0pt;font-family: 'Tahoma',sans-serif\">Bei Interesse nehmen Sie gern <a href=\"https:\/\/gtselbe.hamburg.de\/?page_id=58\">Kontakt<\/a> zu uns auf.<\/span><\/p>\n<p style=\"text-align: left\" align=\"center\">Wie viele Kinder passen in eine Leseecke?<\/p>\n<p style=\"text-align: left\" align=\"center\"><img loading=\"lazy\" decoding=\"async\" class=\"alignnone size-full wp-image-1854\" src=\"https:\/\/gtselbe.hamburg.de\/wp-content\/uploads\/sites\/13\/2023\/02\/Leseecke.jpg\" alt=\"\" width=\"480\" height=\"640\" srcset=\"https:\/\/gtselbe.hamburg.de\/wp-content\/uploads\/sites\/13\/2023\/02\/Leseecke.jpg 480w, https:\/\/gtselbe.hamburg.de\/wp-content\/uploads\/sites\/13\/2023\/02\/Leseecke-225x300.jpg 225w\" sizes=\"auto, (max-width: 480px) 100vw, 480px\" \/><\/p>\n<p align=\"center\">&nbsp;<\/p>\n","protected":false},"excerpt":{"rendered":"<p>&nbsp; Wir ziehen um! Am 16.03.2026 starten wir an unserem neuen, alten Standort am S-Bahnhof K\u00f6nigstra\u00dfe, in der Struenseestra\u00dfe 32 in Hamburg-Altona. Unser Neubau ist endlich fertig und wir freuen uns darauf, die neuen R\u00e4ume mit Leben zu f\u00fcllen! Zusammen mit dem Struensee-Gymnasium und dem Deutsch-Franz\u00f6sischen Gymnasium bilden wir den Campus Struenseestra\u00dfe. Die Grundschule ist &hellip; <\/p>\n<p class=\"link-more\"><a href=\"https:\/\/gtselbe.hamburg.de\/\" class=\"more-link\"><span class=\"screen-reader-text\">\u201eHerzlich Willkommen\u201c <\/span>weiterlesen<\/a><\/p>\n","protected":false},"author":1587,"featured_media":0,"parent":0,"menu_order":0,"comment_status":"closed","ping_status":"closed","template":"","meta":{"_acf_changed":false,"footnotes":""},"class_list":["post-3382","page","type-page","status-publish","hentry"],"acf":[],"_links":{"self":[{"href":"https:\/\/gtselbe.hamburg.de\/index.php?rest_route=\/wp\/v2\/pages\/3382","targetHints":{"allow":["GET"]}}],"collection":[{"href":"https:\/\/gtselbe.hamburg.de\/index.php?rest_route=\/wp\/v2\/pages"}],"about":[{"href":"https:\/\/gtselbe.hamburg.de\/index.php?rest_route=\/wp\/v2\/types\/page"}],"author":[{"embeddable":true,"href":"https:\/\/gtselbe.hamburg.de\/index.php?rest_route=\/wp\/v2\/users\/1587"}],"replies":[{"embeddable":true,"href":"https:\/\/gtselbe.hamburg.de\/index.php?rest_route=%2Fwp%2Fv2%2Fcomments&post=3382"}],"version-history":[{"count":16,"href":"https:\/\/gtselbe.hamburg.de\/index.php?rest_route=\/wp\/v2\/pages\/3382\/revisions"}],"predecessor-version":[{"id":4103,"href":"https:\/\/gtselbe.hamburg.de\/index.php?rest_route=\/wp\/v2\/pages\/3382\/revisions\/4103"}],"wp:attachment":[{"href":"https:\/\/gtselbe.hamburg.de\/index.php?rest_route=%2Fwp%2Fv2%2Fmedia&parent=3382"}],"curies":[{"name":"wp","href":"https:\/\/api.w.org\/{rel}","templated":true}]}}