{"id":3393,"date":"2024-11-05T12:25:38","date_gmt":"2024-11-05T11:25:38","guid":{"rendered":"https:\/\/gtselbe.hamburg.de\/?page_id=3393"},"modified":"2024-11-05T12:25:38","modified_gmt":"2024-11-05T11:25:38","slug":"schul-alltag-16-10-2024-kinderbuchhaus","status":"publish","type":"page","link":"https:\/\/gtselbe.hamburg.de\/?page_id=3393","title":{"rendered":"Schul-Alltag: 16.10.2024 &#8211; Kinderbuchhaus"},"content":{"rendered":"<p>Klasse 2b<\/p>\n<p>Am 16. Oktober machte die 2b einen Ausflug in das neu gestaltete Kinderbuchhaus im Altonaer Museum. Dort zeigte Nele Palmtag uns das von ihr illustrierte Bilderbuch &#8222;Hast du Zeit?&#8220; und regte uns mit ihren Fragen und Bildern zum Nachdenken \u00fcber die Zeit an: Warum vergeht sie oft ganz schnell und manchmal gar nicht? Was meinen Eltern, wenn sie &#8222;gleich&#8220; sagen? Steht die Welt still, wenn ich schlafe und woran erkennen wir, dass die Zeit vergeht? Es war richtig sch\u00f6n, in solch einer gem\u00fctlichen Atmosph\u00e4re Zeit zu haben, \u00fcber den eigenen Alltag, unterschiedliche Erfahrungen und Empfindungen ins Gespr\u00e4ch zu kommen, ohne dass es richtig oder falsch gab. Im Anschluss konnten wir in der Werkstatt des Kinderbuchhauses selbst kreativ werden und haben unser Traumhaus gezeichnet. Erf\u00fcllt mit neuen Gedanken und Ideen ging es nach 90 Minuten wieder in die Schule.<\/p>\n<p><img loading=\"lazy\" decoding=\"async\" class=\"alignnone size-large wp-image-3394\" src=\"https:\/\/gtselbe.hamburg.de\/wp-content\/uploads\/sites\/13\/2024\/11\/Hast-du-Zeit-768x1024.jpeg\" alt=\"\" width=\"525\" height=\"700\" srcset=\"https:\/\/gtselbe.hamburg.de\/wp-content\/uploads\/sites\/13\/2024\/11\/Hast-du-Zeit-768x1024.jpeg 768w, https:\/\/gtselbe.hamburg.de\/wp-content\/uploads\/sites\/13\/2024\/11\/Hast-du-Zeit-225x300.jpeg 225w, https:\/\/gtselbe.hamburg.de\/wp-content\/uploads\/sites\/13\/2024\/11\/Hast-du-Zeit-1152x1536.jpeg 1152w, https:\/\/gtselbe.hamburg.de\/wp-content\/uploads\/sites\/13\/2024\/11\/Hast-du-Zeit.jpeg 1536w\" sizes=\"auto, (max-width: 525px) 100vw, 525px\" \/> <img loading=\"lazy\" decoding=\"async\" class=\"alignnone size-large wp-image-3395\" src=\"https:\/\/gtselbe.hamburg.de\/wp-content\/uploads\/sites\/13\/2024\/11\/Mein-Traumhaus-768x1024.jpeg\" alt=\"\" width=\"525\" height=\"700\" srcset=\"https:\/\/gtselbe.hamburg.de\/wp-content\/uploads\/sites\/13\/2024\/11\/Mein-Traumhaus-768x1024.jpeg 768w, https:\/\/gtselbe.hamburg.de\/wp-content\/uploads\/sites\/13\/2024\/11\/Mein-Traumhaus-225x300.jpeg 225w, https:\/\/gtselbe.hamburg.de\/wp-content\/uploads\/sites\/13\/2024\/11\/Mein-Traumhaus-1152x1536.jpeg 1152w, https:\/\/gtselbe.hamburg.de\/wp-content\/uploads\/sites\/13\/2024\/11\/Mein-Traumhaus.jpeg 1536w\" sizes=\"auto, (max-width: 525px) 100vw, 525px\" \/> <img loading=\"lazy\" decoding=\"async\" class=\"alignnone size-large wp-image-3396\" src=\"https:\/\/gtselbe.hamburg.de\/wp-content\/uploads\/sites\/13\/2024\/11\/wir-im-Kinderbuchhaus-1024x768.jpeg\" alt=\"\" width=\"525\" height=\"394\" srcset=\"https:\/\/gtselbe.hamburg.de\/wp-content\/uploads\/sites\/13\/2024\/11\/wir-im-Kinderbuchhaus-1024x768.jpeg 1024w, https:\/\/gtselbe.hamburg.de\/wp-content\/uploads\/sites\/13\/2024\/11\/wir-im-Kinderbuchhaus-300x225.jpeg 300w, https:\/\/gtselbe.hamburg.de\/wp-content\/uploads\/sites\/13\/2024\/11\/wir-im-Kinderbuchhaus-768x576.jpeg 768w, https:\/\/gtselbe.hamburg.de\/wp-content\/uploads\/sites\/13\/2024\/11\/wir-im-Kinderbuchhaus-1536x1152.jpeg 1536w, https:\/\/gtselbe.hamburg.de\/wp-content\/uploads\/sites\/13\/2024\/11\/wir-im-Kinderbuchhaus.jpeg 2048w\" sizes=\"auto, (max-width: 525px) 100vw, 525px\" \/><\/p>\n","protected":false},"excerpt":{"rendered":"<p>Klasse 2b Am 16. Oktober machte die 2b einen Ausflug in das neu gestaltete Kinderbuchhaus im Altonaer Museum. Dort zeigte Nele Palmtag uns das von ihr illustrierte Bilderbuch &#8222;Hast du Zeit?&#8220; und regte uns mit ihren Fragen und Bildern zum Nachdenken \u00fcber die Zeit an: Warum vergeht sie oft ganz schnell und manchmal gar nicht? &hellip; <\/p>\n<p class=\"link-more\"><a href=\"https:\/\/gtselbe.hamburg.de\/?page_id=3393\" class=\"more-link\"><span class=\"screen-reader-text\">\u201eSchul-Alltag: 16.10.2024 &#8211; Kinderbuchhaus\u201c <\/span>weiterlesen<\/a><\/p>\n","protected":false},"author":1587,"featured_media":0,"parent":0,"menu_order":0,"comment_status":"closed","ping_status":"closed","template":"","meta":{"_acf_changed":false,"footnotes":""},"class_list":["post-3393","page","type-page","status-publish","hentry"],"acf":[],"_links":{"self":[{"href":"https:\/\/gtselbe.hamburg.de\/index.php?rest_route=\/wp\/v2\/pages\/3393","targetHints":{"allow":["GET"]}}],"collection":[{"href":"https:\/\/gtselbe.hamburg.de\/index.php?rest_route=\/wp\/v2\/pages"}],"about":[{"href":"https:\/\/gtselbe.hamburg.de\/index.php?rest_route=\/wp\/v2\/types\/page"}],"author":[{"embeddable":true,"href":"https:\/\/gtselbe.hamburg.de\/index.php?rest_route=\/wp\/v2\/users\/1587"}],"replies":[{"embeddable":true,"href":"https:\/\/gtselbe.hamburg.de\/index.php?rest_route=%2Fwp%2Fv2%2Fcomments&post=3393"}],"version-history":[{"count":1,"href":"https:\/\/gtselbe.hamburg.de\/index.php?rest_route=\/wp\/v2\/pages\/3393\/revisions"}],"predecessor-version":[{"id":3397,"href":"https:\/\/gtselbe.hamburg.de\/index.php?rest_route=\/wp\/v2\/pages\/3393\/revisions\/3397"}],"wp:attachment":[{"href":"https:\/\/gtselbe.hamburg.de\/index.php?rest_route=%2Fwp%2Fv2%2Fmedia&parent=3393"}],"curies":[{"name":"wp","href":"https:\/\/api.w.org\/{rel}","templated":true}]}}