{"id":3399,"date":"2024-11-05T14:46:07","date_gmt":"2024-11-05T13:46:07","guid":{"rendered":"https:\/\/gtselbe.hamburg.de\/?page_id=3399"},"modified":"2024-11-05T14:46:07","modified_gmt":"2024-11-05T13:46:07","slug":"schul-alltag-03-09-2024-einschulung","status":"publish","type":"page","link":"https:\/\/gtselbe.hamburg.de\/?page_id=3399","title":{"rendered":"Schul-Alltag: 03.09.2024 &#8211; Einschulung"},"content":{"rendered":"<p>Am Dienstag, den 03. September war es endlich soweit und wir durften die Kinder der neuen ersten Klassen an unserer Schule willkommen hei\u00dfen. Die Klasse 4 a stimmte uns mit ihrem Theaterst\u00fcck &#8222;Piraten lesen nicht&#8220; auf die Feierlichkeiten ein. Vielen Dank f\u00fcr diesen tollen Beitrag. Anschlie\u00dfend wurden alle Kinder aufgerufen und stellten sich zu einem ersten Gruppenbild zusammen. Gemeinsam verbrachten dann die Kinder der 1a und der 1b ihre erste Schulstunde, w\u00e4hrend die Eltern und begleitende Personen sich bei Kaffee und Kuchen st\u00e4rken und die Schule ihre Kinder schon einmal beschnuppern konnten. Inzwischen sind alle gut in der Ganztagsschule an der Elbe angekommen. Wir freuen uns auf die n\u00e4chsten vier Jahre mit euch!<\/p>\n","protected":false},"excerpt":{"rendered":"<p>Am Dienstag, den 03. September war es endlich soweit und wir durften die Kinder der neuen ersten Klassen an unserer Schule willkommen hei\u00dfen. Die Klasse 4 a stimmte uns mit ihrem Theaterst\u00fcck &#8222;Piraten lesen nicht&#8220; auf die Feierlichkeiten ein. Vielen Dank f\u00fcr diesen tollen Beitrag. Anschlie\u00dfend wurden alle Kinder aufgerufen und stellten sich zu einem &hellip; <\/p>\n<p class=\"link-more\"><a href=\"https:\/\/gtselbe.hamburg.de\/?page_id=3399\" class=\"more-link\"><span class=\"screen-reader-text\">\u201eSchul-Alltag: 03.09.2024 &#8211; Einschulung\u201c <\/span>weiterlesen<\/a><\/p>\n","protected":false},"author":1587,"featured_media":0,"parent":0,"menu_order":0,"comment_status":"closed","ping_status":"closed","template":"","meta":{"_acf_changed":false,"footnotes":""},"class_list":["post-3399","page","type-page","status-publish","hentry"],"acf":[],"_links":{"self":[{"href":"https:\/\/gtselbe.hamburg.de\/index.php?rest_route=\/wp\/v2\/pages\/3399","targetHints":{"allow":["GET"]}}],"collection":[{"href":"https:\/\/gtselbe.hamburg.de\/index.php?rest_route=\/wp\/v2\/pages"}],"about":[{"href":"https:\/\/gtselbe.hamburg.de\/index.php?rest_route=\/wp\/v2\/types\/page"}],"author":[{"embeddable":true,"href":"https:\/\/gtselbe.hamburg.de\/index.php?rest_route=\/wp\/v2\/users\/1587"}],"replies":[{"embeddable":true,"href":"https:\/\/gtselbe.hamburg.de\/index.php?rest_route=%2Fwp%2Fv2%2Fcomments&post=3399"}],"version-history":[{"count":1,"href":"https:\/\/gtselbe.hamburg.de\/index.php?rest_route=\/wp\/v2\/pages\/3399\/revisions"}],"predecessor-version":[{"id":3400,"href":"https:\/\/gtselbe.hamburg.de\/index.php?rest_route=\/wp\/v2\/pages\/3399\/revisions\/3400"}],"wp:attachment":[{"href":"https:\/\/gtselbe.hamburg.de\/index.php?rest_route=%2Fwp%2Fv2%2Fmedia&parent=3399"}],"curies":[{"name":"wp","href":"https:\/\/api.w.org\/{rel}","templated":true}]}}