{"id":3410,"date":"2024-11-09T17:06:55","date_gmt":"2024-11-09T16:06:55","guid":{"rendered":"https:\/\/gtselbe.hamburg.de\/?page_id=3410"},"modified":"2024-11-09T17:06:55","modified_gmt":"2024-11-09T16:06:55","slug":"schul-alltag-08-11-2024-go-carts","status":"publish","type":"page","link":"https:\/\/gtselbe.hamburg.de\/?page_id=3410","title":{"rendered":"Schul-Alltag: 08.11.2024 &#8211; Go-Carts"},"content":{"rendered":"<p>Rennpiste \u201eCarsten-Rehder-Ring\u201c \ud83d\ude0a<\/p>\n<p>Endlich ist es soweit: Die neuen Go-Carts sind aus der Montagewerkstatt gekommen und wurden am Freitag, den 8.11.24 mit gro\u00dfer Freude von den vielen kleinen \u201eRennfahrern\u201c in Besitz genommen. \u00a0Jetzt ist die Rennstrecke \u201eCarsten-Rehder-Ring\u201c er\u00f6ffnet. Probefahrten und letztes \u201eSchrauben\u201c fanden statt und alle Fahrzeuge wurden f\u00fcr gut befunden. Leider fand der Start bei k\u00fchlem Herbstwetter statt, aber wir blicken optimistisch in das kommende Jahr und hoffen auf w\u00e4rmere Tage.<\/p>\n<p><img loading=\"lazy\" decoding=\"async\" class=\"alignnone size-full wp-image-3411\" src=\"https:\/\/gtselbe.hamburg.de\/wp-content\/uploads\/sites\/13\/2024\/11\/image001-1.jpg\" alt=\"\" width=\"640\" height=\"480\" srcset=\"https:\/\/gtselbe.hamburg.de\/wp-content\/uploads\/sites\/13\/2024\/11\/image001-1.jpg 640w, https:\/\/gtselbe.hamburg.de\/wp-content\/uploads\/sites\/13\/2024\/11\/image001-1-300x225.jpg 300w\" sizes=\"auto, (max-width: 640px) 100vw, 640px\" \/> <img loading=\"lazy\" decoding=\"async\" class=\"alignnone size-large wp-image-3412\" src=\"https:\/\/gtselbe.hamburg.de\/wp-content\/uploads\/sites\/13\/2024\/11\/image002-1.jpg\" alt=\"\" width=\"525\" height=\"394\" srcset=\"https:\/\/gtselbe.hamburg.de\/wp-content\/uploads\/sites\/13\/2024\/11\/image002-1.jpg 640w, https:\/\/gtselbe.hamburg.de\/wp-content\/uploads\/sites\/13\/2024\/11\/image002-1-300x225.jpg 300w\" sizes=\"auto, (max-width: 525px) 100vw, 525px\" \/> <img loading=\"lazy\" decoding=\"async\" class=\"alignnone size-large wp-image-3413\" src=\"https:\/\/gtselbe.hamburg.de\/wp-content\/uploads\/sites\/13\/2024\/11\/image003-1.jpg\" alt=\"\" width=\"480\" height=\"640\" srcset=\"https:\/\/gtselbe.hamburg.de\/wp-content\/uploads\/sites\/13\/2024\/11\/image003-1.jpg 480w, https:\/\/gtselbe.hamburg.de\/wp-content\/uploads\/sites\/13\/2024\/11\/image003-1-225x300.jpg 225w\" sizes=\"auto, (max-width: 480px) 100vw, 480px\" \/><\/p>\n","protected":false},"excerpt":{"rendered":"<p>Rennpiste \u201eCarsten-Rehder-Ring\u201c \ud83d\ude0a Endlich ist es soweit: Die neuen Go-Carts sind aus der Montagewerkstatt gekommen und wurden am Freitag, den 8.11.24 mit gro\u00dfer Freude von den vielen kleinen \u201eRennfahrern\u201c in Besitz genommen. \u00a0Jetzt ist die Rennstrecke \u201eCarsten-Rehder-Ring\u201c er\u00f6ffnet. Probefahrten und letztes \u201eSchrauben\u201c fanden statt und alle Fahrzeuge wurden f\u00fcr gut befunden. Leider fand der Start &hellip; <\/p>\n<p class=\"link-more\"><a href=\"https:\/\/gtselbe.hamburg.de\/?page_id=3410\" class=\"more-link\"><span class=\"screen-reader-text\">\u201eSchul-Alltag: 08.11.2024 &#8211; Go-Carts\u201c <\/span>weiterlesen<\/a><\/p>\n","protected":false},"author":1587,"featured_media":0,"parent":0,"menu_order":0,"comment_status":"closed","ping_status":"closed","template":"","meta":{"_acf_changed":false,"footnotes":""},"class_list":["post-3410","page","type-page","status-publish","hentry"],"acf":[],"_links":{"self":[{"href":"https:\/\/gtselbe.hamburg.de\/index.php?rest_route=\/wp\/v2\/pages\/3410","targetHints":{"allow":["GET"]}}],"collection":[{"href":"https:\/\/gtselbe.hamburg.de\/index.php?rest_route=\/wp\/v2\/pages"}],"about":[{"href":"https:\/\/gtselbe.hamburg.de\/index.php?rest_route=\/wp\/v2\/types\/page"}],"author":[{"embeddable":true,"href":"https:\/\/gtselbe.hamburg.de\/index.php?rest_route=\/wp\/v2\/users\/1587"}],"replies":[{"embeddable":true,"href":"https:\/\/gtselbe.hamburg.de\/index.php?rest_route=%2Fwp%2Fv2%2Fcomments&post=3410"}],"version-history":[{"count":1,"href":"https:\/\/gtselbe.hamburg.de\/index.php?rest_route=\/wp\/v2\/pages\/3410\/revisions"}],"predecessor-version":[{"id":3414,"href":"https:\/\/gtselbe.hamburg.de\/index.php?rest_route=\/wp\/v2\/pages\/3410\/revisions\/3414"}],"wp:attachment":[{"href":"https:\/\/gtselbe.hamburg.de\/index.php?rest_route=%2Fwp%2Fv2%2Fmedia&parent=3410"}],"curies":[{"name":"wp","href":"https:\/\/api.w.org\/{rel}","templated":true}]}}