{"id":3418,"date":"2024-11-24T15:09:23","date_gmt":"2024-11-24T14:09:23","guid":{"rendered":"https:\/\/gtselbe.hamburg.de\/?page_id=3418"},"modified":"2024-12-11T09:10:42","modified_gmt":"2024-12-11T08:10:42","slug":"schul-alltag-21-11-2024-schulmentoren","status":"publish","type":"page","link":"https:\/\/gtselbe.hamburg.de\/?page_id=3418","title":{"rendered":"Schul-Alltag: 21.11.2024 &#8211; Schulmentoren"},"content":{"rendered":"<p>Am Mittwoch wurde an der Ganztagsschule an der Elbe der Internationale Tag der Kinderrechte gefeiert. Wir haben uns daf\u00fcr der von UNICEF organisierten Schulaktion angeschlossen, die unter dem Motto &#8222;Du geh\u00f6rst dazu!&#8220; stand. Unsere SchulmentorInnen sind gleich um 8 Uhr in alle Klassen gegangen, um die Kinder auf den Tag der Kinderrechte aufmerksam zu machen und ihre Fragen zu beantworten. Es wurde ein kleiner Film \u00fcber Kinderrechte gezeigt und besprochen, was wir tun k\u00f6nnen, wenn diese nicht respektiert werden. Am Schluss wurden Postkarten und Tattoos verteilt, um auch nach Au\u00dfen ein Zeichen f\u00fcr Vielfalt und gegen Ausgrenzung zu setzen. Besonderen Spa\u00df hatten alle Sch\u00fclerinnen und Sch\u00fcler beim Aufspr\u00fchen des Mottos auf dem Schulgel\u00e4nde. Auch am Tag nach der Aktion war der Jingle des Films &#8222;Ich hab Rechte, du hast Rechte, wir alle haben Rechte&#8220; zu h\u00f6ren und hat ebenso wie das gegenseitige Zeigen der Tattoos unseren Zusammenhalt weiter gefestigt.<\/p>\n<p><img loading=\"lazy\" decoding=\"async\" class=\"alignnone size-large wp-image-3458\" src=\"https:\/\/gtselbe.hamburg.de\/wp-content\/uploads\/sites\/13\/2024\/12\/IMG-20241120-WA0002-576x1024.jpg\" alt=\"\" width=\"525\" height=\"933\" srcset=\"https:\/\/gtselbe.hamburg.de\/wp-content\/uploads\/sites\/13\/2024\/12\/IMG-20241120-WA0002-576x1024.jpg 576w, https:\/\/gtselbe.hamburg.de\/wp-content\/uploads\/sites\/13\/2024\/12\/IMG-20241120-WA0002-169x300.jpg 169w, https:\/\/gtselbe.hamburg.de\/wp-content\/uploads\/sites\/13\/2024\/12\/IMG-20241120-WA0002-768x1365.jpg 768w, https:\/\/gtselbe.hamburg.de\/wp-content\/uploads\/sites\/13\/2024\/12\/IMG-20241120-WA0002-864x1536.jpg 864w, https:\/\/gtselbe.hamburg.de\/wp-content\/uploads\/sites\/13\/2024\/12\/IMG-20241120-WA0002.jpg 900w\" sizes=\"auto, (max-width: 525px) 100vw, 525px\" \/> <img loading=\"lazy\" decoding=\"async\" class=\"alignnone size-large wp-image-3459\" src=\"https:\/\/gtselbe.hamburg.de\/wp-content\/uploads\/sites\/13\/2024\/12\/IMG-20241120-WA0003-576x1024.jpg\" alt=\"\" width=\"525\" height=\"933\" srcset=\"https:\/\/gtselbe.hamburg.de\/wp-content\/uploads\/sites\/13\/2024\/12\/IMG-20241120-WA0003-576x1024.jpg 576w, https:\/\/gtselbe.hamburg.de\/wp-content\/uploads\/sites\/13\/2024\/12\/IMG-20241120-WA0003-169x300.jpg 169w, https:\/\/gtselbe.hamburg.de\/wp-content\/uploads\/sites\/13\/2024\/12\/IMG-20241120-WA0003-768x1365.jpg 768w, https:\/\/gtselbe.hamburg.de\/wp-content\/uploads\/sites\/13\/2024\/12\/IMG-20241120-WA0003-864x1536.jpg 864w, https:\/\/gtselbe.hamburg.de\/wp-content\/uploads\/sites\/13\/2024\/12\/IMG-20241120-WA0003.jpg 900w\" sizes=\"auto, (max-width: 525px) 100vw, 525px\" \/> <img loading=\"lazy\" decoding=\"async\" class=\"alignnone size-large wp-image-3460\" src=\"https:\/\/gtselbe.hamburg.de\/wp-content\/uploads\/sites\/13\/2024\/12\/IMG-20241209-WA0021-768x1024.jpg\" alt=\"\" width=\"525\" height=\"700\" srcset=\"https:\/\/gtselbe.hamburg.de\/wp-content\/uploads\/sites\/13\/2024\/12\/IMG-20241209-WA0021-768x1024.jpg 768w, https:\/\/gtselbe.hamburg.de\/wp-content\/uploads\/sites\/13\/2024\/12\/IMG-20241209-WA0021-225x300.jpg 225w, https:\/\/gtselbe.hamburg.de\/wp-content\/uploads\/sites\/13\/2024\/12\/IMG-20241209-WA0021-1152x1536.jpg 1152w, https:\/\/gtselbe.hamburg.de\/wp-content\/uploads\/sites\/13\/2024\/12\/IMG-20241209-WA0021.jpg 1200w\" sizes=\"auto, (max-width: 525px) 100vw, 525px\" \/> <img loading=\"lazy\" decoding=\"async\" class=\"alignnone size-large wp-image-3461\" src=\"https:\/\/gtselbe.hamburg.de\/wp-content\/uploads\/sites\/13\/2024\/12\/20241120_083711-1018x1024.jpg\" alt=\"\" width=\"525\" height=\"528\" srcset=\"https:\/\/gtselbe.hamburg.de\/wp-content\/uploads\/sites\/13\/2024\/12\/20241120_083711-1018x1024.jpg 1018w, https:\/\/gtselbe.hamburg.de\/wp-content\/uploads\/sites\/13\/2024\/12\/20241120_083711-298x300.jpg 298w, https:\/\/gtselbe.hamburg.de\/wp-content\/uploads\/sites\/13\/2024\/12\/20241120_083711-150x150.jpg 150w, https:\/\/gtselbe.hamburg.de\/wp-content\/uploads\/sites\/13\/2024\/12\/20241120_083711-768x772.jpg 768w, https:\/\/gtselbe.hamburg.de\/wp-content\/uploads\/sites\/13\/2024\/12\/20241120_083711-1527x1536.jpg 1527w, https:\/\/gtselbe.hamburg.de\/wp-content\/uploads\/sites\/13\/2024\/12\/20241120_083711-2037x2048.jpg 2037w, https:\/\/gtselbe.hamburg.de\/wp-content\/uploads\/sites\/13\/2024\/12\/20241120_083711-100x100.jpg 100w, https:\/\/gtselbe.hamburg.de\/wp-content\/uploads\/sites\/13\/2024\/12\/20241120_083711-60x60.jpg 60w\" sizes=\"auto, (max-width: 525px) 100vw, 525px\" \/><\/p>\n","protected":false},"excerpt":{"rendered":"<p>Am Mittwoch wurde an der Ganztagsschule an der Elbe der Internationale Tag der Kinderrechte gefeiert. Wir haben uns daf\u00fcr der von UNICEF organisierten Schulaktion angeschlossen, die unter dem Motto &#8222;Du geh\u00f6rst dazu!&#8220; stand. Unsere SchulmentorInnen sind gleich um 8 Uhr in alle Klassen gegangen, um die Kinder auf den Tag der Kinderrechte aufmerksam zu machen &hellip; <\/p>\n<p class=\"link-more\"><a href=\"https:\/\/gtselbe.hamburg.de\/?page_id=3418\" class=\"more-link\"><span class=\"screen-reader-text\">\u201eSchul-Alltag: 21.11.2024 &#8211; Schulmentoren\u201c <\/span>weiterlesen<\/a><\/p>\n","protected":false},"author":1587,"featured_media":0,"parent":0,"menu_order":0,"comment_status":"closed","ping_status":"closed","template":"","meta":{"_acf_changed":false,"footnotes":""},"class_list":["post-3418","page","type-page","status-publish","hentry"],"acf":[],"_links":{"self":[{"href":"https:\/\/gtselbe.hamburg.de\/index.php?rest_route=\/wp\/v2\/pages\/3418","targetHints":{"allow":["GET"]}}],"collection":[{"href":"https:\/\/gtselbe.hamburg.de\/index.php?rest_route=\/wp\/v2\/pages"}],"about":[{"href":"https:\/\/gtselbe.hamburg.de\/index.php?rest_route=\/wp\/v2\/types\/page"}],"author":[{"embeddable":true,"href":"https:\/\/gtselbe.hamburg.de\/index.php?rest_route=\/wp\/v2\/users\/1587"}],"replies":[{"embeddable":true,"href":"https:\/\/gtselbe.hamburg.de\/index.php?rest_route=%2Fwp%2Fv2%2Fcomments&post=3418"}],"version-history":[{"count":2,"href":"https:\/\/gtselbe.hamburg.de\/index.php?rest_route=\/wp\/v2\/pages\/3418\/revisions"}],"predecessor-version":[{"id":3462,"href":"https:\/\/gtselbe.hamburg.de\/index.php?rest_route=\/wp\/v2\/pages\/3418\/revisions\/3462"}],"wp:attachment":[{"href":"https:\/\/gtselbe.hamburg.de\/index.php?rest_route=%2Fwp%2Fv2%2Fmedia&parent=3418"}],"curies":[{"name":"wp","href":"https:\/\/api.w.org\/{rel}","templated":true}]}}