{"id":3424,"date":"2024-11-27T14:20:19","date_gmt":"2024-11-27T13:20:19","guid":{"rendered":"https:\/\/gtselbe.hamburg.de\/?page_id=3424"},"modified":"2024-11-27T14:20:19","modified_gmt":"2024-11-27T13:20:19","slug":"schul-alltag-25-11-2024-kinderbuchhaus","status":"publish","type":"page","link":"https:\/\/gtselbe.hamburg.de\/?page_id=3424","title":{"rendered":"Schul-Alltag: 25.11.2024 &#8211; Kinderbuchhaus"},"content":{"rendered":"<p>Am Montag nahm die Klasse 2a am Werkstattangebot \u201eBabbelapapp\u201c teil. Dabei handelt es sich um ein interaktives Theaterst\u00fcck, das von Kristina gestaltet wurde und die Freude an der Vielfalt der Sprachen auf der Welt in den Mittelpunkt stellte.<\/p>\n<p>Mit gro\u00dfer Begeisterung verfolgten wir ihre Auff\u00fchrung und lauschten ihrer bewegenden Lebensgeschichte. In ihrer Heimat war sie gl\u00fccklich, umgeben von Familie und Freunden. Doch als sie ihre Heimat verlassen musste, fiel ihr dieser Abschied sehr schwer. In der neuen Umgebung f\u00fchlte sie sich zun\u00e4chst fremd und verloren. Gemeinsam halfen wir ihr, sich wieder zuhause zu f\u00fchlen.<\/p>\n<p>Dabei wurde uns klar, dass Musik, Tanz und ausdrucksstarke Bilder weltweite Wege der Kommunikation sein k\u00f6nnen. Wir lernten verschiedene Begriffe in unterschiedlichen Sprachen, sprachen und tanzten zusammen. Besonders spannend war die Entdeckung, dass manche W\u00f6rter in verschiedenen Sprachen dieselbe Bedeutung haben \u2013 ein toller Aha-Moment!<\/p>\n<p>Kristina stellte uns auch die Frage, was wir mitnehmen w\u00fcrden, wenn wir unsere Heimat verlassen m\u00fcssten. Unsere Antworten waren klar: Familie, Freunde, Kuscheltiere und nat\u00fcrlich viel Liebe.<\/p>\n<p>Zum Abschluss lernten wir den \u201eRaketenapplaus\u201c kennen. Von ganz leise bis hin zu einem lauten, begeisterten Jubel applaudierten wir uns selbst und Kristina f\u00fcr dieses gro\u00dfartige Theaterst\u00fcck. Was f\u00fcr ein gelungener Tag!<\/p>\n<p><img loading=\"lazy\" decoding=\"async\" class=\"alignnone size-large wp-image-3425\" src=\"https:\/\/gtselbe.hamburg.de\/wp-content\/uploads\/sites\/13\/2024\/11\/IMG_0653-768x1024.jpeg\" alt=\"\" width=\"525\" height=\"700\" srcset=\"https:\/\/gtselbe.hamburg.de\/wp-content\/uploads\/sites\/13\/2024\/11\/IMG_0653-768x1024.jpeg 768w, https:\/\/gtselbe.hamburg.de\/wp-content\/uploads\/sites\/13\/2024\/11\/IMG_0653-225x300.jpeg 225w, https:\/\/gtselbe.hamburg.de\/wp-content\/uploads\/sites\/13\/2024\/11\/IMG_0653-1152x1536.jpeg 1152w, https:\/\/gtselbe.hamburg.de\/wp-content\/uploads\/sites\/13\/2024\/11\/IMG_0653.jpeg 1536w\" sizes=\"auto, (max-width: 525px) 100vw, 525px\" \/> <img loading=\"lazy\" decoding=\"async\" class=\"alignnone size-large wp-image-3426\" src=\"https:\/\/gtselbe.hamburg.de\/wp-content\/uploads\/sites\/13\/2024\/11\/IMG_0649-1024x768.jpeg\" alt=\"\" width=\"525\" height=\"394\" srcset=\"https:\/\/gtselbe.hamburg.de\/wp-content\/uploads\/sites\/13\/2024\/11\/IMG_0649-1024x768.jpeg 1024w, https:\/\/gtselbe.hamburg.de\/wp-content\/uploads\/sites\/13\/2024\/11\/IMG_0649-300x225.jpeg 300w, https:\/\/gtselbe.hamburg.de\/wp-content\/uploads\/sites\/13\/2024\/11\/IMG_0649-768x576.jpeg 768w, https:\/\/gtselbe.hamburg.de\/wp-content\/uploads\/sites\/13\/2024\/11\/IMG_0649-1536x1152.jpeg 1536w, https:\/\/gtselbe.hamburg.de\/wp-content\/uploads\/sites\/13\/2024\/11\/IMG_0649.jpeg 2048w\" sizes=\"auto, (max-width: 525px) 100vw, 525px\" \/> <img loading=\"lazy\" decoding=\"async\" class=\"alignnone size-large wp-image-3427\" src=\"https:\/\/gtselbe.hamburg.de\/wp-content\/uploads\/sites\/13\/2024\/11\/IMG_0671-768x1024.jpeg\" alt=\"\" width=\"525\" height=\"700\" srcset=\"https:\/\/gtselbe.hamburg.de\/wp-content\/uploads\/sites\/13\/2024\/11\/IMG_0671-768x1024.jpeg 768w, https:\/\/gtselbe.hamburg.de\/wp-content\/uploads\/sites\/13\/2024\/11\/IMG_0671-225x300.jpeg 225w, https:\/\/gtselbe.hamburg.de\/wp-content\/uploads\/sites\/13\/2024\/11\/IMG_0671-1152x1536.jpeg 1152w, https:\/\/gtselbe.hamburg.de\/wp-content\/uploads\/sites\/13\/2024\/11\/IMG_0671.jpeg 1536w\" sizes=\"auto, (max-width: 525px) 100vw, 525px\" \/> <img loading=\"lazy\" decoding=\"async\" class=\"alignnone size-large wp-image-3428\" src=\"https:\/\/gtselbe.hamburg.de\/wp-content\/uploads\/sites\/13\/2024\/11\/IMG_0675-768x1024.jpeg\" alt=\"\" width=\"525\" height=\"700\" srcset=\"https:\/\/gtselbe.hamburg.de\/wp-content\/uploads\/sites\/13\/2024\/11\/IMG_0675-768x1024.jpeg 768w, https:\/\/gtselbe.hamburg.de\/wp-content\/uploads\/sites\/13\/2024\/11\/IMG_0675-225x300.jpeg 225w, https:\/\/gtselbe.hamburg.de\/wp-content\/uploads\/sites\/13\/2024\/11\/IMG_0675-1152x1536.jpeg 1152w, https:\/\/gtselbe.hamburg.de\/wp-content\/uploads\/sites\/13\/2024\/11\/IMG_0675.jpeg 1536w\" sizes=\"auto, (max-width: 525px) 100vw, 525px\" \/> <img loading=\"lazy\" decoding=\"async\" class=\"alignnone size-large wp-image-3429\" src=\"https:\/\/gtselbe.hamburg.de\/wp-content\/uploads\/sites\/13\/2024\/11\/IMG_0681-768x1024.jpeg\" alt=\"\" width=\"525\" height=\"700\" srcset=\"https:\/\/gtselbe.hamburg.de\/wp-content\/uploads\/sites\/13\/2024\/11\/IMG_0681-768x1024.jpeg 768w, https:\/\/gtselbe.hamburg.de\/wp-content\/uploads\/sites\/13\/2024\/11\/IMG_0681-225x300.jpeg 225w, https:\/\/gtselbe.hamburg.de\/wp-content\/uploads\/sites\/13\/2024\/11\/IMG_0681-1152x1536.jpeg 1152w, https:\/\/gtselbe.hamburg.de\/wp-content\/uploads\/sites\/13\/2024\/11\/IMG_0681.jpeg 1536w\" sizes=\"auto, (max-width: 525px) 100vw, 525px\" \/> <img loading=\"lazy\" decoding=\"async\" class=\"alignnone size-large wp-image-3430\" src=\"https:\/\/gtselbe.hamburg.de\/wp-content\/uploads\/sites\/13\/2024\/11\/IMG_0667-768x1024.jpeg\" alt=\"\" width=\"525\" height=\"700\" srcset=\"https:\/\/gtselbe.hamburg.de\/wp-content\/uploads\/sites\/13\/2024\/11\/IMG_0667-768x1024.jpeg 768w, https:\/\/gtselbe.hamburg.de\/wp-content\/uploads\/sites\/13\/2024\/11\/IMG_0667-225x300.jpeg 225w, https:\/\/gtselbe.hamburg.de\/wp-content\/uploads\/sites\/13\/2024\/11\/IMG_0667-1152x1536.jpeg 1152w, https:\/\/gtselbe.hamburg.de\/wp-content\/uploads\/sites\/13\/2024\/11\/IMG_0667.jpeg 1536w\" sizes=\"auto, (max-width: 525px) 100vw, 525px\" \/> <img loading=\"lazy\" decoding=\"async\" class=\"alignnone size-large wp-image-3431\" src=\"https:\/\/gtselbe.hamburg.de\/wp-content\/uploads\/sites\/13\/2024\/11\/IMG_0646-1024x768.jpeg\" alt=\"\" width=\"525\" height=\"394\" srcset=\"https:\/\/gtselbe.hamburg.de\/wp-content\/uploads\/sites\/13\/2024\/11\/IMG_0646-1024x768.jpeg 1024w, https:\/\/gtselbe.hamburg.de\/wp-content\/uploads\/sites\/13\/2024\/11\/IMG_0646-300x225.jpeg 300w, https:\/\/gtselbe.hamburg.de\/wp-content\/uploads\/sites\/13\/2024\/11\/IMG_0646-768x576.jpeg 768w, https:\/\/gtselbe.hamburg.de\/wp-content\/uploads\/sites\/13\/2024\/11\/IMG_0646-1536x1152.jpeg 1536w, https:\/\/gtselbe.hamburg.de\/wp-content\/uploads\/sites\/13\/2024\/11\/IMG_0646.jpeg 2048w\" sizes=\"auto, (max-width: 525px) 100vw, 525px\" \/><\/p>\n","protected":false},"excerpt":{"rendered":"<p>Am Montag nahm die Klasse 2a am Werkstattangebot \u201eBabbelapapp\u201c teil. Dabei handelt es sich um ein interaktives Theaterst\u00fcck, das von Kristina gestaltet wurde und die Freude an der Vielfalt der Sprachen auf der Welt in den Mittelpunkt stellte. Mit gro\u00dfer Begeisterung verfolgten wir ihre Auff\u00fchrung und lauschten ihrer bewegenden Lebensgeschichte. In ihrer Heimat war sie &hellip; <\/p>\n<p class=\"link-more\"><a href=\"https:\/\/gtselbe.hamburg.de\/?page_id=3424\" class=\"more-link\"><span class=\"screen-reader-text\">\u201eSchul-Alltag: 25.11.2024 &#8211; Kinderbuchhaus\u201c <\/span>weiterlesen<\/a><\/p>\n","protected":false},"author":1587,"featured_media":0,"parent":0,"menu_order":0,"comment_status":"closed","ping_status":"closed","template":"","meta":{"_acf_changed":false,"footnotes":""},"class_list":["post-3424","page","type-page","status-publish","hentry"],"acf":[],"_links":{"self":[{"href":"https:\/\/gtselbe.hamburg.de\/index.php?rest_route=\/wp\/v2\/pages\/3424","targetHints":{"allow":["GET"]}}],"collection":[{"href":"https:\/\/gtselbe.hamburg.de\/index.php?rest_route=\/wp\/v2\/pages"}],"about":[{"href":"https:\/\/gtselbe.hamburg.de\/index.php?rest_route=\/wp\/v2\/types\/page"}],"author":[{"embeddable":true,"href":"https:\/\/gtselbe.hamburg.de\/index.php?rest_route=\/wp\/v2\/users\/1587"}],"replies":[{"embeddable":true,"href":"https:\/\/gtselbe.hamburg.de\/index.php?rest_route=%2Fwp%2Fv2%2Fcomments&post=3424"}],"version-history":[{"count":1,"href":"https:\/\/gtselbe.hamburg.de\/index.php?rest_route=\/wp\/v2\/pages\/3424\/revisions"}],"predecessor-version":[{"id":3432,"href":"https:\/\/gtselbe.hamburg.de\/index.php?rest_route=\/wp\/v2\/pages\/3424\/revisions\/3432"}],"wp:attachment":[{"href":"https:\/\/gtselbe.hamburg.de\/index.php?rest_route=%2Fwp%2Fv2%2Fmedia&parent=3424"}],"curies":[{"name":"wp","href":"https:\/\/api.w.org\/{rel}","templated":true}]}}