{"id":3454,"date":"2024-12-10T10:14:31","date_gmt":"2024-12-10T09:14:31","guid":{"rendered":"https:\/\/gtselbe.hamburg.de\/?page_id=3454"},"modified":"2024-12-10T10:14:31","modified_gmt":"2024-12-10T09:14:31","slug":"schul-alltag-09-12-2024-zeitungszocker","status":"publish","type":"page","link":"https:\/\/gtselbe.hamburg.de\/?page_id=3454","title":{"rendered":"Schul-Alltag: 09.12.2024 &#8211; Zeitungszocker"},"content":{"rendered":"<p>Am 09. Dezember unternahmen die &#8222;Zeitungszocker&#8220; einen Ausflug zum Spiegel-Verlag. Unsere &#8222;Zeitungszocker&#8220; schreiben einmal w\u00f6chentlich im Rahmen eines Nachmittagskurses Beitr\u00e4ge f\u00fcr unsere digitale Sch\u00fclerzeitung namens &#8222;Hamburger Elbsch\u00fclerzeitung&#8220;. Dort wollten sie sehen, wie &#8222;echte&#8220; Journalistinnen und Journalisten arbeiten. Angekommen im gl\u00e4sernen Verlagshaus, waren die Kinder beeindruckt von der imposanten Eingangshalle. Schnurstracks ging es ein Stockwerk h\u00f6her, wo sich die Redaktionsleiterin des Kindermagazins &#8222;Dein Spiegel&#8220; und zwei weitere Mitarbeiter den Fragen der Kinder stellten. Die Kinder erfuhren dabei einiges \u00fcber die Arbeit als Journalistin oder Journalist, aber auch \u00fcber die einzelnen Schritte, die es bedarf, bis ein Magazin wie &#8222;Dein Spiegel&#8220; eigentlich entsteht. Als kleines Dankesch\u00f6n erhielten die Kinder zum Abschluss noch eine aktuelle Ausgabe des Magazins &#8222;Dein Spiegel&#8220; und begaben sich wieder mit dem Bus auf den R\u00fcckweg in Richtung Schule.<\/p>\n<p><img loading=\"lazy\" decoding=\"async\" class=\"alignnone size-large wp-image-3455\" src=\"https:\/\/gtselbe.hamburg.de\/wp-content\/uploads\/sites\/13\/2024\/12\/IMG_3888-1024x768.jpeg\" alt=\"\" width=\"525\" height=\"394\" srcset=\"https:\/\/gtselbe.hamburg.de\/wp-content\/uploads\/sites\/13\/2024\/12\/IMG_3888-1024x768.jpeg 1024w, https:\/\/gtselbe.hamburg.de\/wp-content\/uploads\/sites\/13\/2024\/12\/IMG_3888-300x225.jpeg 300w, https:\/\/gtselbe.hamburg.de\/wp-content\/uploads\/sites\/13\/2024\/12\/IMG_3888-768x576.jpeg 768w, https:\/\/gtselbe.hamburg.de\/wp-content\/uploads\/sites\/13\/2024\/12\/IMG_3888-1536x1152.jpeg 1536w, https:\/\/gtselbe.hamburg.de\/wp-content\/uploads\/sites\/13\/2024\/12\/IMG_3888.jpeg 2048w\" sizes=\"auto, (max-width: 525px) 100vw, 525px\" \/><\/p>\n","protected":false},"excerpt":{"rendered":"<p>Am 09. Dezember unternahmen die &#8222;Zeitungszocker&#8220; einen Ausflug zum Spiegel-Verlag. Unsere &#8222;Zeitungszocker&#8220; schreiben einmal w\u00f6chentlich im Rahmen eines Nachmittagskurses Beitr\u00e4ge f\u00fcr unsere digitale Sch\u00fclerzeitung namens &#8222;Hamburger Elbsch\u00fclerzeitung&#8220;. Dort wollten sie sehen, wie &#8222;echte&#8220; Journalistinnen und Journalisten arbeiten. Angekommen im gl\u00e4sernen Verlagshaus, waren die Kinder beeindruckt von der imposanten Eingangshalle. Schnurstracks ging es ein Stockwerk h\u00f6her, &hellip; <\/p>\n<p class=\"link-more\"><a href=\"https:\/\/gtselbe.hamburg.de\/?page_id=3454\" class=\"more-link\"><span class=\"screen-reader-text\">\u201eSchul-Alltag: 09.12.2024 &#8211; Zeitungszocker\u201c <\/span>weiterlesen<\/a><\/p>\n","protected":false},"author":1587,"featured_media":0,"parent":0,"menu_order":0,"comment_status":"closed","ping_status":"closed","template":"","meta":{"_acf_changed":false,"footnotes":""},"class_list":["post-3454","page","type-page","status-publish","hentry"],"acf":[],"_links":{"self":[{"href":"https:\/\/gtselbe.hamburg.de\/index.php?rest_route=\/wp\/v2\/pages\/3454","targetHints":{"allow":["GET"]}}],"collection":[{"href":"https:\/\/gtselbe.hamburg.de\/index.php?rest_route=\/wp\/v2\/pages"}],"about":[{"href":"https:\/\/gtselbe.hamburg.de\/index.php?rest_route=\/wp\/v2\/types\/page"}],"author":[{"embeddable":true,"href":"https:\/\/gtselbe.hamburg.de\/index.php?rest_route=\/wp\/v2\/users\/1587"}],"replies":[{"embeddable":true,"href":"https:\/\/gtselbe.hamburg.de\/index.php?rest_route=%2Fwp%2Fv2%2Fcomments&post=3454"}],"version-history":[{"count":1,"href":"https:\/\/gtselbe.hamburg.de\/index.php?rest_route=\/wp\/v2\/pages\/3454\/revisions"}],"predecessor-version":[{"id":3456,"href":"https:\/\/gtselbe.hamburg.de\/index.php?rest_route=\/wp\/v2\/pages\/3454\/revisions\/3456"}],"wp:attachment":[{"href":"https:\/\/gtselbe.hamburg.de\/index.php?rest_route=%2Fwp%2Fv2%2Fmedia&parent=3454"}],"curies":[{"name":"wp","href":"https:\/\/api.w.org\/{rel}","templated":true}]}}