{"id":3470,"date":"2024-12-18T12:21:15","date_gmt":"2024-12-18T11:21:15","guid":{"rendered":"https:\/\/gtselbe.hamburg.de\/?page_id=3470"},"modified":"2024-12-18T12:21:15","modified_gmt":"2024-12-18T11:21:15","slug":"schul-alltag-03-12-24-lesethron","status":"publish","type":"page","link":"https:\/\/gtselbe.hamburg.de\/?page_id=3470","title":{"rendered":"Schul-Alltag: 03.12.24 &#8211; Lesethron"},"content":{"rendered":"<p>Am 03.12. nahmen die Klassen 3a und 3b an der Veranstaltung &#8222;Kinder auf den Lesethron&#8220; teil. Schon im letzten Jahr lasen vier Kinder ihre selbstgeschriebenen Texte vor. Den Kindern gefiel die Veranstaltung so gut, dass sie auch in diesem Jahr mit von der Partie sein wollten. Das Besondere in diesem Jahr: als Kooperationsschule konnten mit Miray und Bajsangur (beide 3a) sogar zwei weitere Kinder im Moderationsteam an der Veranstaltung mitwirken. Mit zwei weiteren Kindern der Rudolf-Ro\u00df-Schule bildeten sie ein Vierer-Moderationsgespann. Damit das Moderationsteam sich schon vor der Veranstaltung kennenlernen konnte, machten sich die ausgew\u00e4hlten Autorinnen und Autoren mit den Moderatoren und Herrn L\u00fcdemann bereits eine Woche vorher auf den Weg zur Rudolf-Ro\u00df-Schule, um den Ablauf der Moderation zu proben. Anfangs noch etwas nerv\u00f6s, hatten sich die vier Kinder schnell aufeinander eingespielt und die Generalprobe gelang. Am 03.12. machten sich dann beide Klassen zusammen auf den Weg zum Literaturhaus. In diesem Jahr lasen Pauline und Noah (stellvertretend f\u00fcr die erkrankten Anil und Johan) aus der 3b und Aissata und Robenus aus der 3a ihre Texte vor dem Publikum vor. Anfangs noch etwas nerv\u00f6s, lasen sie dann auf dem purpurroten Lesethron ihre Geschichten vor und waren sichtlich stolz, als das Publikum die Texte mit einem gro\u00dfen Applaus w\u00fcrdigte. Auch die beiden Moderatoren Miray und Bajsangur f\u00fchrten das Publikum souver\u00e4n durch die Veranstaltung. Auch wir sind stolz, dass die Kinder so viel Mut bewiesen haben und ihr K\u00f6nnen vor einem gro\u00dfen Publikum unter Beweis gestellt haben.<\/p>\n<p><img loading=\"lazy\" decoding=\"async\" class=\"alignnone size-large wp-image-3471\" src=\"https:\/\/gtselbe.hamburg.de\/wp-content\/uploads\/sites\/13\/2024\/12\/IMG_5818-768x1024.jpeg\" alt=\"\" width=\"525\" height=\"700\" srcset=\"https:\/\/gtselbe.hamburg.de\/wp-content\/uploads\/sites\/13\/2024\/12\/IMG_5818-768x1024.jpeg 768w, https:\/\/gtselbe.hamburg.de\/wp-content\/uploads\/sites\/13\/2024\/12\/IMG_5818-225x300.jpeg 225w, https:\/\/gtselbe.hamburg.de\/wp-content\/uploads\/sites\/13\/2024\/12\/IMG_5818-1152x1536.jpeg 1152w, https:\/\/gtselbe.hamburg.de\/wp-content\/uploads\/sites\/13\/2024\/12\/IMG_5818.jpeg 1536w\" sizes=\"auto, (max-width: 525px) 100vw, 525px\" \/> <img loading=\"lazy\" decoding=\"async\" class=\"alignnone size-large wp-image-3472\" src=\"https:\/\/gtselbe.hamburg.de\/wp-content\/uploads\/sites\/13\/2024\/12\/IMG_5827-768x1024.jpeg\" alt=\"\" width=\"525\" height=\"700\" srcset=\"https:\/\/gtselbe.hamburg.de\/wp-content\/uploads\/sites\/13\/2024\/12\/IMG_5827-768x1024.jpeg 768w, https:\/\/gtselbe.hamburg.de\/wp-content\/uploads\/sites\/13\/2024\/12\/IMG_5827-225x300.jpeg 225w, https:\/\/gtselbe.hamburg.de\/wp-content\/uploads\/sites\/13\/2024\/12\/IMG_5827-1152x1536.jpeg 1152w, https:\/\/gtselbe.hamburg.de\/wp-content\/uploads\/sites\/13\/2024\/12\/IMG_5827.jpeg 1536w\" sizes=\"auto, (max-width: 525px) 100vw, 525px\" \/> <img loading=\"lazy\" decoding=\"async\" class=\"alignnone size-large wp-image-3473\" src=\"https:\/\/gtselbe.hamburg.de\/wp-content\/uploads\/sites\/13\/2024\/12\/IMG_5845-768x1024.jpeg\" alt=\"\" width=\"525\" height=\"700\" srcset=\"https:\/\/gtselbe.hamburg.de\/wp-content\/uploads\/sites\/13\/2024\/12\/IMG_5845-768x1024.jpeg 768w, https:\/\/gtselbe.hamburg.de\/wp-content\/uploads\/sites\/13\/2024\/12\/IMG_5845-225x300.jpeg 225w, https:\/\/gtselbe.hamburg.de\/wp-content\/uploads\/sites\/13\/2024\/12\/IMG_5845-1152x1536.jpeg 1152w, https:\/\/gtselbe.hamburg.de\/wp-content\/uploads\/sites\/13\/2024\/12\/IMG_5845.jpeg 1536w\" sizes=\"auto, (max-width: 525px) 100vw, 525px\" \/> <img loading=\"lazy\" decoding=\"async\" class=\"alignnone size-large wp-image-3474\" src=\"https:\/\/gtselbe.hamburg.de\/wp-content\/uploads\/sites\/13\/2024\/12\/IMG_5849-768x1024.jpeg\" alt=\"\" width=\"525\" height=\"700\" srcset=\"https:\/\/gtselbe.hamburg.de\/wp-content\/uploads\/sites\/13\/2024\/12\/IMG_5849-768x1024.jpeg 768w, https:\/\/gtselbe.hamburg.de\/wp-content\/uploads\/sites\/13\/2024\/12\/IMG_5849-225x300.jpeg 225w, https:\/\/gtselbe.hamburg.de\/wp-content\/uploads\/sites\/13\/2024\/12\/IMG_5849-1152x1536.jpeg 1152w, https:\/\/gtselbe.hamburg.de\/wp-content\/uploads\/sites\/13\/2024\/12\/IMG_5849.jpeg 1536w\" sizes=\"auto, (max-width: 525px) 100vw, 525px\" \/> <img loading=\"lazy\" decoding=\"async\" class=\"alignnone size-large wp-image-3475\" src=\"https:\/\/gtselbe.hamburg.de\/wp-content\/uploads\/sites\/13\/2024\/12\/IMG_5662-1024x768.jpeg\" alt=\"\" width=\"525\" height=\"394\" srcset=\"https:\/\/gtselbe.hamburg.de\/wp-content\/uploads\/sites\/13\/2024\/12\/IMG_5662-1024x768.jpeg 1024w, https:\/\/gtselbe.hamburg.de\/wp-content\/uploads\/sites\/13\/2024\/12\/IMG_5662-300x225.jpeg 300w, https:\/\/gtselbe.hamburg.de\/wp-content\/uploads\/sites\/13\/2024\/12\/IMG_5662-768x576.jpeg 768w, https:\/\/gtselbe.hamburg.de\/wp-content\/uploads\/sites\/13\/2024\/12\/IMG_5662-1536x1152.jpeg 1536w, https:\/\/gtselbe.hamburg.de\/wp-content\/uploads\/sites\/13\/2024\/12\/IMG_5662.jpeg 2048w\" sizes=\"auto, (max-width: 525px) 100vw, 525px\" \/><\/p>\n","protected":false},"excerpt":{"rendered":"<p>Am 03.12. nahmen die Klassen 3a und 3b an der Veranstaltung &#8222;Kinder auf den Lesethron&#8220; teil. Schon im letzten Jahr lasen vier Kinder ihre selbstgeschriebenen Texte vor. Den Kindern gefiel die Veranstaltung so gut, dass sie auch in diesem Jahr mit von der Partie sein wollten. Das Besondere in diesem Jahr: als Kooperationsschule konnten mit &hellip; <\/p>\n<p class=\"link-more\"><a href=\"https:\/\/gtselbe.hamburg.de\/?page_id=3470\" class=\"more-link\"><span class=\"screen-reader-text\">\u201eSchul-Alltag: 03.12.24 &#8211; Lesethron\u201c <\/span>weiterlesen<\/a><\/p>\n","protected":false},"author":1587,"featured_media":0,"parent":0,"menu_order":0,"comment_status":"closed","ping_status":"closed","template":"","meta":{"_acf_changed":false,"footnotes":""},"class_list":["post-3470","page","type-page","status-publish","hentry"],"acf":[],"_links":{"self":[{"href":"https:\/\/gtselbe.hamburg.de\/index.php?rest_route=\/wp\/v2\/pages\/3470","targetHints":{"allow":["GET"]}}],"collection":[{"href":"https:\/\/gtselbe.hamburg.de\/index.php?rest_route=\/wp\/v2\/pages"}],"about":[{"href":"https:\/\/gtselbe.hamburg.de\/index.php?rest_route=\/wp\/v2\/types\/page"}],"author":[{"embeddable":true,"href":"https:\/\/gtselbe.hamburg.de\/index.php?rest_route=\/wp\/v2\/users\/1587"}],"replies":[{"embeddable":true,"href":"https:\/\/gtselbe.hamburg.de\/index.php?rest_route=%2Fwp%2Fv2%2Fcomments&post=3470"}],"version-history":[{"count":1,"href":"https:\/\/gtselbe.hamburg.de\/index.php?rest_route=\/wp\/v2\/pages\/3470\/revisions"}],"predecessor-version":[{"id":3476,"href":"https:\/\/gtselbe.hamburg.de\/index.php?rest_route=\/wp\/v2\/pages\/3470\/revisions\/3476"}],"wp:attachment":[{"href":"https:\/\/gtselbe.hamburg.de\/index.php?rest_route=%2Fwp%2Fv2%2Fmedia&parent=3470"}],"curies":[{"name":"wp","href":"https:\/\/api.w.org\/{rel}","templated":true}]}}