{"id":3485,"date":"2024-12-20T08:12:53","date_gmt":"2024-12-20T07:12:53","guid":{"rendered":"https:\/\/gtselbe.hamburg.de\/?page_id=3485"},"modified":"2024-12-20T08:12:53","modified_gmt":"2024-12-20T07:12:53","slug":"schul-alltag-09-12-2024-kinderbuchhaus","status":"publish","type":"page","link":"https:\/\/gtselbe.hamburg.de\/?page_id=3485","title":{"rendered":"Schul-Alltag: 09.12.2024 &#8211; Kinderbuchhaus"},"content":{"rendered":"<p>Am 09.12. folgten die Klassen 3a und 3b einer Einladung der Kinderbuchautorin Franziska Biermann ins Kinderbuchhaus im Altonaer Museum. Die Kinder hatten zur Er\u00f6ffnung des Kinderbuchhauses vor einem gro\u00dfen Publikum den sogenannten Fuchstanz aufgef\u00fchrt und somit f\u00fcr gute Stimmung und Erheiterung gesorgt. Als kleines Dankesch\u00f6n lud Frau Biermann die Kinder zu einer Lesung ihres Buches &#8222;Der faule Kater Josef&#8220; ein. Kater Josef -bekannt als Couch-Potato- muss runter vom Sofa. Normalerweise fr\u00f6hnte er dem s\u00fc\u00dfen Leben mit Verdauungsschl\u00e4fchen und Gehirnentspannung. Nur einmal am Tag muss er runter vom Sofa, den Gartenweg entlang ans Ende der Welt, zum Katzenklo. Und da passiert&#8217;s: Er f\u00e4ngt sich einen Floh ein. Und das ist gar nicht so einfach diesen Floh wieder loszuwerden. Begleitet wurde die Veranstaltung durch eine Theaterp\u00e4dagogin, die die Kinder mit auf eine abenteuerliche Reise nahm und das Bilderbuch in ein kleines Theaterst\u00fcck verwandelte. Die Kinder waren sprichw\u00f6rtlich aus dem H\u00e4uschen und schl\u00fcpften gern in die Rolle des Katers und anderer Figuren.<\/p>\n<p><img loading=\"lazy\" decoding=\"async\" class=\"alignnone size-large wp-image-3486\" src=\"https:\/\/gtselbe.hamburg.de\/wp-content\/uploads\/sites\/13\/2024\/12\/IMG_3883-768x1024.jpeg\" alt=\"\" width=\"525\" height=\"700\" srcset=\"https:\/\/gtselbe.hamburg.de\/wp-content\/uploads\/sites\/13\/2024\/12\/IMG_3883-768x1024.jpeg 768w, https:\/\/gtselbe.hamburg.de\/wp-content\/uploads\/sites\/13\/2024\/12\/IMG_3883-225x300.jpeg 225w, https:\/\/gtselbe.hamburg.de\/wp-content\/uploads\/sites\/13\/2024\/12\/IMG_3883-1152x1536.jpeg 1152w, https:\/\/gtselbe.hamburg.de\/wp-content\/uploads\/sites\/13\/2024\/12\/IMG_3883.jpeg 1536w\" sizes=\"auto, (max-width: 525px) 100vw, 525px\" \/> <img loading=\"lazy\" decoding=\"async\" class=\"alignnone size-large wp-image-3487\" src=\"https:\/\/gtselbe.hamburg.de\/wp-content\/uploads\/sites\/13\/2024\/12\/IMG_3880-1024x768.jpeg\" alt=\"\" width=\"525\" height=\"394\" srcset=\"https:\/\/gtselbe.hamburg.de\/wp-content\/uploads\/sites\/13\/2024\/12\/IMG_3880-1024x768.jpeg 1024w, https:\/\/gtselbe.hamburg.de\/wp-content\/uploads\/sites\/13\/2024\/12\/IMG_3880-300x225.jpeg 300w, https:\/\/gtselbe.hamburg.de\/wp-content\/uploads\/sites\/13\/2024\/12\/IMG_3880-768x576.jpeg 768w, https:\/\/gtselbe.hamburg.de\/wp-content\/uploads\/sites\/13\/2024\/12\/IMG_3880-1536x1152.jpeg 1536w, https:\/\/gtselbe.hamburg.de\/wp-content\/uploads\/sites\/13\/2024\/12\/IMG_3880.jpeg 2048w\" sizes=\"auto, (max-width: 525px) 100vw, 525px\" \/><\/p>\n","protected":false},"excerpt":{"rendered":"<p>Am 09.12. folgten die Klassen 3a und 3b einer Einladung der Kinderbuchautorin Franziska Biermann ins Kinderbuchhaus im Altonaer Museum. Die Kinder hatten zur Er\u00f6ffnung des Kinderbuchhauses vor einem gro\u00dfen Publikum den sogenannten Fuchstanz aufgef\u00fchrt und somit f\u00fcr gute Stimmung und Erheiterung gesorgt. Als kleines Dankesch\u00f6n lud Frau Biermann die Kinder zu einer Lesung ihres Buches &hellip; <\/p>\n<p class=\"link-more\"><a href=\"https:\/\/gtselbe.hamburg.de\/?page_id=3485\" class=\"more-link\"><span class=\"screen-reader-text\">\u201eSchul-Alltag: 09.12.2024 &#8211; Kinderbuchhaus\u201c <\/span>weiterlesen<\/a><\/p>\n","protected":false},"author":1587,"featured_media":0,"parent":0,"menu_order":0,"comment_status":"closed","ping_status":"closed","template":"","meta":{"_acf_changed":false,"footnotes":""},"class_list":["post-3485","page","type-page","status-publish","hentry"],"acf":[],"_links":{"self":[{"href":"https:\/\/gtselbe.hamburg.de\/index.php?rest_route=\/wp\/v2\/pages\/3485","targetHints":{"allow":["GET"]}}],"collection":[{"href":"https:\/\/gtselbe.hamburg.de\/index.php?rest_route=\/wp\/v2\/pages"}],"about":[{"href":"https:\/\/gtselbe.hamburg.de\/index.php?rest_route=\/wp\/v2\/types\/page"}],"author":[{"embeddable":true,"href":"https:\/\/gtselbe.hamburg.de\/index.php?rest_route=\/wp\/v2\/users\/1587"}],"replies":[{"embeddable":true,"href":"https:\/\/gtselbe.hamburg.de\/index.php?rest_route=%2Fwp%2Fv2%2Fcomments&post=3485"}],"version-history":[{"count":1,"href":"https:\/\/gtselbe.hamburg.de\/index.php?rest_route=\/wp\/v2\/pages\/3485\/revisions"}],"predecessor-version":[{"id":3488,"href":"https:\/\/gtselbe.hamburg.de\/index.php?rest_route=\/wp\/v2\/pages\/3485\/revisions\/3488"}],"wp:attachment":[{"href":"https:\/\/gtselbe.hamburg.de\/index.php?rest_route=%2Fwp%2Fv2%2Fmedia&parent=3485"}],"curies":[{"name":"wp","href":"https:\/\/api.w.org\/{rel}","templated":true}]}}