{"id":3518,"date":"2025-01-07T10:11:22","date_gmt":"2025-01-07T09:11:22","guid":{"rendered":"https:\/\/gtselbe.hamburg.de\/?page_id=3518"},"modified":"2025-01-07T10:11:22","modified_gmt":"2025-01-07T09:11:22","slug":"schul-alltag-12-12-2024-klaerwerk","status":"publish","type":"page","link":"https:\/\/gtselbe.hamburg.de\/?page_id=3518","title":{"rendered":"Schul-Alltag: 12.12.2024 &#8211; Kl\u00e4rwerk"},"content":{"rendered":"<p>Klasse 4a, Kl\u00e4rwerk &#8222;K\u00f6hlbrandh\u00f6ft&#8220;<\/p>\n<p>Von Ben, Marlene, Greta und Laiza<\/p>\n<p>Wir sind mit der Bahn und dem Bus zum Kl\u00e4rwerk gefahren. Als wir den restlichen Weg gegangen sind, hat es schon ein bisschen gestunken. Beim Kl\u00e4rwerk hat uns eine Frau begr\u00fc\u00dft. Sie hat uns an einem Modell vom Kl\u00e4rwerk alle Ger\u00e4te und Maschinen gezeigt und erkl\u00e4rt, wie das Wasser gereinigt wird und in welcher Reihenfolge. Dann haben wir uns Hauben und einen Helm aufgesetzt und sind raus gegangen. Zuerst sind wir zum Rechen gegangen und haben gesehen, wie das ganz schmutzige Wasser aussieht, wenn es im Kl\u00e4rwerk ankommt. Da hat es so gestunken, dass man fast nicht atmen konnte. Im Rechen wird der grobe Schmutz entfernt, der nachher verbrannt wird. Danach haben wir uns noch die anderen Teile des Kl\u00e4rwerks angeguckt und es hat nicht mehr so doll gestunken.<\/p>\n<p>Zur\u00fcck sind wir mit der F\u00e4hre gefahren. Das war cool und hat viel Spa\u00df gemacht.<\/p>\n<p><img loading=\"lazy\" decoding=\"async\" class=\"alignnone size-large wp-image-3519\" src=\"https:\/\/gtselbe.hamburg.de\/wp-content\/uploads\/sites\/13\/2025\/01\/IMG_4076-1024x768.jpeg\" alt=\"\" width=\"525\" height=\"394\" srcset=\"https:\/\/gtselbe.hamburg.de\/wp-content\/uploads\/sites\/13\/2025\/01\/IMG_4076-1024x768.jpeg 1024w, https:\/\/gtselbe.hamburg.de\/wp-content\/uploads\/sites\/13\/2025\/01\/IMG_4076-300x225.jpeg 300w, https:\/\/gtselbe.hamburg.de\/wp-content\/uploads\/sites\/13\/2025\/01\/IMG_4076-768x576.jpeg 768w, https:\/\/gtselbe.hamburg.de\/wp-content\/uploads\/sites\/13\/2025\/01\/IMG_4076-1536x1152.jpeg 1536w, https:\/\/gtselbe.hamburg.de\/wp-content\/uploads\/sites\/13\/2025\/01\/IMG_4076.jpeg 2048w\" sizes=\"auto, (max-width: 525px) 100vw, 525px\" \/><\/p>\n","protected":false},"excerpt":{"rendered":"<p>Klasse 4a, Kl\u00e4rwerk &#8222;K\u00f6hlbrandh\u00f6ft&#8220; Von Ben, Marlene, Greta und Laiza Wir sind mit der Bahn und dem Bus zum Kl\u00e4rwerk gefahren. Als wir den restlichen Weg gegangen sind, hat es schon ein bisschen gestunken. Beim Kl\u00e4rwerk hat uns eine Frau begr\u00fc\u00dft. Sie hat uns an einem Modell vom Kl\u00e4rwerk alle Ger\u00e4te und Maschinen gezeigt und &hellip; <\/p>\n<p class=\"link-more\"><a href=\"https:\/\/gtselbe.hamburg.de\/?page_id=3518\" class=\"more-link\"><span class=\"screen-reader-text\">\u201eSchul-Alltag: 12.12.2024 &#8211; Kl\u00e4rwerk\u201c <\/span>weiterlesen<\/a><\/p>\n","protected":false},"author":1587,"featured_media":0,"parent":0,"menu_order":0,"comment_status":"closed","ping_status":"closed","template":"","meta":{"_acf_changed":false,"footnotes":""},"class_list":["post-3518","page","type-page","status-publish","hentry"],"acf":[],"_links":{"self":[{"href":"https:\/\/gtselbe.hamburg.de\/index.php?rest_route=\/wp\/v2\/pages\/3518","targetHints":{"allow":["GET"]}}],"collection":[{"href":"https:\/\/gtselbe.hamburg.de\/index.php?rest_route=\/wp\/v2\/pages"}],"about":[{"href":"https:\/\/gtselbe.hamburg.de\/index.php?rest_route=\/wp\/v2\/types\/page"}],"author":[{"embeddable":true,"href":"https:\/\/gtselbe.hamburg.de\/index.php?rest_route=\/wp\/v2\/users\/1587"}],"replies":[{"embeddable":true,"href":"https:\/\/gtselbe.hamburg.de\/index.php?rest_route=%2Fwp%2Fv2%2Fcomments&post=3518"}],"version-history":[{"count":1,"href":"https:\/\/gtselbe.hamburg.de\/index.php?rest_route=\/wp\/v2\/pages\/3518\/revisions"}],"predecessor-version":[{"id":3520,"href":"https:\/\/gtselbe.hamburg.de\/index.php?rest_route=\/wp\/v2\/pages\/3518\/revisions\/3520"}],"wp:attachment":[{"href":"https:\/\/gtselbe.hamburg.de\/index.php?rest_route=%2Fwp%2Fv2%2Fmedia&parent=3518"}],"curies":[{"name":"wp","href":"https:\/\/api.w.org\/{rel}","templated":true}]}}