{"id":3528,"date":"2025-02-13T16:48:03","date_gmt":"2025-02-13T15:48:03","guid":{"rendered":"https:\/\/gtselbe.hamburg.de\/?page_id=3528"},"modified":"2025-02-13T16:48:03","modified_gmt":"2025-02-13T15:48:03","slug":"schul-alltag-24-01-2025-workshop-zum-gestiefelten-kater","status":"publish","type":"page","link":"https:\/\/gtselbe.hamburg.de\/?page_id=3528","title":{"rendered":"Schul-Alltag: 24.01.2025 &#8211; Workshop zum gestiefelten Kater"},"content":{"rendered":"<p>Klassen 2a\/2b<\/p>\n<p>Heute hatten wir die spannende Gelegenheit, einen Blick hinter die Kulissen des Theaters zu werfen und mehr dar\u00fcber zu erfahren, wie ein Theaterst\u00fcck entsteht. Der Workshop zum St\u00fcck &#8222;Der gestiefelte Kater&#8220; zeigte uns, wie viel Arbeit, Kreativit\u00e4t und Teamarbeit hinter einer Inszenierung steckt.<\/p>\n<p>Zun\u00e4chst lernten wir, wie eine B\u00fchne aufgebaut ist und welche technischen Elemente dabei eine Rolle spielen. Besonders interessant war es, zu sehen, wie Kulissen, Licht und Requisiten eingesetzt werden, um die verschiedenen Szenen zum Leben zu erwecken. Ein besonderes Highlight war der Besuch in der Schneiderei. Dort konnten wir hautnah miterleben, wie die Kost\u00fcme f\u00fcr die Auff\u00fchrung angefertigt werden. Au\u00dferdem hatten wir das Gl\u00fcck, die Schneiderin des St\u00fccks Der gestiefelte Kater kennenzulernen. Anschlie\u00dfend besuchten wir den Maskenbereich, wo wir den Raum sehen konnten, in dem die Schauspieler f\u00fcr das St\u00fcck geschminkt und gestylt werden. Zum Abschluss durften wir gemeinsam mit dem Regisseur eine Probe f\u00fcr das Theaterst\u00fcck anschauen. Es war spannend zu beobachten, wie die Szenen ge\u00fcbt und perfektioniert werden.<\/p>\n<p>Ein weiteres Highlight beim Workshop war es, zu entdecken, wie viele Menschen im Theater arbeiten und welche unterschiedlichen Aufgaben sie haben, vom B\u00fchnenbildner \u00fcber die Kost\u00fcmschneider bis hin zu den Technikern und Schauspielern. Nun freuen wir uns umso mehr auf die Premiere und k\u00f6nnen es kaum erwarten, das fertige St\u00fcck auf der B\u00fchne zu sehen.<\/p>\n<p><img loading=\"lazy\" decoding=\"async\" class=\"alignnone size-large wp-image-3529\" src=\"https:\/\/gtselbe.hamburg.de\/wp-content\/uploads\/sites\/13\/2025\/02\/IMG_1539-768x1024.jpeg\" alt=\"\" width=\"525\" height=\"700\" srcset=\"https:\/\/gtselbe.hamburg.de\/wp-content\/uploads\/sites\/13\/2025\/02\/IMG_1539-768x1024.jpeg 768w, https:\/\/gtselbe.hamburg.de\/wp-content\/uploads\/sites\/13\/2025\/02\/IMG_1539-225x300.jpeg 225w, https:\/\/gtselbe.hamburg.de\/wp-content\/uploads\/sites\/13\/2025\/02\/IMG_1539-1152x1536.jpeg 1152w, https:\/\/gtselbe.hamburg.de\/wp-content\/uploads\/sites\/13\/2025\/02\/IMG_1539.jpeg 1536w\" sizes=\"auto, (max-width: 525px) 100vw, 525px\" \/> <img loading=\"lazy\" decoding=\"async\" class=\"alignnone size-large wp-image-3530\" src=\"https:\/\/gtselbe.hamburg.de\/wp-content\/uploads\/sites\/13\/2025\/02\/IMG_1541-768x1024.jpeg\" alt=\"\" width=\"525\" height=\"700\" srcset=\"https:\/\/gtselbe.hamburg.de\/wp-content\/uploads\/sites\/13\/2025\/02\/IMG_1541-768x1024.jpeg 768w, https:\/\/gtselbe.hamburg.de\/wp-content\/uploads\/sites\/13\/2025\/02\/IMG_1541-225x300.jpeg 225w, https:\/\/gtselbe.hamburg.de\/wp-content\/uploads\/sites\/13\/2025\/02\/IMG_1541-1152x1536.jpeg 1152w, https:\/\/gtselbe.hamburg.de\/wp-content\/uploads\/sites\/13\/2025\/02\/IMG_1541.jpeg 1536w\" sizes=\"auto, (max-width: 525px) 100vw, 525px\" \/> <img loading=\"lazy\" decoding=\"async\" class=\"alignnone size-large wp-image-3531\" src=\"https:\/\/gtselbe.hamburg.de\/wp-content\/uploads\/sites\/13\/2025\/02\/IMG_1531-1024x768.jpeg\" alt=\"\" width=\"525\" height=\"394\" srcset=\"https:\/\/gtselbe.hamburg.de\/wp-content\/uploads\/sites\/13\/2025\/02\/IMG_1531-1024x768.jpeg 1024w, https:\/\/gtselbe.hamburg.de\/wp-content\/uploads\/sites\/13\/2025\/02\/IMG_1531-300x225.jpeg 300w, https:\/\/gtselbe.hamburg.de\/wp-content\/uploads\/sites\/13\/2025\/02\/IMG_1531-768x576.jpeg 768w, https:\/\/gtselbe.hamburg.de\/wp-content\/uploads\/sites\/13\/2025\/02\/IMG_1531-1536x1152.jpeg 1536w, https:\/\/gtselbe.hamburg.de\/wp-content\/uploads\/sites\/13\/2025\/02\/IMG_1531.jpeg 2048w\" sizes=\"auto, (max-width: 525px) 100vw, 525px\" \/><\/p>\n","protected":false},"excerpt":{"rendered":"<p>Klassen 2a\/2b Heute hatten wir die spannende Gelegenheit, einen Blick hinter die Kulissen des Theaters zu werfen und mehr dar\u00fcber zu erfahren, wie ein Theaterst\u00fcck entsteht. Der Workshop zum St\u00fcck &#8222;Der gestiefelte Kater&#8220; zeigte uns, wie viel Arbeit, Kreativit\u00e4t und Teamarbeit hinter einer Inszenierung steckt. Zun\u00e4chst lernten wir, wie eine B\u00fchne aufgebaut ist und welche &hellip; <\/p>\n<p class=\"link-more\"><a href=\"https:\/\/gtselbe.hamburg.de\/?page_id=3528\" class=\"more-link\"><span class=\"screen-reader-text\">\u201eSchul-Alltag: 24.01.2025 &#8211; Workshop zum gestiefelten Kater\u201c <\/span>weiterlesen<\/a><\/p>\n","protected":false},"author":1587,"featured_media":0,"parent":0,"menu_order":0,"comment_status":"closed","ping_status":"closed","template":"","meta":{"_acf_changed":false,"footnotes":""},"class_list":["post-3528","page","type-page","status-publish","hentry"],"acf":[],"_links":{"self":[{"href":"https:\/\/gtselbe.hamburg.de\/index.php?rest_route=\/wp\/v2\/pages\/3528","targetHints":{"allow":["GET"]}}],"collection":[{"href":"https:\/\/gtselbe.hamburg.de\/index.php?rest_route=\/wp\/v2\/pages"}],"about":[{"href":"https:\/\/gtselbe.hamburg.de\/index.php?rest_route=\/wp\/v2\/types\/page"}],"author":[{"embeddable":true,"href":"https:\/\/gtselbe.hamburg.de\/index.php?rest_route=\/wp\/v2\/users\/1587"}],"replies":[{"embeddable":true,"href":"https:\/\/gtselbe.hamburg.de\/index.php?rest_route=%2Fwp%2Fv2%2Fcomments&post=3528"}],"version-history":[{"count":1,"href":"https:\/\/gtselbe.hamburg.de\/index.php?rest_route=\/wp\/v2\/pages\/3528\/revisions"}],"predecessor-version":[{"id":3532,"href":"https:\/\/gtselbe.hamburg.de\/index.php?rest_route=\/wp\/v2\/pages\/3528\/revisions\/3532"}],"wp:attachment":[{"href":"https:\/\/gtselbe.hamburg.de\/index.php?rest_route=%2Fwp%2Fv2%2Fmedia&parent=3528"}],"curies":[{"name":"wp","href":"https:\/\/api.w.org\/{rel}","templated":true}]}}