{"id":3541,"date":"2025-02-19T15:46:50","date_gmt":"2025-02-19T14:46:50","guid":{"rendered":"https:\/\/gtselbe.hamburg.de\/?page_id=3541"},"modified":"2025-02-19T15:46:50","modified_gmt":"2025-02-19T14:46:50","slug":"schul-alltag-18-02-2025-planetarium","status":"publish","type":"page","link":"https:\/\/gtselbe.hamburg.de\/?page_id=3541","title":{"rendered":"Schul-Alltag: 18.02.2025 &#8211; Planetarium"},"content":{"rendered":"<p>Heute besuchte der zweite Jahrgang das Planetarium, um den Film <em><span style=\"font-family: 'Calibri',sans-serif\">Eddie will ins All \u2013 Ein Hamster hebt ab<\/span><\/em> anzuschauen.<\/p>\n<p>Wir hatten gro\u00dfes Gl\u00fcck mit dem Wetter. Den ganzen Tag schien die Sonne. Auf dem Hinweg spazierten wir durch den Stadtpark und fr\u00fchst\u00fcckten anschlie\u00dfend vor dem Planetarium. Unter der strahlenden Sonne genossen wir unser Fr\u00fchst\u00fcck und staunten \u00fcber das gefrorene Wasser.<\/p>\n<p>Der Film war faszinierend und informativ. Wir lernten viel \u00fcber den Weltraum und die Technik von Raketen. Zum Abschluss h\u00f6rten wir einen spannenden Vortrag \u00fcber die neueste Mondrakete der NASA und konnten sie mit einem Countdown symbolisch in den Weltraum starten. Wusstet ihr, dass die Servicemodule dieser Rakete in Bremen gefertigt werden?<br \/>\nEddie vermittelte uns im Film, was echte Freundschaft ausmacht und warum es so wichtig ist, niemals aufzugeben, selbst wenn man einmal scheitert.<\/p>\n<p>Wir danken der Stiftung Kinderjahre, die uns dieses sch\u00f6ne Erlebnis erm\u00f6glicht hat.<\/p>\n<p><img loading=\"lazy\" decoding=\"async\" class=\"alignnone size-large wp-image-3543\" src=\"https:\/\/gtselbe.hamburg.de\/wp-content\/uploads\/sites\/13\/2025\/02\/2025-02-19-15_42_32-Ohne-Titel-25.pdf-Foxit-PDF-Reader.jpg\" alt=\"\" width=\"506\" height=\"670\" srcset=\"https:\/\/gtselbe.hamburg.de\/wp-content\/uploads\/sites\/13\/2025\/02\/2025-02-19-15_42_32-Ohne-Titel-25.pdf-Foxit-PDF-Reader.jpg 506w, https:\/\/gtselbe.hamburg.de\/wp-content\/uploads\/sites\/13\/2025\/02\/2025-02-19-15_42_32-Ohne-Titel-25.pdf-Foxit-PDF-Reader-227x300.jpg 227w\" sizes=\"auto, (max-width: 506px) 100vw, 506px\" \/><br \/>\n<img loading=\"lazy\" decoding=\"async\" class=\"alignnone size-large wp-image-3544\" src=\"https:\/\/gtselbe.hamburg.de\/wp-content\/uploads\/sites\/13\/2025\/02\/2025-02-19-15_42_56-Ohne-Titel-25.pdf-Foxit-PDF-Reader.jpg\" alt=\"\" width=\"505\" height=\"671\" srcset=\"https:\/\/gtselbe.hamburg.de\/wp-content\/uploads\/sites\/13\/2025\/02\/2025-02-19-15_42_56-Ohne-Titel-25.pdf-Foxit-PDF-Reader.jpg 505w, https:\/\/gtselbe.hamburg.de\/wp-content\/uploads\/sites\/13\/2025\/02\/2025-02-19-15_42_56-Ohne-Titel-25.pdf-Foxit-PDF-Reader-226x300.jpg 226w\" sizes=\"auto, (max-width: 505px) 100vw, 505px\" \/><br \/>\n<img loading=\"lazy\" decoding=\"async\" class=\"alignnone size-full wp-image-3542\" src=\"https:\/\/gtselbe.hamburg.de\/wp-content\/uploads\/sites\/13\/2025\/02\/2025-02-19-15_43_08-Ohne-Titel-25.pdf-Foxit-PDF-Reader.jpg\" alt=\"\" width=\"671\" height=\"508\" srcset=\"https:\/\/gtselbe.hamburg.de\/wp-content\/uploads\/sites\/13\/2025\/02\/2025-02-19-15_43_08-Ohne-Titel-25.pdf-Foxit-PDF-Reader.jpg 671w, https:\/\/gtselbe.hamburg.de\/wp-content\/uploads\/sites\/13\/2025\/02\/2025-02-19-15_43_08-Ohne-Titel-25.pdf-Foxit-PDF-Reader-300x227.jpg 300w\" sizes=\"auto, (max-width: 671px) 100vw, 671px\" \/><\/p>\n","protected":false},"excerpt":{"rendered":"<p>Heute besuchte der zweite Jahrgang das Planetarium, um den Film Eddie will ins All \u2013 Ein Hamster hebt ab anzuschauen. Wir hatten gro\u00dfes Gl\u00fcck mit dem Wetter. Den ganzen Tag schien die Sonne. Auf dem Hinweg spazierten wir durch den Stadtpark und fr\u00fchst\u00fcckten anschlie\u00dfend vor dem Planetarium. Unter der strahlenden Sonne genossen wir unser Fr\u00fchst\u00fcck &hellip; <\/p>\n<p class=\"link-more\"><a href=\"https:\/\/gtselbe.hamburg.de\/?page_id=3541\" class=\"more-link\"><span class=\"screen-reader-text\">\u201eSchul-Alltag: 18.02.2025 &#8211; Planetarium\u201c <\/span>weiterlesen<\/a><\/p>\n","protected":false},"author":1587,"featured_media":0,"parent":0,"menu_order":0,"comment_status":"closed","ping_status":"closed","template":"","meta":{"_acf_changed":false,"footnotes":""},"class_list":["post-3541","page","type-page","status-publish","hentry"],"acf":[],"_links":{"self":[{"href":"https:\/\/gtselbe.hamburg.de\/index.php?rest_route=\/wp\/v2\/pages\/3541","targetHints":{"allow":["GET"]}}],"collection":[{"href":"https:\/\/gtselbe.hamburg.de\/index.php?rest_route=\/wp\/v2\/pages"}],"about":[{"href":"https:\/\/gtselbe.hamburg.de\/index.php?rest_route=\/wp\/v2\/types\/page"}],"author":[{"embeddable":true,"href":"https:\/\/gtselbe.hamburg.de\/index.php?rest_route=\/wp\/v2\/users\/1587"}],"replies":[{"embeddable":true,"href":"https:\/\/gtselbe.hamburg.de\/index.php?rest_route=%2Fwp%2Fv2%2Fcomments&post=3541"}],"version-history":[{"count":1,"href":"https:\/\/gtselbe.hamburg.de\/index.php?rest_route=\/wp\/v2\/pages\/3541\/revisions"}],"predecessor-version":[{"id":3545,"href":"https:\/\/gtselbe.hamburg.de\/index.php?rest_route=\/wp\/v2\/pages\/3541\/revisions\/3545"}],"wp:attachment":[{"href":"https:\/\/gtselbe.hamburg.de\/index.php?rest_route=%2Fwp%2Fv2%2Fmedia&parent=3541"}],"curies":[{"name":"wp","href":"https:\/\/api.w.org\/{rel}","templated":true}]}}