{"id":3548,"date":"2025-02-26T17:27:44","date_gmt":"2025-02-26T16:27:44","guid":{"rendered":"https:\/\/gtselbe.hamburg.de\/?page_id=3548"},"modified":"2025-02-26T17:27:44","modified_gmt":"2025-02-26T16:27:44","slug":"schul-alltag-21-02-2025-wahlen","status":"publish","type":"page","link":"https:\/\/gtselbe.hamburg.de\/?page_id=3548","title":{"rendered":"Schul-Alltag: 21.02.2025 &#8211; Wahlen"},"content":{"rendered":"<p>Die Bundestagswahl und die B\u00fcrgerschaftswahl werfen ihren Schatten voraus: auch die Klassen 4a und 3a haben sich mit dem Thema &#8222;Wahlen&#8220; im Unterricht besch\u00e4ftigt. Dabei haben sie wichtige Prinzipien von demokratischen Wahlen kennengelernt: Wahlen sollen gleich, frei und geheim abgehalten werden. Anschlie\u00dfend haben die Kinder die unterschiedlichen Parteien und ihre Positionen kennengelernt. Zum Abschluss hat die AgiJ eine Wahlsimulation mit den Kindern durchgef\u00fchrt. So wurden echte Wahlkabinen in unserem Wahllokal in der Cafeteria aufgestellt und die Kinder konnten f\u00fcnf Stimmen auf ihrem Wahlzettel vergeben. Anschlie\u00dfend wurden die Wahlzettel in die Wahlurne eingeworfen. So haben die Kinder der beiden Klassen abgestimmt:<\/p>\n<p>Die Linke =&gt; 49,2%<br \/>\nSPD =&gt; 16,9%<br \/>\nB\u00fcndnis 90\/Die Gr\u00fcnen =&gt; 16,2%<br \/>\nCDU =&gt; 14,6%<br \/>\nVOLT =&gt; 2,3%<br \/>\nFDP =&gt; 0,8%<br \/>\nAFD =&gt; 0%<br \/>\nBSW =&gt; 0%<\/p>\n<p>Den Kindern hat die Teilnahme gro\u00dfe Freude bereitet und sie konnten dabei wichtige Prinzipien von demokratischen Wahlen selbst erleben.<\/p>\n<p><img loading=\"lazy\" decoding=\"async\" class=\"alignnone size-large wp-image-3549\" src=\"https:\/\/gtselbe.hamburg.de\/wp-content\/uploads\/sites\/13\/2025\/02\/IMG_4123-1024x768.jpeg\" alt=\"\" width=\"525\" height=\"394\" srcset=\"https:\/\/gtselbe.hamburg.de\/wp-content\/uploads\/sites\/13\/2025\/02\/IMG_4123-1024x768.jpeg 1024w, https:\/\/gtselbe.hamburg.de\/wp-content\/uploads\/sites\/13\/2025\/02\/IMG_4123-300x225.jpeg 300w, https:\/\/gtselbe.hamburg.de\/wp-content\/uploads\/sites\/13\/2025\/02\/IMG_4123-768x576.jpeg 768w, https:\/\/gtselbe.hamburg.de\/wp-content\/uploads\/sites\/13\/2025\/02\/IMG_4123-1536x1152.jpeg 1536w, https:\/\/gtselbe.hamburg.de\/wp-content\/uploads\/sites\/13\/2025\/02\/IMG_4123.jpeg 2048w\" sizes=\"auto, (max-width: 525px) 100vw, 525px\" \/><\/p>\n","protected":false},"excerpt":{"rendered":"<p>Die Bundestagswahl und die B\u00fcrgerschaftswahl werfen ihren Schatten voraus: auch die Klassen 4a und 3a haben sich mit dem Thema &#8222;Wahlen&#8220; im Unterricht besch\u00e4ftigt. Dabei haben sie wichtige Prinzipien von demokratischen Wahlen kennengelernt: Wahlen sollen gleich, frei und geheim abgehalten werden. Anschlie\u00dfend haben die Kinder die unterschiedlichen Parteien und ihre Positionen kennengelernt. Zum Abschluss hat &hellip; <\/p>\n<p class=\"link-more\"><a href=\"https:\/\/gtselbe.hamburg.de\/?page_id=3548\" class=\"more-link\"><span class=\"screen-reader-text\">\u201eSchul-Alltag: 21.02.2025 &#8211; Wahlen\u201c <\/span>weiterlesen<\/a><\/p>\n","protected":false},"author":1587,"featured_media":0,"parent":0,"menu_order":0,"comment_status":"closed","ping_status":"closed","template":"","meta":{"_acf_changed":false,"footnotes":""},"class_list":["post-3548","page","type-page","status-publish","hentry"],"acf":[],"_links":{"self":[{"href":"https:\/\/gtselbe.hamburg.de\/index.php?rest_route=\/wp\/v2\/pages\/3548","targetHints":{"allow":["GET"]}}],"collection":[{"href":"https:\/\/gtselbe.hamburg.de\/index.php?rest_route=\/wp\/v2\/pages"}],"about":[{"href":"https:\/\/gtselbe.hamburg.de\/index.php?rest_route=\/wp\/v2\/types\/page"}],"author":[{"embeddable":true,"href":"https:\/\/gtselbe.hamburg.de\/index.php?rest_route=\/wp\/v2\/users\/1587"}],"replies":[{"embeddable":true,"href":"https:\/\/gtselbe.hamburg.de\/index.php?rest_route=%2Fwp%2Fv2%2Fcomments&post=3548"}],"version-history":[{"count":1,"href":"https:\/\/gtselbe.hamburg.de\/index.php?rest_route=\/wp\/v2\/pages\/3548\/revisions"}],"predecessor-version":[{"id":3550,"href":"https:\/\/gtselbe.hamburg.de\/index.php?rest_route=\/wp\/v2\/pages\/3548\/revisions\/3550"}],"wp:attachment":[{"href":"https:\/\/gtselbe.hamburg.de\/index.php?rest_route=%2Fwp%2Fv2%2Fmedia&parent=3548"}],"curies":[{"name":"wp","href":"https:\/\/api.w.org\/{rel}","templated":true}]}}