{"id":3586,"date":"2025-03-11T15:56:38","date_gmt":"2025-03-11T14:56:38","guid":{"rendered":"https:\/\/gtselbe.hamburg.de\/?page_id=3586"},"modified":"2025-03-11T15:56:38","modified_gmt":"2025-03-11T14:56:38","slug":"schul-alltag-03-06-03-2025-stopp-heisst-stopp","status":"publish","type":"page","link":"https:\/\/gtselbe.hamburg.de\/?page_id=3586","title":{"rendered":"Schul-Alltag: 03.-06.03.2025 &#8211; Stopp hei\u00dft Stopp!"},"content":{"rendered":"<p>Diese Woche hatten alle Klassen besonderen Besuch: Nils und Ben von \u201eStopp hei\u00dft Stopp\u201c waren bei uns und haben uns wertvolle Tipps gegeben, wie wir uns verhalten k\u00f6nnen, wenn wir in der \u00d6ffentlichkeit bedr\u00e4ngt oder in eine unangenehme Situation gebracht werden. Es war gro\u00dfartig, die M\u00f6glichkeit zu bekommen, mit einem Experten zu \u00fcben und mehr \u00fcber unsere eigenen Handlungsm\u00f6glichkeiten zu erfahren. Daf\u00fcr wurde jede Klasse in Gruppen eingeteilt und jede Gruppe hat eine Doppelstunde das Programm \u201eStopp hei\u00dft Stopp\u201c durchlaufen. Das Programm ist Teil unseres Gewaltpr\u00e4ventionskonzeptes und wir f\u00fchren es jedes Jahr in allen Klassen durch.<\/p>\n<p>Wir haben gelernt, dass es verschiedene Arten der Kommunikation gibt, um deutlich zu machen, dass wir etwas nicht wollen.<\/p>\n<ul>\n<li>Die Wortsprache: Es ist wichtig, laut \u201eStopp!\u201c zu sagen, damit unser Gegen\u00fcber versteht, dass eine Grenze \u00fcberschritten wurde. Dabei sollten wir die Person bewusst siezen, um klarzustellen, dass es sich um eine fremde Person handelt und um eine deutliche Distanz zu wahren.<\/li>\n<li>Die Zeichensprache und K\u00f6rpersprache: Auch ohne Worte k\u00f6nnen wir signalisieren, dass wir etwas nicht wollen. Dazu strecken wir unseren Arm aus, zeigen die ge\u00f6ffnete Handfl\u00e4che in Richtung der fremden Person und stehen dabei aufrecht und selbstbewusst. Denn wir sind stark und mutig!<\/li>\n<\/ul>\n<p>Besonders spannend waren die Rollenspiele, in denen wir verschiedene Szenarien durchgespielt und anschlie\u00dfend gemeinsam reflektiert haben. So konnten wir direkt ausprobieren, wie wir in einer unangenehmen Situation reagieren k\u00f6nnen.<\/p>\n<p>Zum Abschluss haben wir besprochen, wo wir uns \u00fcberall Hilfe holen k\u00f6nnen, wenn wir uns unwohl oder bedroht f\u00fchlen. Als Anerkennung f\u00fcr unsere Teilnahme und unseren Einsatz haben wir sogar eine Urkunde erhalten.<\/p>\n<p>Wir bedanken uns herzlich bei Ben und Nils f\u00fcr ihr Engagement und freuen uns darauf, beide im n\u00e4chsten Jahr wiederzusehen.<\/p>\n<p><img loading=\"lazy\" decoding=\"async\" class=\"alignnone size-large wp-image-3587\" src=\"https:\/\/gtselbe.hamburg.de\/wp-content\/uploads\/sites\/13\/2025\/03\/stoppheisststopp-1-768x1024.jpg\" alt=\"\" width=\"525\" height=\"700\" srcset=\"https:\/\/gtselbe.hamburg.de\/wp-content\/uploads\/sites\/13\/2025\/03\/stoppheisststopp-1-768x1024.jpg 768w, https:\/\/gtselbe.hamburg.de\/wp-content\/uploads\/sites\/13\/2025\/03\/stoppheisststopp-1-225x300.jpg 225w, https:\/\/gtselbe.hamburg.de\/wp-content\/uploads\/sites\/13\/2025\/03\/stoppheisststopp-1-1152x1536.jpg 1152w, https:\/\/gtselbe.hamburg.de\/wp-content\/uploads\/sites\/13\/2025\/03\/stoppheisststopp-1.jpg 1200w\" sizes=\"auto, (max-width: 525px) 100vw, 525px\" \/> <img loading=\"lazy\" decoding=\"async\" class=\"alignnone size-large wp-image-3588\" src=\"https:\/\/gtselbe.hamburg.de\/wp-content\/uploads\/sites\/13\/2025\/03\/stoppheisststopp-2-768x1024.jpg\" alt=\"\" width=\"525\" height=\"700\" srcset=\"https:\/\/gtselbe.hamburg.de\/wp-content\/uploads\/sites\/13\/2025\/03\/stoppheisststopp-2-768x1024.jpg 768w, https:\/\/gtselbe.hamburg.de\/wp-content\/uploads\/sites\/13\/2025\/03\/stoppheisststopp-2-225x300.jpg 225w, https:\/\/gtselbe.hamburg.de\/wp-content\/uploads\/sites\/13\/2025\/03\/stoppheisststopp-2-1152x1536.jpg 1152w, https:\/\/gtselbe.hamburg.de\/wp-content\/uploads\/sites\/13\/2025\/03\/stoppheisststopp-2.jpg 1200w\" sizes=\"auto, (max-width: 525px) 100vw, 525px\" \/> <img loading=\"lazy\" decoding=\"async\" class=\"alignnone size-large wp-image-3589\" src=\"https:\/\/gtselbe.hamburg.de\/wp-content\/uploads\/sites\/13\/2025\/03\/stoppheisststopp-3-768x1024.jpg\" alt=\"\" width=\"525\" height=\"700\" srcset=\"https:\/\/gtselbe.hamburg.de\/wp-content\/uploads\/sites\/13\/2025\/03\/stoppheisststopp-3-768x1024.jpg 768w, https:\/\/gtselbe.hamburg.de\/wp-content\/uploads\/sites\/13\/2025\/03\/stoppheisststopp-3-225x300.jpg 225w, https:\/\/gtselbe.hamburg.de\/wp-content\/uploads\/sites\/13\/2025\/03\/stoppheisststopp-3-1152x1536.jpg 1152w, https:\/\/gtselbe.hamburg.de\/wp-content\/uploads\/sites\/13\/2025\/03\/stoppheisststopp-3.jpg 1200w\" sizes=\"auto, (max-width: 525px) 100vw, 525px\" \/> <img loading=\"lazy\" decoding=\"async\" class=\"alignnone size-large wp-image-3590\" src=\"https:\/\/gtselbe.hamburg.de\/wp-content\/uploads\/sites\/13\/2025\/03\/stoppheisststopp-4-768x1024.jpg\" alt=\"\" width=\"525\" height=\"700\" srcset=\"https:\/\/gtselbe.hamburg.de\/wp-content\/uploads\/sites\/13\/2025\/03\/stoppheisststopp-4-768x1024.jpg 768w, https:\/\/gtselbe.hamburg.de\/wp-content\/uploads\/sites\/13\/2025\/03\/stoppheisststopp-4-225x300.jpg 225w, https:\/\/gtselbe.hamburg.de\/wp-content\/uploads\/sites\/13\/2025\/03\/stoppheisststopp-4-1152x1536.jpg 1152w, https:\/\/gtselbe.hamburg.de\/wp-content\/uploads\/sites\/13\/2025\/03\/stoppheisststopp-4.jpg 1200w\" sizes=\"auto, (max-width: 525px) 100vw, 525px\" \/> <img loading=\"lazy\" decoding=\"async\" class=\"alignnone size-large wp-image-3591\" src=\"https:\/\/gtselbe.hamburg.de\/wp-content\/uploads\/sites\/13\/2025\/03\/stoppheisststopp-5-768x1024.jpg\" alt=\"\" width=\"525\" height=\"700\" srcset=\"https:\/\/gtselbe.hamburg.de\/wp-content\/uploads\/sites\/13\/2025\/03\/stoppheisststopp-5-768x1024.jpg 768w, https:\/\/gtselbe.hamburg.de\/wp-content\/uploads\/sites\/13\/2025\/03\/stoppheisststopp-5-225x300.jpg 225w, https:\/\/gtselbe.hamburg.de\/wp-content\/uploads\/sites\/13\/2025\/03\/stoppheisststopp-5-1152x1536.jpg 1152w, https:\/\/gtselbe.hamburg.de\/wp-content\/uploads\/sites\/13\/2025\/03\/stoppheisststopp-5.jpg 1200w\" sizes=\"auto, (max-width: 525px) 100vw, 525px\" \/> <img loading=\"lazy\" decoding=\"async\" class=\"alignnone size-large wp-image-3592\" src=\"https:\/\/gtselbe.hamburg.de\/wp-content\/uploads\/sites\/13\/2025\/03\/stoppheisststopp-6-768x1024.jpg\" alt=\"\" width=\"525\" height=\"700\" srcset=\"https:\/\/gtselbe.hamburg.de\/wp-content\/uploads\/sites\/13\/2025\/03\/stoppheisststopp-6-768x1024.jpg 768w, https:\/\/gtselbe.hamburg.de\/wp-content\/uploads\/sites\/13\/2025\/03\/stoppheisststopp-6-225x300.jpg 225w, https:\/\/gtselbe.hamburg.de\/wp-content\/uploads\/sites\/13\/2025\/03\/stoppheisststopp-6-1152x1536.jpg 1152w, https:\/\/gtselbe.hamburg.de\/wp-content\/uploads\/sites\/13\/2025\/03\/stoppheisststopp-6.jpg 1200w\" sizes=\"auto, (max-width: 525px) 100vw, 525px\" \/> <img loading=\"lazy\" decoding=\"async\" class=\"alignnone size-large wp-image-3593\" src=\"https:\/\/gtselbe.hamburg.de\/wp-content\/uploads\/sites\/13\/2025\/03\/stoppheisststopp-7-768x1024.jpg\" alt=\"\" width=\"525\" height=\"700\" srcset=\"https:\/\/gtselbe.hamburg.de\/wp-content\/uploads\/sites\/13\/2025\/03\/stoppheisststopp-7-768x1024.jpg 768w, https:\/\/gtselbe.hamburg.de\/wp-content\/uploads\/sites\/13\/2025\/03\/stoppheisststopp-7-225x300.jpg 225w, https:\/\/gtselbe.hamburg.de\/wp-content\/uploads\/sites\/13\/2025\/03\/stoppheisststopp-7-1152x1536.jpg 1152w, https:\/\/gtselbe.hamburg.de\/wp-content\/uploads\/sites\/13\/2025\/03\/stoppheisststopp-7.jpg 1200w\" sizes=\"auto, (max-width: 525px) 100vw, 525px\" \/><\/p>\n","protected":false},"excerpt":{"rendered":"<p>Diese Woche hatten alle Klassen besonderen Besuch: Nils und Ben von \u201eStopp hei\u00dft Stopp\u201c waren bei uns und haben uns wertvolle Tipps gegeben, wie wir uns verhalten k\u00f6nnen, wenn wir in der \u00d6ffentlichkeit bedr\u00e4ngt oder in eine unangenehme Situation gebracht werden. Es war gro\u00dfartig, die M\u00f6glichkeit zu bekommen, mit einem Experten zu \u00fcben und mehr &hellip; <\/p>\n<p class=\"link-more\"><a href=\"https:\/\/gtselbe.hamburg.de\/?page_id=3586\" class=\"more-link\"><span class=\"screen-reader-text\">\u201eSchul-Alltag: 03.-06.03.2025 &#8211; Stopp hei\u00dft Stopp!\u201c <\/span>weiterlesen<\/a><\/p>\n","protected":false},"author":1587,"featured_media":0,"parent":0,"menu_order":0,"comment_status":"closed","ping_status":"closed","template":"","meta":{"_acf_changed":false,"footnotes":""},"class_list":["post-3586","page","type-page","status-publish","hentry"],"acf":[],"_links":{"self":[{"href":"https:\/\/gtselbe.hamburg.de\/index.php?rest_route=\/wp\/v2\/pages\/3586","targetHints":{"allow":["GET"]}}],"collection":[{"href":"https:\/\/gtselbe.hamburg.de\/index.php?rest_route=\/wp\/v2\/pages"}],"about":[{"href":"https:\/\/gtselbe.hamburg.de\/index.php?rest_route=\/wp\/v2\/types\/page"}],"author":[{"embeddable":true,"href":"https:\/\/gtselbe.hamburg.de\/index.php?rest_route=\/wp\/v2\/users\/1587"}],"replies":[{"embeddable":true,"href":"https:\/\/gtselbe.hamburg.de\/index.php?rest_route=%2Fwp%2Fv2%2Fcomments&post=3586"}],"version-history":[{"count":1,"href":"https:\/\/gtselbe.hamburg.de\/index.php?rest_route=\/wp\/v2\/pages\/3586\/revisions"}],"predecessor-version":[{"id":3594,"href":"https:\/\/gtselbe.hamburg.de\/index.php?rest_route=\/wp\/v2\/pages\/3586\/revisions\/3594"}],"wp:attachment":[{"href":"https:\/\/gtselbe.hamburg.de\/index.php?rest_route=%2Fwp%2Fv2%2Fmedia&parent=3586"}],"curies":[{"name":"wp","href":"https:\/\/api.w.org\/{rel}","templated":true}]}}