{"id":3608,"date":"2025-03-11T16:04:12","date_gmt":"2025-03-11T15:04:12","guid":{"rendered":"https:\/\/gtselbe.hamburg.de\/?page_id=3608"},"modified":"2025-03-11T16:04:12","modified_gmt":"2025-03-11T15:04:12","slug":"schul-alltag-07-03-2025-fasching","status":"publish","type":"page","link":"https:\/\/gtselbe.hamburg.de\/?page_id=3608","title":{"rendered":"Schul-Alltag: 07.03.2025 &#8211; Fasching"},"content":{"rendered":"<p>Am letzten Tag vor den Ferien haben wir ein fr\u00f6hliches Faschingsfest gefeiert. Zuerst feierten wir gemeinsam mit den j\u00fcngeren Jahrg\u00e4ngen, danach waren die Dritten und vierte Klasse an der Reihe. Die Stimmung war ausgelassen, und \u00fcberall waren kreative, bunte und lustige Kost\u00fcme zu sehen.<\/p>\n<p>Ein besonderes Highlight war unser j\u00e4hrlicher Catwalk, auf dem die tollsten Verkleidungen pr\u00e4sentiert wurden. Die Begeisterung war gro\u00df, als die Sch\u00fclerinnen und Sch\u00fcler stolz ihre fantasievollen Outfits vorf\u00fchrten. Danach wurde in der Turnhalle weiter gefeiert, zu coolen Songs getanzt und Luftballons geschubst, um diese schlie\u00dflich mit gro\u00dfem Jubel zum Platzen zu bringen.<\/p>\n<p>Es war ein fr\u00f6hlicher und unvergesslicher Tag, der uns alle in die richtige Ferienstimmung versetzt hat!<\/p>\n<p><img loading=\"lazy\" decoding=\"async\" class=\"alignnone size-large wp-image-3609\" src=\"https:\/\/gtselbe.hamburg.de\/wp-content\/uploads\/sites\/13\/2025\/03\/5469d81a-7985-40c0-838a-722c595b705b-768x1024.jpeg\" alt=\"\" width=\"525\" height=\"700\" srcset=\"https:\/\/gtselbe.hamburg.de\/wp-content\/uploads\/sites\/13\/2025\/03\/5469d81a-7985-40c0-838a-722c595b705b-768x1024.jpeg 768w, https:\/\/gtselbe.hamburg.de\/wp-content\/uploads\/sites\/13\/2025\/03\/5469d81a-7985-40c0-838a-722c595b705b-225x300.jpeg 225w, https:\/\/gtselbe.hamburg.de\/wp-content\/uploads\/sites\/13\/2025\/03\/5469d81a-7985-40c0-838a-722c595b705b-1152x1536.jpeg 1152w, https:\/\/gtselbe.hamburg.de\/wp-content\/uploads\/sites\/13\/2025\/03\/5469d81a-7985-40c0-838a-722c595b705b.jpeg 1200w\" sizes=\"auto, (max-width: 525px) 100vw, 525px\" \/> <img loading=\"lazy\" decoding=\"async\" class=\"alignnone size-large wp-image-3610\" src=\"https:\/\/gtselbe.hamburg.de\/wp-content\/uploads\/sites\/13\/2025\/03\/63862d72-4bad-4cae-b63d-0328805eebda-768x1024.jpeg\" alt=\"\" width=\"525\" height=\"700\" srcset=\"https:\/\/gtselbe.hamburg.de\/wp-content\/uploads\/sites\/13\/2025\/03\/63862d72-4bad-4cae-b63d-0328805eebda-768x1024.jpeg 768w, https:\/\/gtselbe.hamburg.de\/wp-content\/uploads\/sites\/13\/2025\/03\/63862d72-4bad-4cae-b63d-0328805eebda-225x300.jpeg 225w, https:\/\/gtselbe.hamburg.de\/wp-content\/uploads\/sites\/13\/2025\/03\/63862d72-4bad-4cae-b63d-0328805eebda-1152x1536.jpeg 1152w, https:\/\/gtselbe.hamburg.de\/wp-content\/uploads\/sites\/13\/2025\/03\/63862d72-4bad-4cae-b63d-0328805eebda.jpeg 1200w\" sizes=\"auto, (max-width: 525px) 100vw, 525px\" \/> <img loading=\"lazy\" decoding=\"async\" class=\"alignnone size-large wp-image-3611\" src=\"https:\/\/gtselbe.hamburg.de\/wp-content\/uploads\/sites\/13\/2025\/03\/8576295e-fdb3-4cbb-b812-41e9bef4c700-768x1024.jpeg\" alt=\"\" width=\"525\" height=\"700\" srcset=\"https:\/\/gtselbe.hamburg.de\/wp-content\/uploads\/sites\/13\/2025\/03\/8576295e-fdb3-4cbb-b812-41e9bef4c700-768x1024.jpeg 768w, https:\/\/gtselbe.hamburg.de\/wp-content\/uploads\/sites\/13\/2025\/03\/8576295e-fdb3-4cbb-b812-41e9bef4c700-225x300.jpeg 225w, https:\/\/gtselbe.hamburg.de\/wp-content\/uploads\/sites\/13\/2025\/03\/8576295e-fdb3-4cbb-b812-41e9bef4c700-1152x1536.jpeg 1152w, https:\/\/gtselbe.hamburg.de\/wp-content\/uploads\/sites\/13\/2025\/03\/8576295e-fdb3-4cbb-b812-41e9bef4c700.jpeg 1200w\" sizes=\"auto, (max-width: 525px) 100vw, 525px\" \/> <img loading=\"lazy\" decoding=\"async\" class=\"alignnone size-large wp-image-3612\" src=\"https:\/\/gtselbe.hamburg.de\/wp-content\/uploads\/sites\/13\/2025\/03\/59779675-f57e-417b-8343-d1a454638f5a-1024x768.jpeg\" alt=\"\" width=\"525\" height=\"394\" srcset=\"https:\/\/gtselbe.hamburg.de\/wp-content\/uploads\/sites\/13\/2025\/03\/59779675-f57e-417b-8343-d1a454638f5a-1024x768.jpeg 1024w, https:\/\/gtselbe.hamburg.de\/wp-content\/uploads\/sites\/13\/2025\/03\/59779675-f57e-417b-8343-d1a454638f5a-300x225.jpeg 300w, https:\/\/gtselbe.hamburg.de\/wp-content\/uploads\/sites\/13\/2025\/03\/59779675-f57e-417b-8343-d1a454638f5a-768x576.jpeg 768w, https:\/\/gtselbe.hamburg.de\/wp-content\/uploads\/sites\/13\/2025\/03\/59779675-f57e-417b-8343-d1a454638f5a-1536x1152.jpeg 1536w, https:\/\/gtselbe.hamburg.de\/wp-content\/uploads\/sites\/13\/2025\/03\/59779675-f57e-417b-8343-d1a454638f5a.jpeg 1600w\" sizes=\"auto, (max-width: 525px) 100vw, 525px\" \/> <img loading=\"lazy\" decoding=\"async\" class=\"alignnone size-large wp-image-3613\" src=\"https:\/\/gtselbe.hamburg.de\/wp-content\/uploads\/sites\/13\/2025\/03\/a43b529f-2f8f-4bd6-941f-da47cb93ffc3-1024x768.jpeg\" alt=\"\" width=\"525\" height=\"394\" srcset=\"https:\/\/gtselbe.hamburg.de\/wp-content\/uploads\/sites\/13\/2025\/03\/a43b529f-2f8f-4bd6-941f-da47cb93ffc3-1024x768.jpeg 1024w, https:\/\/gtselbe.hamburg.de\/wp-content\/uploads\/sites\/13\/2025\/03\/a43b529f-2f8f-4bd6-941f-da47cb93ffc3-300x225.jpeg 300w, https:\/\/gtselbe.hamburg.de\/wp-content\/uploads\/sites\/13\/2025\/03\/a43b529f-2f8f-4bd6-941f-da47cb93ffc3-768x576.jpeg 768w, https:\/\/gtselbe.hamburg.de\/wp-content\/uploads\/sites\/13\/2025\/03\/a43b529f-2f8f-4bd6-941f-da47cb93ffc3-1536x1152.jpeg 1536w, https:\/\/gtselbe.hamburg.de\/wp-content\/uploads\/sites\/13\/2025\/03\/a43b529f-2f8f-4bd6-941f-da47cb93ffc3.jpeg 1600w\" sizes=\"auto, (max-width: 525px) 100vw, 525px\" \/> <img loading=\"lazy\" decoding=\"async\" class=\"alignnone size-large wp-image-3614\" src=\"https:\/\/gtselbe.hamburg.de\/wp-content\/uploads\/sites\/13\/2025\/03\/b5e54491-a4c0-484c-be97-2b80b0dce0b3-768x1024.jpeg\" alt=\"\" width=\"525\" height=\"700\" srcset=\"https:\/\/gtselbe.hamburg.de\/wp-content\/uploads\/sites\/13\/2025\/03\/b5e54491-a4c0-484c-be97-2b80b0dce0b3-768x1024.jpeg 768w, https:\/\/gtselbe.hamburg.de\/wp-content\/uploads\/sites\/13\/2025\/03\/b5e54491-a4c0-484c-be97-2b80b0dce0b3-225x300.jpeg 225w, https:\/\/gtselbe.hamburg.de\/wp-content\/uploads\/sites\/13\/2025\/03\/b5e54491-a4c0-484c-be97-2b80b0dce0b3-1152x1536.jpeg 1152w, https:\/\/gtselbe.hamburg.de\/wp-content\/uploads\/sites\/13\/2025\/03\/b5e54491-a4c0-484c-be97-2b80b0dce0b3.jpeg 1200w\" sizes=\"auto, (max-width: 525px) 100vw, 525px\" \/> <img loading=\"lazy\" decoding=\"async\" class=\"alignnone size-large wp-image-3615\" src=\"https:\/\/gtselbe.hamburg.de\/wp-content\/uploads\/sites\/13\/2025\/03\/b954bf39-b527-4246-8017-21fc01d48096-1024x768.jpeg\" alt=\"\" width=\"525\" height=\"394\" srcset=\"https:\/\/gtselbe.hamburg.de\/wp-content\/uploads\/sites\/13\/2025\/03\/b954bf39-b527-4246-8017-21fc01d48096-1024x768.jpeg 1024w, https:\/\/gtselbe.hamburg.de\/wp-content\/uploads\/sites\/13\/2025\/03\/b954bf39-b527-4246-8017-21fc01d48096-300x225.jpeg 300w, https:\/\/gtselbe.hamburg.de\/wp-content\/uploads\/sites\/13\/2025\/03\/b954bf39-b527-4246-8017-21fc01d48096-768x576.jpeg 768w, https:\/\/gtselbe.hamburg.de\/wp-content\/uploads\/sites\/13\/2025\/03\/b954bf39-b527-4246-8017-21fc01d48096-1536x1152.jpeg 1536w, https:\/\/gtselbe.hamburg.de\/wp-content\/uploads\/sites\/13\/2025\/03\/b954bf39-b527-4246-8017-21fc01d48096.jpeg 1600w\" sizes=\"auto, (max-width: 525px) 100vw, 525px\" \/> <img loading=\"lazy\" decoding=\"async\" class=\"alignnone size-large wp-image-3616\" src=\"https:\/\/gtselbe.hamburg.de\/wp-content\/uploads\/sites\/13\/2025\/03\/1c392403-707d-4627-a6d5-6efe8572fc30-1024x768.jpeg\" alt=\"\" width=\"525\" height=\"394\" srcset=\"https:\/\/gtselbe.hamburg.de\/wp-content\/uploads\/sites\/13\/2025\/03\/1c392403-707d-4627-a6d5-6efe8572fc30-1024x768.jpeg 1024w, https:\/\/gtselbe.hamburg.de\/wp-content\/uploads\/sites\/13\/2025\/03\/1c392403-707d-4627-a6d5-6efe8572fc30-300x225.jpeg 300w, https:\/\/gtselbe.hamburg.de\/wp-content\/uploads\/sites\/13\/2025\/03\/1c392403-707d-4627-a6d5-6efe8572fc30-768x576.jpeg 768w, https:\/\/gtselbe.hamburg.de\/wp-content\/uploads\/sites\/13\/2025\/03\/1c392403-707d-4627-a6d5-6efe8572fc30-1536x1152.jpeg 1536w, https:\/\/gtselbe.hamburg.de\/wp-content\/uploads\/sites\/13\/2025\/03\/1c392403-707d-4627-a6d5-6efe8572fc30.jpeg 1600w\" sizes=\"auto, (max-width: 525px) 100vw, 525px\" \/> <img loading=\"lazy\" decoding=\"async\" class=\"alignnone size-large wp-image-3617\" src=\"https:\/\/gtselbe.hamburg.de\/wp-content\/uploads\/sites\/13\/2025\/03\/7bc4ab8f-b301-4396-ae5d-40ca5eb7c9d1-768x1024.jpeg\" alt=\"\" width=\"525\" height=\"700\" srcset=\"https:\/\/gtselbe.hamburg.de\/wp-content\/uploads\/sites\/13\/2025\/03\/7bc4ab8f-b301-4396-ae5d-40ca5eb7c9d1-768x1024.jpeg 768w, https:\/\/gtselbe.hamburg.de\/wp-content\/uploads\/sites\/13\/2025\/03\/7bc4ab8f-b301-4396-ae5d-40ca5eb7c9d1-225x300.jpeg 225w, https:\/\/gtselbe.hamburg.de\/wp-content\/uploads\/sites\/13\/2025\/03\/7bc4ab8f-b301-4396-ae5d-40ca5eb7c9d1-1152x1536.jpeg 1152w, https:\/\/gtselbe.hamburg.de\/wp-content\/uploads\/sites\/13\/2025\/03\/7bc4ab8f-b301-4396-ae5d-40ca5eb7c9d1.jpeg 1200w\" sizes=\"auto, (max-width: 525px) 100vw, 525px\" \/> <img loading=\"lazy\" decoding=\"async\" class=\"alignnone size-large wp-image-3618\" src=\"https:\/\/gtselbe.hamburg.de\/wp-content\/uploads\/sites\/13\/2025\/03\/7f42cdec-a73d-4da3-8bcc-83c1ef70ecaa-768x1024.jpeg\" alt=\"\" width=\"525\" height=\"700\" srcset=\"https:\/\/gtselbe.hamburg.de\/wp-content\/uploads\/sites\/13\/2025\/03\/7f42cdec-a73d-4da3-8bcc-83c1ef70ecaa-768x1024.jpeg 768w, https:\/\/gtselbe.hamburg.de\/wp-content\/uploads\/sites\/13\/2025\/03\/7f42cdec-a73d-4da3-8bcc-83c1ef70ecaa-225x300.jpeg 225w, https:\/\/gtselbe.hamburg.de\/wp-content\/uploads\/sites\/13\/2025\/03\/7f42cdec-a73d-4da3-8bcc-83c1ef70ecaa-1152x1536.jpeg 1152w, https:\/\/gtselbe.hamburg.de\/wp-content\/uploads\/sites\/13\/2025\/03\/7f42cdec-a73d-4da3-8bcc-83c1ef70ecaa.jpeg 1200w\" sizes=\"auto, (max-width: 525px) 100vw, 525px\" \/> <img loading=\"lazy\" decoding=\"async\" class=\"alignnone size-large wp-image-3619\" src=\"https:\/\/gtselbe.hamburg.de\/wp-content\/uploads\/sites\/13\/2025\/03\/34bfe8ab-0aac-4ce9-9401-22a42e99d600-1024x768.jpeg\" alt=\"\" width=\"525\" height=\"394\" srcset=\"https:\/\/gtselbe.hamburg.de\/wp-content\/uploads\/sites\/13\/2025\/03\/34bfe8ab-0aac-4ce9-9401-22a42e99d600-1024x768.jpeg 1024w, https:\/\/gtselbe.hamburg.de\/wp-content\/uploads\/sites\/13\/2025\/03\/34bfe8ab-0aac-4ce9-9401-22a42e99d600-300x225.jpeg 300w, https:\/\/gtselbe.hamburg.de\/wp-content\/uploads\/sites\/13\/2025\/03\/34bfe8ab-0aac-4ce9-9401-22a42e99d600-768x576.jpeg 768w, https:\/\/gtselbe.hamburg.de\/wp-content\/uploads\/sites\/13\/2025\/03\/34bfe8ab-0aac-4ce9-9401-22a42e99d600-1536x1152.jpeg 1536w, https:\/\/gtselbe.hamburg.de\/wp-content\/uploads\/sites\/13\/2025\/03\/34bfe8ab-0aac-4ce9-9401-22a42e99d600.jpeg 1600w\" sizes=\"auto, (max-width: 525px) 100vw, 525px\" \/><\/p>\n","protected":false},"excerpt":{"rendered":"<p>Am letzten Tag vor den Ferien haben wir ein fr\u00f6hliches Faschingsfest gefeiert. Zuerst feierten wir gemeinsam mit den j\u00fcngeren Jahrg\u00e4ngen, danach waren die Dritten und vierte Klasse an der Reihe. Die Stimmung war ausgelassen, und \u00fcberall waren kreative, bunte und lustige Kost\u00fcme zu sehen. Ein besonderes Highlight war unser j\u00e4hrlicher Catwalk, auf dem die tollsten &hellip; <\/p>\n<p class=\"link-more\"><a href=\"https:\/\/gtselbe.hamburg.de\/?page_id=3608\" class=\"more-link\"><span class=\"screen-reader-text\">\u201eSchul-Alltag: 07.03.2025 &#8211; Fasching\u201c <\/span>weiterlesen<\/a><\/p>\n","protected":false},"author":1587,"featured_media":0,"parent":0,"menu_order":0,"comment_status":"closed","ping_status":"closed","template":"","meta":{"_acf_changed":false,"footnotes":""},"class_list":["post-3608","page","type-page","status-publish","hentry"],"acf":[],"_links":{"self":[{"href":"https:\/\/gtselbe.hamburg.de\/index.php?rest_route=\/wp\/v2\/pages\/3608","targetHints":{"allow":["GET"]}}],"collection":[{"href":"https:\/\/gtselbe.hamburg.de\/index.php?rest_route=\/wp\/v2\/pages"}],"about":[{"href":"https:\/\/gtselbe.hamburg.de\/index.php?rest_route=\/wp\/v2\/types\/page"}],"author":[{"embeddable":true,"href":"https:\/\/gtselbe.hamburg.de\/index.php?rest_route=\/wp\/v2\/users\/1587"}],"replies":[{"embeddable":true,"href":"https:\/\/gtselbe.hamburg.de\/index.php?rest_route=%2Fwp%2Fv2%2Fcomments&post=3608"}],"version-history":[{"count":1,"href":"https:\/\/gtselbe.hamburg.de\/index.php?rest_route=\/wp\/v2\/pages\/3608\/revisions"}],"predecessor-version":[{"id":3620,"href":"https:\/\/gtselbe.hamburg.de\/index.php?rest_route=\/wp\/v2\/pages\/3608\/revisions\/3620"}],"wp:attachment":[{"href":"https:\/\/gtselbe.hamburg.de\/index.php?rest_route=%2Fwp%2Fv2%2Fmedia&parent=3608"}],"curies":[{"name":"wp","href":"https:\/\/api.w.org\/{rel}","templated":true}]}}