{"id":3689,"date":"2025-07-08T14:46:56","date_gmt":"2025-07-08T12:46:56","guid":{"rendered":"https:\/\/gtselbe.hamburg.de\/?page_id=3689"},"modified":"2025-07-08T14:46:56","modified_gmt":"2025-07-08T12:46:56","slug":"schul-alltag-12-06-2025-museumsdorf-volksdorf","status":"publish","type":"page","link":"https:\/\/gtselbe.hamburg.de\/?page_id=3689","title":{"rendered":"Schul-Alltag: 12.06.2025 &#8211; Museumsdorf Volksdorf"},"content":{"rendered":"<p>Klassen 2a und 2b<\/p>\n<p>Am Donnerstag unternahmen wir, die Klassen 2a und 2b, einen spannenden Ausflug ins Museumsdorf Volksdorf. Hier handelt es sich nicht um ein typisches Museum, sondern um echte Geb\u00e4ude aus dem 17. bis 19.\u00a0Jahrhundert, wie z.B. ein altes Bauernhaus, Stallungen und eine M\u00fchle. Wir erfuhren, wie die Menschen fr\u00fcher gelebt und gearbeitet haben.<\/p>\n<p>Zuerst wurden wir in Gruppen eingeteilt und durften verschiedene Aktivit\u00e4ten ausprobieren. Bei der F\u00fchrung durch das Dorf lernten wir, dass fr\u00fcher die Menschen zusammen mit ihren Tieren in einem gro\u00dfen Haus wohnten. Dieses war in einen Wohnbereich, eine K\u00fcche und einen Stall f\u00fcr die Tiere unterteilt. Drau\u00dfen stand eine rekonstruierte Backofenanlage aus dem 18. Jahrhundert, die einen interessanten Einblick in die damalige Lebensweise bot. Besonders spannend fanden wir die alte Dorfschule: Dort mussten die Kinder Schuluniformen tragen und auf harten Holzb\u00e4nken sitzen.<\/p>\n<p>Ein echtes Highlight war der Besuch bei den Tieren. Wir sahen H\u00fchner, Ziegen, L\u00e4mmer, Bienen und Kaltblutpferde. Das gefiel uns besonders gut! W\u00e4hrend die eine Gruppe lernte, wie man aus Korn Mehl mahlte, besch\u00e4ftigte sich die andere mit der Ern\u00e4hrung fr\u00fcherer Zeiten und durfte sogar selbst Butter herstellen. Das war gar nicht so einfach und ganz sch\u00f6n anstrengend! Zum Abschluss gab es f\u00fcr alle leckere Buchweizenpfannkuchen zum Probieren.<\/p>\n<p>Es war ein richtig sch\u00f6ner Tag, an den wir uns noch lange erinnern werden!<\/p>\n<p><img loading=\"lazy\" decoding=\"async\" class=\"alignnone size-full wp-image-3690\" src=\"https:\/\/gtselbe.hamburg.de\/wp-content\/uploads\/sites\/13\/2025\/07\/2025-07-08-14_42_55-Bilder-Volksdorf.pdf-Foxit-PDF-Reader.jpg\" alt=\"\" width=\"760\" height=\"1021\" srcset=\"https:\/\/gtselbe.hamburg.de\/wp-content\/uploads\/sites\/13\/2025\/07\/2025-07-08-14_42_55-Bilder-Volksdorf.pdf-Foxit-PDF-Reader.jpg 760w, https:\/\/gtselbe.hamburg.de\/wp-content\/uploads\/sites\/13\/2025\/07\/2025-07-08-14_42_55-Bilder-Volksdorf.pdf-Foxit-PDF-Reader-223x300.jpg 223w\" sizes=\"auto, (max-width: 706px) 89vw, (max-width: 767px) 82vw, 740px\" \/> <img loading=\"lazy\" decoding=\"async\" class=\"alignnone size-large wp-image-3691\" src=\"https:\/\/gtselbe.hamburg.de\/wp-content\/uploads\/sites\/13\/2025\/07\/2025-07-08-14_43_06-Bilder-Volksdorf.pdf-Foxit-PDF-Reader.jpg\" alt=\"\" width=\"525\" height=\"700\" srcset=\"https:\/\/gtselbe.hamburg.de\/wp-content\/uploads\/sites\/13\/2025\/07\/2025-07-08-14_43_06-Bilder-Volksdorf.pdf-Foxit-PDF-Reader.jpg 766w, https:\/\/gtselbe.hamburg.de\/wp-content\/uploads\/sites\/13\/2025\/07\/2025-07-08-14_43_06-Bilder-Volksdorf.pdf-Foxit-PDF-Reader-225x300.jpg 225w\" sizes=\"auto, (max-width: 525px) 100vw, 525px\" \/> <img loading=\"lazy\" decoding=\"async\" class=\"alignnone size-large wp-image-3692\" src=\"https:\/\/gtselbe.hamburg.de\/wp-content\/uploads\/sites\/13\/2025\/07\/2025-07-08-14_43_21-Bilder-Volksdorf.pdf-Foxit-PDF-Reader.jpg\" alt=\"\" width=\"525\" height=\"702\" srcset=\"https:\/\/gtselbe.hamburg.de\/wp-content\/uploads\/sites\/13\/2025\/07\/2025-07-08-14_43_21-Bilder-Volksdorf.pdf-Foxit-PDF-Reader.jpg 764w, https:\/\/gtselbe.hamburg.de\/wp-content\/uploads\/sites\/13\/2025\/07\/2025-07-08-14_43_21-Bilder-Volksdorf.pdf-Foxit-PDF-Reader-224x300.jpg 224w\" sizes=\"auto, (max-width: 525px) 100vw, 525px\" \/> <img loading=\"lazy\" decoding=\"async\" class=\"alignnone size-large wp-image-3693\" src=\"https:\/\/gtselbe.hamburg.de\/wp-content\/uploads\/sites\/13\/2025\/07\/2025-07-08-14_43_31-Bilder-Volksdorf.pdf-Foxit-PDF-Reader.jpg\" alt=\"\" width=\"525\" height=\"704\" srcset=\"https:\/\/gtselbe.hamburg.de\/wp-content\/uploads\/sites\/13\/2025\/07\/2025-07-08-14_43_31-Bilder-Volksdorf.pdf-Foxit-PDF-Reader.jpg 760w, https:\/\/gtselbe.hamburg.de\/wp-content\/uploads\/sites\/13\/2025\/07\/2025-07-08-14_43_31-Bilder-Volksdorf.pdf-Foxit-PDF-Reader-224x300.jpg 224w\" sizes=\"auto, (max-width: 525px) 100vw, 525px\" \/> <img loading=\"lazy\" decoding=\"async\" class=\"alignnone size-large wp-image-3694\" src=\"https:\/\/gtselbe.hamburg.de\/wp-content\/uploads\/sites\/13\/2025\/07\/2025-07-08-14_43_41-Bilder-Volksdorf.pdf-Foxit-PDF-Reader.jpg\" alt=\"\" width=\"525\" height=\"702\" srcset=\"https:\/\/gtselbe.hamburg.de\/wp-content\/uploads\/sites\/13\/2025\/07\/2025-07-08-14_43_41-Bilder-Volksdorf.pdf-Foxit-PDF-Reader.jpg 762w, https:\/\/gtselbe.hamburg.de\/wp-content\/uploads\/sites\/13\/2025\/07\/2025-07-08-14_43_41-Bilder-Volksdorf.pdf-Foxit-PDF-Reader-224x300.jpg 224w\" sizes=\"auto, (max-width: 525px) 100vw, 525px\" \/> <img loading=\"lazy\" decoding=\"async\" class=\"alignnone size-large wp-image-3695\" src=\"https:\/\/gtselbe.hamburg.de\/wp-content\/uploads\/sites\/13\/2025\/07\/2025-07-08-14_43_52-Bilder-Volksdorf.pdf-Foxit-PDF-Reader.jpg\" alt=\"\" width=\"525\" height=\"706\" srcset=\"https:\/\/gtselbe.hamburg.de\/wp-content\/uploads\/sites\/13\/2025\/07\/2025-07-08-14_43_52-Bilder-Volksdorf.pdf-Foxit-PDF-Reader.jpg 761w, https:\/\/gtselbe.hamburg.de\/wp-content\/uploads\/sites\/13\/2025\/07\/2025-07-08-14_43_52-Bilder-Volksdorf.pdf-Foxit-PDF-Reader-223x300.jpg 223w\" sizes=\"auto, (max-width: 525px) 100vw, 525px\" \/><\/p>\n","protected":false},"excerpt":{"rendered":"<p>Klassen 2a und 2b Am Donnerstag unternahmen wir, die Klassen 2a und 2b, einen spannenden Ausflug ins Museumsdorf Volksdorf. Hier handelt es sich nicht um ein typisches Museum, sondern um echte Geb\u00e4ude aus dem 17. bis 19.\u00a0Jahrhundert, wie z.B. ein altes Bauernhaus, Stallungen und eine M\u00fchle. Wir erfuhren, wie die Menschen fr\u00fcher gelebt und gearbeitet &hellip; <\/p>\n<p class=\"link-more\"><a href=\"https:\/\/gtselbe.hamburg.de\/?page_id=3689\" class=\"more-link\"><span class=\"screen-reader-text\">\u201eSchul-Alltag: 12.06.2025 &#8211; Museumsdorf Volksdorf\u201c <\/span>weiterlesen<\/a><\/p>\n","protected":false},"author":1587,"featured_media":0,"parent":0,"menu_order":0,"comment_status":"closed","ping_status":"closed","template":"","meta":{"_acf_changed":false,"footnotes":""},"class_list":["post-3689","page","type-page","status-publish","hentry"],"acf":[],"_links":{"self":[{"href":"https:\/\/gtselbe.hamburg.de\/index.php?rest_route=\/wp\/v2\/pages\/3689","targetHints":{"allow":["GET"]}}],"collection":[{"href":"https:\/\/gtselbe.hamburg.de\/index.php?rest_route=\/wp\/v2\/pages"}],"about":[{"href":"https:\/\/gtselbe.hamburg.de\/index.php?rest_route=\/wp\/v2\/types\/page"}],"author":[{"embeddable":true,"href":"https:\/\/gtselbe.hamburg.de\/index.php?rest_route=\/wp\/v2\/users\/1587"}],"replies":[{"embeddable":true,"href":"https:\/\/gtselbe.hamburg.de\/index.php?rest_route=%2Fwp%2Fv2%2Fcomments&post=3689"}],"version-history":[{"count":1,"href":"https:\/\/gtselbe.hamburg.de\/index.php?rest_route=\/wp\/v2\/pages\/3689\/revisions"}],"predecessor-version":[{"id":3696,"href":"https:\/\/gtselbe.hamburg.de\/index.php?rest_route=\/wp\/v2\/pages\/3689\/revisions\/3696"}],"wp:attachment":[{"href":"https:\/\/gtselbe.hamburg.de\/index.php?rest_route=%2Fwp%2Fv2%2Fmedia&parent=3689"}],"curies":[{"name":"wp","href":"https:\/\/api.w.org\/{rel}","templated":true}]}}