{"id":3697,"date":"2025-07-08T14:48:33","date_gmt":"2025-07-08T12:48:33","guid":{"rendered":"https:\/\/gtselbe.hamburg.de\/?page_id=3697"},"modified":"2025-07-08T14:49:14","modified_gmt":"2025-07-08T12:49:14","slug":"schul-alltag-18-06-2025-radfahrwoche","status":"publish","type":"page","link":"https:\/\/gtselbe.hamburg.de\/?page_id=3697","title":{"rendered":"Schul-Alltag: 18.06.2025 &#8211; Radfahrwoche"},"content":{"rendered":"<p>Das Wetter einfach hervorragend\u2026 Kaum Wind\u2026 das sind die besten Voraussetzungen zum Fahrradfahren. So geschehen in unserer Schule. Mit Hilfe des ADAC-Fahrradtrainings-Anh\u00e4nger hatten wir die besten M\u00f6glichkeiten, um das Fahrradfahren auf unserem Schulhof zu trainieren.<\/p>\n<p>Jeder der hatte sollte ein Fahrrad + Helm mitbringen und ein extra gro\u00dfer Fahrradparkplatz f\u00fcllte sich bereits am Montag sehr schnell. Das sollte sich die ganze Woche \u00fcber fortsetzen. Viele tolle Fahrr\u00e4der und deren \u201eRadlerin\u201c und \u201eRadler\u201c\u00a0 rollen \u00fcber den Schulhof und bew\u00e4ltigten die gestellten Radelaufgaben: \u00a0\u201e In der Spur bleiben\u201c \u2013 \u201eeinen engen Kreis fahren\u201c \u2013 und eine lange Slalomstrecke durchfahren. Wer noch nicht Fahrradfahren konnte , durfte aber sein \u201eK\u00f6nnen\u201c auf dem Roller beweisen. Alle waren begeistert und freuten sich \u00fcber die etwas \u201eandere Art\u201c Sport zu machen.<\/p>\n<p><img loading=\"lazy\" decoding=\"async\" class=\"alignnone size-full wp-image-3698\" src=\"https:\/\/gtselbe.hamburg.de\/wp-content\/uploads\/sites\/13\/2025\/07\/image002-1.jpg\" alt=\"\" width=\"480\" height=\"640\" srcset=\"https:\/\/gtselbe.hamburg.de\/wp-content\/uploads\/sites\/13\/2025\/07\/image002-1.jpg 480w, https:\/\/gtselbe.hamburg.de\/wp-content\/uploads\/sites\/13\/2025\/07\/image002-1-225x300.jpg 225w\" sizes=\"auto, (max-width: 480px) 100vw, 480px\" \/> <img loading=\"lazy\" decoding=\"async\" class=\"alignnone size-large wp-image-3699\" src=\"https:\/\/gtselbe.hamburg.de\/wp-content\/uploads\/sites\/13\/2025\/07\/image003-1.jpg\" alt=\"\" width=\"480\" height=\"640\" srcset=\"https:\/\/gtselbe.hamburg.de\/wp-content\/uploads\/sites\/13\/2025\/07\/image003-1.jpg 480w, https:\/\/gtselbe.hamburg.de\/wp-content\/uploads\/sites\/13\/2025\/07\/image003-1-225x300.jpg 225w\" sizes=\"auto, (max-width: 480px) 100vw, 480px\" \/> <img loading=\"lazy\" decoding=\"async\" class=\"alignnone size-large wp-image-3700\" src=\"https:\/\/gtselbe.hamburg.de\/wp-content\/uploads\/sites\/13\/2025\/07\/image001-1.jpg\" alt=\"\" width=\"480\" height=\"640\" srcset=\"https:\/\/gtselbe.hamburg.de\/wp-content\/uploads\/sites\/13\/2025\/07\/image001-1.jpg 480w, https:\/\/gtselbe.hamburg.de\/wp-content\/uploads\/sites\/13\/2025\/07\/image001-1-225x300.jpg 225w\" sizes=\"auto, (max-width: 480px) 100vw, 480px\" \/><\/p>\n","protected":false},"excerpt":{"rendered":"<p>Das Wetter einfach hervorragend\u2026 Kaum Wind\u2026 das sind die besten Voraussetzungen zum Fahrradfahren. So geschehen in unserer Schule. Mit Hilfe des ADAC-Fahrradtrainings-Anh\u00e4nger hatten wir die besten M\u00f6glichkeiten, um das Fahrradfahren auf unserem Schulhof zu trainieren. Jeder der hatte sollte ein Fahrrad + Helm mitbringen und ein extra gro\u00dfer Fahrradparkplatz f\u00fcllte sich bereits am Montag sehr &hellip; <\/p>\n<p class=\"link-more\"><a href=\"https:\/\/gtselbe.hamburg.de\/?page_id=3697\" class=\"more-link\"><span class=\"screen-reader-text\">\u201eSchul-Alltag: 18.06.2025 &#8211; Radfahrwoche\u201c <\/span>weiterlesen<\/a><\/p>\n","protected":false},"author":1587,"featured_media":0,"parent":0,"menu_order":0,"comment_status":"closed","ping_status":"closed","template":"","meta":{"_acf_changed":false,"footnotes":""},"class_list":["post-3697","page","type-page","status-publish","hentry"],"acf":[],"_links":{"self":[{"href":"https:\/\/gtselbe.hamburg.de\/index.php?rest_route=\/wp\/v2\/pages\/3697","targetHints":{"allow":["GET"]}}],"collection":[{"href":"https:\/\/gtselbe.hamburg.de\/index.php?rest_route=\/wp\/v2\/pages"}],"about":[{"href":"https:\/\/gtselbe.hamburg.de\/index.php?rest_route=\/wp\/v2\/types\/page"}],"author":[{"embeddable":true,"href":"https:\/\/gtselbe.hamburg.de\/index.php?rest_route=\/wp\/v2\/users\/1587"}],"replies":[{"embeddable":true,"href":"https:\/\/gtselbe.hamburg.de\/index.php?rest_route=%2Fwp%2Fv2%2Fcomments&post=3697"}],"version-history":[{"count":1,"href":"https:\/\/gtselbe.hamburg.de\/index.php?rest_route=\/wp\/v2\/pages\/3697\/revisions"}],"predecessor-version":[{"id":3701,"href":"https:\/\/gtselbe.hamburg.de\/index.php?rest_route=\/wp\/v2\/pages\/3697\/revisions\/3701"}],"wp:attachment":[{"href":"https:\/\/gtselbe.hamburg.de\/index.php?rest_route=%2Fwp%2Fv2%2Fmedia&parent=3697"}],"curies":[{"name":"wp","href":"https:\/\/api.w.org\/{rel}","templated":true}]}}