{"id":3702,"date":"2025-07-08T14:51:34","date_gmt":"2025-07-08T12:51:34","guid":{"rendered":"https:\/\/gtselbe.hamburg.de\/?page_id=3702"},"modified":"2025-07-08T14:51:34","modified_gmt":"2025-07-08T12:51:34","slug":"schul-alltag-26-06-2025-brot-backen","status":"publish","type":"page","link":"https:\/\/gtselbe.hamburg.de\/?page_id=3702","title":{"rendered":"Schul-Alltag: 26.06.2025 &#8211; Brot backen"},"content":{"rendered":"<p>1. Klassen<\/p>\n<p>Heute durften die Kinder des Jahrgangs 1 der Ganztagsschule an der Elbe erfahren, wie in der Steinzeit Brot hergestellt wurde. Gef\u00f6rdert von der Stiftung Kinderjahre besuchten die Kinder das Arch\u00e4ologische Museum in Hamburg Harburg.<br \/>\nHier lernten wir aus Getreidek\u00f6rnern Mehl mit Steinwerkzeugen zu mahlen, das Mehl zu sieben und anschlie\u00dfend ein Brotteig herzustellen.<br \/>\nDen verarbeiteten die Kinder zu Broten, die allen wunderbar schmeckten.<br \/>\nVielen Dank f\u00fcr diese gro\u00dfartige Erfahrung, Stiftung Kinderjahre!<\/p>\n<p><img loading=\"lazy\" decoding=\"async\" class=\"alignnone size-full wp-image-3703\" src=\"https:\/\/gtselbe.hamburg.de\/wp-content\/uploads\/sites\/13\/2025\/07\/image004.jpg\" alt=\"\" width=\"640\" height=\"480\" srcset=\"https:\/\/gtselbe.hamburg.de\/wp-content\/uploads\/sites\/13\/2025\/07\/image004.jpg 640w, https:\/\/gtselbe.hamburg.de\/wp-content\/uploads\/sites\/13\/2025\/07\/image004-300x225.jpg 300w\" sizes=\"auto, (max-width: 640px) 100vw, 640px\" \/> <img loading=\"lazy\" decoding=\"async\" class=\"alignnone size-large wp-image-3704\" src=\"https:\/\/gtselbe.hamburg.de\/wp-content\/uploads\/sites\/13\/2025\/07\/image001-2.jpg\" alt=\"\" width=\"525\" height=\"394\" srcset=\"https:\/\/gtselbe.hamburg.de\/wp-content\/uploads\/sites\/13\/2025\/07\/image001-2.jpg 640w, https:\/\/gtselbe.hamburg.de\/wp-content\/uploads\/sites\/13\/2025\/07\/image001-2-300x225.jpg 300w\" sizes=\"auto, (max-width: 525px) 100vw, 525px\" \/> <img loading=\"lazy\" decoding=\"async\" class=\"alignnone size-large wp-image-3705\" src=\"https:\/\/gtselbe.hamburg.de\/wp-content\/uploads\/sites\/13\/2025\/07\/image002-2.jpg\" alt=\"\" width=\"480\" height=\"640\" srcset=\"https:\/\/gtselbe.hamburg.de\/wp-content\/uploads\/sites\/13\/2025\/07\/image002-2.jpg 480w, https:\/\/gtselbe.hamburg.de\/wp-content\/uploads\/sites\/13\/2025\/07\/image002-2-225x300.jpg 225w\" sizes=\"auto, (max-width: 480px) 100vw, 480px\" \/> <img loading=\"lazy\" decoding=\"async\" class=\"alignnone size-large wp-image-3706\" src=\"https:\/\/gtselbe.hamburg.de\/wp-content\/uploads\/sites\/13\/2025\/07\/image003-2.jpg\" alt=\"\" width=\"480\" height=\"640\" srcset=\"https:\/\/gtselbe.hamburg.de\/wp-content\/uploads\/sites\/13\/2025\/07\/image003-2.jpg 480w, https:\/\/gtselbe.hamburg.de\/wp-content\/uploads\/sites\/13\/2025\/07\/image003-2-225x300.jpg 225w\" sizes=\"auto, (max-width: 480px) 100vw, 480px\" \/><\/p>\n","protected":false},"excerpt":{"rendered":"<p>1. Klassen Heute durften die Kinder des Jahrgangs 1 der Ganztagsschule an der Elbe erfahren, wie in der Steinzeit Brot hergestellt wurde. Gef\u00f6rdert von der Stiftung Kinderjahre besuchten die Kinder das Arch\u00e4ologische Museum in Hamburg Harburg. Hier lernten wir aus Getreidek\u00f6rnern Mehl mit Steinwerkzeugen zu mahlen, das Mehl zu sieben und anschlie\u00dfend ein Brotteig herzustellen. &hellip; <\/p>\n<p class=\"link-more\"><a href=\"https:\/\/gtselbe.hamburg.de\/?page_id=3702\" class=\"more-link\"><span class=\"screen-reader-text\">\u201eSchul-Alltag: 26.06.2025 &#8211; Brot backen\u201c <\/span>weiterlesen<\/a><\/p>\n","protected":false},"author":1587,"featured_media":0,"parent":0,"menu_order":0,"comment_status":"closed","ping_status":"closed","template":"","meta":{"_acf_changed":false,"footnotes":""},"class_list":["post-3702","page","type-page","status-publish","hentry"],"acf":[],"_links":{"self":[{"href":"https:\/\/gtselbe.hamburg.de\/index.php?rest_route=\/wp\/v2\/pages\/3702","targetHints":{"allow":["GET"]}}],"collection":[{"href":"https:\/\/gtselbe.hamburg.de\/index.php?rest_route=\/wp\/v2\/pages"}],"about":[{"href":"https:\/\/gtselbe.hamburg.de\/index.php?rest_route=\/wp\/v2\/types\/page"}],"author":[{"embeddable":true,"href":"https:\/\/gtselbe.hamburg.de\/index.php?rest_route=\/wp\/v2\/users\/1587"}],"replies":[{"embeddable":true,"href":"https:\/\/gtselbe.hamburg.de\/index.php?rest_route=%2Fwp%2Fv2%2Fcomments&post=3702"}],"version-history":[{"count":1,"href":"https:\/\/gtselbe.hamburg.de\/index.php?rest_route=\/wp\/v2\/pages\/3702\/revisions"}],"predecessor-version":[{"id":3707,"href":"https:\/\/gtselbe.hamburg.de\/index.php?rest_route=\/wp\/v2\/pages\/3702\/revisions\/3707"}],"wp:attachment":[{"href":"https:\/\/gtselbe.hamburg.de\/index.php?rest_route=%2Fwp%2Fv2%2Fmedia&parent=3702"}],"curies":[{"name":"wp","href":"https:\/\/api.w.org\/{rel}","templated":true}]}}